{"id":3129,"date":"2026-04-09T14:19:07","date_gmt":"2026-04-09T12:19:07","guid":{"rendered":"https:\/\/www.evamatic.at\/product\/anhaengeschlaufen-tyvek-2\/"},"modified":"2026-04-22T13:49:51","modified_gmt":"2026-04-22T11:49:51","slug":"zanke-za-obesanje-tyvek-2","status":"publish","type":"product","link":"https:\/\/www.evamatic.com\/sl\/product\/anhaengeschlaufen-tyvek-2\/","title":{"rendered":"Zanke za obe\u0161anje Tyvek"},"content":{"rendered":"<p><span style=\"color: #000000;\"><strong>Vzdr\u017eljive Tyvek etikete za klju\u010de s petljo za ozna\u010devanje v delavnici \u2013 lahke, odporne na vodo in umazanijo.<\/strong><\/span><\/p>\n<p><span style=\"color: #000000;\">Tyvek\u00ae obeski z luknjo za traktor so robustna in zanesljiva re\u0161itev kot obesek za klju\u010de v delavnicah, obratih in industrijskih okoljih. Izjemno trpe\u017een material Tyvek\u00ae prenese vsakodnevno uporabo in ohrani svojo obliko tudi v stiku z oljem, umazanijo ali vlago. Idealno za ozna\u010devanje avtomobilskih klju\u010dev \u2013 lahki, vzdr\u017eljivi in \u200b\u200bdobro ozna\u010dljivi. Barve: rumena, modra, rde\u010da, zelena, oran\u017ena, roza, bela<\/span><\/p>\n<p>&nbsp;<\/p>\n<p><strong><span style=\"color: #000000;\">Podrobnosti o izdelku:<\/span><\/strong><\/p>\n<ul>\n<li><span style=\"color: #000000;\">Material: Tyvek<\/span><\/li>\n<li><span style=\"color: #000000;\">Barve: rumena, modra, rde\u010da, zelena, oran\u017ena, roza, bela<\/span><\/li>\n<li><span style=\"color: #000000;\">Mere: 14 x 1,3 cm<\/span><\/li>\n<li><span style=\"color: #000000;\">Posebnosti: z luknjami za traktor<\/span><\/li>\n<li><span style=\"color: #000000;\">Primerno za kopirni, laserski, brizgalni tiskalnik<\/span><\/li>\n<li><span style=\"color: #000000;\">VPE: 1.000 kosov v vre\u010dki<\/span><\/li>\n<\/ul>","protected":false},"excerpt":{"rendered":"<p>Rei\u00dffeste Tyvek-Anh\u00e4ngeschlaufen zur Schl\u00fcsselkennzeichnung in der Werkstatt \u2013 leicht, wasser- und schmutzbest\u00e4ndig. Tyvek Anh\u00e4ngeschlaufen mit Traktorlochung sind die robuste und zuverl\u00e4ssige L\u00f6sung als Schl\u00fcsselanh\u00e4nger in Werkst\u00e4tten, Betrieben und Industrieumgebungen. Das extrem rei\u00dffeste Tyvek\u00ae-Material h\u00e4lt t\u00e4glicher Beanspruchung stand und bleibt auch bei \u00d6l, Schmutz oder Feuchtigkeit formstabil. Ideal zur Kennzeichnung von Autoschl\u00fcssel \u2013 leicht, langlebig und [&hellip;]<\/p>\n","protected":false},"featured_media":2145,"template":"","meta":{"_acf_changed":false},"product_brand":[],"product_cat":[83],"product_tag":[],"class_list":{"0":"post-3129","1":"product","2":"type-product","3":"status-publish","4":"has-post-thumbnail","6":"product_cat-schluesselanhaenger","7":"pa_farbe-rot","8":"pa_farbe-gruen","9":"pa_farbe-orange","10":"pa_farbe-rosa","11":"pa_farbe-weiss","12":"pa_farbe-gelb","13":"pa_farbe-blau","14":"pa_menge-193","15":"pa_menge-113","16":"pa_menge-123","17":"pa_menge-191","18":"pa_menge-192","20":"first","21":"instock","22":"taxable","23":"shipping-taxable","24":"purchasable","25":"product-type-variable"},"exclude_global_add_ons":false,"addons":[{"name":"Nalo\u017ei datoteko za tisk","type":"file_upload","position":0,"required":false,"title_format":"label","default":"","description_enable":false,"description":"Bitte laden Sie hier die Druckdatei (Bild) hoch.","placeholder_enable":false,"placeholder":"","display":"select","restrictions_type":"any_text","adjust_price":false,"price":"","price_type":"flat_fee","restrictions":false,"min":"0","max":"0","options":[],"id":1776081863},{"name":"\u00a0","type":"checkbox","position":1,"required":false,"title_format":"label","default":"","description_enable":true,"description":"Prepustite oblikovanje profesionalcem! Preprosto nam po\u0161ljite svoje \u017eelje, logotipe, besedila in \u017eelene pisave udobno preko e-po\u0161te ali na\u0161e funkcije za nalaganje. Na\u0161a izku\u0161ena grafi\u010dna ekipa vam bo ustvarila do 3 individualne predloge oblikovanja, popolnoma prilagojene va\u0161im zahtevam.","placeholder_enable":false,"placeholder":"","display":"select","restrictions_type":"any_text","adjust_price":false,"price":"","price_type":"flat_fee","restrictions":false,"min":"0","max":"0","options":[{"label":"Professionelle Layouterstellung durch unsere Grafikabteilung","price":"35","price_type":"flat_fee","image":0,"visibility":true}],"id":1775653837}],"acf":[],"_links":{"self":[{"href":"https:\/\/www.evamatic.com\/sl\/wp-json\/wp\/v2\/product\/3129","targetHints":{"allow":["GET"]}}],"collection":[{"href":"https:\/\/www.evamatic.com\/sl\/wp-json\/wp\/v2\/product"}],"about":[{"href":"https:\/\/www.evamatic.com\/sl\/wp-json\/wp\/v2\/types\/product"}],"wp:featuredmedia":[{"embeddable":true,"href":"https:\/\/www.evamatic.com\/sl\/wp-json\/wp\/v2\/media\/2145"}],"wp:attachment":[{"href":"https:\/\/www.evamatic.com\/sl\/wp-json\/wp\/v2\/media?parent=3129"}],"wp:term":[{"taxonomy":"product_brand","embeddable":true,"href":"https:\/\/www.evamatic.com\/sl\/wp-json\/wp\/v2\/product_brand?post=3129"},{"taxonomy":"product_cat","embeddable":true,"href":"https:\/\/www.evamatic.com\/sl\/wp-json\/wp\/v2\/product_cat?post=3129"},{"taxonomy":"product_tag","embeddable":true,"href":"https:\/\/www.evamatic.com\/sl\/wp-json\/wp\/v2\/product_tag?post=3129"}],"curies":[{"name":"wp","href":"https:\/\/api.w.org\/{rel}","templated":true}]}}