{"id":2984,"date":"2026-04-09T14:19:01","date_gmt":"2026-04-09T12:19:01","guid":{"rendered":"https:\/\/www.evamatic.at\/product\/kennzeichenhalter-suvs-gelaendewagen-quads-lkw-und-anhaenger-deutschland-type-340-2-zeilig-klapprahmen-2\/"},"modified":"2026-05-05T13:58:22","modified_gmt":"2026-05-05T11:58:22","slug":"okvir-registrske-tablice-suv-terensko-vozilo-atv-tovorno-vozilo-in-prikolica-nemcija-tip-340-2-vrstni-pregibni-okvir-2","status":"publish","type":"product","link":"https:\/\/www.evamatic.com\/sl\/product\/kennzeichenhalter-suvs-gelaendewagen-quads-lkw-und-anhaenger-deutschland-type-340-2-zeilig-klapprahmen-2\/","title":{"rendered":"Nosilec tablice za terence \/ SUV-je \/ \u0161tirikolesnike \/ tovornjake in prikolice Nem\u010dija 340\u00d7200 mm (340 2-vrsti\u010dni) \u2013 zlo\u017eljiv okvir"},"content":{"rendered":"<p><span style=\"color: #000000;\"><strong>Okvir za registrske tablice 340 \u2013 dvovrsti\u010dni zlo\u017eljiv okvir za registrske tablice formata 340\u00d7200 mm za SUV-je \/ terenska vozila \/ \u0161tirikolesnike \/ tovornjake in prikolice<\/strong><\/span><\/p>\n<p><span style=\"color: #000000;\">Okvir za registrske tablice Evamatic Kennzeichenhalter 340 podjetja Evamatic je robusten, dvovrsti\u010dni okvir z zlo\u017eljivim okvirjem za registrske tablice dimenzij 340 \u00d7 200 mm, idealen za vozila z dvovrsti\u010dnimi tablicami, kot so gospodarska vozila, SUV-ji, tovornjaki ali prikolice. Izdelan je iz visokokakovostne, na vremenske vplive in UV-\u017earke odporne plastike, ki omogo\u010da dolgoletno uporabo tudi v spremenljivih vremenskih razmerah. Pametni sistem zlo\u017eljivega okvirja z varnim bajonetnim ali vrtljivim zapiralom omogo\u010da hitro in enostavno menjavo registrske tablice, ne da bi bilo treba vrtati ali privijati samo registrsko tablico. Zaradi univerzalne luknjaste podlage se okvir zaradi ustreznih monta\u017enih to\u010dk prilega \u0161tevilnim obi\u010dajnim znamkam vozil.<\/span><\/p>\n<p>&nbsp;<\/p>\n<p><span style=\"color: #000000;\"><strong>Podrobnosti o izdelku:<\/strong><\/span><\/p>\n<ul>\n<li><span style=\"color: #000000;\">Nosilec tablice 340 \u2013 za nem\u0161ke dvovrsti\u010dne tablice L 340 V 200 mm<\/span><\/li>\n<li><span style=\"color: #000000;\">Zapiranje: odpiralni okvir<\/span><\/li>\n<li><span style=\"color: #000000;\">Barve: \u010drna<\/span><\/li>\n<li><span style=\"color: #000000;\">Material: Polipropilen<\/span><\/li>\n<li><span style=\"color: #000000;\">Tiskovne mo\u017enosti: netiskano, sitotisk, 4c digitalni tisk s smolnim premazom<\/span><\/li>\n<\/ul>","protected":false},"excerpt":{"rendered":"<p>Kennzeichenhalter 340 &#8211; zweizeiliger Klapprahmen f\u00fcr Kennzeichen im Format 340\u00d7200 mm f\u00fcr SUVs \/ Gel\u00e4ndewagen \/ Quads \/ LKW und Anh\u00e4nger Der Evamatic Kennzeichenhalter 340 von Evamatic ist ein robuster, zweizeiliger Klapprahmen-Kennzeichenhalter im Format 340 \u00d7 200 mm, ideal f\u00fcr Fahrzeuge mit zweizeiligen Kennzeichen wie Nutzfahrzeuge, SUVs, LKWs oder Anh\u00e4nger. Er besteht aus hochwertigem, witterungs- [&hellip;]<\/p>\n","protected":false},"featured_media":4457,"template":"","meta":{"_acf_changed":false},"product_brand":[],"product_cat":[199,203],"product_tag":[],"class_list":{"0":"post-2984","1":"product","2":"type-product","3":"status-publish","4":"has-post-thumbnail","6":"product_cat-kennzeichenhalter-eu","7":"product_cat-pkw-anhaenger-gelaendewagen-340x200-mm","8":"pa_druckvariante-unbedruckt","9":"pa_druckvariante-siebdruck-einfaerbig-weiss","10":"pa_druckvariante-siebdruck-einfaerbig-silber","11":"pa_druckvariante-4c-druck-mit-kunstharzbeschichtung","12":"pa_druckvariante-4c-druck-mit-kunstharzbeschichtung-silber-hochglanz","13":"pa_druckvariante-4c-druck-mit-kunstharzbeschichtung-reflektierend","14":"pa_druckvariante-4c-druck-mit-kunstharzbeschichtung-silber-matt","15":"pa_menge-96","16":"pa_menge-116","17":"pa_menge-118","18":"pa_menge-119","19":"pa_menge-120","20":"pa_menge-125","21":"pa_menge-95","23":"first","24":"instock","25":"taxable","26":"shipping-taxable","27":"purchasable","28":"product-type-variable"},"exclude_global_add_ons":false,"addons":[{"name":"Nalo\u017ei datoteko za tisk","type":"file_upload","position":0,"required":false,"title_format":"label","default":"","description_enable":false,"description":"Bitte laden Sie hier die Druckdatei (Bild) hoch.","placeholder_enable":false,"placeholder":"","display":"select","restrictions_type":"any_text","adjust_price":false,"price":"","price_type":"flat_fee","restrictions":false,"min":"0","max":"0","options":[],"id":1776081863},{"name":"\u00a0","type":"checkbox","position":1,"required":false,"title_format":"label","default":"","description_enable":true,"description":"Prepustite oblikovanje profesionalcem! Preprosto nam po\u0161ljite svoje \u017eelje, logotipe, besedila in \u017eelene pisave udobno preko e-po\u0161te ali na\u0161e funkcije za nalaganje. Na\u0161a izku\u0161ena grafi\u010dna ekipa vam bo ustvarila do 3 individualne predloge oblikovanja, popolnoma prilagojene va\u0161im zahtevam.","placeholder_enable":false,"placeholder":"","display":"select","restrictions_type":"any_text","adjust_price":false,"price":"","price_type":"flat_fee","restrictions":false,"min":"0","max":"0","options":[{"label":"Professionelle Layouterstellung durch unsere Grafikabteilung","price":"35","price_type":"flat_fee","image":0,"visibility":true}],"id":1775653837}],"acf":[],"_links":{"self":[{"href":"https:\/\/www.evamatic.com\/sl\/wp-json\/wp\/v2\/product\/2984","targetHints":{"allow":["GET"]}}],"collection":[{"href":"https:\/\/www.evamatic.com\/sl\/wp-json\/wp\/v2\/product"}],"about":[{"href":"https:\/\/www.evamatic.com\/sl\/wp-json\/wp\/v2\/types\/product"}],"wp:featuredmedia":[{"embeddable":true,"href":"https:\/\/www.evamatic.com\/sl\/wp-json\/wp\/v2\/media\/4457"}],"wp:attachment":[{"href":"https:\/\/www.evamatic.com\/sl\/wp-json\/wp\/v2\/media?parent=2984"}],"wp:term":[{"taxonomy":"product_brand","embeddable":true,"href":"https:\/\/www.evamatic.com\/sl\/wp-json\/wp\/v2\/product_brand?post=2984"},{"taxonomy":"product_cat","embeddable":true,"href":"https:\/\/www.evamatic.com\/sl\/wp-json\/wp\/v2\/product_cat?post=2984"},{"taxonomy":"product_tag","embeddable":true,"href":"https:\/\/www.evamatic.com\/sl\/wp-json\/wp\/v2\/product_tag?post=2984"}],"curies":[{"name":"wp","href":"https:\/\/api.w.org\/{rel}","templated":true}]}}