{"id":2916,"date":"2026-04-09T14:18:58","date_gmt":"2026-04-09T12:18:58","guid":{"rendered":"https:\/\/www.evamatic.at\/product\/kennzeichenhalter-pkw-eu-deutschland-520b-klapprahmen-2\/"},"modified":"2026-05-05T13:59:25","modified_gmt":"2026-05-05T11:59:25","slug":"drzalo-za-registrsko-tablico-avtomobila-eu-nemcija-520b-nagibni-okvir-2","status":"publish","type":"product","link":"https:\/\/www.evamatic.com\/sl\/product\/kennzeichenhalter-pkw-eu-deutschland-520b-klapprahmen-2\/","title":{"rendered":"Dr\u017ealo za registrsko tablico avtomobila EU\/Nem\u010dija 520\u00d7110 mm (520B) \u2013 zlo\u017eljiv okvir"},"content":{"rendered":"<p><span style=\"color: #000000;\"><strong>Okvir za registrske tablice EU\/Nem\u010dija Tip 520 z zlo\u017eljivim okvirjem in vrtljivim zapiralom, primeren za registrske tablice EU velikosti 520\u00d7110 mm<\/strong><\/span><\/p>\n<p><span style=\"color: #000000;\">Okvir za registrske tablice Evamatic TYPE 520 s klopnim okvirjem je okvir za registrske tablice EU (520 \u00d7 110 mm) s klopnim okvirjem in bajonetnim zapiralom za enostavno menjavo registrskih tablic. Napenjalne vzmeti zmanj\u0161ujejo ropotanje, ozka zasnova pa ne ovira parkirnih senzorjev \u2013 idealno za osebno ogla\u0161evanje in profesionalno predstavitev vozil.<\/span><\/p>\n<p>&nbsp;<\/p>\n<p><span style=\"color: #000000;\"><strong>Podrobnosti o izdelku:<\/strong><\/span><\/p>\n<ul>\n<li><span style=\"color: #000000;\">Zapiranje: odpiralni okvir<\/span><\/li>\n<li><span style=\"color: #000000;\">Barve: \u010drna<\/span><\/li>\n<li><span style=\"color: #000000;\">Material: Polipropilen<\/span><\/li>\n<li><span style=\"color: #000000;\">Tiskarske razli\u010dice: netiskano, sitotisk, 4c digitalni tisk svilnato mat, 4c digitalni tisk s smolnim premazom<\/span><\/li>\n<\/ul>","protected":false},"excerpt":{"rendered":"<p>test<\/p>","protected":false},"featured_media":4458,"template":"","meta":{"_acf_changed":false},"product_brand":[],"product_cat":[199,202],"product_tag":[],"class_list":{"0":"post-2916","1":"product","2":"type-product","3":"status-publish","4":"has-post-thumbnail","6":"product_cat-kennzeichenhalter-eu","7":"product_cat-pkw-lkw-520x110","8":"pa_druckvariante-4c-druck-mit-kunstharzbeschichtung-reflektierend","9":"pa_druckvariante-4c-druck-mit-kunstharzbeschichtung-silber-matt","10":"pa_druckvariante-unbedruckt","11":"pa_druckvariante-siebdruck-einfaerbig-weiss","12":"pa_druckvariante-siebdruck-einfaerbig-silber","13":"pa_druckvariante-4c-druck-seidenmatt","14":"pa_druckvariante-4c-druck-mit-kunstharzbeschichtung","15":"pa_druckvariante-4c-druck-mit-kunstharzbeschichtung-silber-hochglanz","16":"pa_menge-112","17":"pa_menge-119","18":"pa_menge-93","19":"pa_menge-94","20":"pa_menge-95","21":"pa_menge-96","22":"pa_menge-108","23":"pa_menge-109","24":"pa_menge-110","25":"pa_menge-111","27":"first","28":"instock","29":"taxable","30":"shipping-taxable","31":"purchasable","32":"product-type-variable"},"exclude_global_add_ons":false,"addons":[{"name":"Nalo\u017ei datoteko za tisk","type":"file_upload","position":0,"required":false,"title_format":"label","default":"","description_enable":false,"description":"Bitte laden Sie hier die Druckdatei (Bild) hoch.","placeholder_enable":false,"placeholder":"","display":"select","restrictions_type":"any_text","adjust_price":false,"price":"","price_type":"flat_fee","restrictions":false,"min":"0","max":"0","options":[],"id":1776081863},{"name":"\u00a0","type":"checkbox","position":1,"required":false,"title_format":"label","default":"","description_enable":true,"description":"Prepustite oblikovanje profesionalcem! Preprosto nam po\u0161ljite svoje \u017eelje, logotipe, besedila in \u017eelene pisave udobno preko e-po\u0161te ali na\u0161e funkcije za nalaganje. Na\u0161a izku\u0161ena grafi\u010dna ekipa vam bo ustvarila do 3 individualne predloge oblikovanja, popolnoma prilagojene va\u0161im zahtevam.","placeholder_enable":false,"placeholder":"","display":"select","restrictions_type":"any_text","adjust_price":false,"price":"","price_type":"flat_fee","restrictions":false,"min":"0","max":"0","options":[{"label":"Professionelle Layouterstellung durch unsere Grafikabteilung","price":"35","price_type":"flat_fee","image":0,"visibility":true}],"id":1775653837}],"acf":[],"_links":{"self":[{"href":"https:\/\/www.evamatic.com\/sl\/wp-json\/wp\/v2\/product\/2916","targetHints":{"allow":["GET"]}}],"collection":[{"href":"https:\/\/www.evamatic.com\/sl\/wp-json\/wp\/v2\/product"}],"about":[{"href":"https:\/\/www.evamatic.com\/sl\/wp-json\/wp\/v2\/types\/product"}],"wp:featuredmedia":[{"embeddable":true,"href":"https:\/\/www.evamatic.com\/sl\/wp-json\/wp\/v2\/media\/4458"}],"wp:attachment":[{"href":"https:\/\/www.evamatic.com\/sl\/wp-json\/wp\/v2\/media?parent=2916"}],"wp:term":[{"taxonomy":"product_brand","embeddable":true,"href":"https:\/\/www.evamatic.com\/sl\/wp-json\/wp\/v2\/product_brand?post=2916"},{"taxonomy":"product_cat","embeddable":true,"href":"https:\/\/www.evamatic.com\/sl\/wp-json\/wp\/v2\/product_cat?post=2916"},{"taxonomy":"product_tag","embeddable":true,"href":"https:\/\/www.evamatic.com\/sl\/wp-json\/wp\/v2\/product_tag?post=2916"}],"curies":[{"name":"wp","href":"https:\/\/api.w.org\/{rel}","templated":true}]}}