{"id":2859,"date":"2026-04-09T14:18:55","date_gmt":"2026-04-09T12:18:55","guid":{"rendered":"https:\/\/www.evamatic.at\/product\/kennzeichenhalter-pkw-eu-deutschland-526eu-schiebeverschluss-2\/"},"modified":"2026-05-05T14:00:04","modified_gmt":"2026-05-05T12:00:04","slug":"nosilec-tablice-eu-nemcija-526eu-drsni-zapah-2","status":"publish","type":"product","link":"https:\/\/www.evamatic.com\/sl\/product\/kennzeichenhalter-pkw-eu-deutschland-526eu-schiebeverschluss-2\/","title":{"rendered":"Dr\u017ealo"},"content":{"rendered":"<p><span style=\"color: #000000;\"><strong>Dr\u017ealo za registrske tablice avtomobila EU\/Nem\u010dija 526EU z drsnim zaklepanjem ustreza tablicam EU velikosti 520\u00d7110 mm.<\/strong><\/span><\/p>\n<p><span style=\"color: #000000;\">Evamatic nosilec tablice 526EU s sistemom drsnega zapiranja ponuja varno, hitro in udobno re\u0161itev za monta\u017eo EU tablic (520 \u00d7 110 mm). Zahvaljujo\u010d inovativnemu drsnemu zapiranju je tablice mogo\u010de enostavno vstaviti. Nosilec tablice je izdelan iz pro\u017enega, skoraj nelomljivega materiala (polipropilen) in se prilagaja obrisu vozila, ne da bi povzro\u010dal ropotanje. Primeren je tako za osebna kot za tovornjake ter se zaradi diskretnega dizajna lepo vklju\u010di v podobo vozila. Nosilec tablice 526EU je <strong>Preverjeno s T\u00dcV, ustreza vsem veljavnim evropskim standardom in je v skladu z veljavno zakonodajo.<\/strong> Zaobljeni zunanji robovi z <strong>Najmanj\u0161i polmer 2,5 mm<\/strong> zagotavljajo maksimalno varnost in omogo\u010dajo neomejeno uporabo dr\u017eala za registrsko tablico v cestnem prometu. Z natisnjenim logotipom ali reklamnim sporo\u010dilom postane dr\u017ealo za registrsko tablico trajen in mo\u010dan ogla\u0161evalski nosilec \u2013 idealno za avtohi\u0161e, delavnice, vozne parke, zavarovalni\u0161ke agencije ali klube.<\/span><\/p>\n<p>&nbsp;<\/p>\n<p><span style=\"color: #000000;\"><strong>Podrobnosti o izdelku:<\/strong><\/span><\/p>\n<ul>\n<li><span style=\"color: #000000;\">Zapiranje: Drsno zapiralo<\/span><\/li>\n<li><span style=\"color: #000000;\">Barve: \u010drna<\/span><\/li>\n<li><span style=\"color: #000000;\">Material: Polipropilen<\/span><\/li>\n<li><span style=\"color: #000000;\">Tiskarske razli\u010dice: netiskano, sitotisk, 4c digitalni tisk svilnato mat, 4c digitalni tisk s smolnim premazom<\/span>\n<ul>\n<li><strong><span style=\"color: #000000;\">Pri vseh 4c digitalnih tiskih je tisk v udolbini nosilca registrskih tablic, kar ga zanesljivo \u0161\u010diti pred praskami, vremenskimi vplivi in mehanskimi obremenitvami \u2013 za trajno visoko kakovostno podobo blagovne znamke.<\/span><\/strong><\/li>\n<\/ul>\n<\/li>\n<\/ul>","protected":false},"excerpt":{"rendered":"<p>Kennzeichenhalter PKW EU\/Deutschland 526EU mit Schiebeverschluss passen f\u00fcr EU-Kennzeichengr\u00f6\u00dfe 520&#215;110 mm. Der Evamatic Kennzeichenhalter 526EU mit Schiebeverschluss System bieten eine sichere, schnelle und komfortable L\u00f6sung zur Montage von EU Kennzeichen (520 \u00d7 110 mm). Dank innovativem Schiebeverschluss lassen sich Kennzeichen m\u00fchelos einlegen. Der Kennzeichenhalter ist aus flexiblem, nahezu bruchfestem Material (Polypropylen) gefertigt und passt sich [&hellip;]<\/p>\n","protected":false},"featured_media":4642,"template":"","meta":{"_acf_changed":false},"product_brand":[],"product_cat":[199,202],"product_tag":[],"class_list":{"0":"post-2859","1":"product","2":"type-product","3":"status-publish","4":"has-post-thumbnail","6":"product_cat-kennzeichenhalter-eu","7":"product_cat-pkw-lkw-520x110","8":"pa_druckvariante-4c-druck-mit-kunstharzbeschichtung","9":"pa_druckvariante-4c-druck-mit-kunstharzbeschichtung-silber-hochglanz","10":"pa_druckvariante-4c-druck-mit-kunstharzbeschichtung-reflektierend","11":"pa_druckvariante-4c-druck-mit-kunstharzbeschichtung-silber-matt","12":"pa_druckvariante-unbedruckt","13":"pa_druckvariante-siebdruck-einfaerbig-weiss","14":"pa_druckvariante-siebdruck-einfaerbig-silber","15":"pa_druckvariante-4c-druck-seidenmatt","16":"pa_menge-100","17":"pa_menge-101","18":"pa_menge-126","19":"pa_menge-93","20":"pa_menge-94","21":"pa_menge-95","22":"pa_menge-96","23":"pa_menge-97","24":"pa_menge-98","25":"pa_menge-99","27":"first","28":"instock","29":"taxable","30":"shipping-taxable","31":"purchasable","32":"product-type-variable"},"exclude_global_add_ons":false,"addons":[{"name":"Nalo\u017ei datoteko za tisk","type":"file_upload","position":0,"required":false,"title_format":"label","default":"","description_enable":false,"description":"Bitte laden Sie hier die Druckdatei (Bild) hoch.","placeholder_enable":false,"placeholder":"","display":"select","restrictions_type":"any_text","adjust_price":false,"price":"","price_type":"flat_fee","restrictions":false,"min":"0","max":"0","options":[],"id":1776081863},{"name":"\u00a0","type":"checkbox","position":1,"required":false,"title_format":"label","default":"","description_enable":true,"description":"Prepustite oblikovanje profesionalcem! Preprosto nam po\u0161ljite svoje \u017eelje, logotipe, besedila in \u017eelene pisave udobno preko e-po\u0161te ali na\u0161e funkcije za nalaganje. Na\u0161a izku\u0161ena grafi\u010dna ekipa vam bo ustvarila do 3 individualne predloge oblikovanja, popolnoma prilagojene va\u0161im zahtevam.","placeholder_enable":false,"placeholder":"","display":"select","restrictions_type":"any_text","adjust_price":false,"price":"","price_type":"flat_fee","restrictions":false,"min":"0","max":"0","options":[{"label":"Professionelle Layouterstellung durch unsere Grafikabteilung","price":"35","price_type":"flat_fee","image":0,"visibility":true}],"id":1775653837}],"acf":[],"_links":{"self":[{"href":"https:\/\/www.evamatic.com\/sl\/wp-json\/wp\/v2\/product\/2859","targetHints":{"allow":["GET"]}}],"collection":[{"href":"https:\/\/www.evamatic.com\/sl\/wp-json\/wp\/v2\/product"}],"about":[{"href":"https:\/\/www.evamatic.com\/sl\/wp-json\/wp\/v2\/types\/product"}],"wp:featuredmedia":[{"embeddable":true,"href":"https:\/\/www.evamatic.com\/sl\/wp-json\/wp\/v2\/media\/4642"}],"wp:attachment":[{"href":"https:\/\/www.evamatic.com\/sl\/wp-json\/wp\/v2\/media?parent=2859"}],"wp:term":[{"taxonomy":"product_brand","embeddable":true,"href":"https:\/\/www.evamatic.com\/sl\/wp-json\/wp\/v2\/product_brand?post=2859"},{"taxonomy":"product_cat","embeddable":true,"href":"https:\/\/www.evamatic.com\/sl\/wp-json\/wp\/v2\/product_cat?post=2859"},{"taxonomy":"product_tag","embeddable":true,"href":"https:\/\/www.evamatic.com\/sl\/wp-json\/wp\/v2\/product_tag?post=2859"}],"curies":[{"name":"wp","href":"https:\/\/api.w.org\/{rel}","templated":true}]}}