{"id":2844,"date":"2026-04-09T14:18:54","date_gmt":"2026-04-09T12:18:54","guid":{"rendered":"https:\/\/www.evamatic.at\/product\/kennzeichenhalter-moped-oesterreich-drehverschluss-2\/"},"modified":"2026-04-30T14:24:14","modified_gmt":"2026-04-30T12:24:14","slug":"nosilec-tablice-moped-avstrija-vrtljivi-zapah-2","status":"publish","type":"product","link":"https:\/\/www.evamatic.com\/sl\/product\/kennzeichenhalter-moped-oesterreich-drehverschluss-2\/","title":{"rendered":"Nosilec tablice za moped Avstrija \u2013 vrtljivi zapah"},"content":{"rendered":"<p><span style=\"color: #000000;\"><strong>Nosilec tablice za moped Avstrija tip 3110 ustreza avstrijskim tablicam za mopede 115\u00d7150 mm.<\/strong><\/span><\/p>\n<p><span style=\"color: #000000;\">Dr\u017ealo za registrsko tablico za mopede Evamatic, \u0161t. artikla 3110, je posebej zasnovano za avstrijske registrske tablice za mopede in ponuja varno, stabilno in hkrati preprosto re\u0161itev za pritrditev. Vgrajen vrtljivi zapah omogo\u010da hitro vstavljanje in pritrditev tablice. Dr\u017ealo zagotavlja trden oprijem tudi pri vibracijah med vsakodnevno vo\u017enjo. Reklamna letev za tisk (115 \u00d7 33 mm) nudi dovolj prostora za logotipe, napise ali reklamna sporo\u010dila in naredi dr\u017ealo privla\u010den, a diskreten reklamni medij.<\/span><\/p>\n<p><span style=\"color: #000000;\">Idealno primeren za prodajalce dvokoles, delavnice, ta nosilec registrske tablice zdru\u017euje funkcionalnost z reklamnim u\u010dinkom.<\/span><\/p>\n<p>&nbsp;<\/p>\n<p><span style=\"color: #000000;\"><strong>Podrobnosti o izdelku:<\/strong><\/span><\/p>\n<ul>\n<li><span style=\"color: #000000;\">Nosilec tablice 3110 \u2013 za avstrijske tablice za mopede\/mopediste L \u0161irine 115 V 150 mm<\/span><\/li>\n<li><span style=\"color: #000000;\">Zaprtje: vrtljivi pokrov\u010dek<\/span><\/li>\n<li><span style=\"color: #000000;\">Barve: \u010drna<\/span><\/li>\n<li><span style=\"color: #000000;\">Material: Polipropilen<\/span><\/li>\n<li><span style=\"color: #000000;\">Tiskovne mo\u017enosti: netiskano, sitotisk, 4c digitalni tisk s smolnim premazom<\/span><\/li>\n<\/ul>","protected":false},"excerpt":{"rendered":"<p>Kennzeichenhalter Moped \u00d6sterreich Type 3110 passend f\u00fcr \u00f6sterreichische Moped Kennzeichen 115&#215;150 mm. Der Evamatic Moped Kennzeichenhalter Art.-Nr. 3110 ist speziell f\u00fcr \u00f6sterreichische Mopedkennzeichen konzipiert und bietet eine sichere, stabile und zugleich einfache Befestigungsl\u00f6sung. Der integrierte Drehverschluss erm\u00f6glicht ein schnelles Einlegen und Fixieren des Kennzeichens. Der Kennzeichenhalter sorgt f\u00fcr festen Halt auch bei Vibrationen im t\u00e4glichen [&hellip;]<\/p>\n","protected":false},"featured_media":2155,"template":"","meta":{"_acf_changed":false},"product_brand":[],"product_cat":[200,208],"product_tag":[],"class_list":{"0":"post-2844","1":"product","2":"type-product","3":"status-publish","4":"has-post-thumbnail","6":"product_cat-kennzeichenhalter-oesterreich-slowenien","7":"product_cat-moped-mofa-115x150-mm","8":"pa_druckvariante-unbedruckt","9":"pa_druckvariante-siebdruck-einfaerbig-weiss","10":"pa_druckvariante-siebdruck-einfaerbig-silber","11":"pa_druckvariante-4c-druck-mit-kunstharzbeschichtung","12":"pa_druckvariante-4c-druck-mit-kunstharzbeschichtung-silber-hochglanz","13":"pa_druckvariante-4c-druck-mit-kunstharzbeschichtung-reflektierend","14":"pa_druckvariante-4c-druck-mit-kunstharzbeschichtung-silber-matt","15":"pa_menge-96","16":"pa_menge-116","17":"pa_menge-118","18":"pa_menge-120","19":"pa_menge-95","21":"first","22":"instock","23":"taxable","24":"shipping-taxable","25":"purchasable","26":"product-type-variable"},"exclude_global_add_ons":false,"addons":[{"name":"Nalo\u017ei datoteko za tisk","type":"file_upload","position":0,"required":false,"title_format":"label","default":"","description_enable":false,"description":"Bitte laden Sie hier die Druckdatei (Bild) hoch.","placeholder_enable":false,"placeholder":"","display":"select","restrictions_type":"any_text","adjust_price":false,"price":"","price_type":"flat_fee","restrictions":false,"min":"0","max":"0","options":[],"id":1776081863},{"name":"\u00a0","type":"checkbox","position":1,"required":false,"title_format":"label","default":"","description_enable":true,"description":"Prepustite oblikovanje profesionalcem! Preprosto nam po\u0161ljite svoje \u017eelje, logotipe, besedila in \u017eelene pisave udobno preko e-po\u0161te ali na\u0161e funkcije za nalaganje. Na\u0161a izku\u0161ena grafi\u010dna ekipa vam bo ustvarila do 3 individualne predloge oblikovanja, popolnoma prilagojene va\u0161im zahtevam.","placeholder_enable":false,"placeholder":"","display":"select","restrictions_type":"any_text","adjust_price":false,"price":"","price_type":"flat_fee","restrictions":false,"min":"0","max":"0","options":[{"label":"Professionelle Layouterstellung durch unsere Grafikabteilung","price":"35","price_type":"flat_fee","image":0,"visibility":true}],"id":1775653837}],"acf":[],"_links":{"self":[{"href":"https:\/\/www.evamatic.com\/sl\/wp-json\/wp\/v2\/product\/2844","targetHints":{"allow":["GET"]}}],"collection":[{"href":"https:\/\/www.evamatic.com\/sl\/wp-json\/wp\/v2\/product"}],"about":[{"href":"https:\/\/www.evamatic.com\/sl\/wp-json\/wp\/v2\/types\/product"}],"wp:featuredmedia":[{"embeddable":true,"href":"https:\/\/www.evamatic.com\/sl\/wp-json\/wp\/v2\/media\/2155"}],"wp:attachment":[{"href":"https:\/\/www.evamatic.com\/sl\/wp-json\/wp\/v2\/media?parent=2844"}],"wp:term":[{"taxonomy":"product_brand","embeddable":true,"href":"https:\/\/www.evamatic.com\/sl\/wp-json\/wp\/v2\/product_brand?post=2844"},{"taxonomy":"product_cat","embeddable":true,"href":"https:\/\/www.evamatic.com\/sl\/wp-json\/wp\/v2\/product_cat?post=2844"},{"taxonomy":"product_tag","embeddable":true,"href":"https:\/\/www.evamatic.com\/sl\/wp-json\/wp\/v2\/product_tag?post=2844"}],"curies":[{"name":"wp","href":"https:\/\/api.w.org\/{rel}","templated":true}]}}