{"id":2818,"date":"2026-04-09T14:18:54","date_gmt":"2026-04-09T12:18:54","guid":{"rendered":"https:\/\/www.evamatic.at\/product\/kennzeichenhalter-motorrad-oesterreich-drehverschluss-2\/"},"modified":"2026-04-30T14:23:44","modified_gmt":"2026-04-30T12:23:44","slug":"drzalo-za-registrsko-tablico-motorno-kolo-avstrija-vrtljivi-zapah-2","status":"publish","type":"product","link":"https:\/\/www.evamatic.com\/sl\/product\/kennzeichenhalter-motorrad-oesterreich-drehverschluss-2\/","title":{"rendered":"Nosilec registrske tablice motorja Avstrija \u2013 vrtljiva klju\u010davnica"},"content":{"rendered":"<p><span style=\"color: #000000;\"><strong>Nosilec registrske tablice za motorno kolo Avstrija Tip 210 ustreza avstrijskim registrskim tablicam za motorna kolesa 210\u00d7170 mm.<\/strong><\/span><\/p>\n<p><span style=\"color: #000000;\">Nosilec registrske tablice Evamatic tip 210 je zasnovan posebej za avstrijske motoristi\u010dne tablice in ponuja varno, stabilno ter hkrati prilagodljivo re\u0161itev za pritrditev. Vgrajen vrtljivi zapah omogo\u010da enostavno vstavljanje in pritrjevanje tablice. Potisni ogla\u0161evalski trak (210 \u00d7 28 mm) nudi dovolj prostora za logotipe, slogane ali ogla\u0161evalska sporo\u010dila in naredi nosilec privla\u010den ogla\u0161evalski medij.<\/span><\/p>\n<p><span style=\"color: #000000;\">Nosilec registrskih tablic je idealen za avtohi\u0161e, delavnice, motorni servisi, klube ali promocijske akcije.<\/span><\/p>\n<p><span style=\"color: #000000;\"><strong>Podrobnosti o izdelku:<\/strong><\/span><\/p>\n<ul>\n<li><span style=\"color: #000000;\">Nosilec tablice 210 \u2013 za avstrijske motoristi\u010dne tablice L 210 V 170 mm<\/span><\/li>\n<li><span style=\"color: #000000;\">Zaprtje: vrtljivi pokrov\u010dek<\/span><\/li>\n<li><span style=\"color: #000000;\">Barve: \u010drna<\/span><\/li>\n<li><span style=\"color: #000000;\">Material: Polipropilen<\/span><\/li>\n<li><span style=\"color: #000000;\">Tiskovne mo\u017enosti: netiskano, sitotisk, 4c digitalni tisk s smolnim premazom<\/span><\/li>\n<\/ul>","protected":false},"excerpt":{"rendered":"<p>Kennzeichenhalter Motorrad \u00d6sterreich Type 210 passend f\u00fcr Motorradkennzeichen \u00d6sterreich 210&#215;170 mm. Der Evamatic Kennzeichenhalter Type 210 ist speziell f\u00fcr \u00f6sterreichische Motorradkennzeichen konzipiert und bietet eine sichere, stabile und zugleich flexible Befestigungsl\u00f6sung. Der integrierte Drehverschluss erm\u00f6glicht ein einfaches Einlegen und Fixieren des Kennzeichens. Die bedruckbare Werbeleiste (210 \u00d7 28 mm) bietet ausreichend Platz f\u00fcr Logos, Slogans [&hellip;]<\/p>\n","protected":false},"featured_media":913,"template":"","meta":{"_acf_changed":false},"product_brand":[],"product_cat":[200,207],"product_tag":[],"class_list":{"0":"post-2818","1":"product","2":"type-product","3":"status-publish","4":"has-post-thumbnail","6":"product_cat-kennzeichenhalter-oesterreich-slowenien","7":"product_cat-motorrad-210x170-mm","8":"pa_druckvariante-unbedruckt","9":"pa_druckvariante-siebdruck-einfaerbig-weiss","10":"pa_druckvariante-siebdruck-einfaerbig-silber","11":"pa_druckvariante-4c-druck-mit-kunstharzbeschichtung","12":"pa_druckvariante-4c-druck-mit-kunstharzbeschichtung-silber-hochglanz","13":"pa_druckvariante-4c-druck-mit-kunstharzbeschichtung-reflektierend","14":"pa_druckvariante-4c-druck-mit-kunstharzbeschichtung-silber-matt","15":"pa_menge-96","16":"pa_menge-116","17":"pa_menge-118","18":"pa_menge-120","19":"pa_menge-95","21":"first","22":"instock","23":"taxable","24":"shipping-taxable","25":"purchasable","26":"product-type-variable"},"exclude_global_add_ons":false,"addons":[{"name":"Nalo\u017ei datoteko za tisk","type":"file_upload","position":0,"required":false,"title_format":"label","default":"","description_enable":false,"description":"Bitte laden Sie hier die Druckdatei (Bild) hoch.","placeholder_enable":false,"placeholder":"","display":"select","restrictions_type":"any_text","adjust_price":false,"price":"","price_type":"flat_fee","restrictions":false,"min":"0","max":"0","options":[],"id":1776081863},{"name":"\u00a0","type":"checkbox","position":1,"required":false,"title_format":"label","default":"","description_enable":true,"description":"Prepustite oblikovanje profesionalcem! Preprosto nam po\u0161ljite svoje \u017eelje, logotipe, besedila in \u017eelene pisave udobno preko e-po\u0161te ali na\u0161e funkcije za nalaganje. Na\u0161a izku\u0161ena grafi\u010dna ekipa vam bo ustvarila do 3 individualne predloge oblikovanja, popolnoma prilagojene va\u0161im zahtevam.","placeholder_enable":false,"placeholder":"","display":"select","restrictions_type":"any_text","adjust_price":false,"price":"","price_type":"flat_fee","restrictions":false,"min":"0","max":"0","options":[{"label":"Professionelle Layouterstellung durch unsere Grafikabteilung","price":"35","price_type":"flat_fee","image":0,"visibility":true}],"id":1775653837}],"acf":[],"_links":{"self":[{"href":"https:\/\/www.evamatic.com\/sl\/wp-json\/wp\/v2\/product\/2818","targetHints":{"allow":["GET"]}}],"collection":[{"href":"https:\/\/www.evamatic.com\/sl\/wp-json\/wp\/v2\/product"}],"about":[{"href":"https:\/\/www.evamatic.com\/sl\/wp-json\/wp\/v2\/types\/product"}],"wp:featuredmedia":[{"embeddable":true,"href":"https:\/\/www.evamatic.com\/sl\/wp-json\/wp\/v2\/media\/913"}],"wp:attachment":[{"href":"https:\/\/www.evamatic.com\/sl\/wp-json\/wp\/v2\/media?parent=2818"}],"wp:term":[{"taxonomy":"product_brand","embeddable":true,"href":"https:\/\/www.evamatic.com\/sl\/wp-json\/wp\/v2\/product_brand?post=2818"},{"taxonomy":"product_cat","embeddable":true,"href":"https:\/\/www.evamatic.com\/sl\/wp-json\/wp\/v2\/product_cat?post=2818"},{"taxonomy":"product_tag","embeddable":true,"href":"https:\/\/www.evamatic.com\/sl\/wp-json\/wp\/v2\/product_tag?post=2818"}],"curies":[{"name":"wp","href":"https:\/\/api.w.org\/{rel}","templated":true}]}}