{"id":2803,"date":"2026-04-09T14:18:53","date_gmt":"2026-04-09T12:18:53","guid":{"rendered":"https:\/\/www.evamatic.at\/product\/kennzeichenhalter-traktor-gelaendewagen-oesterreich-2-zeilig-drehverschluss-2\/"},"modified":"2026-05-05T14:00:53","modified_gmt":"2026-05-05T12:00:53","slug":"nosilec-registrskih-tablic-traktor-terensko-vozilo-avstrija-2-vrstici-vrtljivi-zapah-2","status":"publish","type":"product","link":"https:\/\/www.evamatic.com\/sl\/product\/kennzeichenhalter-traktor-gelaendewagen-oesterreich-2-zeilig-drehverschluss-2\/","title":{"rendered":"Nosa\u010d registrske tablice Traktor \/ Terensko vozilo Avstrija 300\u00d7200 mm (300 2 vrstici) \u2013 vrtljiva klju\u010davnica"},"content":{"rendered":"<p><strong>Nosilec tablice traktor \/ terensko vozilo Avstrija Tip 300 2 vrstici ustreza velikosti tablice 300\u00d7200 mm.<\/strong><\/p>\n<p>Dr\u017ealo za registrske tablice Evamatic tip 300 pri dimenzijah plo\u0161\u010dice 300 \u00d7 200 mm je posebej zasnovano za uporabo na traktorjih, terenskih vozilih in posebnih vozilih. Ponuja stabilno in zanesljivo pritrditev tudi v zahtevnih pogojih uporabe.<\/p>\n<p>Mehanizem z vrtljivim zaklepanjem omogo\u010da varno pritrditev registrskih tablic ob hkratni enostavni uporabi. Zelo elasti\u010den material se optimalno prilagaja obrisom vozila in zagotavlja prilagodljivo, dolgotrajno uporabo. Vgrajene napenjalne vzmeti u\u010dinkovito prepre\u010dujejo ropotanje in trenje, tudi pri mo\u010dnih vibracijah ali neravnem terenu.<\/p>\n<p>Zaradi enostavne monta\u017ee je nosilec tablice hitro pripravljen za uporabo in je idealen za kmetijska vozila, terenske uporabe in gospodarska vozila.<\/p>\n<p>&nbsp;<\/p>\n<p><strong>Podrobnosti o izdelku:<\/strong><\/p>\n<ul>\n<li>Nosilec registrske tablice 300 \u2013 za avstrijski traktor, terensko vozilo registrska tablica L 300 H 200 mm<\/li>\n<li>Zaprtje: vrtljivi pokrov\u010dek<\/li>\n<li>Barve: \u010drna<\/li>\n<li>Material: Polipropilen<\/li>\n<li>Tiskovne mo\u017enosti: netiskano, sitotisk, 4c digitalni tisk s smolnim premazom<\/li>\n<\/ul>","protected":false},"excerpt":{"rendered":"<p>Kennzeichenhalter Traktor \/ Gel\u00e4ndewagen \u00d6sterreich Type 300 2 zeilig passend f\u00fcr Kennzeichengr\u00f6\u00dfe 300&#215;200 mm. Der Evamatic Kennzeichenhalter Type 300 im Platinenma\u00df 300 \u00d7 200 mm ist speziell f\u00fcr den Einsatz an Traktoren, Gel\u00e4ndewagen und Sonderfahrzeugen konzipiert. Er bietet eine stabile und zuverl\u00e4ssige Befestigung auch unter anspruchsvollen Einsatzbedingungen. Der Drehverschluss-Mechanismus erm\u00f6glicht ein sicheres Fixieren des Kennzeichens [&hellip;]<\/p>\n","protected":false},"featured_media":4459,"template":"","meta":{"_acf_changed":false},"product_brand":[],"product_cat":[200,206],"product_tag":[],"class_list":{"0":"post-2803","1":"product","2":"type-product","3":"status-publish","4":"has-post-thumbnail","6":"product_cat-kennzeichenhalter-oesterreich-slowenien","7":"product_cat-traktor-gelaendewagen-300x200-mm","8":"pa_druckvariante-unbedruckt","9":"pa_druckvariante-siebdruck-einfaerbig-weiss","10":"pa_druckvariante-siebdruck-einfaerbig-silber","11":"pa_druckvariante-4c-druck-mit-kunstharzbeschichtung","12":"pa_druckvariante-4c-druck-mit-kunstharzbeschichtung-silber-hochglanz","13":"pa_druckvariante-4c-druck-mit-kunstharzbeschichtung-reflektierend","14":"pa_druckvariante-4c-druck-mit-kunstharzbeschichtung-silber-matt","15":"pa_menge-96","16":"pa_menge-116","17":"pa_menge-118","18":"pa_menge-120","19":"pa_menge-95","21":"first","22":"instock","23":"taxable","24":"shipping-taxable","25":"purchasable","26":"product-type-variable"},"exclude_global_add_ons":false,"addons":[{"name":"Nalo\u017ei datoteko za tisk","type":"file_upload","position":0,"required":false,"title_format":"label","default":"","description_enable":false,"description":"Bitte laden Sie hier die Druckdatei (Bild) hoch.","placeholder_enable":false,"placeholder":"","display":"select","restrictions_type":"any_text","adjust_price":false,"price":"","price_type":"flat_fee","restrictions":false,"min":"0","max":"0","options":[],"id":1776081863},{"name":"\u00a0","type":"checkbox","position":1,"required":false,"title_format":"label","default":"","description_enable":true,"description":"Prepustite oblikovanje profesionalcem! Preprosto nam po\u0161ljite svoje \u017eelje, logotipe, besedila in \u017eelene pisave udobno preko e-po\u0161te ali na\u0161e funkcije za nalaganje. Na\u0161a izku\u0161ena grafi\u010dna ekipa vam bo ustvarila do 3 individualne predloge oblikovanja, popolnoma prilagojene va\u0161im zahtevam.","placeholder_enable":false,"placeholder":"","display":"select","restrictions_type":"any_text","adjust_price":false,"price":"","price_type":"flat_fee","restrictions":false,"min":"0","max":"0","options":[{"label":"Professionelle Layouterstellung durch unsere Grafikabteilung","price":"35","price_type":"flat_fee","image":0,"visibility":true}],"id":1775653837}],"acf":[],"_links":{"self":[{"href":"https:\/\/www.evamatic.com\/sl\/wp-json\/wp\/v2\/product\/2803","targetHints":{"allow":["GET"]}}],"collection":[{"href":"https:\/\/www.evamatic.com\/sl\/wp-json\/wp\/v2\/product"}],"about":[{"href":"https:\/\/www.evamatic.com\/sl\/wp-json\/wp\/v2\/types\/product"}],"wp:featuredmedia":[{"embeddable":true,"href":"https:\/\/www.evamatic.com\/sl\/wp-json\/wp\/v2\/media\/4459"}],"wp:attachment":[{"href":"https:\/\/www.evamatic.com\/sl\/wp-json\/wp\/v2\/media?parent=2803"}],"wp:term":[{"taxonomy":"product_brand","embeddable":true,"href":"https:\/\/www.evamatic.com\/sl\/wp-json\/wp\/v2\/product_brand?post=2803"},{"taxonomy":"product_cat","embeddable":true,"href":"https:\/\/www.evamatic.com\/sl\/wp-json\/wp\/v2\/product_cat?post=2803"},{"taxonomy":"product_tag","embeddable":true,"href":"https:\/\/www.evamatic.com\/sl\/wp-json\/wp\/v2\/product_tag?post=2803"}],"curies":[{"name":"wp","href":"https:\/\/api.w.org\/{rel}","templated":true}]}}