{"id":2711,"date":"2026-04-09T14:18:49","date_gmt":"2026-04-09T12:18:49","guid":{"rendered":"https:\/\/www.evamatic.at\/product\/kennzeichenhalter-pkw-oesterreich-524-klapprahmen-2\/"},"modified":"2026-05-05T14:01:44","modified_gmt":"2026-05-05T12:01:44","slug":"drzalo-za-registrsko-tablico-avto-avstrija-524-preklopni-okvir-2","status":"publish","type":"product","link":"https:\/\/www.evamatic.com\/sl\/product\/kennzeichenhalter-pkw-oesterreich-524-klapprahmen-2\/","title":{"rendered":"Okvir za registrske tablice avtomobila Avstrija in Slovenija 520\u00d7120 mm (524) \u2013 Zlo\u017eljiv okvir"},"content":{"rendered":"<p><strong>Nosilec registrske tablice Avstrija in Slovenija tip 524 s poklopnim okvirjem in vrtljivim zapiralom, primeren za registrske tablice velikosti 520\u00d7120 mm.<\/strong><\/p>\n<p>Dr\u017ealo za registrske tablice Evamatic tip 524 s sistemom zlo\u017eljivega okvirja ponuja varno, hitro in udobno re\u0161itev za monta\u017eo avstrijskih in slovenskih registrskih tablic (520 \u00d7 120 mm). Zahvaljujo\u010d prakti\u010dnemu zlo\u017eljivemu okvirju je vstavljanje ali menjava registrskih tablic \u0161e posebej enostavna. Dr\u017ealo je izdelano iz pro\u017enega, skoraj nelomljivega polipropilena, ki se optimalno prilagaja obliki vozila in zanesljivo prepre\u010duje ropotanje. Zlo\u017eljiv okvir zagotavlja tudi stabilno pritrditev ob hkratnem hitrem upravljanju.<\/p>\n<p>Tip 524 je primeren tako za osebne avtomobile kot za tovornjake in prepri\u010da s svojo visokokakovostno obliko, ki se harmoni\u010dno zlije z izgledom vsakega vozila.<\/p>\n<p>Okvir registrske tablice je <strong>Preverjeno s strani T\u00dcV-ja, je v skladu z vsemi veljavnimi EU standardi in trenutno veljavno zakonodajo. Zunanji robovi so zaobljeni z najmanj\u0161im polmerom 2,5 mm, kar zagotavlja najvi\u0161jo varnost in neomejeno dovoljenje za vo\u017enjo po cesti.<\/strong><br \/>\nZahvaljujo\u010d mo\u017enosti individualnega tiska z va\u0161im logotipom ali reklamnim besedilom, se nosilec registrskih tablic spremeni v trajen in privla\u010den promocijski medij \u2013 idealen za avtosalona, delavnice, vozne parke, zavarovalni\u0161ke pisarne ali klube.<\/p>\n<p>&nbsp;<\/p>\n<p><strong>Podrobnosti o izdelku:<\/strong><\/p>\n<ul>\n<li>Okvir za registrsko tablico 524 \u2013 za avstrijske in slovenske tablice D 520x V 120 mm<\/li>\n<li>Zapiranje: odpiralni okvir<\/li>\n<li>Barve: \u010drna<\/li>\n<li>Material: Polipropilen<\/li>\n<li>Tiskalne razli\u010dice: netiskano, 4c digitalni tisk svilnat mat, 4c digitalni tisk s plasti\u010dnim premazom\n<ul>\n<li><strong>Na nosilcu tablice 524 je tisk v udolbini nosilca tablice in je tako zanesljivo za\u0161\u010diten pred praskami, vremenskimi vplivi in mehanskimi obremenitvami \u2013 za trajno visoko kakovosten prikaz blagovne znamke.<\/strong><\/li>\n<\/ul>\n<\/li>\n<\/ul>","protected":false},"excerpt":{"rendered":"<p>Kennzeichenhalter \u00d6sterreich und Slowenien Type 524 mit Klapprahmen und Drehverschluss passend f\u00fcr Kennzeichengr\u00f6\u00dfe 520&#215;120 mm. Der Evamatic Kennzeichenhalter Type 524 mit Klapprahmen-System bietet eine sichere, schnelle und komfortable L\u00f6sung zur Montage von \u00f6sterreichischen und slowenischen Kennzeichen (520 \u00d7 120 mm). Durch den praktischen Klapprahmen lassen sich Kennzeichen besonders einfach einlegen oder wechseln. Der Halter besteht [&hellip;]<\/p>\n","protected":false},"featured_media":4450,"template":"","meta":{"_acf_changed":false},"product_brand":[],"product_cat":[200,205],"product_tag":[],"class_list":{"0":"post-2711","1":"product","2":"type-product","3":"status-publish","4":"has-post-thumbnail","6":"product_cat-kennzeichenhalter-oesterreich-slowenien","7":"product_cat-pkw-lkw-520x120-mm","8":"pa_druckvariante-4c-druck-seidenmatt","9":"pa_druckvariante-4c-druck-mit-kunstharzbeschichtung","10":"pa_druckvariante-4c-druck-mit-kunstharzbeschichtung-silber-hochglanz","11":"pa_druckvariante-4c-druck-mit-kunstharzbeschichtung-reflektierend","12":"pa_druckvariante-4c-druck-mit-kunstharzbeschichtung-silber-matt","13":"pa_menge-108","14":"pa_menge-109","15":"pa_menge-110","16":"pa_menge-111","17":"pa_menge-112","18":"pa_menge-93","19":"pa_menge-94","20":"pa_menge-95","21":"pa_menge-96","23":"first","24":"instock","25":"taxable","26":"shipping-taxable","27":"purchasable","28":"product-type-variable"},"exclude_global_add_ons":false,"addons":[{"name":"Nalo\u017ei datoteko za tisk","type":"file_upload","position":0,"required":false,"title_format":"label","default":"","description_enable":false,"description":"Bitte laden Sie hier die Druckdatei (Bild) hoch.","placeholder_enable":false,"placeholder":"","display":"select","restrictions_type":"any_text","adjust_price":false,"price":"","price_type":"flat_fee","restrictions":false,"min":"0","max":"0","options":[],"id":1776081863},{"name":"\u00a0","type":"checkbox","position":1,"required":false,"title_format":"label","default":"","description_enable":true,"description":"Prepustite oblikovanje profesionalcem! Preprosto nam po\u0161ljite svoje \u017eelje, logotipe, besedila in \u017eelene pisave udobno preko e-po\u0161te ali na\u0161e funkcije za nalaganje. Na\u0161a izku\u0161ena grafi\u010dna ekipa vam bo ustvarila do 3 individualne predloge oblikovanja, popolnoma prilagojene va\u0161im zahtevam.","placeholder_enable":false,"placeholder":"","display":"select","restrictions_type":"any_text","adjust_price":false,"price":"","price_type":"flat_fee","restrictions":false,"min":"0","max":"0","options":[{"label":"Professionelle Layouterstellung durch unsere Grafikabteilung","price":"35","price_type":"flat_fee","image":0,"visibility":true}],"id":1775653837}],"acf":[],"_links":{"self":[{"href":"https:\/\/www.evamatic.com\/sl\/wp-json\/wp\/v2\/product\/2711","targetHints":{"allow":["GET"]}}],"collection":[{"href":"https:\/\/www.evamatic.com\/sl\/wp-json\/wp\/v2\/product"}],"about":[{"href":"https:\/\/www.evamatic.com\/sl\/wp-json\/wp\/v2\/types\/product"}],"wp:featuredmedia":[{"embeddable":true,"href":"https:\/\/www.evamatic.com\/sl\/wp-json\/wp\/v2\/media\/4450"}],"wp:attachment":[{"href":"https:\/\/www.evamatic.com\/sl\/wp-json\/wp\/v2\/media?parent=2711"}],"wp:term":[{"taxonomy":"product_brand","embeddable":true,"href":"https:\/\/www.evamatic.com\/sl\/wp-json\/wp\/v2\/product_brand?post=2711"},{"taxonomy":"product_cat","embeddable":true,"href":"https:\/\/www.evamatic.com\/sl\/wp-json\/wp\/v2\/product_cat?post=2711"},{"taxonomy":"product_tag","embeddable":true,"href":"https:\/\/www.evamatic.com\/sl\/wp-json\/wp\/v2\/product_tag?post=2711"}],"curies":[{"name":"wp","href":"https:\/\/api.w.org\/{rel}","templated":true}]}}