{"id":2648,"date":"2026-04-09T14:18:47","date_gmt":"2026-04-09T12:18:47","guid":{"rendered":"https:\/\/www.evamatic.at\/product\/kennzeichenhalter-pkw-oesterreich-530-schiebeverschluss-2\/"},"modified":"2026-05-05T14:02:42","modified_gmt":"2026-05-05T12:02:42","slug":"nosilec-registrske-tablice-za-avtomobil-avstrija-530-drsni-zapah-2","status":"publish","type":"product","link":"https:\/\/www.evamatic.com\/sl\/product\/kennzeichenhalter-pkw-oesterreich-530-schiebeverschluss-2\/","title":{"rendered":"Nosilec registrske tablice avtomobila Avstrija in Slovenija 520\u00d7120 mm (530) \u2013 drsni zapiralni mehanizem"},"content":{"rendered":"<p><strong>Okvir za registrske tablice avtomobila Avstrija in Slovenija tip 530 z drsnim zaklepom ustreza registrskim tablicam velikosti 520\u00d7120 mm.<\/strong><\/p>\n<p>Okvir registrske tablice Evamatic Type 530 z drsnim sistemom zapiranja ponuja posebno stabilno, varno in udobno re\u0161itev za monta\u017eo avstrijskih in slovenskih registrskih tablic (520 \u00d7 120 mm). Dokazani drsni sistem zapiranja omogo\u010da hitro in enostavno vstavljanje in menjavo registrskih tablic.<\/p>\n<p>V primerjavi s tipom 526 ima tip 530 ve\u010djo debelino materiala, kar zagotavlja \u0161e ve\u010djo stabilnost. Poleg tega nosilec ponuja nekoliko ve\u010dji ogla\u0161evalski prostor, ki nudi ve\u010d prostora za logotipe, slogane ali ogla\u0161evalska sporo\u010dila ter pove\u010da vidnost.<br \/>\nOkvir registrske tablice je izdelan iz pro\u017enega, skoraj nelomljivega polipropilena, se optimalno prilega konturi vozila in zanesljivo prepre\u010duje ropotanje. Primeren je za osebna in tovorna vozila ter navdu\u0161uje s subtilnim, vrhunskim dizajnom, ki se harmoni\u010dno zlije z videzom vozila.<\/p>\n<p>Tip 530 je <strong>Preverjeno za uporabo po T\u00dcV, ustreza vsem veljavnim EU-normam in je v skladu z veljavnimi zakonskimi predpisi. Zaobljeni zunanji robovi z najmanj\u0161im polmerom 2,5 mm zagotavljajo najve\u010djo varnost in omogo\u010dajo neomejeno uporabo dr\u017eala za registrske tablice v cestnem prometu.<\/strong><\/p>\n<p>Zahvaljujo\u010d posameznim mo\u017enostim tiska, nosilec tablice tipa 530 postane trajen in privla\u010den ogla\u0161evalski medij \u2013 idealen za avtohi\u0161e, delavnice, vozne parke, zavarovalni\u0161ke pisarne ali klube.<\/p>\n<p>&nbsp;<\/p>\n<p><strong>Podrobnosti o izdelku:<\/strong><\/p>\n<ul>\n<li>Nosiilec tablice 530 \u2013 za avstrijske in slovenske tablice D 520x \u0160 120 mm<\/li>\n<li>Zapiranje: Drsno zapiralo<\/li>\n<li>Barve: \u010drna<\/li>\n<li>Material: Polipropilen<\/li>\n<li>Tiskarske razli\u010dice: netiskano, sitotisk, 4c digitalni tisk svilnato mat, 4c digitalni tisk s smolnim premazom\n<ul>\n<li><strong>Pri vseh 4c digitalnih tiskih je tisk v udolbini nosilca registrskih tablic, kar ga zanesljivo \u0161\u010diti pred praskami, vremenskimi vplivi in mehanskimi obremenitvami \u2013 za trajno visoko kakovostno podobo blagovne znamke.<\/strong><\/li>\n<\/ul>\n<\/li>\n<\/ul>","protected":false},"excerpt":{"rendered":"<p>Kennzeichenhalter PKW \u00d6sterreich und Slowenien Type 530 mit Schiebeverschluss passen f\u00fcr Kennzeichengr\u00f6\u00dfe 520&#215;120 mm. Der Evamatic Kennzeichenhalter Type 530 mit Schiebeverschluss-System bietet eine besonders stabile, sichere und komfortable L\u00f6sung zur Montage von \u00f6sterreichischen und slowenischen Kennzeichen (520 \u00d7 120 mm). Durch den bew\u00e4hrten Schiebeverschluss lassen sich Kennzeichen schnell und unkompliziert einsetzen und wechseln. Im Vergleich [&hellip;]<\/p>\n","protected":false},"featured_media":4449,"template":"","meta":{"_acf_changed":false},"product_brand":[],"product_cat":[200,205],"product_tag":[],"class_list":{"0":"post-2648","1":"product","2":"type-product","3":"status-publish","4":"has-post-thumbnail","6":"product_cat-kennzeichenhalter-oesterreich-slowenien","7":"product_cat-pkw-lkw-520x120-mm","8":"pa_druckvariante-siebdruck-einfaerbig-silber","9":"pa_druckvariante-4c-druck-seidenmatt","10":"pa_druckvariante-4c-druck-mit-kunstharzbeschichtung","11":"pa_druckvariante-4c-druck-mit-kunstharzbeschichtung-silber-hochglanz","12":"pa_druckvariante-4c-druck-mit-kunstharzbeschichtung-reflektierend","13":"pa_druckvariante-4c-druck-mit-kunstharzbeschichtung-silber-matt","14":"pa_druckvariante-unbedruckt","15":"pa_druckvariante-siebdruck-einfaerbig-weiss","16":"pa_menge-97","17":"pa_menge-132","18":"pa_menge-98","19":"pa_menge-99","20":"pa_menge-100","21":"pa_menge-101","22":"pa_menge-102","23":"pa_menge-103","24":"pa_menge-93","25":"pa_menge-104","26":"pa_menge-94","27":"pa_menge-105","28":"pa_menge-95","29":"pa_menge-106","30":"pa_menge-96","31":"pa_menge-107","33":"first","34":"instock","35":"taxable","36":"shipping-taxable","37":"purchasable","38":"product-type-variable"},"exclude_global_add_ons":false,"addons":[{"name":"Nalo\u017ei datoteko za tisk","type":"file_upload","position":0,"required":false,"title_format":"label","default":"","description_enable":false,"description":"Bitte laden Sie hier die Druckdatei (Bild) hoch.","placeholder_enable":false,"placeholder":"","display":"select","restrictions_type":"any_text","adjust_price":false,"price":"","price_type":"flat_fee","restrictions":false,"min":"0","max":"0","options":[],"id":1776081863},{"name":"\u00a0","type":"checkbox","position":1,"required":false,"title_format":"label","default":"","description_enable":true,"description":"Prepustite oblikovanje profesionalcem! Preprosto nam po\u0161ljite svoje \u017eelje, logotipe, besedila in \u017eelene pisave udobno preko e-po\u0161te ali na\u0161e funkcije za nalaganje. Na\u0161a izku\u0161ena grafi\u010dna ekipa vam bo ustvarila do 3 individualne predloge oblikovanja, popolnoma prilagojene va\u0161im zahtevam.","placeholder_enable":false,"placeholder":"","display":"select","restrictions_type":"any_text","adjust_price":false,"price":"","price_type":"flat_fee","restrictions":false,"min":"0","max":"0","options":[{"label":"Professionelle Layouterstellung durch unsere Grafikabteilung","price":"35","price_type":"flat_fee","image":0,"visibility":true}],"id":1775653837}],"acf":[],"_links":{"self":[{"href":"https:\/\/www.evamatic.com\/sl\/wp-json\/wp\/v2\/product\/2648","targetHints":{"allow":["GET"]}}],"collection":[{"href":"https:\/\/www.evamatic.com\/sl\/wp-json\/wp\/v2\/product"}],"about":[{"href":"https:\/\/www.evamatic.com\/sl\/wp-json\/wp\/v2\/types\/product"}],"wp:featuredmedia":[{"embeddable":true,"href":"https:\/\/www.evamatic.com\/sl\/wp-json\/wp\/v2\/media\/4449"}],"wp:attachment":[{"href":"https:\/\/www.evamatic.com\/sl\/wp-json\/wp\/v2\/media?parent=2648"}],"wp:term":[{"taxonomy":"product_brand","embeddable":true,"href":"https:\/\/www.evamatic.com\/sl\/wp-json\/wp\/v2\/product_brand?post=2648"},{"taxonomy":"product_cat","embeddable":true,"href":"https:\/\/www.evamatic.com\/sl\/wp-json\/wp\/v2\/product_cat?post=2648"},{"taxonomy":"product_tag","embeddable":true,"href":"https:\/\/www.evamatic.com\/sl\/wp-json\/wp\/v2\/product_tag?post=2648"}],"curies":[{"name":"wp","href":"https:\/\/api.w.org\/{rel}","templated":true}]}}