{"id":2591,"date":"2026-04-09T14:18:44","date_gmt":"2026-04-09T12:18:44","guid":{"rendered":"https:\/\/www.evamatic.at\/product\/kennzeichenhalter-pkw-oesterreich-526-schiebeverschluss-2\/"},"modified":"2026-05-05T14:03:20","modified_gmt":"2026-05-05T12:03:20","slug":"nosilec-registrskih-tablic-avtomobil-avstrija-526-drsni-zapiralo-2","status":"publish","type":"product","link":"https:\/\/www.evamatic.com\/sl\/product\/kennzeichenhalter-pkw-oesterreich-526-schiebeverschluss-2\/","title":{"rendered":"Nosilec registrskih tablic avtomobila Avstrija in Slovenija 520\u00d7120 mm (526) \u2013 Drsno zapiralo"},"content":{"rendered":"<p><strong>Nosilci tablic avtomobilov Avstrija in Slovenija Tip 526 z drsnim zapiralom ustrezajo velikosti tablic 520\u00d7120 mm.<\/strong><\/p>\n<p>Okvir za registrske tablice Evamatic tip 526 s sistemom drsnega zapiranja nudi varno, hitro in udobno re\u0161itev za monta\u017eo avstrijskih in slovenskih registrskih tablic (520 \u00d7 120 mm). Zahvaljujo\u010d inovativnemu drsnemu zapiranju je vstavljanje registrskih tablic enostavno. Okvir za registrske tablice je izdelan iz pro\u017enega, skoraj nelomljivega materiala (polipropilen) in se prilagodi konturi vozila, ne da bi povzro\u010dal ropotanje. Primerni so tako za osebne kot za tovornjake in se zaradi diskretnega dizajna vklju\u010dijo v videz vozila.<\/p>\n<p>Nosilec tablice 526 je <strong>Preverjeno za uporabo po T\u00dcV, ustreza vsem veljavnim EU-normam in je v skladu z veljavnimi zakonskimi predpisi. Zaobljeni zunanji robovi z najmanj\u0161im polmerom 2,5 mm zagotavljajo najve\u010djo varnost in omogo\u010dajo neomejeno uporabo dr\u017eala za registrske tablice v cestnem prometu.<\/strong><\/p>\n<p>Z individualiziranimi tiskovnimi razli\u010dicami z logotipom ali promocijskim sporo\u010dilom postane nosilec registrskega tablice trajen in na pogled privla\u010den reklamni medij \u2013 popoln za avtohi\u0161e, delavnice, vozne parke, zavarovalni\u0161ke pisarne ali klube.<\/p>\n<p><strong>Podrobnosti o izdelku:<\/strong><\/p>\n<ul>\n<li>Nosilec tablice 526 \u2013 za avstrijske in slovenske tablice D 520x V 120 mm<\/li>\n<li>Zapiranje: Drsno zapiralo<\/li>\n<li>Barve: \u010drna<\/li>\n<li>Material: Polipropilen<\/li>\n<li>Tiskarske razli\u010dice: netiskano, sitotisk, 4c digitalni tisk svilnato mat, 4c digitalni tisk s smolnim premazom\n<ul>\n<li><strong>Pri vseh 4c digitalnih tiskih je tisk v udolbini nosilca registrskih tablic, kar ga zanesljivo \u0161\u010diti pred praskami, vremenskimi vplivi in mehanskimi obremenitvami \u2013 za trajno visoko kakovostno podobo blagovne znamke.<\/strong><\/li>\n<\/ul>\n<\/li>\n<\/ul>","protected":false},"excerpt":{"rendered":"<p>Kennzeichenhalter PKW \u00d6sterreich und Slowenien Type 526 mit Schiebeverschluss passen f\u00fcr Kennzeichengr\u00f6\u00dfe 520&#215;120 mm. Der Evamatic Kennzeichenhalter Type 526 mit Schiebeverschluss System bieten eine sichere, schnelle und komfortable L\u00f6sung zur Montage von \u00f6sterreichischen und slowenischen Kennzeichen (520 \u00d7 120 mm). Dank innovativem Schiebeverschluss lassen sich Kennzeichen m\u00fchelos einlegen. Der Kennzeichenhalter ist aus flexiblem, nahezu bruchfestem [&hellip;]<\/p>\n","protected":false},"featured_media":4448,"template":"","meta":{"_acf_changed":false},"product_brand":[],"product_cat":[205,200],"product_tag":[],"class_list":{"0":"post-2591","1":"product","2":"type-product","3":"status-publish","4":"has-post-thumbnail","6":"product_cat-pkw-lkw-520x120-mm","7":"product_cat-kennzeichenhalter-oesterreich-slowenien","8":"pa_druckvariante-unbedruckt","9":"pa_druckvariante-siebdruck-einfaerbig-weiss","10":"pa_druckvariante-siebdruck-einfaerbig-silber","11":"pa_druckvariante-4c-druck-seidenmatt","12":"pa_druckvariante-4c-druck-mit-kunstharzbeschichtung","13":"pa_druckvariante-4c-druck-mit-kunstharzbeschichtung-silber-hochglanz","14":"pa_druckvariante-4c-druck-mit-kunstharzbeschichtung-reflektierend","15":"pa_druckvariante-4c-druck-mit-kunstharzbeschichtung-silber-matt","16":"pa_menge-95","17":"pa_menge-96","18":"pa_menge-97","19":"pa_menge-98","20":"pa_menge-99","21":"pa_menge-100","22":"pa_menge-101","23":"pa_menge-102","24":"pa_menge-93","25":"pa_menge-94","27":"first","28":"instock","29":"taxable","30":"shipping-taxable","31":"purchasable","32":"product-type-variable"},"exclude_global_add_ons":false,"addons":[{"name":"Nalo\u017ei datoteko za tisk","type":"file_upload","position":0,"required":false,"title_format":"label","default":"","description_enable":false,"description":"Bitte laden Sie hier die Druckdatei (Bild) hoch.","placeholder_enable":false,"placeholder":"","display":"select","restrictions_type":"any_text","adjust_price":false,"price":"","price_type":"flat_fee","restrictions":false,"min":"0","max":"0","options":[],"id":1776081863},{"name":"\u00a0","type":"checkbox","position":1,"required":false,"title_format":"label","default":"","description_enable":true,"description":"Prepustite oblikovanje profesionalcem! Preprosto nam po\u0161ljite svoje \u017eelje, logotipe, besedila in \u017eelene pisave udobno preko e-po\u0161te ali na\u0161e funkcije za nalaganje. Na\u0161a izku\u0161ena grafi\u010dna ekipa vam bo ustvarila do 3 individualne predloge oblikovanja, popolnoma prilagojene va\u0161im zahtevam.","placeholder_enable":false,"placeholder":"","display":"select","restrictions_type":"any_text","adjust_price":false,"price":"","price_type":"flat_fee","restrictions":false,"min":"0","max":"0","options":[{"label":"Professionelle Layouterstellung durch unsere Grafikabteilung","price":"35","price_type":"flat_fee","image":0,"visibility":true}],"id":1775653837}],"acf":[],"_links":{"self":[{"href":"https:\/\/www.evamatic.com\/sl\/wp-json\/wp\/v2\/product\/2591","targetHints":{"allow":["GET"]}}],"collection":[{"href":"https:\/\/www.evamatic.com\/sl\/wp-json\/wp\/v2\/product"}],"about":[{"href":"https:\/\/www.evamatic.com\/sl\/wp-json\/wp\/v2\/types\/product"}],"wp:featuredmedia":[{"embeddable":true,"href":"https:\/\/www.evamatic.com\/sl\/wp-json\/wp\/v2\/media\/4448"}],"wp:attachment":[{"href":"https:\/\/www.evamatic.com\/sl\/wp-json\/wp\/v2\/media?parent=2591"}],"wp:term":[{"taxonomy":"product_brand","embeddable":true,"href":"https:\/\/www.evamatic.com\/sl\/wp-json\/wp\/v2\/product_brand?post=2591"},{"taxonomy":"product_cat","embeddable":true,"href":"https:\/\/www.evamatic.com\/sl\/wp-json\/wp\/v2\/product_cat?post=2591"},{"taxonomy":"product_tag","embeddable":true,"href":"https:\/\/www.evamatic.com\/sl\/wp-json\/wp\/v2\/product_tag?post=2591"}],"curies":[{"name":"wp","href":"https:\/\/api.w.org\/{rel}","templated":true}]}}