{"id":1862,"date":"2026-03-20T11:22:05","date_gmt":"2026-03-20T10:22:05","guid":{"rendered":"http:\/\/www.evamatic.at\/?page_id=1862"},"modified":"2026-04-19T16:55:05","modified_gmt":"2026-04-19T14:55:05","slug":"dostava-in-posiljanje","status":"publish","type":"page","link":"https:\/\/www.evamatic.com\/sl\/lieferung-und-versand\/","title":{"rendered":"Dostava in po\u0161iljanje"},"content":{"rendered":"<div data-elementor-type=\"wp-page\" data-elementor-id=\"1862\" class=\"elementor elementor-1862\" data-elementor-post-type=\"page\">\n\t\t\t\t<div class=\"elementor-element elementor-element-f116383 e-flex e-con-boxed e-con e-parent\" data-id=\"f116383\" data-element_type=\"container\" data-e-type=\"container\" data-settings=\"{&quot;background_background&quot;:&quot;gradient&quot;}\">\n\t\t\t\t\t<div class=\"e-con-inner\">\n\t\t<div class=\"elementor-element elementor-element-be4351c e-con-full e-flex e-con e-child\" data-id=\"be4351c\" data-element_type=\"container\" data-e-type=\"container\">\n\t\t\t\t<div class=\"elementor-element elementor-element-28e617b elementor-widget elementor-widget-heading\" data-id=\"28e617b\" data-element_type=\"widget\" data-e-type=\"widget\" data-widget_type=\"heading.default\">\n\t\t\t\t\t<h2 class=\"elementor-heading-title elementor-size-default\">Dostava in po\u0161iljanje<\/h2>\t\t\t\t<\/div>\n\t\t\t\t<div class=\"elementor-element elementor-element-20d1fb3 elementor-invisible elementor-widget elementor-widget-heading\" data-id=\"20d1fb3\" data-element_type=\"widget\" data-e-type=\"widget\" data-settings=\"{&quot;_animation&quot;:&quot;fadeInUp&quot;,&quot;_animation_delay&quot;:250}\" data-widget_type=\"heading.default\">\n\t\t\t\t\t<h4 class=\"elementor-heading-title elementor-size-default\">Relevantne informacije in pogosta vpra\u0161anja o dostavi in po\u0161iljanju na prvi pogled.\n\n\n\n<\/h4>\t\t\t\t<\/div>\n\t\t\t\t<\/div>\n\t\t\t\t\t<\/div>\n\t\t\t\t<\/div>\n\t\t<div class=\"elementor-element elementor-element-6964ee1 e-flex e-con-boxed e-con e-parent\" data-id=\"6964ee1\" data-element_type=\"container\" data-e-type=\"container\">\n\t\t\t\t\t<div class=\"e-con-inner\">\n\t\t\t\t<div class=\"elementor-element elementor-element-159d36d elementor-widget elementor-widget-text-editor\" data-id=\"159d36d\" data-element_type=\"widget\" data-e-type=\"widget\" data-widget_type=\"text-editor.default\">\n\t\t\t\t\t\t\t\t\t<p data-start=\"223\" data-end=\"382\">\u00a0<\/p><p data-start=\"223\" data-end=\"382\">Na\u0161e izdelke dostavljamo zanesljivo in pravo\u010dasno. Dobavni rok je odvisen od posameznega izdelka ter izbrane razli\u010dice in vrste tiska.<\/p><p data-start=\"384\" data-end=\"422\">Med drugim imamo v ponudbi:<\/p><ul data-start=\"423\" data-end=\"539\"><li data-start=\"423\" data-end=\"446\"><p data-start=\"425\" data-end=\"446\"><strong data-start=\"425\" data-end=\"446\">Okvir za registrske tablice<\/strong><\/p><\/li><li data-start=\"481\" data-end=\"506\"><p data-start=\"483\" data-end=\"506\"><strong data-start=\"483\" data-end=\"506\">Napisi in zasloni<\/strong><\/p><\/li><li data-start=\"507\" data-end=\"539\"><p data-start=\"509\" data-end=\"539\"><strong data-start=\"509\" data-end=\"539\">Napisne plo\u0161\u010dice in nalepke<\/strong><\/p><\/li><li><strong data-start=\"449\" data-end=\"480\">Klju\u010dna organizacija (AVT)<\/strong><\/li><\/ul><p>\u00a0<\/p>\t\t\t\t\t\t\t\t<\/div>\n\t\t\t\t\t<\/div>\n\t\t\t\t<\/div>\n\t\t<div class=\"elementor-element elementor-element-483cd10 e-flex e-con-boxed e-con e-parent\" data-id=\"483cd10\" data-element_type=\"container\" data-e-type=\"container\">\n\t\t\t\t\t<div class=\"e-con-inner\">\n\t\t\t\t<div class=\"elementor-element elementor-element-58fc854 elementor-widget elementor-widget-heading\" data-id=\"58fc854\" data-element_type=\"widget\" data-e-type=\"widget\" data-widget_type=\"heading.default\">\n\t\t\t\t\t<h3 class=\"elementor-heading-title elementor-size-default\">Dobavni roki<\/h3>\t\t\t\t<\/div>\n\t\t\t\t<div class=\"elementor-element elementor-element-6aa573b elementor-widget elementor-widget-text-editor\" data-id=\"6aa573b\" data-element_type=\"widget\" data-e-type=\"widget\" data-widget_type=\"text-editor.default\">\n\t\t\t\t\t\t\t\t\t<p><strong>Nepotiskani nosilci tablic<\/strong><\/p><ul><li><p>ca. <strong>5 delovnih dni<\/strong><\/p><\/li><\/ul><p><strong>4c tisk (digitalni tisk)<\/strong><\/p><ul><li><p>ca. <strong>10\u201314 dni<\/strong><\/p><\/li><\/ul><p><strong>Sitotisk<\/strong><\/p><ul><li><p>ca. <strong>3\u20134 tedne<\/strong><\/p><\/li><\/ul><p><em>Dobavni rok se za\u010dne po prejemu pla\u010dila. Pri izdelkih po meri so mo\u017ena odstopanja, ki izhajajo iz proizvodnih procesov.<\/em><\/p><p>\u00a0<\/p>\t\t\t\t\t\t\t\t<\/div>\n\t\t\t\t\t<\/div>\n\t\t\t\t<\/div>\n\t\t<div class=\"elementor-element elementor-element-dfb2575 e-flex e-con-boxed e-con e-parent\" data-id=\"dfb2575\" data-element_type=\"container\" data-e-type=\"container\">\n\t\t\t\t\t<div class=\"e-con-inner\">\n\t\t\t\t<div class=\"elementor-element elementor-element-9bc9d89 elementor-widget elementor-widget-heading\" data-id=\"9bc9d89\" data-element_type=\"widget\" data-e-type=\"widget\" data-widget_type=\"heading.default\">\n\t\t\t\t\t<h3 class=\"elementor-heading-title elementor-size-default\">Stro\u0161ki po\u0161iljanja &amp; Obmo\u010dja dostave<\/h3>\t\t\t\t<\/div>\n\t\t\t\t<div class=\"elementor-element elementor-element-c7216dc elementor-widget elementor-widget-text-editor\" data-id=\"c7216dc\" data-element_type=\"widget\" data-e-type=\"widget\" data-widget_type=\"text-editor.default\">\n\t\t\t\t\t\t\t\t\t<p data-start=\"58\" data-end=\"228\">Dostavljamo v Avstrijo, Nem\u010dijo, \u0160vico in ZDA. Mo\u017ene so tudi dobave znotraj EU.<\/p>\n<h4><img decoding=\"async\" draggable=\"false\" role=\"img\" class=\"emoji\" alt=\"Avstrija\" src=\"https:\/\/s.w.org\/images\/core\/emoji\/17.0.2\/svg\/1f1e6-1f1f9.svg\" title=\"\"> Avstrija<\/h4>\n<ul>\n<li>\n<p><strong>Stro\u0161ki po\u0161iljanja:<\/strong> \u20ac <strong>9,90<\/strong><\/p>\n<\/li>\n<li>\n<p><strong>Zastonj<\/strong> od naro\u010dila v vrednosti <strong>250,\u2013 \u20ac<\/strong><\/p>\n<\/li>\n<li>\n<p><strong>Dobavni rok:<\/strong> odvisno od izdelka in vrste tiska&nbsp;<\/p>\n<\/li>\n<\/ul>\n<h4>&nbsp;<\/h4>\n<h4><img decoding=\"async\" draggable=\"false\" role=\"img\" class=\"emoji\" alt=\"Nem\u010dija\" src=\"https:\/\/s.w.org\/images\/core\/emoji\/17.0.2\/svg\/1f1e9-1f1ea.svg\" title=\"\"> Nem\u010dija<\/h4>\n<ul>\n<li>\n<p><strong>Stro\u0161ki po\u0161iljanja:<\/strong> \u20ac <strong>19,90<\/strong><\/p>\n<\/li>\n<li>\n<p><strong>Zastonj<\/strong> od naro\u010dila v vrednosti <strong>400,00 \u20ac<\/strong><\/p>\n<\/li>\n<li>\n<p><strong>Dobavni rok:<\/strong> odvisno od izdelka in vrste tiska<\/p>\n<\/li>\n<\/ul>\n<p><em>Za posamezne izdelke ni mogo\u010dega po\u0161iljanja v Nem\u010dijo. V tem primeru bo to prikazano v postopku naro\u010danja.<\/em><\/p>\n<h4><img decoding=\"async\" draggable=\"false\" role=\"img\" class=\"emoji\" alt=\"\u0160vica\" src=\"https:\/\/s.w.org\/images\/core\/emoji\/17.0.2\/svg\/1f1e8-1f1ed.svg\" title=\"\"> \u0160vica<\/h4>\n<p><em>Ali je po\u0161iljanje v \u0160vico mogo\u010de, je navedeno pri posameznem izdelku oziroma v postopku naro\u010danja.<br><span style=\"font-weight: 400;\">Stro\u0161ke po\u0161iljanja v \u0160vico si lahko ogledate v kalkulatorju stro\u0161kov po\u0161iljanja v spletni trgovini. Upo\u0161tevajte, da lahko nastanejo carinske ali uvozne dajatve. Za carinjenje v \u0160vici je obvezna \u0161tevilka DDV.<\/span><\/em><\/p>\n<h4 data-start=\"793\" data-end=\"817\"><img decoding=\"async\" draggable=\"false\" role=\"img\" class=\"emoji\" alt=\"\ud83c\uddea\ud83c\uddfa\" src=\"https:\/\/s.w.org\/images\/core\/emoji\/17.0.2\/svg\/1f1ea-1f1fa.svg\" title=\"\"> Evropska unija<\/h4>\n<p data-start=\"819\" data-end=\"874\"><span style=\"font-weight: 400;\">Dostave v druge dr\u017eave EU so prav tako mogo\u010de.<\/span><\/p><p data-start=\"819\" data-end=\"874\"><span style=\"font-weight: 400;\">Stro\u0161ki po\u0161iljanja so na zahtevo ali jih lahko najdete v kalkulatorju stro\u0161kov po\u0161iljanja v spletni trgovini.<\/span><\/p>\n<h4 data-start=\"792\" data-end=\"802\"><img decoding=\"async\" draggable=\"false\" role=\"img\" class=\"emoji\" alt=\"ZDA\" src=\"https:\/\/s.w.org\/images\/core\/emoji\/17.0.2\/svg\/1f1fa-1f1f8.svg\" title=\"\"> ZDA<\/h4>\n<p data-start=\"804\" data-end=\"832\">Stro\u0161ke po\u0161iljanja v ZDA vam sporo\u010dimo na zahtevo. Upo\u0161tevajte, da se lahko zara\u010dunajo carine ali uvozne pristojbine.<\/p>\n<p data-start=\"804\" data-end=\"832\">\n<\/p>\t\t\t\t\t\t\t\t<\/div>\n\t\t\t\t\t<\/div>\n\t\t\t\t<\/div>\n\t\t<div class=\"elementor-element elementor-element-33db644 e-flex e-con-boxed e-con e-parent\" data-id=\"33db644\" data-element_type=\"container\" data-e-type=\"container\">\n\t\t\t\t\t<div class=\"e-con-inner\">\n\t\t\t\t<div class=\"elementor-element elementor-element-5646282 elementor-widget elementor-widget-heading\" data-id=\"5646282\" data-element_type=\"widget\" data-e-type=\"widget\" data-widget_type=\"heading.default\">\n\t\t\t\t\t<h3 class=\"elementor-heading-title elementor-size-default\">Pomembna obvestila<\/h3>\t\t\t\t<\/div>\n\t\t\t\t<div class=\"elementor-element elementor-element-24231ff elementor-widget elementor-widget-text-editor\" data-id=\"24231ff\" data-element_type=\"widget\" data-e-type=\"widget\" data-widget_type=\"text-editor.default\">\n\t\t\t\t\t\t\t\t\t<ul><li><p>Naro\u010dila obdelujemo ob delavnikih.<\/p><\/li><li><p>Ob vikendih in praznikih dostave ni.<\/p><\/li><li><p>Prosimo, pazite na pravilen vnos va\u0161ega naslova za dostavo.<\/p><\/li><\/ul><p>V primeru vpra\u0161anj o dobavnem roku, po\u0161iljanju ali posebnih re\u0161itvah <a href=\"\/sl\/stik\/\"><strong>kontaktirajte nas<\/strong><\/a> \u2013 vam bomo osebno pomagali.<\/p>\t\t\t\t\t\t\t\t<\/div>\n\t\t\t\t\t<\/div>\n\t\t\t\t<\/div>\n\t\t\t\t<\/div>","protected":false},"excerpt":{"rendered":"<p>Lieferung &amp; Versand Relevante Informationen und h\u00e4ufige Fragen zu Lieferung &amp; Versand auf einen Blick. \u00a0 Wir liefern unsere Produkte zuverl\u00e4ssig und termingerecht. Die Lieferzeit richtet sich nach dem jeweiligen Produkt sowie der gew\u00e4hlten Ausf\u00fchrung und Druckart. Unser Sortiment umfasst unter anderem: Kennzeichenhalter Schilder &amp; Displays Beschriftungen &amp; Aufkleber Schl\u00fcsselorganisation (AUT) \u00a0 Lieferzeiten Unbedruckte Kennzeichenhalter [&hellip;]<\/p>\n","protected":false},"author":1,"featured_media":0,"parent":0,"menu_order":0,"comment_status":"closed","ping_status":"closed","template":"","meta":{"_acf_changed":false,"footnotes":""},"class_list":["post-1862","page","type-page","status-publish","hentry"],"acf":[],"_links":{"self":[{"href":"https:\/\/www.evamatic.com\/sl\/wp-json\/wp\/v2\/pages\/1862","targetHints":{"allow":["GET"]}}],"collection":[{"href":"https:\/\/www.evamatic.com\/sl\/wp-json\/wp\/v2\/pages"}],"about":[{"href":"https:\/\/www.evamatic.com\/sl\/wp-json\/wp\/v2\/types\/page"}],"author":[{"embeddable":true,"href":"https:\/\/www.evamatic.com\/sl\/wp-json\/wp\/v2\/users\/1"}],"replies":[{"embeddable":true,"href":"https:\/\/www.evamatic.com\/sl\/wp-json\/wp\/v2\/comments?post=1862"}],"version-history":[{"count":10,"href":"https:\/\/www.evamatic.com\/sl\/wp-json\/wp\/v2\/pages\/1862\/revisions"}],"predecessor-version":[{"id":3972,"href":"https:\/\/www.evamatic.com\/sl\/wp-json\/wp\/v2\/pages\/1862\/revisions\/3972"}],"wp:attachment":[{"href":"https:\/\/www.evamatic.com\/sl\/wp-json\/wp\/v2\/media?parent=1862"}],"curies":[{"name":"wp","href":"https:\/\/api.w.org\/{rel}","templated":true}]}}