{"id":3144,"date":"2026-04-09T14:19:08","date_gmt":"2026-04-09T12:19:08","guid":{"rendered":"https:\/\/www.evamatic.at\/product\/kunden-info-box-2\/"},"modified":"2026-04-22T09:49:48","modified_gmt":"2026-04-22T07:49:48","slug":"infobox-zakaznika-2","status":"publish","type":"product","link":"https:\/\/www.evamatic.com\/sk\/product\/kunden-info-box-2\/","title":{"rendered":"Inform\u00e1cie o z\u00e1kazn\u00edkovi, krabica, A4 \/ A6"},"content":{"rendered":"<p><strong>Organiz\u00e1cia prospektov pre let\u00e1ky, bro\u017e\u00fary, cenn\u00edky vo form\u00e1te A4 alebo A6<\/strong><\/p>\n<p>S na\u0161imi rie\u0161eniami na organiz\u00e1ciu prospektov prezentujete bro\u017e\u00fary, let\u00e1ky a informa\u010dn\u00e9 materi\u00e1ly preh\u013eadne, vidite\u013ene a profesion\u00e1lne. \u010ci u\u017e na vozidle, vo vstupn\u00fdch priestoroch, v \u010dak\u00e1r\u0148ach, na v\u00fdstavn\u00fdch st\u00e1nkoch, v kancel\u00e1rii alebo v predajn\u00fdch priestoroch \u2013 dobre organizovan\u00e9 informa\u010dn\u00e9 materi\u00e1ly s\u00fa r\u00fdchlej\u0161ie vn\u00edman\u00e9 a vyu\u017e\u00edvan\u00e9. Na\u0161e dr\u017eiaky na prospekty s\u00fa univerz\u00e1lne, robustn\u00e9 a vyroben\u00e9 z vysokokvalitn\u00fdch materi\u00e1lov. Pon\u00fakaj\u00fa dostatok priestoru pre form\u00e1ty DIN ako A4 alebo A6, ako aj flexibiln\u00e9 mo\u017enosti mont\u00e1\u017ee \u2013 od steny cez st\u00f4l a\u017e po mobiln\u00e9 pou\u017eitie.<\/p>\n<p>&nbsp;<\/p>\n<p><strong>V\u00fdhody:<\/strong><\/p>\n<ul>\n<li>Preh\u013eadn\u00e1 prezent\u00e1cia va\u0161ich bro\u017e\u00far a let\u00e1kov<\/li>\n<li>Jednoduch\u00fd pr\u00edstup pre z\u00e1kazn\u00edkov a n\u00e1v\u0161tevn\u00edkov<\/li>\n<li>Robustn\u00e9 a odoln\u00e9 \u2013 ide\u00e1lne do vysoko frekventovan\u00fdch oblast\u00ed<\/li>\n<li>V\u0161estranne montovate\u013en\u00e9: na vozidlo, stenu, st\u00f4l alebo vo\u013ene stojace<\/li>\n<li>Vhodn\u00e9 pre volite\u013en\u00e9 form\u00e1ty A4 alebo A6<\/li>\n<\/ul>\n<p>&nbsp;<\/p>\n<p><strong>Oblas\u0165 pou\u017eitia:<\/strong><\/p>\n<ul>\n<li>Predstavenie vozidla<\/li>\n<li>Vstupn\u00e1 a \u010dakacia hala<\/li>\n<li>Ve\u013etrhy &amp; udalosti<\/li>\n<li>Kancel\u00e1rie, predajn\u00e9 priestory a showroom<\/li>\n<li>Informa\u010dn\u00e9 st\u00e1nky a recepcie<\/li>\n<li>\u00darady, ordin\u00e1cie a \u0161koliace miestnosti<\/li>\n<\/ul>\n<p>&nbsp;<\/p>\n<p><strong>Detaily produktu:<\/strong><\/p>\n<ul>\n<li>Materi\u00e1l: 3 mm akrylov\u00e9 sklo Zadn\u00e1 \u010das\u0165: nerozbitn\u00fd PET materi\u00e1l<\/li>\n<li>Farby: \u010dierna\/transparentn\u00e1<\/li>\n<li>\u0160peci\u00e1lne vlastnosti: samozatv\u00e1racie veko, ve\u013ek\u00fd objem, bez \u0161p\u013eachnutia pri b\u00farke, ventila\u010dn\u00e9 otvory proti tvorbe kondenz\u00e1tu, na vn\u00fatorn\u00e9 a vonkaj\u0161ie pou\u017eitie<\/li>\n<\/ul>","protected":false},"excerpt":{"rendered":"<p>Prospektorganisation f\u00fcr Flyer, Brosch\u00fcren Preisbl\u00e4tter DIN A4 oder DIN A6 Mit unseren Prospektorganisation-L\u00f6sungen pr\u00e4sentieren Sie Brosch\u00fcren, Flyer und Informationsmaterial \u00fcbersichtlich, gut sichtbar und professionell. Ob am Fahrzeug, in Empfangsbereichen, Wartezonen, Messest\u00e4nden, B\u00fcro oder Verkaufsr\u00e4umen \u2013 gut organisierte Informationsmaterialien werden schneller wahrgenommen und genutzt.Unsere Prospekthalter sind vielseitig einsetzbar, robust und aus hochwertigen Materialien gefertigt. Sie bieten [&hellip;]<\/p>\n","protected":false},"featured_media":726,"template":"","meta":{"_acf_changed":false},"product_brand":[],"product_cat":[89],"product_tag":[],"class_list":{"0":"post-3144","1":"product","2":"type-product","3":"status-publish","4":"has-post-thumbnail","6":"product_cat-kunden-infoboxen","7":"pa_groesse-din-a4","8":"pa_groesse-din-a6","9":"pa_menge-195","10":"pa_menge-93","11":"pa_menge-196","12":"pa_menge-94","13":"pa_menge-95","14":"pa_menge-113","15":"pa_menge-123","16":"pa_menge-191","17":"pa_menge-192","18":"pa_menge-193","19":"pa_menge-194","21":"first","22":"instock","23":"taxable","24":"shipping-taxable","25":"purchasable","26":"product-type-variable"},"exclude_global_add_ons":[],"addons":[],"acf":[],"_links":{"self":[{"href":"https:\/\/www.evamatic.com\/sk\/wp-json\/wp\/v2\/product\/3144","targetHints":{"allow":["GET"]}}],"collection":[{"href":"https:\/\/www.evamatic.com\/sk\/wp-json\/wp\/v2\/product"}],"about":[{"href":"https:\/\/www.evamatic.com\/sk\/wp-json\/wp\/v2\/types\/product"}],"wp:featuredmedia":[{"embeddable":true,"href":"https:\/\/www.evamatic.com\/sk\/wp-json\/wp\/v2\/media\/726"}],"wp:attachment":[{"href":"https:\/\/www.evamatic.com\/sk\/wp-json\/wp\/v2\/media?parent=3144"}],"wp:term":[{"taxonomy":"product_brand","embeddable":true,"href":"https:\/\/www.evamatic.com\/sk\/wp-json\/wp\/v2\/product_brand?post=3144"},{"taxonomy":"product_cat","embeddable":true,"href":"https:\/\/www.evamatic.com\/sk\/wp-json\/wp\/v2\/product_cat?post=3144"},{"taxonomy":"product_tag","embeddable":true,"href":"https:\/\/www.evamatic.com\/sk\/wp-json\/wp\/v2\/product_tag?post=3144"}],"curies":[{"name":"wp","href":"https:\/\/api.w.org\/{rel}","templated":true}]}}