{"id":3129,"date":"2026-04-09T14:19:07","date_gmt":"2026-04-09T12:19:07","guid":{"rendered":"https:\/\/www.evamatic.at\/product\/anhaengeschlaufen-tyvek-2\/"},"modified":"2026-04-22T13:49:51","modified_gmt":"2026-04-22T11:49:51","slug":"putka-na-zavesenie-tyvek-2","status":"publish","type":"product","link":"https:\/\/www.evamatic.com\/sk\/product\/anhaengeschlaufen-tyvek-2\/","title":{"rendered":"O\u010dko na zavesenie Tyvek"},"content":{"rendered":"<p><span style=\"color: #000000;\"><strong>Pevn\u00e9 s\u0165ahovacie p\u00fatka z Tyveku na ozna\u010denie k\u013e\u00fa\u010dov v dielni \u2013 \u013eahk\u00e9, odoln\u00e9 vo\u010di vode a ne\u010distot\u00e1m.<\/strong><\/span><\/p>\n<p><span style=\"color: #000000;\">\u0160t\u00edtky Tyvek s traktorov\u00fdm otvorom s\u00fa robustn\u00fdm a spo\u013eahliv\u00fdm rie\u0161en\u00edm ako pr\u00edvesky na k\u013e\u00fa\u010de v diel\u0148ach, prev\u00e1dzkach a priemyseln\u00fdch prostrediach. Extr\u00e9mne pevn\u00fd materi\u00e1l Tyvek\u00ae odol\u00e1va ka\u017edodenn\u00e9mu nam\u00e1haniu a zachov\u00e1va si tvar aj pri oleji, \u0161pine alebo vlhkosti. Ide\u00e1lne na ozna\u010dovanie k\u013e\u00fa\u010dov od auta \u2013 \u013eahk\u00e9, odoln\u00e9 a zrete\u013ene popisovate\u013en\u00e9. Farby: \u017elt\u00e1, modr\u00e1, \u010derven\u00e1, zelen\u00e1, oran\u017eov\u00e1, ru\u017eov\u00e1, biela<\/span><\/p>\n<p>&nbsp;<\/p>\n<p><strong><span style=\"color: #000000;\">Detaily produktu:<\/span><\/strong><\/p>\n<ul>\n<li><span style=\"color: #000000;\">Materi\u00e1l: Tyvek<\/span><\/li>\n<li><span style=\"color: #000000;\">Farby: \u017elt\u00e1, modr\u00e1, \u010derven\u00e1, zelen\u00e1, oran\u017eov\u00e1, ru\u017eov\u00e1, biela<\/span><\/li>\n<li><span style=\"color: #000000;\">Rozmery: 14 x 1,3 cm<\/span><\/li>\n<li><span style=\"color: #000000;\">Zvl\u00e1\u0161tnosti: s dierovan\u00edm traktora<\/span><\/li>\n<li><span style=\"color: #000000;\">Vhodn\u00e9 pre kop\u00edrovacie stroje, laserov\u00e9 a atramentov\u00e9 tla\u010diarne<\/span><\/li>\n<li><span style=\"color: #000000;\">VPE: 1 000 kusov vo vrecku<\/span><\/li>\n<\/ul>","protected":false},"excerpt":{"rendered":"<p>Rei\u00dffeste Tyvek-Anh\u00e4ngeschlaufen zur Schl\u00fcsselkennzeichnung in der Werkstatt \u2013 leicht, wasser- und schmutzbest\u00e4ndig. Tyvek Anh\u00e4ngeschlaufen mit Traktorlochung sind die robuste und zuverl\u00e4ssige L\u00f6sung als Schl\u00fcsselanh\u00e4nger in Werkst\u00e4tten, Betrieben und Industrieumgebungen. Das extrem rei\u00dffeste Tyvek\u00ae-Material h\u00e4lt t\u00e4glicher Beanspruchung stand und bleibt auch bei \u00d6l, Schmutz oder Feuchtigkeit formstabil. Ideal zur Kennzeichnung von Autoschl\u00fcssel \u2013 leicht, langlebig und [&hellip;]<\/p>\n","protected":false},"featured_media":2145,"template":"","meta":{"_acf_changed":false},"product_brand":[],"product_cat":[83],"product_tag":[],"class_list":{"0":"post-3129","1":"product","2":"type-product","3":"status-publish","4":"has-post-thumbnail","6":"product_cat-schluesselanhaenger","7":"pa_farbe-weiss","8":"pa_farbe-gelb","9":"pa_farbe-blau","10":"pa_farbe-rot","11":"pa_farbe-gruen","12":"pa_farbe-orange","13":"pa_farbe-rosa","14":"pa_menge-113","15":"pa_menge-123","16":"pa_menge-191","17":"pa_menge-192","18":"pa_menge-193","20":"first","21":"instock","22":"taxable","23":"shipping-taxable","24":"purchasable","25":"product-type-variable"},"exclude_global_add_ons":false,"addons":[{"name":"Nahra\u0165 tla\u010dov\u00fd s\u00fabor","type":"file_upload","position":0,"required":false,"title_format":"label","default":"","description_enable":false,"description":"Bitte laden Sie hier die Druckdatei (Bild) hoch.","placeholder_enable":false,"placeholder":"","display":"select","restrictions_type":"any_text","adjust_price":false,"price":"","price_type":"flat_fee","restrictions":false,"min":"0","max":"0","options":[],"id":1776081863},{"name":"\u00a0","type":"checkbox","position":1,"required":false,"title_format":"label","default":"","description_enable":true,"description":"Nechajte dizajn na profesion\u00e1lov! Sta\u010d\u00ed n\u00e1m pohodlne posla\u0165 svoje \u017eelania, log\u00e1, texty a preferovan\u00e9 p\u00edsma e-mailom alebo prostredn\u00edctvom na\u0161ej nahr\u00e1vacej funkcie. N\u00e1\u0161 sk\u00fasen\u00fd grafick\u00fd t\u00edm v\u00e1m vytvor\u00ed a\u017e 3 individu\u00e1lne n\u00e1vrhy dizajnu, dokonale prisp\u00f4soben\u00e9 va\u0161im po\u017eiadavk\u00e1m.","placeholder_enable":false,"placeholder":"","display":"select","restrictions_type":"any_text","adjust_price":false,"price":"","price_type":"flat_fee","restrictions":false,"min":"0","max":"0","options":[{"label":"Professionelle Layouterstellung durch unsere Grafikabteilung","price":"35","price_type":"flat_fee","image":0,"visibility":true}],"id":1775653837}],"acf":[],"_links":{"self":[{"href":"https:\/\/www.evamatic.com\/sk\/wp-json\/wp\/v2\/product\/3129","targetHints":{"allow":["GET"]}}],"collection":[{"href":"https:\/\/www.evamatic.com\/sk\/wp-json\/wp\/v2\/product"}],"about":[{"href":"https:\/\/www.evamatic.com\/sk\/wp-json\/wp\/v2\/types\/product"}],"wp:featuredmedia":[{"embeddable":true,"href":"https:\/\/www.evamatic.com\/sk\/wp-json\/wp\/v2\/media\/2145"}],"wp:attachment":[{"href":"https:\/\/www.evamatic.com\/sk\/wp-json\/wp\/v2\/media?parent=3129"}],"wp:term":[{"taxonomy":"product_brand","embeddable":true,"href":"https:\/\/www.evamatic.com\/sk\/wp-json\/wp\/v2\/product_brand?post=3129"},{"taxonomy":"product_cat","embeddable":true,"href":"https:\/\/www.evamatic.com\/sk\/wp-json\/wp\/v2\/product_cat?post=3129"},{"taxonomy":"product_tag","embeddable":true,"href":"https:\/\/www.evamatic.com\/sk\/wp-json\/wp\/v2\/product_tag?post=3129"}],"curies":[{"name":"wp","href":"https:\/\/api.w.org\/{rel}","templated":true}]}}