{"id":3128,"date":"2026-04-09T14:19:07","date_gmt":"2026-04-09T12:19:07","guid":{"rendered":"https:\/\/www.evamatic.at\/product\/decotafel-miniletter-kennzeicheneinleger-uv-digitaldruck-fuer-pkw-kennzeichenhalter-schweiz-300x160mm-2\/"},"modified":"2026-04-29T11:12:54","modified_gmt":"2026-04-29T09:12:54","slug":"dekorativna-tabulka-miniletters-vlozka-ecv-uv-digitalna-tlac-pre-drziak-evidencnych-cisel-automobilov-svajciarsko-300x160mm-2","status":"publish","type":"product","link":"https:\/\/www.evamatic.com\/sk\/product\/decotafel-miniletter-kennzeicheneinleger-uv-digitaldruck-fuer-pkw-kennzeichenhalter-schweiz-300x160mm-2\/","title":{"rendered":"Dekora\u010dn\u00e1 tabu\u013ea \/ Miniletter \/ Vlo\u017eka na eviden\u010dn\u00e9 \u010d\u00edslo UV digit\u00e1lna potla\u010d pre dr\u017eiak \u0160PZ \u0160vaj\u010diarsko 300x160mm"},"content":{"rendered":"<p>Miniletter Decoschilder s\u00fa ide\u00e1lnym rie\u0161en\u00edm pre individu\u00e1lne reklamn\u00e9 vsuvky do dr\u017eiakov eviden\u010dn\u00fdch \u010d\u00edsel. Umo\u017e\u0148uj\u00fa decentn\u00fa, ale \u00fa\u010dinn\u00fa prezent\u00e1ciu log, sloganov alebo firemn\u00fdch n\u00e1zvov priamo na vozidle, \u010d\u00edm zais\u0165uj\u00fa va\u0161u reklamn\u00fa prezent\u00e1ciu na parkovisku alebo v predajni \u00e1ut.<br \/>\nVlo\u017eky s\u00fa presne vyroben\u00e9 a daj\u00fa sa \u013eahko vlo\u017ei\u0165 do be\u017ene dostupn\u00fdch dr\u017eiakov eviden\u010dn\u00fdch \u010d\u00edsiel. V\u010faka kvalitn\u00fdm materi\u00e1lom presved\u010dia dlhou \u017eivotnos\u0165ou potla\u010de a profesion\u00e1lnym vzh\u013eadom, a to ako v interi\u00e9ri, tak aj v exteri\u00e9ri.<\/p>\n<p><strong>V\u00fdhody:<\/strong><\/p>\n<ul>\n<li>Ide\u00e1lne ako reklamn\u00e1 vlo\u017eka pre dr\u017eiaky registra\u010dn\u00fdch zna\u010diek<\/li>\n<li>Diskr\u00e9tna, ale \u00fa\u010dinn\u00e1 reklama na vozidlo<\/li>\n<li>Kvalitn\u00e9 spracovanie a jasn\u00e1 \u010ditate\u013enos\u0165<\/li>\n<li>Presne pasuje k be\u017en\u00fdm dr\u017eiakom eviden\u010dn\u00fdch \u010d\u00edsiel<\/li>\n<li>Odoln\u00e9 vo\u010di poveternostn\u00fdm vplyvom a UV \u017eiareniu<\/li>\n<\/ul>\n<p>&nbsp;<\/p>\n<p><strong>Oblas\u0165 pou\u017eitia:<\/strong><\/p>\n<ul>\n<li>Predajne \u00e1ut a autoservisy<\/li>\n<li>Reklamn\u00e9 a propaga\u010dn\u00e9 \u00fa\u010dely<\/li>\n<li>Dopravn\u00e9 prostriedky na podujatie<\/li>\n<\/ul>","protected":false},"excerpt":{"rendered":"<p>Miniletter Decoschilder sind die ideale L\u00f6sung f\u00fcr individuelle Werbeeinleger in Kennzeichenhaltern. Sie erm\u00f6glichen eine dezente, aber wirkungsvolle Pr\u00e4sentation von Logos, Slogans oder Firmennamen direkt am Fahrzeug und sorgen so f\u00fcr Ihren Werbeauftritt am Autoplatz oder im Autohaus. Die Einleger sind passgenau gefertigt und lassen sich einfach in handels\u00fcbliche Kennzeichenhalter einsetzen. Dank hochwertiger Materialien \u00fcberzeugen sie [&hellip;]<\/p>\n","protected":false},"featured_media":4446,"template":"","meta":{"_acf_changed":false},"product_brand":[],"product_cat":[92,201],"product_tag":[],"class_list":{"0":"post-3128","1":"product","2":"type-product","3":"status-publish","4":"has-post-thumbnail","6":"product_cat-decotafel-miniletter-kennzeicheneinleger","7":"product_cat-kennzeichenhalter-schweiz","8":"pa_druckvariante-4c-uv-direktdruck","9":"pa_menge-95","10":"pa_menge-96","11":"pa_menge-116","12":"pa_menge-118","13":"pa_menge-120","15":"first","16":"instock","17":"taxable","18":"shipping-taxable","19":"purchasable","20":"product-type-variable"},"exclude_global_add_ons":false,"addons":[{"name":"Nahra\u0165 tla\u010dov\u00fd s\u00fabor","type":"file_upload","position":0,"required":false,"title_format":"label","default":"","description_enable":false,"description":"Bitte laden Sie hier die Druckdatei (Bild) hoch.","placeholder_enable":false,"placeholder":"","display":"select","restrictions_type":"any_text","adjust_price":false,"price":"","price_type":"flat_fee","restrictions":false,"min":"0","max":"0","options":[],"id":1776081863},{"name":"\u00a0","type":"checkbox","position":1,"required":false,"title_format":"label","default":"","description_enable":true,"description":"Nechajte dizajn na profesion\u00e1lov! Sta\u010d\u00ed n\u00e1m pohodlne posla\u0165 svoje \u017eelania, log\u00e1, texty a preferovan\u00e9 p\u00edsma e-mailom alebo prostredn\u00edctvom na\u0161ej nahr\u00e1vacej funkcie. N\u00e1\u0161 sk\u00fasen\u00fd grafick\u00fd t\u00edm v\u00e1m vytvor\u00ed a\u017e 3 individu\u00e1lne n\u00e1vrhy dizajnu, dokonale prisp\u00f4soben\u00e9 va\u0161im po\u017eiadavk\u00e1m.","placeholder_enable":false,"placeholder":"","display":"select","restrictions_type":"any_text","adjust_price":false,"price":"","price_type":"flat_fee","restrictions":false,"min":"0","max":"0","options":[{"label":"Professionelle Layouterstellung durch unsere Grafikabteilung","price":"35","price_type":"flat_fee","image":0,"visibility":true}],"id":1775653837}],"acf":[],"_links":{"self":[{"href":"https:\/\/www.evamatic.com\/sk\/wp-json\/wp\/v2\/product\/3128","targetHints":{"allow":["GET"]}}],"collection":[{"href":"https:\/\/www.evamatic.com\/sk\/wp-json\/wp\/v2\/product"}],"about":[{"href":"https:\/\/www.evamatic.com\/sk\/wp-json\/wp\/v2\/types\/product"}],"wp:featuredmedia":[{"embeddable":true,"href":"https:\/\/www.evamatic.com\/sk\/wp-json\/wp\/v2\/media\/4446"}],"wp:attachment":[{"href":"https:\/\/www.evamatic.com\/sk\/wp-json\/wp\/v2\/media?parent=3128"}],"wp:term":[{"taxonomy":"product_brand","embeddable":true,"href":"https:\/\/www.evamatic.com\/sk\/wp-json\/wp\/v2\/product_brand?post=3128"},{"taxonomy":"product_cat","embeddable":true,"href":"https:\/\/www.evamatic.com\/sk\/wp-json\/wp\/v2\/product_cat?post=3128"},{"taxonomy":"product_tag","embeddable":true,"href":"https:\/\/www.evamatic.com\/sk\/wp-json\/wp\/v2\/product_tag?post=3128"}],"curies":[{"name":"wp","href":"https:\/\/api.w.org\/{rel}","templated":true}]}}