{"id":3087,"date":"2026-04-09T14:19:06","date_gmt":"2026-04-09T12:19:06","guid":{"rendered":"https:\/\/www.evamatic.at\/product\/kennzeichenhalter-pkw-schweiz-3016ch-klapprahmen-2\/"},"modified":"2026-05-05T13:56:46","modified_gmt":"2026-05-05T11:56:46","slug":"drziak-registracnej-znacky-osobneho-automobilu-svajciarsko-3016ch-skladaci-ramik-2","status":"publish","type":"product","link":"https:\/\/www.evamatic.com\/sk\/product\/kennzeichenhalter-pkw-schweiz-3016ch-klapprahmen-2\/","title":{"rendered":"Dr\u017eiak \u0160PZ PKW \u0160vaj\u010diarsko 300\u00d7160 mm (3016CH) \u2013 Sklopn\u00fd r\u00e1m"},"content":{"rendered":"<p><strong>Dr\u017eiak \u0160PZ 3016CH je v\u00fdklopn\u00fd r\u00e1m pre \u0161vaj\u010diarske \u0160PZ pre osobn\u00e9 automobily vo form\u00e1te 300\u00d7160 mm<\/strong><\/p>\n<p>Dr\u017eiak eviden\u010dn\u00fdch \u010d\u00edsiel Evamatic 3016CH je \u0161peci\u00e1lne navrhnut\u00fd pre \u0161vaj\u010diarske eviden\u010dn\u00e9 \u010d\u00edsla s rozmermi 300x160 mm a zais\u0165uje bezpe\u010dn\u00e9, stabiln\u00e9 a \u010dist\u00e9 uchytenie na vozidle. V\u010faka presn\u00e9mu vyhotoveniu je eviden\u010dn\u00e9 \u010d\u00edslo pevne a bez vibr\u00e1ci\u00ed usaden\u00e9 \u2013 ide\u00e1lne pre ka\u017edodenn\u00e9 pou\u017eitie v cestnej prem\u00e1vke. Dr\u017eiak presved\u010d\u00ed svojou robustnou kon\u0161trukciou a dlhou \u017eivotnos\u0165ou, ktor\u00e1 spo\u013eahlivo odol\u00e1va aj meniacim sa poveternostn\u00fdm podmienkam. Jednoduch\u00fd, funk\u010dn\u00fd vzh\u013ead zapadne do ka\u017ed\u00e9ho dizajnu vozidla.<\/p>\n<p><strong>V\u00fdhody:<\/strong><\/p>\n<ul>\n<li>Vhodn\u00e9 pre \u0161vaj\u010diarske eviden\u010dn\u00e9 zna\u010dky 300x160 mm<\/li>\n<li>Bezpe\u010dn\u00e9 uchytenie bez klepania<\/li>\n<li>Robustn\u00e9 a trvanliv\u00e9 prevedenie<\/li>\n<li>Jednoduch\u00e1 mont\u00e1\u017e<\/li>\n<li>Jemn\u00fd, nad\u010dasov\u00fd dizajn<\/li>\n<\/ul>\n<p>&nbsp;<\/p>\n<p><strong>Oblas\u0165 pou\u017eitia:<\/strong><\/p>\n<ul>\n<li>Osobn\u00e9 a \u00fa\u017eitkov\u00e9 vozidl\u00e1 vo \u0160vaj\u010diarsku<\/li>\n<li>S\u00fakromn\u00e9 vozidl\u00e1<\/li>\n<li>Firemn\u00e9 a servisn\u00e9 vozidl\u00e1<\/li>\n<li>Predajne \u00e1ut a autoservisy<\/li>\n<\/ul>\n<p>&nbsp;<\/p>\n<p><strong>Detaily produktu:<\/strong><\/p>\n<ul>\n<li>Uz\u00e1ver: Sklopn\u00fd r\u00e1m<\/li>\n<li>Farba: \u010dierna<\/li>\n<li>Materi\u00e1l: Polypropyl\u00e9n<\/li>\n<li>Tla\u010den\u00e9 varianty: nepotla\u010den\u00e9, 4c digit\u00e1lna tla\u010d hodv\u00e1bny mat, 4c digit\u00e1lna tla\u010d s povlakom zo syntetickej \u017eivice<\/li>\n<\/ul>","protected":false},"excerpt":{"rendered":"<p>Der Kennzeichenhalter 3016CH ist ein Klapprahmen f\u00fcr passend f\u00fcr schweizer PKW Kennzeichen im Format 300&#215;160 mm Der Evamatic Kennzeichenhalter 3016CH ist speziell f\u00fcr schweizer Kennzeichen 300x160mm konzipiert und sorgt f\u00fcr eine sichere, stabile und saubere Befestigung am Fahrzeug. Dank passgenauer Ausf\u00fchrung sitzt das Kennzeichen fest und vibrationsfrei \u2013 ideal f\u00fcr den t\u00e4glichen Einsatz im Stra\u00dfenverkehr. [&hellip;]<\/p>\n","protected":false},"featured_media":2136,"template":"","meta":{"_acf_changed":false},"product_brand":[],"product_cat":[209,201],"product_tag":[],"class_list":{"0":"post-3087","1":"product","2":"type-product","3":"status-publish","4":"has-post-thumbnail","6":"product_cat-pkw-lkw-500x100-mm-300x80-mm-300x160-mm","7":"product_cat-kennzeichenhalter-schweiz","8":"pa_druckvariante-4c-druck-mit-kunstharzbeschichtung-silber-hochglanz","9":"pa_druckvariante-4c-druck-mit-kunstharzbeschichtung-reflektierend","10":"pa_druckvariante-4c-druck-mit-kunstharzbeschichtung-silber-matt","11":"pa_druckvariante-4c-druck-seidenmatt","12":"pa_druckvariante-4c-druck-mit-kunstharzbeschichtung","13":"pa_menge-121","14":"pa_menge-122","15":"pa_menge-124","16":"pa_menge-127","17":"pa_menge-128","18":"pa_menge-129","20":"first","21":"instock","22":"taxable","23":"shipping-taxable","24":"purchasable","25":"product-type-variable"},"exclude_global_add_ons":false,"addons":[{"name":"Nahra\u0165 tla\u010dov\u00fd s\u00fabor","type":"file_upload","position":0,"required":false,"title_format":"label","default":"","description_enable":false,"description":"Bitte laden Sie hier die Druckdatei (Bild) hoch.","placeholder_enable":false,"placeholder":"","display":"select","restrictions_type":"any_text","adjust_price":false,"price":"","price_type":"flat_fee","restrictions":false,"min":"0","max":"0","options":[],"id":1776081863},{"name":"\u00a0","type":"checkbox","position":1,"required":false,"title_format":"label","default":"","description_enable":true,"description":"Nechajte dizajn na profesion\u00e1lov! Sta\u010d\u00ed n\u00e1m pohodlne posla\u0165 svoje \u017eelania, log\u00e1, texty a preferovan\u00e9 p\u00edsma e-mailom alebo prostredn\u00edctvom na\u0161ej nahr\u00e1vacej funkcie. N\u00e1\u0161 sk\u00fasen\u00fd grafick\u00fd t\u00edm v\u00e1m vytvor\u00ed a\u017e 3 individu\u00e1lne n\u00e1vrhy dizajnu, dokonale prisp\u00f4soben\u00e9 va\u0161im po\u017eiadavk\u00e1m.","placeholder_enable":false,"placeholder":"","display":"select","restrictions_type":"any_text","adjust_price":false,"price":"","price_type":"flat_fee","restrictions":false,"min":"0","max":"0","options":[{"label":"Professionelle Layouterstellung durch unsere Grafikabteilung","price":"35","price_type":"flat_fee","image":0,"visibility":true}],"id":1775653837}],"acf":[],"_links":{"self":[{"href":"https:\/\/www.evamatic.com\/sk\/wp-json\/wp\/v2\/product\/3087","targetHints":{"allow":["GET"]}}],"collection":[{"href":"https:\/\/www.evamatic.com\/sk\/wp-json\/wp\/v2\/product"}],"about":[{"href":"https:\/\/www.evamatic.com\/sk\/wp-json\/wp\/v2\/types\/product"}],"wp:featuredmedia":[{"embeddable":true,"href":"https:\/\/www.evamatic.com\/sk\/wp-json\/wp\/v2\/media\/2136"}],"wp:attachment":[{"href":"https:\/\/www.evamatic.com\/sk\/wp-json\/wp\/v2\/media?parent=3087"}],"wp:term":[{"taxonomy":"product_brand","embeddable":true,"href":"https:\/\/www.evamatic.com\/sk\/wp-json\/wp\/v2\/product_brand?post=3087"},{"taxonomy":"product_cat","embeddable":true,"href":"https:\/\/www.evamatic.com\/sk\/wp-json\/wp\/v2\/product_cat?post=3087"},{"taxonomy":"product_tag","embeddable":true,"href":"https:\/\/www.evamatic.com\/sk\/wp-json\/wp\/v2\/product_tag?post=3087"}],"curies":[{"name":"wp","href":"https:\/\/api.w.org\/{rel}","templated":true}]}}