{"id":2999,"date":"2026-04-09T14:19:01","date_gmt":"2026-04-09T12:19:01","guid":{"rendered":"https:\/\/www.evamatic.at\/product\/kennzeichenhalter-motorrad-eu-270-drehverschluss-2\/"},"modified":"2026-05-05T13:58:55","modified_gmt":"2026-05-05T11:58:55","slug":"drziak-spz-motocykel-eu-270-otocny-zamok-2","status":"publish","type":"product","link":"https:\/\/www.evamatic.com\/sk\/product\/kennzeichenhalter-motorrad-eu-270-drehverschluss-2\/","title":{"rendered":"Dr\u017eiak eviden\u010dn\u00e9ho \u010d\u00edsla motocykla E\u00da 240\u00d7150 mm (270) \u2013 oto\u010dn\u00fd uz\u00e1ver"},"content":{"rendered":"<p><span style=\"color: #000000;\"><strong>Dr\u017eiak eviden\u010dn\u00e9ho \u010d\u00edsla motocykel E\u00da typ 270 pre dvojradov\u00e9 eviden\u010dn\u00e9 \u010d\u00edsla 240x150 mm<\/strong><\/span><\/p>\n<p><span style=\"color: #000000;\">Dr\u017eiak eviden\u010dn\u00fdch \u010d\u00edsiel Evamatic 270 pon\u00faka bezpe\u010dn\u00e9 a pohodln\u00e9 rie\u0161enie na upevnenie E\u00da motocyklov\u00fdch eviden\u010dn\u00fdch \u010d\u00edsel (240x150 mm). V\u010faka integrovan\u00e9mu oto\u010dn\u00e9mu uz\u00e1veru sa eviden\u010dn\u00e9 \u010d\u00edslo \u013eahko vklad\u00e1 a spo\u013eahlivo fixuje \u2013 ide\u00e1lne pre ka\u017edodenn\u00e9 pou\u017eitie. Potla\u010dite\u013en\u00e1 reklamn\u00e1 li\u0161ta (155 \u00d7 22 mm) pon\u00faka dostatok priestoru pre log\u00e1, n\u00e1pisy alebo reklamn\u00e9 posolstv\u00e1 a rob\u00ed z dr\u017eiaka diskr\u00e9tneho, ale \u00fa\u010dinn\u00e9ho nosite\u013ea reklamy.<\/span><\/p>\n<p><span style=\"color: #000000;\"><strong>Detaily produktu:<\/strong><\/span><\/p>\n<ul>\n<li><span style=\"color: #000000;\">Uz\u00e1ver: oto\u010dn\u00fd uz\u00e1ver<\/span><\/li>\n<li><span style=\"color: #000000;\">Farba: \u010dierna<\/span><\/li>\n<li><span style=\"color: #000000;\">Materi\u00e1l: Polypropyl\u00e9n<\/span><\/li>\n<li><span style=\"color: #000000;\">Druh tla\u010de: netla\u010den\u00e9, 4c digit\u00e1lna tla\u010d s umelohmotn\u00fdm n\u00e1terom<\/span><\/li>\n<\/ul>","protected":false},"excerpt":{"rendered":"<p>Kennzeichenhalter Motorrad EU Type 270 f\u00fcr zweizeilige Kennzeichenhalter 240&#215;150 mm Der Evamatic Kennzeichenhalter 270 bietet eine sichere und komfortable L\u00f6sung zur Befestigung von EU Motorrad Kennzeichen (240x150mm). Dank des integrierten Drehverschlusses l\u00e4sst sich das Kennzeichen einfach einlegen und zuverl\u00e4ssig fixieren \u2013 ideal f\u00fcr den t\u00e4glichen Einsatz. Die bedruckbare Werbeleiste (155 \u00d7 22 mm) bietet ausreichend [&hellip;]<\/p>\n","protected":false},"featured_media":2151,"template":"","meta":{"_acf_changed":false},"product_brand":[],"product_cat":[199,204],"product_tag":[],"class_list":{"0":"post-2999","1":"product","2":"type-product","3":"status-publish","4":"has-post-thumbnail","6":"product_cat-kennzeichenhalter-eu","7":"product_cat-motorrad-240x150-mm","8":"pa_druckvariante-unbedruckt","9":"pa_druckvariante-4c-druck-mit-kunstharzbeschichtung","10":"pa_druckvariante-4c-druck-mit-kunstharzbeschichtung-silber-hochglanz","11":"pa_druckvariante-4c-druck-mit-kunstharzbeschichtung-reflektierend","12":"pa_druckvariante-4c-druck-mit-kunstharzbeschichtung-silber-matt","13":"pa_menge-95","14":"pa_menge-96","15":"pa_menge-116","16":"pa_menge-119","17":"pa_menge-120","19":"first","20":"instock","21":"taxable","22":"shipping-taxable","23":"purchasable","24":"product-type-variable"},"exclude_global_add_ons":false,"addons":[{"name":"Nahra\u0165 tla\u010dov\u00fd s\u00fabor","type":"file_upload","position":0,"required":false,"title_format":"label","default":"","description_enable":false,"description":"Bitte laden Sie hier die Druckdatei (Bild) hoch.","placeholder_enable":false,"placeholder":"","display":"select","restrictions_type":"any_text","adjust_price":false,"price":"","price_type":"flat_fee","restrictions":false,"min":"0","max":"0","options":[],"id":1776081863},{"name":"\u00a0","type":"checkbox","position":1,"required":false,"title_format":"label","default":"","description_enable":true,"description":"Nechajte dizajn na profesion\u00e1lov! Sta\u010d\u00ed n\u00e1m pohodlne posla\u0165 svoje \u017eelania, log\u00e1, texty a preferovan\u00e9 p\u00edsma e-mailom alebo prostredn\u00edctvom na\u0161ej nahr\u00e1vacej funkcie. N\u00e1\u0161 sk\u00fasen\u00fd grafick\u00fd t\u00edm v\u00e1m vytvor\u00ed a\u017e 3 individu\u00e1lne n\u00e1vrhy dizajnu, dokonale prisp\u00f4soben\u00e9 va\u0161im po\u017eiadavk\u00e1m.","placeholder_enable":false,"placeholder":"","display":"select","restrictions_type":"any_text","adjust_price":false,"price":"","price_type":"flat_fee","restrictions":false,"min":"0","max":"0","options":[{"label":"Professionelle Layouterstellung durch unsere Grafikabteilung","price":"35","price_type":"flat_fee","image":0,"visibility":true}],"id":1775653837}],"acf":[],"_links":{"self":[{"href":"https:\/\/www.evamatic.com\/sk\/wp-json\/wp\/v2\/product\/2999","targetHints":{"allow":["GET"]}}],"collection":[{"href":"https:\/\/www.evamatic.com\/sk\/wp-json\/wp\/v2\/product"}],"about":[{"href":"https:\/\/www.evamatic.com\/sk\/wp-json\/wp\/v2\/types\/product"}],"wp:featuredmedia":[{"embeddable":true,"href":"https:\/\/www.evamatic.com\/sk\/wp-json\/wp\/v2\/media\/2151"}],"wp:attachment":[{"href":"https:\/\/www.evamatic.com\/sk\/wp-json\/wp\/v2\/media?parent=2999"}],"wp:term":[{"taxonomy":"product_brand","embeddable":true,"href":"https:\/\/www.evamatic.com\/sk\/wp-json\/wp\/v2\/product_brand?post=2999"},{"taxonomy":"product_cat","embeddable":true,"href":"https:\/\/www.evamatic.com\/sk\/wp-json\/wp\/v2\/product_cat?post=2999"},{"taxonomy":"product_tag","embeddable":true,"href":"https:\/\/www.evamatic.com\/sk\/wp-json\/wp\/v2\/product_tag?post=2999"}],"curies":[{"name":"wp","href":"https:\/\/api.w.org\/{rel}","templated":true}]}}