{"id":2984,"date":"2026-04-09T14:19:01","date_gmt":"2026-04-09T12:19:01","guid":{"rendered":"https:\/\/www.evamatic.at\/product\/kennzeichenhalter-suvs-gelaendewagen-quads-lkw-und-anhaenger-deutschland-type-340-2-zeilig-klapprahmen-2\/"},"modified":"2026-05-05T13:58:22","modified_gmt":"2026-05-05T11:58:22","slug":"drziak-evidencneho-cisla-suv-terenne-vozidla-stvorkolky-nakladne-vozidla-a-privesy-nemecko-typ-340-2-riadkovy-sklopny-ram-2","status":"publish","type":"product","link":"https:\/\/www.evamatic.com\/sk\/product\/kennzeichenhalter-suvs-gelaendewagen-quads-lkw-und-anhaenger-deutschland-type-340-2-zeilig-klapprahmen-2\/","title":{"rendered":"Dr\u017eiak eviden\u010dn\u00e9ho \u010d\u00edsla SUV \/ ter\u00e9nne vozidl\u00e1 \/ \u0161tvorkolky \/ n\u00e1kladn\u00e9 vozidl\u00e1 a pr\u00edvesy Nemecko 340\u00d7200 mm (340 2-riadkov\u00fd) \u2013 Sklopn\u00fd r\u00e1m"},"content":{"rendered":"<p><span style=\"color: #000000;\"><strong>Dr\u017eiak registra\u010dn\u00fdch zna\u010diek 340 \u2013 dvojriadkov\u00fd skladac\u00ed r\u00e1m pre registra\u010dn\u00e9 zna\u010dky rozmeru 340x200 mm pre SUV \/ ter\u00e9nne vozidl\u00e1 \/ \u0161tvorkolky \/ n\u00e1kladn\u00e9 vozidl\u00e1 a pr\u00edvesy<\/strong><\/span><\/p>\n<p><span style=\"color: #000000;\">Dr\u017eiak E.Va.matic 340 od E.Va.matic je robustn\u00fd, dvojriadkov\u00fd dr\u017eiak \u0160PZ s v\u00fdklopn\u00fdm r\u00e1mom vo form\u00e1te 340 \u00d7 200 mm, ide\u00e1lny pre vozidl\u00e1 s dvojriadkov\u00fdmi \u0160PZ, ako s\u00fa \u00fa\u017eitkov\u00e9 vozidl\u00e1, SUV, n\u00e1kladn\u00e9 vozidl\u00e1 alebo pr\u00edvesy. Je vyroben\u00fd z vysoko kvalitn\u00e9ho plastu odoln\u00e9ho vo\u010di poveternostn\u00fdm vplyvom a UV \u017eiareniu, \u010do umo\u017e\u0148uje dlhodob\u00e9 pou\u017e\u00edvanie aj pri meniacich sa poveternostn\u00fdch podmienkach. D\u00f4myseln\u00fd syst\u00e9m v\u00fdklopn\u00e9ho r\u00e1mu s bezpe\u010dn\u00fdm bajonetov\u00fdm alebo oto\u010dn\u00fdm uz\u00e1verom umo\u017e\u0148uje r\u00fdchlu a jednoduch\u00fa v\u00fdmenu \u0160PZ bez nutnosti v\u0155tania alebo skrutkovania do samotn\u00e9ho eviden\u010dn\u00e9ho \u010d\u00edsla. V\u010faka univerz\u00e1lnej dierovej mrie\u017eke sa dr\u017eiak v\u010faka zodpovedaj\u00facim mont\u00e1\u017enym bodom hod\u00ed pre mnoh\u00e9 be\u017en\u00e9 zna\u010dky vozidiel.<\/span><\/p>\n<p>&nbsp;<\/p>\n<p><span style=\"color: #000000;\"><strong>Detaily produktu:<\/strong><\/span><\/p>\n<ul>\n<li><span style=\"color: #000000;\">Dr\u017eiak eviden\u010dn\u00fdch \u010d\u00edsel 340 \u2013 pre nemeck\u00e9 dvojriadkov\u00e9 eviden\u010dn\u00e9 \u010d\u00edsla D 340 V 200 mm<\/span><\/li>\n<li><span style=\"color: #000000;\">Uz\u00e1ver: Sklopn\u00fd r\u00e1m<\/span><\/li>\n<li><span style=\"color: #000000;\">Farba: \u010dierna<\/span><\/li>\n<li><span style=\"color: #000000;\">Materi\u00e1l: Polypropyl\u00e9n<\/span><\/li>\n<li><span style=\"color: #000000;\">Tla\u010dov\u00e9 varianty: bez potla\u010de, sie\u0165otla\u010d, 4c digit\u00e1lna tla\u010d s lakovou vrstvou<\/span><\/li>\n<\/ul>","protected":false},"excerpt":{"rendered":"<p>Kennzeichenhalter 340 &#8211; zweizeiliger Klapprahmen f\u00fcr Kennzeichen im Format 340\u00d7200 mm f\u00fcr SUVs \/ Gel\u00e4ndewagen \/ Quads \/ LKW und Anh\u00e4nger Der Evamatic Kennzeichenhalter 340 von Evamatic ist ein robuster, zweizeiliger Klapprahmen-Kennzeichenhalter im Format 340 \u00d7 200 mm, ideal f\u00fcr Fahrzeuge mit zweizeiligen Kennzeichen wie Nutzfahrzeuge, SUVs, LKWs oder Anh\u00e4nger. Er besteht aus hochwertigem, witterungs- [&hellip;]<\/p>\n","protected":false},"featured_media":4457,"template":"","meta":{"_acf_changed":false},"product_brand":[],"product_cat":[203,199],"product_tag":[],"class_list":{"0":"post-2984","1":"product","2":"type-product","3":"status-publish","4":"has-post-thumbnail","6":"product_cat-pkw-anhaenger-gelaendewagen-340x200-mm","7":"product_cat-kennzeichenhalter-eu","8":"pa_druckvariante-4c-druck-mit-kunstharzbeschichtung-reflektierend","9":"pa_druckvariante-4c-druck-mit-kunstharzbeschichtung-silber-matt","10":"pa_druckvariante-unbedruckt","11":"pa_druckvariante-siebdruck-einfaerbig-weiss","12":"pa_druckvariante-siebdruck-einfaerbig-silber","13":"pa_druckvariante-4c-druck-mit-kunstharzbeschichtung","14":"pa_druckvariante-4c-druck-mit-kunstharzbeschichtung-silber-hochglanz","15":"pa_menge-95","16":"pa_menge-96","17":"pa_menge-116","18":"pa_menge-118","19":"pa_menge-119","20":"pa_menge-120","21":"pa_menge-125","23":"first","24":"instock","25":"taxable","26":"shipping-taxable","27":"purchasable","28":"product-type-variable"},"exclude_global_add_ons":false,"addons":[{"name":"Nahra\u0165 tla\u010dov\u00fd s\u00fabor","type":"file_upload","position":0,"required":false,"title_format":"label","default":"","description_enable":false,"description":"Bitte laden Sie hier die Druckdatei (Bild) hoch.","placeholder_enable":false,"placeholder":"","display":"select","restrictions_type":"any_text","adjust_price":false,"price":"","price_type":"flat_fee","restrictions":false,"min":"0","max":"0","options":[],"id":1776081863},{"name":"\u00a0","type":"checkbox","position":1,"required":false,"title_format":"label","default":"","description_enable":true,"description":"Nechajte dizajn na profesion\u00e1lov! Sta\u010d\u00ed n\u00e1m pohodlne posla\u0165 svoje \u017eelania, log\u00e1, texty a preferovan\u00e9 p\u00edsma e-mailom alebo prostredn\u00edctvom na\u0161ej nahr\u00e1vacej funkcie. N\u00e1\u0161 sk\u00fasen\u00fd grafick\u00fd t\u00edm v\u00e1m vytvor\u00ed a\u017e 3 individu\u00e1lne n\u00e1vrhy dizajnu, dokonale prisp\u00f4soben\u00e9 va\u0161im po\u017eiadavk\u00e1m.","placeholder_enable":false,"placeholder":"","display":"select","restrictions_type":"any_text","adjust_price":false,"price":"","price_type":"flat_fee","restrictions":false,"min":"0","max":"0","options":[{"label":"Professionelle Layouterstellung durch unsere Grafikabteilung","price":"35","price_type":"flat_fee","image":0,"visibility":true}],"id":1775653837}],"acf":[],"_links":{"self":[{"href":"https:\/\/www.evamatic.com\/sk\/wp-json\/wp\/v2\/product\/2984","targetHints":{"allow":["GET"]}}],"collection":[{"href":"https:\/\/www.evamatic.com\/sk\/wp-json\/wp\/v2\/product"}],"about":[{"href":"https:\/\/www.evamatic.com\/sk\/wp-json\/wp\/v2\/types\/product"}],"wp:featuredmedia":[{"embeddable":true,"href":"https:\/\/www.evamatic.com\/sk\/wp-json\/wp\/v2\/media\/4457"}],"wp:attachment":[{"href":"https:\/\/www.evamatic.com\/sk\/wp-json\/wp\/v2\/media?parent=2984"}],"wp:term":[{"taxonomy":"product_brand","embeddable":true,"href":"https:\/\/www.evamatic.com\/sk\/wp-json\/wp\/v2\/product_brand?post=2984"},{"taxonomy":"product_cat","embeddable":true,"href":"https:\/\/www.evamatic.com\/sk\/wp-json\/wp\/v2\/product_cat?post=2984"},{"taxonomy":"product_tag","embeddable":true,"href":"https:\/\/www.evamatic.com\/sk\/wp-json\/wp\/v2\/product_tag?post=2984"}],"curies":[{"name":"wp","href":"https:\/\/api.w.org\/{rel}","templated":true}]}}