{"id":2916,"date":"2026-04-09T14:18:58","date_gmt":"2026-04-09T12:18:58","guid":{"rendered":"https:\/\/www.evamatic.at\/product\/kennzeichenhalter-pkw-eu-deutschland-520b-klapprahmen-2\/"},"modified":"2026-05-05T13:59:25","modified_gmt":"2026-05-05T11:59:25","slug":"drziak-spz-osobne-auto-eu-nemecko-520b-sklopny-ram-2","status":"publish","type":"product","link":"https:\/\/www.evamatic.com\/sk\/product\/kennzeichenhalter-pkw-eu-deutschland-520b-klapprahmen-2\/","title":{"rendered":"Dr\u017eiak eviden\u010dn\u00e9ho \u010d\u00edsla PKW E\u00da\/Nemecko 520\u00d7110 mm (520B) \u2013 Sklopn\u00fd r\u00e1m"},"content":{"rendered":"<p><span style=\"color: #000000;\"><strong>Dr\u017eiak E\u010cV E\u00da\/Nemecko Typ 520 s v\u00fdklopn\u00fdm r\u00e1mom a oto\u010dn\u00fdm z\u00e1mkom vhodn\u00fd pre E\u010cV E\u00da ve\u013ekosti 520\u00d7110 mm<\/strong><\/span><\/p>\n<p><span style=\"color: #000000;\">Dr\u017eiak E\u010cV Evamatic TYPE 520 s v\u00fdklopn\u00fdm r\u00e1mom je E\u010cV E\u00da (520 \u00d7 110 mm) s v\u00fdklopn\u00fdm r\u00e1mom a bajonetov\u00fdm uz\u00e1verom pre jednoduch\u00fa v\u00fdmenu E\u010cV. Nap\u00ednacie pru\u017einy zni\u017euj\u00fa klepanie a \u00fazka kon\u0161trukcia nezasahuje do parkovac\u00edch senzorov \u2013 ide\u00e1lne pre individu\u00e1lnu reklamu a profesion\u00e1lnu prezent\u00e1ciu vozidla.<\/span><\/p>\n<p>&nbsp;<\/p>\n<p><span style=\"color: #000000;\"><strong>Detaily produktu:<\/strong><\/span><\/p>\n<ul>\n<li><span style=\"color: #000000;\">Uz\u00e1ver: Sklopn\u00fd r\u00e1m<\/span><\/li>\n<li><span style=\"color: #000000;\">Farba: \u010dierna<\/span><\/li>\n<li><span style=\"color: #000000;\">Materi\u00e1l: Polypropyl\u00e9n<\/span><\/li>\n<li><span style=\"color: #000000;\">Tla\u010dov\u00e9 varianty: netla\u010den\u00e9, sie\u0165otla\u010d, 4c digit\u00e1lna tla\u010d hodv\u00e1bny matn\u00fd, 4c digit\u00e1lna tla\u010d s povrchovou \u00fapravou z umelej \u017eivice<\/span><\/li>\n<\/ul>","protected":false},"excerpt":{"rendered":"<p>test<\/p>","protected":false},"featured_media":4458,"template":"","meta":{"_acf_changed":false},"product_brand":[],"product_cat":[199,202],"product_tag":[],"class_list":{"0":"post-2916","1":"product","2":"type-product","3":"status-publish","4":"has-post-thumbnail","6":"product_cat-kennzeichenhalter-eu","7":"product_cat-pkw-lkw-520x110","8":"pa_druckvariante-unbedruckt","9":"pa_druckvariante-siebdruck-einfaerbig-weiss","10":"pa_druckvariante-siebdruck-einfaerbig-silber","11":"pa_druckvariante-4c-druck-seidenmatt","12":"pa_druckvariante-4c-druck-mit-kunstharzbeschichtung","13":"pa_druckvariante-4c-druck-mit-kunstharzbeschichtung-silber-hochglanz","14":"pa_druckvariante-4c-druck-mit-kunstharzbeschichtung-reflektierend","15":"pa_druckvariante-4c-druck-mit-kunstharzbeschichtung-silber-matt","16":"pa_menge-95","17":"pa_menge-96","18":"pa_menge-108","19":"pa_menge-109","20":"pa_menge-110","21":"pa_menge-111","22":"pa_menge-112","23":"pa_menge-119","24":"pa_menge-93","25":"pa_menge-94","27":"first","28":"instock","29":"taxable","30":"shipping-taxable","31":"purchasable","32":"product-type-variable"},"exclude_global_add_ons":false,"addons":[{"name":"Nahra\u0165 tla\u010dov\u00fd s\u00fabor","type":"file_upload","position":0,"required":false,"title_format":"label","default":"","description_enable":false,"description":"Bitte laden Sie hier die Druckdatei (Bild) hoch.","placeholder_enable":false,"placeholder":"","display":"select","restrictions_type":"any_text","adjust_price":false,"price":"","price_type":"flat_fee","restrictions":false,"min":"0","max":"0","options":[],"id":1776081863},{"name":"\u00a0","type":"checkbox","position":1,"required":false,"title_format":"label","default":"","description_enable":true,"description":"Nechajte dizajn na profesion\u00e1lov! Sta\u010d\u00ed n\u00e1m pohodlne posla\u0165 svoje \u017eelania, log\u00e1, texty a preferovan\u00e9 p\u00edsma e-mailom alebo prostredn\u00edctvom na\u0161ej nahr\u00e1vacej funkcie. N\u00e1\u0161 sk\u00fasen\u00fd grafick\u00fd t\u00edm v\u00e1m vytvor\u00ed a\u017e 3 individu\u00e1lne n\u00e1vrhy dizajnu, dokonale prisp\u00f4soben\u00e9 va\u0161im po\u017eiadavk\u00e1m.","placeholder_enable":false,"placeholder":"","display":"select","restrictions_type":"any_text","adjust_price":false,"price":"","price_type":"flat_fee","restrictions":false,"min":"0","max":"0","options":[{"label":"Professionelle Layouterstellung durch unsere Grafikabteilung","price":"35","price_type":"flat_fee","image":0,"visibility":true}],"id":1775653837}],"acf":[],"_links":{"self":[{"href":"https:\/\/www.evamatic.com\/sk\/wp-json\/wp\/v2\/product\/2916","targetHints":{"allow":["GET"]}}],"collection":[{"href":"https:\/\/www.evamatic.com\/sk\/wp-json\/wp\/v2\/product"}],"about":[{"href":"https:\/\/www.evamatic.com\/sk\/wp-json\/wp\/v2\/types\/product"}],"wp:featuredmedia":[{"embeddable":true,"href":"https:\/\/www.evamatic.com\/sk\/wp-json\/wp\/v2\/media\/4458"}],"wp:attachment":[{"href":"https:\/\/www.evamatic.com\/sk\/wp-json\/wp\/v2\/media?parent=2916"}],"wp:term":[{"taxonomy":"product_brand","embeddable":true,"href":"https:\/\/www.evamatic.com\/sk\/wp-json\/wp\/v2\/product_brand?post=2916"},{"taxonomy":"product_cat","embeddable":true,"href":"https:\/\/www.evamatic.com\/sk\/wp-json\/wp\/v2\/product_cat?post=2916"},{"taxonomy":"product_tag","embeddable":true,"href":"https:\/\/www.evamatic.com\/sk\/wp-json\/wp\/v2\/product_tag?post=2916"}],"curies":[{"name":"wp","href":"https:\/\/api.w.org\/{rel}","templated":true}]}}