{"id":2859,"date":"2026-04-09T14:18:55","date_gmt":"2026-04-09T12:18:55","guid":{"rendered":"https:\/\/www.evamatic.at\/product\/kennzeichenhalter-pkw-eu-deutschland-526eu-schiebeverschluss-2\/"},"modified":"2026-05-05T14:00:04","modified_gmt":"2026-05-05T12:00:04","slug":"drziak-spz-auto-eu-nemecko-526eu-posuvny-zamok-2","status":"publish","type":"product","link":"https:\/\/www.evamatic.com\/sk\/product\/kennzeichenhalter-pkw-eu-deutschland-526eu-schiebeverschluss-2\/","title":{"rendered":"Dr\u017eiak \u0160PZ auto E\u00da\/Nemecko 520\u00d7110 mm (526EU) \u2013 posuvn\u00e9 zatv\u00e1ranie"},"content":{"rendered":"<p><span style=\"color: #000000;\"><strong>Dr\u017eiak E\u010cV auto E\u00da\/Nemecko 526EU s posuvn\u00fdm uz\u00e1verom pasuje na E\u010cV ve\u013ekosti E\u00da 520 \u00d7 110 mm.<\/strong><\/span><\/p>\n<p><span style=\"color: #000000;\">Dr\u017eiaky \u0160PZ Evamatic 526EU so syst\u00e9mom posuvn\u00e9ho uz\u00e1veru pon\u00fakaj\u00fa bezpe\u010dn\u00e9, r\u00fdchle a pohodln\u00e9 rie\u0161enie na mont\u00e1\u017e E\u00da \u0160PZ (520 \u00d7 110 mm). V\u010faka inovat\u00edvnemu posuvn\u00e9mu uz\u00e1veru sa \u0160PZ \u013eahko vkladaj\u00fa. Dr\u017eiak \u0160PZ je vyroben\u00fd z pru\u017en\u00e9ho, \u200b\u200btakmer nerozbitn\u00e9ho materi\u00e1lu (polypropyl\u00e9n) a prisp\u00f4sobuje sa obrysu vozidla bez toho, aby sp\u00f4soboval klopkanie. S\u00fa vhodn\u00e9 pre osobn\u00e9 aj n\u00e1kladn\u00e9 automobily a v\u010faka decentn\u00e9mu dizajnu zapadaj\u00fa do vzh\u013eadu vozidla. Dr\u017eiak \u0160PZ 526EU je <strong>Schv\u00e1len\u00e9 pod\u013ea hodnotov\u00fdch sk\u00fa\u0161ok T\u00dcV, sp\u013a\u0148a v\u0161etky platn\u00e9 normy E\u00da a zodpoved\u00e1 s\u00fa\u010dasn\u00fdm z\u00e1konn\u00fdm predpisom.<\/strong> zaoblen\u00fdmi vonkaj\u0161\u00edmi hranami s <strong>Minim\u00e1lny polomer 2,5 mm<\/strong> zabezpe\u010di\u0165 maxim\u00e1lnu bezpe\u010dnos\u0165 a plne homologizova\u0165 dr\u017eiak eviden\u010dn\u00e9ho \u010d\u00edsla pre cestn\u00fa prem\u00e1vku. V\u010faka individu\u00e1lnym variantom tla\u010de s logom alebo reklamnou spr\u00e1vou sa dr\u017eiak eviden\u010dn\u00e9ho \u010d\u00edsla st\u00e1va trval\u00fdm a p\u00fatav\u00fdm nosi\u010dom reklamy \u2013 ide\u00e1lny pre predajcov \u00e1ut, dielne, flotily vozidiel, pois\u0165ovne alebo kluby.<\/span><\/p>\n<p>&nbsp;<\/p>\n<p><span style=\"color: #000000;\"><strong>Detaily produktu:<\/strong><\/span><\/p>\n<ul>\n<li><span style=\"color: #000000;\">Zap\u00ednanie: posuvn\u00e9 zap\u00ednanie<\/span><\/li>\n<li><span style=\"color: #000000;\">Farba: \u010dierna<\/span><\/li>\n<li><span style=\"color: #000000;\">Materi\u00e1l: Polypropyl\u00e9n<\/span><\/li>\n<li><span style=\"color: #000000;\">Tla\u010dov\u00e9 varianty: netla\u010den\u00e9, sie\u0165otla\u010d, 4c digit\u00e1lna tla\u010d hodv\u00e1bny matn\u00fd, 4c digit\u00e1lna tla\u010d s povrchovou \u00fapravou z umelej \u017eivice<\/span>\n<ul>\n<li><strong><span style=\"color: #000000;\">Pri v\u0161etk\u00fdch 4c digit\u00e1lnych potla\u010diach je potla\u010d umiestnen\u00e1 v priehlbine dr\u017eiaka eviden\u010dn\u00e9ho \u010d\u00edsla, a preto je spo\u013eahlivo chr\u00e1nen\u00e1 pred po\u0161kriaban\u00edm, vplyvmi po\u010dasia a mechanick\u00fdm nam\u00e1han\u00edm \u2013 pre trvalo kvalitn\u00fa prezent\u00e1ciu zna\u010dky.<\/span><\/strong><\/li>\n<\/ul>\n<\/li>\n<\/ul>","protected":false},"excerpt":{"rendered":"<p>Kennzeichenhalter PKW EU\/Deutschland 526EU mit Schiebeverschluss passen f\u00fcr EU-Kennzeichengr\u00f6\u00dfe 520&#215;110 mm. Der Evamatic Kennzeichenhalter 526EU mit Schiebeverschluss System bieten eine sichere, schnelle und komfortable L\u00f6sung zur Montage von EU Kennzeichen (520 \u00d7 110 mm). Dank innovativem Schiebeverschluss lassen sich Kennzeichen m\u00fchelos einlegen. Der Kennzeichenhalter ist aus flexiblem, nahezu bruchfestem Material (Polypropylen) gefertigt und passt sich [&hellip;]<\/p>\n","protected":false},"featured_media":4642,"template":"","meta":{"_acf_changed":false},"product_brand":[],"product_cat":[199,202],"product_tag":[],"class_list":{"0":"post-2859","1":"product","2":"type-product","3":"status-publish","4":"has-post-thumbnail","6":"product_cat-kennzeichenhalter-eu","7":"product_cat-pkw-lkw-520x110","8":"pa_druckvariante-unbedruckt","9":"pa_druckvariante-siebdruck-einfaerbig-weiss","10":"pa_druckvariante-siebdruck-einfaerbig-silber","11":"pa_druckvariante-4c-druck-seidenmatt","12":"pa_druckvariante-4c-druck-mit-kunstharzbeschichtung","13":"pa_druckvariante-4c-druck-mit-kunstharzbeschichtung-silber-hochglanz","14":"pa_druckvariante-4c-druck-mit-kunstharzbeschichtung-reflektierend","15":"pa_druckvariante-4c-druck-mit-kunstharzbeschichtung-silber-matt","16":"pa_menge-93","17":"pa_menge-94","18":"pa_menge-95","19":"pa_menge-96","20":"pa_menge-97","21":"pa_menge-98","22":"pa_menge-99","23":"pa_menge-100","24":"pa_menge-101","25":"pa_menge-126","27":"first","28":"instock","29":"taxable","30":"shipping-taxable","31":"purchasable","32":"product-type-variable"},"exclude_global_add_ons":false,"addons":[{"name":"Nahra\u0165 tla\u010dov\u00fd s\u00fabor","type":"file_upload","position":0,"required":false,"title_format":"label","default":"","description_enable":false,"description":"Bitte laden Sie hier die Druckdatei (Bild) hoch.","placeholder_enable":false,"placeholder":"","display":"select","restrictions_type":"any_text","adjust_price":false,"price":"","price_type":"flat_fee","restrictions":false,"min":"0","max":"0","options":[],"id":1776081863},{"name":"\u00a0","type":"checkbox","position":1,"required":false,"title_format":"label","default":"","description_enable":true,"description":"Nechajte dizajn na profesion\u00e1lov! Sta\u010d\u00ed n\u00e1m pohodlne posla\u0165 svoje \u017eelania, log\u00e1, texty a preferovan\u00e9 p\u00edsma e-mailom alebo prostredn\u00edctvom na\u0161ej nahr\u00e1vacej funkcie. N\u00e1\u0161 sk\u00fasen\u00fd grafick\u00fd t\u00edm v\u00e1m vytvor\u00ed a\u017e 3 individu\u00e1lne n\u00e1vrhy dizajnu, dokonale prisp\u00f4soben\u00e9 va\u0161im po\u017eiadavk\u00e1m.","placeholder_enable":false,"placeholder":"","display":"select","restrictions_type":"any_text","adjust_price":false,"price":"","price_type":"flat_fee","restrictions":false,"min":"0","max":"0","options":[{"label":"Professionelle Layouterstellung durch unsere Grafikabteilung","price":"35","price_type":"flat_fee","image":0,"visibility":true}],"id":1775653837}],"acf":[],"_links":{"self":[{"href":"https:\/\/www.evamatic.com\/sk\/wp-json\/wp\/v2\/product\/2859","targetHints":{"allow":["GET"]}}],"collection":[{"href":"https:\/\/www.evamatic.com\/sk\/wp-json\/wp\/v2\/product"}],"about":[{"href":"https:\/\/www.evamatic.com\/sk\/wp-json\/wp\/v2\/types\/product"}],"wp:featuredmedia":[{"embeddable":true,"href":"https:\/\/www.evamatic.com\/sk\/wp-json\/wp\/v2\/media\/4642"}],"wp:attachment":[{"href":"https:\/\/www.evamatic.com\/sk\/wp-json\/wp\/v2\/media?parent=2859"}],"wp:term":[{"taxonomy":"product_brand","embeddable":true,"href":"https:\/\/www.evamatic.com\/sk\/wp-json\/wp\/v2\/product_brand?post=2859"},{"taxonomy":"product_cat","embeddable":true,"href":"https:\/\/www.evamatic.com\/sk\/wp-json\/wp\/v2\/product_cat?post=2859"},{"taxonomy":"product_tag","embeddable":true,"href":"https:\/\/www.evamatic.com\/sk\/wp-json\/wp\/v2\/product_tag?post=2859"}],"curies":[{"name":"wp","href":"https:\/\/api.w.org\/{rel}","templated":true}]}}