{"id":2844,"date":"2026-04-09T14:18:54","date_gmt":"2026-04-09T12:18:54","guid":{"rendered":"https:\/\/www.evamatic.at\/product\/kennzeichenhalter-moped-oesterreich-drehverschluss-2\/"},"modified":"2026-04-30T14:24:14","modified_gmt":"2026-04-30T12:24:14","slug":"drziak-spz-moped-rakusko-otocny-uzaver-2","status":"publish","type":"product","link":"https:\/\/www.evamatic.com\/sk\/product\/kennzeichenhalter-moped-oesterreich-drehverschluss-2\/","title":{"rendered":"Dr\u017eiak eviden\u010dn\u00e9ho \u010d\u00edsla na moped Rak\u00fasko \u2013 oto\u010dn\u00fd z\u00e1mok"},"content":{"rendered":"<p><span style=\"color: #000000;\"><strong>Dr\u017eiak eviden\u010dn\u00e9ho \u010d\u00edsla moped Rak\u00fasko typ 3110 vhodn\u00fd pre rak\u00faske eviden\u010dn\u00e9 \u010d\u00edsla mopedu 115\u00d7150 mm.<\/strong><\/span><\/p>\n<p><span style=\"color: #000000;\">Dr\u017eiak eviden\u010dn\u00e9ho \u010d\u00edsla na moped Evamatic Art.-Nr. 3110 je \u0161peci\u00e1lne navrhnut\u00fd pre rak\u00faske eviden\u010dn\u00e9 \u010d\u00edsla na mopedy a pon\u00faka bezpe\u010dn\u00e9, stabiln\u00e9 a z\u00e1rove\u0148 jednoduch\u00e9 rie\u0161enie upevnenia. Integrovan\u00fd oto\u010dn\u00fd uz\u00e1ver umo\u017e\u0148uje r\u00fdchle vlo\u017eenie a zaistenie eviden\u010dn\u00e9ho \u010d\u00edsla. Dr\u017eiak zais\u0165uje pevn\u00e9 uchytenie aj pri vibr\u00e1ci\u00e1ch pri ka\u017edodennej jazde. Potla\u010dite\u013en\u00e1 reklamn\u00e1 li\u0161ta (115 \u00d7 33 mm) poskytuje dostatok priestoru na log\u00e1, n\u00e1pisy alebo reklamn\u00e9 posolstv\u00e1 a rob\u00ed z dr\u017eiaka n\u00e1padn\u00fd, ale decentn\u00fd reklamn\u00fd nosi\u010d.<\/span><\/p>\n<p><span style=\"color: #000000;\">Ide\u00e1lny pre predajcov motocyklov a dielne, tento dr\u017eiak registra\u010dnej zna\u010dky sp\u00e1ja funk\u010dnos\u0165 s reklamn\u00fdm \u00fa\u010dinkom.<\/span><\/p>\n<p>&nbsp;<\/p>\n<p><span style=\"color: #000000;\"><strong>Detaily produktu:<\/strong><\/span><\/p>\n<ul>\n<li><span style=\"color: #000000;\">Dr\u017eiak eviden\u010dnej zna\u010dky 3110 \u2013 pre rak\u00faske moped\/moped zna\u010dky L 115 V 150 mm<\/span><\/li>\n<li><span style=\"color: #000000;\">Uz\u00e1ver: oto\u010dn\u00fd uz\u00e1ver<\/span><\/li>\n<li><span style=\"color: #000000;\">Farba: \u010dierna<\/span><\/li>\n<li><span style=\"color: #000000;\">Materi\u00e1l: Polypropyl\u00e9n<\/span><\/li>\n<li><span style=\"color: #000000;\">Tla\u010dov\u00e9 varianty: bez potla\u010de, sie\u0165otla\u010d, 4c digit\u00e1lna tla\u010d s lakovou vrstvou<\/span><\/li>\n<\/ul>","protected":false},"excerpt":{"rendered":"<p>Kennzeichenhalter Moped \u00d6sterreich Type 3110 passend f\u00fcr \u00f6sterreichische Moped Kennzeichen 115&#215;150 mm. Der Evamatic Moped Kennzeichenhalter Art.-Nr. 3110 ist speziell f\u00fcr \u00f6sterreichische Mopedkennzeichen konzipiert und bietet eine sichere, stabile und zugleich einfache Befestigungsl\u00f6sung. Der integrierte Drehverschluss erm\u00f6glicht ein schnelles Einlegen und Fixieren des Kennzeichens. Der Kennzeichenhalter sorgt f\u00fcr festen Halt auch bei Vibrationen im t\u00e4glichen [&hellip;]<\/p>\n","protected":false},"featured_media":2155,"template":"","meta":{"_acf_changed":false},"product_brand":[],"product_cat":[200,208],"product_tag":[],"class_list":{"0":"post-2844","1":"product","2":"type-product","3":"status-publish","4":"has-post-thumbnail","6":"product_cat-kennzeichenhalter-oesterreich-slowenien","7":"product_cat-moped-mofa-115x150-mm","8":"pa_druckvariante-unbedruckt","9":"pa_druckvariante-siebdruck-einfaerbig-weiss","10":"pa_druckvariante-siebdruck-einfaerbig-silber","11":"pa_druckvariante-4c-druck-mit-kunstharzbeschichtung","12":"pa_druckvariante-4c-druck-mit-kunstharzbeschichtung-silber-hochglanz","13":"pa_druckvariante-4c-druck-mit-kunstharzbeschichtung-reflektierend","14":"pa_druckvariante-4c-druck-mit-kunstharzbeschichtung-silber-matt","15":"pa_menge-96","16":"pa_menge-116","17":"pa_menge-118","18":"pa_menge-120","19":"pa_menge-95","21":"first","22":"instock","23":"taxable","24":"shipping-taxable","25":"purchasable","26":"product-type-variable"},"exclude_global_add_ons":false,"addons":[{"name":"Nahra\u0165 tla\u010dov\u00fd s\u00fabor","type":"file_upload","position":0,"required":false,"title_format":"label","default":"","description_enable":false,"description":"Bitte laden Sie hier die Druckdatei (Bild) hoch.","placeholder_enable":false,"placeholder":"","display":"select","restrictions_type":"any_text","adjust_price":false,"price":"","price_type":"flat_fee","restrictions":false,"min":"0","max":"0","options":[],"id":1776081863},{"name":"\u00a0","type":"checkbox","position":1,"required":false,"title_format":"label","default":"","description_enable":true,"description":"Nechajte dizajn na profesion\u00e1lov! Sta\u010d\u00ed n\u00e1m pohodlne posla\u0165 svoje \u017eelania, log\u00e1, texty a preferovan\u00e9 p\u00edsma e-mailom alebo prostredn\u00edctvom na\u0161ej nahr\u00e1vacej funkcie. N\u00e1\u0161 sk\u00fasen\u00fd grafick\u00fd t\u00edm v\u00e1m vytvor\u00ed a\u017e 3 individu\u00e1lne n\u00e1vrhy dizajnu, dokonale prisp\u00f4soben\u00e9 va\u0161im po\u017eiadavk\u00e1m.","placeholder_enable":false,"placeholder":"","display":"select","restrictions_type":"any_text","adjust_price":false,"price":"","price_type":"flat_fee","restrictions":false,"min":"0","max":"0","options":[{"label":"Professionelle Layouterstellung durch unsere Grafikabteilung","price":"35","price_type":"flat_fee","image":0,"visibility":true}],"id":1775653837}],"acf":[],"_links":{"self":[{"href":"https:\/\/www.evamatic.com\/sk\/wp-json\/wp\/v2\/product\/2844","targetHints":{"allow":["GET"]}}],"collection":[{"href":"https:\/\/www.evamatic.com\/sk\/wp-json\/wp\/v2\/product"}],"about":[{"href":"https:\/\/www.evamatic.com\/sk\/wp-json\/wp\/v2\/types\/product"}],"wp:featuredmedia":[{"embeddable":true,"href":"https:\/\/www.evamatic.com\/sk\/wp-json\/wp\/v2\/media\/2155"}],"wp:attachment":[{"href":"https:\/\/www.evamatic.com\/sk\/wp-json\/wp\/v2\/media?parent=2844"}],"wp:term":[{"taxonomy":"product_brand","embeddable":true,"href":"https:\/\/www.evamatic.com\/sk\/wp-json\/wp\/v2\/product_brand?post=2844"},{"taxonomy":"product_cat","embeddable":true,"href":"https:\/\/www.evamatic.com\/sk\/wp-json\/wp\/v2\/product_cat?post=2844"},{"taxonomy":"product_tag","embeddable":true,"href":"https:\/\/www.evamatic.com\/sk\/wp-json\/wp\/v2\/product_tag?post=2844"}],"curies":[{"name":"wp","href":"https:\/\/api.w.org\/{rel}","templated":true}]}}