{"id":2833,"date":"2026-04-09T14:18:54","date_gmt":"2026-04-09T12:18:54","guid":{"rendered":"https:\/\/www.evamatic.at\/product\/kennzeichenhalter-motorrad-oesterreich-extra-schmal-schiebeverschluss-2\/"},"modified":"2026-04-30T14:24:03","modified_gmt":"2026-04-30T12:24:03","slug":"drziak-spz-motocykel-rakusko-extra-uzky-posuvny-zamok-2","status":"publish","type":"product","link":"https:\/\/www.evamatic.com\/sk\/product\/kennzeichenhalter-motorrad-oesterreich-extra-schmal-schiebeverschluss-2\/","title":{"rendered":"Dr\u017eiak \u0160PZ motocykel Rak\u00fasko extra \u00fazky \u2013 posuvn\u00fd uz\u00e1ver"},"content":{"rendered":"<p><strong>Dr\u017eiak \u0160PZ Motocykel Rak\u00fasko Typ 210HS \u2013 extra \u00fazky vhodn\u00fd pre rak\u00faske motocyklov\u00e9 \u0160PZ 210\u00d7170 mm.<\/strong><\/p>\n<p>Dr\u017eiak \u0160PZ Evamatic typ 210HS je \u0161peci\u00e1lne navrhnut\u00fd pre rak\u00faske \u0160PZ na motocykle a presved\u010d\u00ed svoj\u00edm extra \u00fazkym dizajnom. S vonkaj\u0161\u00edmi rozmermi iba 213 \u00d7 190 mm je tento model ide\u00e1lny pre \u0161portov\u00e9 motocykle a vozidl\u00e1, kde sa vy\u017eaduje jemn\u00fd, nen\u00e1padn\u00fd vzh\u013ead. Integrovan\u00fd posuvn\u00fd uz\u00e1ver umo\u017e\u0148uje r\u00fdchle a nekomplikovan\u00e9 vlo\u017eenie \u0160PZ pri s\u00fa\u010dasnom bezpe\u010dnom uchyten\u00ed.<\/p>\n<p>Napriek kompaktn\u00fdm rozmerom m\u00e1 dr\u017eiak potla\u010dite\u013en\u00fa reklamn\u00fa li\u0161tu (210 \u00d7 15 mm), ktor\u00e1 je ide\u00e1lna pre decentn\u00e9 log\u00e1 alebo n\u00e1pisy \u2013 perfektn\u00e1 pre nen\u00e1padn\u00e9, ale \u00fa\u010dinn\u00e9 ozna\u010denie zna\u010dky.<\/p>\n<p>&nbsp;<\/p>\n<p><strong>Detaily produktu:<\/strong><\/p>\n<ul>\n<li>Zap\u00ednanie: posuvn\u00fd z\u00e1mok<\/li>\n<li>Farba: \u010dierna<\/li>\n<li>Materi\u00e1l: Polypropyl\u00e9n<\/li>\n<li>Druh tla\u010de: netla\u010den\u00e9, 4c digit\u00e1lna tla\u010d s umelohmotn\u00fdm n\u00e1terom<\/li>\n<\/ul>","protected":false},"excerpt":{"rendered":"<p>Kennzeichenhalter Motorrad \u00d6sterreich Type 210HS &#8211; extra schmal passend f\u00fcr Motorradkennzeichen \u00d6sterreich 210&#215;170 mm. Der Evamatic Kennzeichenhalter Type 210HS ist speziell f\u00fcr \u00f6sterreichische Motorradkennzeichen entwickelt und \u00fcberzeugt durch seine extra schmale Bauweise. Mit einem Au\u00dfenma\u00df von nur 213 \u00d7 190 mm eignet sich dieses Modell ideal f\u00fcr sportliche Motorr\u00e4der und Fahrzeuge, bei denen eine dezente, [&hellip;]<\/p>\n","protected":false},"featured_media":943,"template":"","meta":{"_acf_changed":false},"product_brand":[],"product_cat":[200,207],"product_tag":[],"class_list":{"0":"post-2833","1":"product","2":"type-product","3":"status-publish","4":"has-post-thumbnail","6":"product_cat-kennzeichenhalter-oesterreich-slowenien","7":"product_cat-motorrad-210x170-mm","8":"pa_druckvariante-4c-druck-mit-kunstharzbeschichtung","9":"pa_druckvariante-4c-druck-mit-kunstharzbeschichtung-silber-hochglanz","10":"pa_druckvariante-4c-druck-mit-kunstharzbeschichtung-reflektierend","11":"pa_druckvariante-4c-druck-mit-kunstharzbeschichtung-silber-matt","12":"pa_druckvariante-unbedruckt","13":"pa_menge-95","14":"pa_menge-96","15":"pa_menge-114","16":"pa_menge-116","17":"pa_menge-118","18":"pa_menge-130","20":"first","21":"instock","22":"taxable","23":"shipping-taxable","24":"purchasable","25":"product-type-variable"},"exclude_global_add_ons":false,"addons":[{"name":"Nahra\u0165 tla\u010dov\u00fd s\u00fabor","type":"file_upload","position":0,"required":false,"title_format":"label","default":"","description_enable":false,"description":"Bitte laden Sie hier die Druckdatei (Bild) hoch.","placeholder_enable":false,"placeholder":"","display":"select","restrictions_type":"any_text","adjust_price":false,"price":"","price_type":"flat_fee","restrictions":false,"min":"0","max":"0","options":[],"id":1776081863},{"name":"\u00a0","type":"checkbox","position":1,"required":false,"title_format":"label","default":"","description_enable":true,"description":"Nechajte dizajn na profesion\u00e1lov! Sta\u010d\u00ed n\u00e1m pohodlne posla\u0165 svoje \u017eelania, log\u00e1, texty a preferovan\u00e9 p\u00edsma e-mailom alebo prostredn\u00edctvom na\u0161ej nahr\u00e1vacej funkcie. N\u00e1\u0161 sk\u00fasen\u00fd grafick\u00fd t\u00edm v\u00e1m vytvor\u00ed a\u017e 3 individu\u00e1lne n\u00e1vrhy dizajnu, dokonale prisp\u00f4soben\u00e9 va\u0161im po\u017eiadavk\u00e1m.","placeholder_enable":false,"placeholder":"","display":"select","restrictions_type":"any_text","adjust_price":false,"price":"","price_type":"flat_fee","restrictions":false,"min":"0","max":"0","options":[{"label":"Professionelle Layouterstellung durch unsere Grafikabteilung","price":"35","price_type":"flat_fee","image":0,"visibility":true}],"id":1775653837}],"acf":[],"_links":{"self":[{"href":"https:\/\/www.evamatic.com\/sk\/wp-json\/wp\/v2\/product\/2833","targetHints":{"allow":["GET"]}}],"collection":[{"href":"https:\/\/www.evamatic.com\/sk\/wp-json\/wp\/v2\/product"}],"about":[{"href":"https:\/\/www.evamatic.com\/sk\/wp-json\/wp\/v2\/types\/product"}],"wp:featuredmedia":[{"embeddable":true,"href":"https:\/\/www.evamatic.com\/sk\/wp-json\/wp\/v2\/media\/943"}],"wp:attachment":[{"href":"https:\/\/www.evamatic.com\/sk\/wp-json\/wp\/v2\/media?parent=2833"}],"wp:term":[{"taxonomy":"product_brand","embeddable":true,"href":"https:\/\/www.evamatic.com\/sk\/wp-json\/wp\/v2\/product_brand?post=2833"},{"taxonomy":"product_cat","embeddable":true,"href":"https:\/\/www.evamatic.com\/sk\/wp-json\/wp\/v2\/product_cat?post=2833"},{"taxonomy":"product_tag","embeddable":true,"href":"https:\/\/www.evamatic.com\/sk\/wp-json\/wp\/v2\/product_tag?post=2833"}],"curies":[{"name":"wp","href":"https:\/\/api.w.org\/{rel}","templated":true}]}}