{"id":2818,"date":"2026-04-09T14:18:54","date_gmt":"2026-04-09T12:18:54","guid":{"rendered":"https:\/\/www.evamatic.at\/product\/kennzeichenhalter-motorrad-oesterreich-drehverschluss-2\/"},"modified":"2026-04-30T14:23:44","modified_gmt":"2026-04-30T12:23:44","slug":"drziak-spz-na-motorku-rakusko-otocny-uzaver-2","status":"publish","type":"product","link":"https:\/\/www.evamatic.com\/sk\/product\/kennzeichenhalter-motorrad-oesterreich-drehverschluss-2\/","title":{"rendered":"Dr\u017eiak eviden\u010dn\u00e9ho \u010d\u00edsla motocykel Rak\u00fasko \u2013 oto\u010dn\u00fd uz\u00e1ver"},"content":{"rendered":"<p><span style=\"color: #000000;\"><strong>Dr\u017eiak \u0160PZ na motorku Rak\u00fasko typ 210 vhodn\u00fd pre rak\u00fasku motocyklov\u00fa \u0160PZ 210\u00d7170 mm.<\/strong><\/span><\/p>\n<p><span style=\"color: #000000;\">Dr\u017eiak E\u010cV Evamatic Typ 210 je \u0161peci\u00e1lne navrhnut\u00fd pre rak\u00faske motocyklov\u00e9 eviden\u010dn\u00e9 \u010d\u00edsla a pon\u00faka bezpe\u010dn\u00e9, stabiln\u00e9 a z\u00e1rove\u0148 flexibiln\u00e9 upevnenie. Integrovan\u00fd oto\u010dn\u00fd z\u00e1mok umo\u017e\u0148uje jednoduch\u00e9 vlo\u017eenie a zaistenie eviden\u010dn\u00e9ho \u010d\u00edsla. Potla\u010dite\u013en\u00e1 reklamn\u00e1 li\u0161ta (210 \u00d7 28 mm) poskytuje dostatok priestoru pre log\u00e1, slogany alebo reklamn\u00e9 posolstv\u00e1 a rob\u00ed z dr\u017eiaka atrakt\u00edvny reklamn\u00fd nosi\u010d.<\/span><\/p>\n<p><span style=\"color: #000000;\">Dr\u017eiak E\u010cV je ide\u00e1lny pre autosal\u00f3ny, dielne, motocyklov\u00e9 predajne, kluby alebo propaga\u010dn\u00e9 akcie.<\/span><\/p>\n<p><span style=\"color: #000000;\"><strong>Detaily produktu:<\/strong><\/span><\/p>\n<ul>\n<li><span style=\"color: #000000;\">Dr\u017eiak \u0160PZ 210 \u2013 pre rak\u00faske motocyklov\u00e9 \u0160PZ L 210 V 170 mm<\/span><\/li>\n<li><span style=\"color: #000000;\">Uz\u00e1ver: oto\u010dn\u00fd uz\u00e1ver<\/span><\/li>\n<li><span style=\"color: #000000;\">Farba: \u010dierna<\/span><\/li>\n<li><span style=\"color: #000000;\">Materi\u00e1l: Polypropyl\u00e9n<\/span><\/li>\n<li><span style=\"color: #000000;\">Tla\u010dov\u00e9 varianty: bez potla\u010de, sie\u0165otla\u010d, 4c digit\u00e1lna tla\u010d s lakovou vrstvou<\/span><\/li>\n<\/ul>","protected":false},"excerpt":{"rendered":"<p>Kennzeichenhalter Motorrad \u00d6sterreich Type 210 passend f\u00fcr Motorradkennzeichen \u00d6sterreich 210&#215;170 mm. Der Evamatic Kennzeichenhalter Type 210 ist speziell f\u00fcr \u00f6sterreichische Motorradkennzeichen konzipiert und bietet eine sichere, stabile und zugleich flexible Befestigungsl\u00f6sung. Der integrierte Drehverschluss erm\u00f6glicht ein einfaches Einlegen und Fixieren des Kennzeichens. Die bedruckbare Werbeleiste (210 \u00d7 28 mm) bietet ausreichend Platz f\u00fcr Logos, Slogans [&hellip;]<\/p>\n","protected":false},"featured_media":913,"template":"","meta":{"_acf_changed":false},"product_brand":[],"product_cat":[200,207],"product_tag":[],"class_list":{"0":"post-2818","1":"product","2":"type-product","3":"status-publish","4":"has-post-thumbnail","6":"product_cat-kennzeichenhalter-oesterreich-slowenien","7":"product_cat-motorrad-210x170-mm","8":"pa_druckvariante-unbedruckt","9":"pa_druckvariante-siebdruck-einfaerbig-weiss","10":"pa_druckvariante-siebdruck-einfaerbig-silber","11":"pa_druckvariante-4c-druck-mit-kunstharzbeschichtung","12":"pa_druckvariante-4c-druck-mit-kunstharzbeschichtung-silber-hochglanz","13":"pa_druckvariante-4c-druck-mit-kunstharzbeschichtung-reflektierend","14":"pa_druckvariante-4c-druck-mit-kunstharzbeschichtung-silber-matt","15":"pa_menge-96","16":"pa_menge-116","17":"pa_menge-118","18":"pa_menge-120","19":"pa_menge-95","21":"first","22":"instock","23":"taxable","24":"shipping-taxable","25":"purchasable","26":"product-type-variable"},"exclude_global_add_ons":false,"addons":[{"name":"Nahra\u0165 tla\u010dov\u00fd s\u00fabor","type":"file_upload","position":0,"required":false,"title_format":"label","default":"","description_enable":false,"description":"Bitte laden Sie hier die Druckdatei (Bild) hoch.","placeholder_enable":false,"placeholder":"","display":"select","restrictions_type":"any_text","adjust_price":false,"price":"","price_type":"flat_fee","restrictions":false,"min":"0","max":"0","options":[],"id":1776081863},{"name":"\u00a0","type":"checkbox","position":1,"required":false,"title_format":"label","default":"","description_enable":true,"description":"Nechajte dizajn na profesion\u00e1lov! Sta\u010d\u00ed n\u00e1m pohodlne posla\u0165 svoje \u017eelania, log\u00e1, texty a preferovan\u00e9 p\u00edsma e-mailom alebo prostredn\u00edctvom na\u0161ej nahr\u00e1vacej funkcie. N\u00e1\u0161 sk\u00fasen\u00fd grafick\u00fd t\u00edm v\u00e1m vytvor\u00ed a\u017e 3 individu\u00e1lne n\u00e1vrhy dizajnu, dokonale prisp\u00f4soben\u00e9 va\u0161im po\u017eiadavk\u00e1m.","placeholder_enable":false,"placeholder":"","display":"select","restrictions_type":"any_text","adjust_price":false,"price":"","price_type":"flat_fee","restrictions":false,"min":"0","max":"0","options":[{"label":"Professionelle Layouterstellung durch unsere Grafikabteilung","price":"35","price_type":"flat_fee","image":0,"visibility":true}],"id":1775653837}],"acf":[],"_links":{"self":[{"href":"https:\/\/www.evamatic.com\/sk\/wp-json\/wp\/v2\/product\/2818","targetHints":{"allow":["GET"]}}],"collection":[{"href":"https:\/\/www.evamatic.com\/sk\/wp-json\/wp\/v2\/product"}],"about":[{"href":"https:\/\/www.evamatic.com\/sk\/wp-json\/wp\/v2\/types\/product"}],"wp:featuredmedia":[{"embeddable":true,"href":"https:\/\/www.evamatic.com\/sk\/wp-json\/wp\/v2\/media\/913"}],"wp:attachment":[{"href":"https:\/\/www.evamatic.com\/sk\/wp-json\/wp\/v2\/media?parent=2818"}],"wp:term":[{"taxonomy":"product_brand","embeddable":true,"href":"https:\/\/www.evamatic.com\/sk\/wp-json\/wp\/v2\/product_brand?post=2818"},{"taxonomy":"product_cat","embeddable":true,"href":"https:\/\/www.evamatic.com\/sk\/wp-json\/wp\/v2\/product_cat?post=2818"},{"taxonomy":"product_tag","embeddable":true,"href":"https:\/\/www.evamatic.com\/sk\/wp-json\/wp\/v2\/product_tag?post=2818"}],"curies":[{"name":"wp","href":"https:\/\/api.w.org\/{rel}","templated":true}]}}