{"id":2803,"date":"2026-04-09T14:18:53","date_gmt":"2026-04-09T12:18:53","guid":{"rendered":"https:\/\/www.evamatic.at\/product\/kennzeichenhalter-traktor-gelaendewagen-oesterreich-2-zeilig-drehverschluss-2\/"},"modified":"2026-05-05T14:00:53","modified_gmt":"2026-05-05T12:00:53","slug":"drziak-evidencneho-cisla-traktor-terenne-vozidlo-rakusko-2-riadkovy-otocny-uzaver-2","status":"publish","type":"product","link":"https:\/\/www.evamatic.com\/sk\/product\/kennzeichenhalter-traktor-gelaendewagen-oesterreich-2-zeilig-drehverschluss-2\/","title":{"rendered":"Dr\u017eiak \u0160PZ traktor \/ ter\u00e9nne vozidlo Rak\u00fasko 300\u00d7200 mm (300 2-riadkov\u00fd) \u2013 oto\u010dn\u00fd uz\u00e1ver"},"content":{"rendered":"<p><strong>Dr\u017eiak eviden\u010dn\u00e9ho \u010d\u00edsla traktor \/ ter\u00e9nne vozidlo Rak\u00fasko typ 300 2-riadkov\u00fd, vhodn\u00fd pre ve\u013ekos\u0165 eviden\u010dn\u00e9ho \u010d\u00edsla 300x200 mm.<\/strong><\/p>\n<p>Dr\u017eiak \u0160PZ Evamatic Typ 300 s rozmerom dosky 300 \u00d7 200 mm je \u0161peci\u00e1lne navrhnut\u00fd pre pou\u017eitie na traktoroch, ter\u00e9nnych vozidl\u00e1ch a \u0161peci\u00e1lnych vozidl\u00e1ch. Pon\u00faka stabiln\u00e9 a spo\u013eahliv\u00e9 upevnenie aj v n\u00e1ro\u010dn\u00fdch prev\u00e1dzkov\u00fdch podmienkach.<\/p>\n<p>Mechanizmus oto\u010dn\u00e9ho uz\u00e1veru umo\u017e\u0148uje bezpe\u010dn\u00e9 upevnenie eviden\u010dn\u00e9ho \u010d\u00edsla pri zachovan\u00ed jednoduchej manipul\u00e1cie. Ve\u013emi elastick\u00fd materi\u00e1l sa optim\u00e1lne prisp\u00f4sobuje kont\u00faram vozidla a zais\u0165uje flexibiln\u00e9, dlhodob\u00e9 pou\u017e\u00edvanie. Integrovan\u00e9 nap\u00ednacie pru\u017einy \u00fa\u010dinne zabra\u0148uj\u00fa klepaniu a odieraniu, dokonca aj pri siln\u00fdch vibr\u00e1ci\u00e1ch alebo nerovnom ter\u00e9ne.<\/p>\n<p>V\u010faka jednoduchej mont\u00e1\u017ei je dr\u017eiak registra\u010dnej zna\u010dky r\u00fdchlo pripraven\u00fd na pou\u017eitie a je ide\u00e1lny pre po\u013enohospod\u00e1rske vozidl\u00e1, ter\u00e9nne pou\u017eitie a \u00fa\u017eitkov\u00e9 vozidl\u00e1.<\/p>\n<p>&nbsp;<\/p>\n<p><strong>Detaily produktu:<\/strong><\/p>\n<ul>\n<li>Dr\u017eiak \u0160PZ 300 \u2013 pre rak\u00faske traktory, ter\u00e9nne vozidl\u00e1 \u0160PZ L 300 H 200 mm<\/li>\n<li>Uz\u00e1ver: oto\u010dn\u00fd uz\u00e1ver<\/li>\n<li>Farba: \u010dierna<\/li>\n<li>Materi\u00e1l: Polypropyl\u00e9n<\/li>\n<li>Tla\u010dov\u00e9 varianty: bez potla\u010de, sie\u0165otla\u010d, 4c digit\u00e1lna tla\u010d s lakovou vrstvou<\/li>\n<\/ul>","protected":false},"excerpt":{"rendered":"<p>Kennzeichenhalter Traktor \/ Gel\u00e4ndewagen \u00d6sterreich Type 300 2 zeilig passend f\u00fcr Kennzeichengr\u00f6\u00dfe 300&#215;200 mm. Der Evamatic Kennzeichenhalter Type 300 im Platinenma\u00df 300 \u00d7 200 mm ist speziell f\u00fcr den Einsatz an Traktoren, Gel\u00e4ndewagen und Sonderfahrzeugen konzipiert. Er bietet eine stabile und zuverl\u00e4ssige Befestigung auch unter anspruchsvollen Einsatzbedingungen. Der Drehverschluss-Mechanismus erm\u00f6glicht ein sicheres Fixieren des Kennzeichens [&hellip;]<\/p>\n","protected":false},"featured_media":4459,"template":"","meta":{"_acf_changed":false},"product_brand":[],"product_cat":[200,206],"product_tag":[],"class_list":{"0":"post-2803","1":"product","2":"type-product","3":"status-publish","4":"has-post-thumbnail","6":"product_cat-kennzeichenhalter-oesterreich-slowenien","7":"product_cat-traktor-gelaendewagen-300x200-mm","8":"pa_druckvariante-siebdruck-einfaerbig-silber","9":"pa_druckvariante-4c-druck-mit-kunstharzbeschichtung","10":"pa_druckvariante-4c-druck-mit-kunstharzbeschichtung-silber-hochglanz","11":"pa_druckvariante-4c-druck-mit-kunstharzbeschichtung-reflektierend","12":"pa_druckvariante-4c-druck-mit-kunstharzbeschichtung-silber-matt","13":"pa_druckvariante-unbedruckt","14":"pa_druckvariante-siebdruck-einfaerbig-weiss","15":"pa_menge-95","16":"pa_menge-96","17":"pa_menge-116","18":"pa_menge-118","19":"pa_menge-120","21":"first","22":"instock","23":"taxable","24":"shipping-taxable","25":"purchasable","26":"product-type-variable"},"exclude_global_add_ons":false,"addons":[{"name":"Nahra\u0165 tla\u010dov\u00fd s\u00fabor","type":"file_upload","position":0,"required":false,"title_format":"label","default":"","description_enable":false,"description":"Bitte laden Sie hier die Druckdatei (Bild) hoch.","placeholder_enable":false,"placeholder":"","display":"select","restrictions_type":"any_text","adjust_price":false,"price":"","price_type":"flat_fee","restrictions":false,"min":"0","max":"0","options":[],"id":1776081863},{"name":"\u00a0","type":"checkbox","position":1,"required":false,"title_format":"label","default":"","description_enable":true,"description":"Nechajte dizajn na profesion\u00e1lov! Sta\u010d\u00ed n\u00e1m pohodlne posla\u0165 svoje \u017eelania, log\u00e1, texty a preferovan\u00e9 p\u00edsma e-mailom alebo prostredn\u00edctvom na\u0161ej nahr\u00e1vacej funkcie. N\u00e1\u0161 sk\u00fasen\u00fd grafick\u00fd t\u00edm v\u00e1m vytvor\u00ed a\u017e 3 individu\u00e1lne n\u00e1vrhy dizajnu, dokonale prisp\u00f4soben\u00e9 va\u0161im po\u017eiadavk\u00e1m.","placeholder_enable":false,"placeholder":"","display":"select","restrictions_type":"any_text","adjust_price":false,"price":"","price_type":"flat_fee","restrictions":false,"min":"0","max":"0","options":[{"label":"Professionelle Layouterstellung durch unsere Grafikabteilung","price":"35","price_type":"flat_fee","image":0,"visibility":true}],"id":1775653837}],"acf":[],"_links":{"self":[{"href":"https:\/\/www.evamatic.com\/sk\/wp-json\/wp\/v2\/product\/2803","targetHints":{"allow":["GET"]}}],"collection":[{"href":"https:\/\/www.evamatic.com\/sk\/wp-json\/wp\/v2\/product"}],"about":[{"href":"https:\/\/www.evamatic.com\/sk\/wp-json\/wp\/v2\/types\/product"}],"wp:featuredmedia":[{"embeddable":true,"href":"https:\/\/www.evamatic.com\/sk\/wp-json\/wp\/v2\/media\/4459"}],"wp:attachment":[{"href":"https:\/\/www.evamatic.com\/sk\/wp-json\/wp\/v2\/media?parent=2803"}],"wp:term":[{"taxonomy":"product_brand","embeddable":true,"href":"https:\/\/www.evamatic.com\/sk\/wp-json\/wp\/v2\/product_brand?post=2803"},{"taxonomy":"product_cat","embeddable":true,"href":"https:\/\/www.evamatic.com\/sk\/wp-json\/wp\/v2\/product_cat?post=2803"},{"taxonomy":"product_tag","embeddable":true,"href":"https:\/\/www.evamatic.com\/sk\/wp-json\/wp\/v2\/product_tag?post=2803"}],"curies":[{"name":"wp","href":"https:\/\/api.w.org\/{rel}","templated":true}]}}