{"id":2757,"date":"2026-04-09T14:18:51","date_gmt":"2026-04-09T12:18:51","guid":{"rendered":"https:\/\/www.evamatic.at\/product\/kennzeichenhalter-pkw-oesterreich-525csb-chrom-klapprahmen-2\/"},"modified":"2026-05-05T14:01:20","modified_gmt":"2026-05-05T12:01:20","slug":"drziak-spz-auto-rakusko-525csb-chromovany-skladaci-ram-2","status":"publish","type":"product","link":"https:\/\/www.evamatic.com\/sk\/product\/kennzeichenhalter-pkw-oesterreich-525csb-chrom-klapprahmen-2\/","title":{"rendered":"Dr\u017eiak eviden\u010dn\u00e9ho \u010d\u00edsla pre osobn\u00e9 automobily Rak\u00fasko a Slovinsko 520x120 mm (525CSB CHROM) \u2013 Sklopn\u00fd r\u00e1m"},"content":{"rendered":"<p><span style=\"color: #000000;\"><strong>Dr\u017eiak eviden\u010dn\u00e9ho \u010d\u00edsla Rak\u00fasko a Slovinsko Typ 525CSB so sklopn\u00fdm r\u00e1mom pochromovan\u00fd vhodn\u00fd pre rozmer eviden\u010dn\u00e9ho \u010d\u00edsla 520\u00d7120 mm.<\/strong><\/span><\/p>\n<p><span style=\"color: #000000;\">Dr\u017eiak E\u010cV Evamatic 525CSB kombinuje pr\u00e9miov\u00fd vzh\u013ead a vysok\u00fa funk\u010dnos\u0165 \u2013 ide\u00e1lny pre v\u0161etk\u00fdch, ktor\u00fdm z\u00e1le\u017e\u00ed na elegantnom vzh\u013eade vozidla. Dr\u017eiak je \u0161peci\u00e1lne navrhnut\u00fd pre rak\u00faske a slovinsk\u00e9 eviden\u010dn\u00e9 \u010d\u00edsla (520 \u00d7 120 mm) a v\u010faka svojmu premyslen\u00e9mu dizajnu u\u013eah\u010duje bezpe\u010dn\u00e9 vkladanie a upevnenie tabu\u013eky.<\/span><\/p>\n<p><span style=\"color: #000000;\">Vysokokvalitn\u00fd chr\u00f3mov\u00fd povrch dod\u00e1va dr\u017eiaku \u0160PZ elegantn\u00fd vzh\u013ead, ktor\u00fd obzvl\u00e1\u0161\u0165 vynikne na modern\u00fdch vozidl\u00e1ch a exkluz\u00edvnych modeloch. Z\u00e1rove\u0148 pevn\u00fd dr\u017eiak vyroben\u00fd z robustn\u00e9ho, takmer nerozbitn\u00e9ho materi\u00e1lu zais\u0165uje, \u017ee \u0160PZ na vozidle sed\u00ed bezpe\u010dne a bez vibr\u00e1ci\u00ed \u2013 bez ak\u00e9hoko\u013evek klepania.<\/span><\/p>\n<p><span style=\"color: #000000;\">Dr\u017eiak registra\u010dnej zna\u010dky 525CSB je vhodn\u00fd pre osobn\u00e9 a n\u00e1kladn\u00e9 automobily a harmonicky zapad\u00e1 do ka\u017edej optiky vozidla \u2013 decentne a z\u00e1rove\u0148 kvalitne.<\/span><br \/>\n<span style=\"color: #000000;\">Tento dr\u017eiak je <strong>T\u00dcV \u2013 testovan\u00e9 na \u00fa\u017eitkov\u00e9 vlastnosti<\/strong>, zodpoved\u00e1 <strong>v\u0161etk\u00fdm relevantn\u00fdm E\u00da norm\u00e1m a sp\u013a\u0148a s\u00fa\u010dasn\u00e9 z\u00e1konn\u00e9 predpisy.<\/strong> Slnko <strong>zaoblen\u00e9 vonkaj\u0161ie hrany s minim\u00e1lnym polomerom 2,5 mm zaru\u010duj\u00fa maxim\u00e1lnu bezpe\u010dnos\u0165 a schv\u00e1lenie na prev\u00e1dzku na pozemn\u00fdch komunik\u00e1ci\u00e1ch.<\/strong><\/span><\/p>\n<p><span style=\"color: #000000;\">V\u010faka individu\u00e1lnym mo\u017enostiam brandingu s va\u0161im logom alebo reklamn\u00fdm textom sa dr\u017eiak zna\u010dky st\u00e1va decentn\u00fdm, ale \u00fa\u010dinn\u00fdm reklamn\u00fdm nosi\u010dom \u2013 ide\u00e1lnym pre predajcov \u00e1ut, autoservisy, flotily vozidiel, pois\u0165ovne alebo kluby. Alternat\u00edvne presved\u010d\u00ed aj bez potla\u010de svoj\u00edm jednoduch\u00fdm, kvalitn\u00fdm vzh\u013eadom a harmonicky sa za\u010dlen\u00ed do ka\u017ed\u00e9ho dizajnu vozidla.<\/span><\/p>\n<p>&nbsp;<\/p>\n<p><span style=\"color: #000000;\"><strong>Detaily produktu:<\/strong><\/span><\/p>\n<ul>\n<li><span style=\"color: #000000;\">Dr\u017eiak \u0160PZ 525CSB CHROM \u2013 pre rak\u00faske a slovinsk\u00e9 \u0160PZ L 520x V 120 mm<\/span><\/li>\n<li><span style=\"color: #000000;\">Uz\u00e1ver: Sklopn\u00fd r\u00e1m<\/span><\/li>\n<li><span style=\"color: #000000;\">Farby: \u010dierna\/chr\u00f3m<\/span><\/li>\n<li><span style=\"color: #000000;\">Materi\u00e1l: Polypropyl\u00e9n\/ABS<\/span><\/li>\n<li><span style=\"color: #000000;\">Druh tla\u010de: netla\u010den\u00e9, 4c digit\u00e1lna tla\u010d s umelohmotn\u00fdm n\u00e1terom<\/span><\/li>\n<\/ul>","protected":false},"excerpt":{"rendered":"<p>Kennzeichenhalter \u00d6sterreich und Slowenien Type 525CSB mit Klapprahmen verchromt passend f\u00fcr Kennzeichengr\u00f6\u00dfe 520&#215;120 mm. Der Evamatic Kennzeichenhalter 525CSB kombiniert premium Optik und hohe Funktionalit\u00e4t \u2013 ideal f\u00fcr alle, die Wert auf eine edel wirkende Fahrzeugpr\u00e4senz legen. Der Halter ist speziell f\u00fcr \u00f6sterreichische und slowenische Kennzeichen (520 \u00d7 120 mm) konzipiert und erleichtert durch sein durchdachtes [&hellip;]<\/p>\n","protected":false},"featured_media":4452,"template":"","meta":{"_acf_changed":false},"product_brand":[],"product_cat":[200,205],"product_tag":[],"class_list":{"0":"post-2757","1":"product","2":"type-product","3":"status-publish","4":"has-post-thumbnail","6":"product_cat-kennzeichenhalter-oesterreich-slowenien","7":"product_cat-pkw-lkw-520x120-mm","8":"pa_druckvariante-unbedruckt","9":"pa_druckvariante-4c-druck-mit-kunstharzbeschichtung-silber-hochglanz","10":"pa_menge-93","11":"pa_menge-94","12":"pa_menge-113","13":"pa_menge-121","14":"pa_menge-123","15":"pa_menge-124","17":"first","18":"instock","19":"taxable","20":"shipping-taxable","21":"purchasable","22":"product-type-variable"},"exclude_global_add_ons":false,"addons":[{"name":"Nahra\u0165 tla\u010dov\u00fd s\u00fabor","type":"file_upload","position":0,"required":false,"title_format":"label","default":"","description_enable":false,"description":"Bitte laden Sie hier die Druckdatei (Bild) hoch.","placeholder_enable":false,"placeholder":"","display":"select","restrictions_type":"any_text","adjust_price":false,"price":"","price_type":"flat_fee","restrictions":false,"min":"0","max":"0","options":[],"id":1776081863},{"name":"\u00a0","type":"checkbox","position":1,"required":false,"title_format":"label","default":"","description_enable":true,"description":"Nechajte dizajn na profesion\u00e1lov! Sta\u010d\u00ed n\u00e1m pohodlne posla\u0165 svoje \u017eelania, log\u00e1, texty a preferovan\u00e9 p\u00edsma e-mailom alebo prostredn\u00edctvom na\u0161ej nahr\u00e1vacej funkcie. N\u00e1\u0161 sk\u00fasen\u00fd grafick\u00fd t\u00edm v\u00e1m vytvor\u00ed a\u017e 3 individu\u00e1lne n\u00e1vrhy dizajnu, dokonale prisp\u00f4soben\u00e9 va\u0161im po\u017eiadavk\u00e1m.","placeholder_enable":false,"placeholder":"","display":"select","restrictions_type":"any_text","adjust_price":false,"price":"","price_type":"flat_fee","restrictions":false,"min":"0","max":"0","options":[{"label":"Professionelle Layouterstellung durch unsere Grafikabteilung","price":"35","price_type":"flat_fee","image":0,"visibility":true}],"id":1775653837}],"acf":[],"_links":{"self":[{"href":"https:\/\/www.evamatic.com\/sk\/wp-json\/wp\/v2\/product\/2757","targetHints":{"allow":["GET"]}}],"collection":[{"href":"https:\/\/www.evamatic.com\/sk\/wp-json\/wp\/v2\/product"}],"about":[{"href":"https:\/\/www.evamatic.com\/sk\/wp-json\/wp\/v2\/types\/product"}],"wp:featuredmedia":[{"embeddable":true,"href":"https:\/\/www.evamatic.com\/sk\/wp-json\/wp\/v2\/media\/4452"}],"wp:attachment":[{"href":"https:\/\/www.evamatic.com\/sk\/wp-json\/wp\/v2\/media?parent=2757"}],"wp:term":[{"taxonomy":"product_brand","embeddable":true,"href":"https:\/\/www.evamatic.com\/sk\/wp-json\/wp\/v2\/product_brand?post=2757"},{"taxonomy":"product_cat","embeddable":true,"href":"https:\/\/www.evamatic.com\/sk\/wp-json\/wp\/v2\/product_cat?post=2757"},{"taxonomy":"product_tag","embeddable":true,"href":"https:\/\/www.evamatic.com\/sk\/wp-json\/wp\/v2\/product_tag?post=2757"}],"curies":[{"name":"wp","href":"https:\/\/api.w.org\/{rel}","templated":true}]}}