{"id":2711,"date":"2026-04-09T14:18:49","date_gmt":"2026-04-09T12:18:49","guid":{"rendered":"https:\/\/www.evamatic.at\/product\/kennzeichenhalter-pkw-oesterreich-524-klapprahmen-2\/"},"modified":"2026-05-05T14:01:44","modified_gmt":"2026-05-05T12:01:44","slug":"drziak-evidencnej-znacky-osobny-automobil-rakusko-524-skladaci-ram-2","status":"publish","type":"product","link":"https:\/\/www.evamatic.com\/sk\/product\/kennzeichenhalter-pkw-oesterreich-524-klapprahmen-2\/","title":{"rendered":"Dr\u017eiak eviden\u010dn\u00e9ho \u010d\u00edsla osobn\u00fdch automobilov Rak\u00fasko a Slovinsko 520\u00d7120 mm (524) \u2013 Sklopn\u00fd r\u00e1m"},"content":{"rendered":"<p><strong>Dr\u017eiak \u0160PZ Rak\u00fasko a Slovinsko typ 524 s oto\u010dn\u00fdm r\u00e1mom a oto\u010dn\u00fdm z\u00e1mkom vhodn\u00fd pre ve\u013ekos\u0165 \u0160PZ 520\u00d7120 mm.<\/strong><\/p>\n<p>Dr\u017eiak \u0160PZ Evamatic Typ 524 s v\u00fdklopn\u00fdm r\u00e1mom pon\u00faka bezpe\u010dn\u00e9, r\u00fdchle a pohodln\u00e9 rie\u0161enie na mont\u00e1\u017e rak\u00faskych a slovinsk\u00fdch \u0160PZ (520 \u00d7 120 mm). Praktick\u00fd v\u00fdklopn\u00fd r\u00e1m umo\u017e\u0148uje mimoriadne \u013eahk\u00e9 vkladanie alebo v\u00fdmenu \u0160PZ. Dr\u017eiak je vyroben\u00fd z pru\u017en\u00e9ho, takmer nerozbitn\u00e9ho polypropyl\u00e9nu, ktor\u00fd sa optim\u00e1lne prisp\u00f4sob\u00ed kont\u00fare vozidla a spo\u013eahlivo zabra\u0148uje klepaniu. V\u00fdklopn\u00fd r\u00e1m tie\u017e zais\u0165uje stabiln\u00e9 upevnenie pri s\u00fa\u010dasnom r\u00fdchlom pou\u017eit\u00ed.<\/p>\n<p>Typ 524 je vhodn\u00fd pre osobn\u00e9 aj n\u00e1kladn\u00e9 vozidl\u00e1 a presved\u010d\u00ed kvalitn\u00fdm dizajnom, ktor\u00fd sa harmonicky za\u010dlen\u00ed do ka\u017ed\u00e9ho vozidla.<\/p>\n<p>Dr\u017eiak \u0160PZ je <strong>Testovan\u00e9 pre \u00fa\u017eitkov\u00e9 hodnoty T\u00dcV, sp\u013a\u0148a v\u0161etky platn\u00e9 normy E\u00da a zodpoved\u00e1 s\u00fa\u010dasn\u00fdm pr\u00e1vnym predpisom. Vonkaj\u0161ie hrany s\u00fa zaoblen\u00e9 s minim\u00e1lnym polomerom 2,5 mm, \u010do zais\u0165uje maxim\u00e1lnu bezpe\u010dnos\u0165 a neobmedzen\u00fa cestn\u00fa schv\u00e1lenie.<\/strong><br \/>\nV\u010faka individu\u00e1lnym mo\u017enostiam potla\u010de s Va\u0161\u00edm logom alebo reklamn\u00fdm textom sa dr\u017eiak na eviden\u010dn\u00e9 \u010d\u00edslo stane trval\u00fdm a p\u00fatav\u00fdm reklamn\u00fdm nosi\u010dom \u2013 ide\u00e1lny pre autorizovan\u00e9 predajne, servisy, flotily vozidiel, pois\u0165ovne alebo kluby.<\/p>\n<p>&nbsp;<\/p>\n<p><strong>Detaily produktu:<\/strong><\/p>\n<ul>\n<li>Dr\u017eiak eviden\u010dn\u00e9ho \u010d\u00edsla 524 \u2013 pre rak\u00faske a slovinsk\u00e9 eviden\u010dn\u00e9 \u010d\u00edsla D 520x V 120 mm<\/li>\n<li>Uz\u00e1ver: Sklopn\u00fd r\u00e1m<\/li>\n<li>Farba: \u010dierna<\/li>\n<li>Materi\u00e1l: Polypropyl\u00e9n<\/li>\n<li>Tla\u010den\u00e9 varianty: nepotla\u010den\u00e9, 4c digit\u00e1lna tla\u010d hodv\u00e1bny mat, 4c digit\u00e1lna tla\u010d s povlakom zo syntetickej \u017eivice\n<ul>\n<li><strong>Pri dr\u017eiaku \u0160PZ 524 je potla\u010d umiestnen\u00fd v priehlbin\u00e1ch dr\u017eiaka \u0160PZ a je tak spo\u013eahlivo chr\u00e1nen\u00fd pred po\u0161kriaban\u00edm, poveternostn\u00fdmi vplyvmi a mechanick\u00fdm nam\u00e1han\u00edm \u2013 pre trvalo kvalitn\u00fa prezent\u00e1ciu zna\u010dky.<\/strong><\/li>\n<\/ul>\n<\/li>\n<\/ul>","protected":false},"excerpt":{"rendered":"<p>Kennzeichenhalter \u00d6sterreich und Slowenien Type 524 mit Klapprahmen und Drehverschluss passend f\u00fcr Kennzeichengr\u00f6\u00dfe 520&#215;120 mm. Der Evamatic Kennzeichenhalter Type 524 mit Klapprahmen-System bietet eine sichere, schnelle und komfortable L\u00f6sung zur Montage von \u00f6sterreichischen und slowenischen Kennzeichen (520 \u00d7 120 mm). Durch den praktischen Klapprahmen lassen sich Kennzeichen besonders einfach einlegen oder wechseln. Der Halter besteht [&hellip;]<\/p>\n","protected":false},"featured_media":4450,"template":"","meta":{"_acf_changed":false},"product_brand":[],"product_cat":[200,205],"product_tag":[],"class_list":{"0":"post-2711","1":"product","2":"type-product","3":"status-publish","4":"has-post-thumbnail","6":"product_cat-kennzeichenhalter-oesterreich-slowenien","7":"product_cat-pkw-lkw-520x120-mm","8":"pa_druckvariante-4c-druck-mit-kunstharzbeschichtung","9":"pa_druckvariante-4c-druck-mit-kunstharzbeschichtung-silber-hochglanz","10":"pa_druckvariante-4c-druck-mit-kunstharzbeschichtung-reflektierend","11":"pa_druckvariante-4c-druck-mit-kunstharzbeschichtung-silber-matt","12":"pa_druckvariante-4c-druck-seidenmatt","13":"pa_menge-111","14":"pa_menge-112","15":"pa_menge-93","16":"pa_menge-94","17":"pa_menge-95","18":"pa_menge-96","19":"pa_menge-108","20":"pa_menge-109","21":"pa_menge-110","23":"first","24":"instock","25":"taxable","26":"shipping-taxable","27":"purchasable","28":"product-type-variable"},"exclude_global_add_ons":false,"addons":[{"name":"Nahra\u0165 tla\u010dov\u00fd s\u00fabor","type":"file_upload","position":0,"required":false,"title_format":"label","default":"","description_enable":false,"description":"Bitte laden Sie hier die Druckdatei (Bild) hoch.","placeholder_enable":false,"placeholder":"","display":"select","restrictions_type":"any_text","adjust_price":false,"price":"","price_type":"flat_fee","restrictions":false,"min":"0","max":"0","options":[],"id":1776081863},{"name":"\u00a0","type":"checkbox","position":1,"required":false,"title_format":"label","default":"","description_enable":true,"description":"Nechajte dizajn na profesion\u00e1lov! Sta\u010d\u00ed n\u00e1m pohodlne posla\u0165 svoje \u017eelania, log\u00e1, texty a preferovan\u00e9 p\u00edsma e-mailom alebo prostredn\u00edctvom na\u0161ej nahr\u00e1vacej funkcie. N\u00e1\u0161 sk\u00fasen\u00fd grafick\u00fd t\u00edm v\u00e1m vytvor\u00ed a\u017e 3 individu\u00e1lne n\u00e1vrhy dizajnu, dokonale prisp\u00f4soben\u00e9 va\u0161im po\u017eiadavk\u00e1m.","placeholder_enable":false,"placeholder":"","display":"select","restrictions_type":"any_text","adjust_price":false,"price":"","price_type":"flat_fee","restrictions":false,"min":"0","max":"0","options":[{"label":"Professionelle Layouterstellung durch unsere Grafikabteilung","price":"35","price_type":"flat_fee","image":0,"visibility":true}],"id":1775653837}],"acf":[],"_links":{"self":[{"href":"https:\/\/www.evamatic.com\/sk\/wp-json\/wp\/v2\/product\/2711","targetHints":{"allow":["GET"]}}],"collection":[{"href":"https:\/\/www.evamatic.com\/sk\/wp-json\/wp\/v2\/product"}],"about":[{"href":"https:\/\/www.evamatic.com\/sk\/wp-json\/wp\/v2\/types\/product"}],"wp:featuredmedia":[{"embeddable":true,"href":"https:\/\/www.evamatic.com\/sk\/wp-json\/wp\/v2\/media\/4450"}],"wp:attachment":[{"href":"https:\/\/www.evamatic.com\/sk\/wp-json\/wp\/v2\/media?parent=2711"}],"wp:term":[{"taxonomy":"product_brand","embeddable":true,"href":"https:\/\/www.evamatic.com\/sk\/wp-json\/wp\/v2\/product_brand?post=2711"},{"taxonomy":"product_cat","embeddable":true,"href":"https:\/\/www.evamatic.com\/sk\/wp-json\/wp\/v2\/product_cat?post=2711"},{"taxonomy":"product_tag","embeddable":true,"href":"https:\/\/www.evamatic.com\/sk\/wp-json\/wp\/v2\/product_tag?post=2711"}],"curies":[{"name":"wp","href":"https:\/\/api.w.org\/{rel}","templated":true}]}}