{"id":2710,"date":"2026-04-09T14:18:49","date_gmt":"2026-04-09T12:18:49","guid":{"rendered":"https:\/\/www.evamatic.at\/product\/kennzeichenhalter-pkw-oesterreich-528hs-rahmenlos-schiebeverschluss-2\/"},"modified":"2026-05-05T14:02:15","modified_gmt":"2026-05-05T12:02:15","slug":"drziak-evidencneho-cisla-auta-rakusko-528hs-bezramovy-posuvny-zamok-2","status":"publish","type":"product","link":"https:\/\/www.evamatic.com\/sk\/product\/kennzeichenhalter-pkw-oesterreich-528hs-rahmenlos-schiebeverschluss-2\/","title":{"rendered":"Dr\u017eiak eviden\u010dn\u00e9ho \u010d\u00edsla vozidla Rak\u00fasko a Slovinsko 520\u00d7120 mm (bezr\u00e1mov\u00fd 528HS) \u2013 posuvn\u00fd uz\u00e1ver"},"content":{"rendered":"<p><strong>Dr\u017eiak \u0160PZ pre osobn\u00e9 automobily Rak\u00fasko a Slovinsko typ 528HS s posuvn\u00fdm uz\u00e1verom \u2013 extra \u00fazky, vhodn\u00fd pre ve\u013ekos\u0165 \u0160PZ 520\u00d7120 mm.<\/strong><\/p>\n<p>Dr\u017eiak eviden\u010dn\u00e9ho \u010d\u00edsla Evamatic Typ 528HS so syst\u00e9mom posuvn\u00e9ho z\u00e1mku pon\u00faka bezpe\u010dn\u00e9, r\u00fdchle a pohodln\u00e9 rie\u0161enie na mont\u00e1\u017e rak\u00faskych a slovinsk\u00fdch eviden\u010dn\u00fdch \u010d\u00edsel (520 \u00d7 120 mm). V\u010faka osved\u010den\u00e9mu posuvn\u00e9mu z\u00e1mku sa eviden\u010dn\u00e9 \u010d\u00edsla daj\u00fa \u013eahko vlo\u017ei\u0165 a v pr\u00edpade potreby r\u00fdchlo vymeni\u0165.<\/p>\n<p>Bezr\u00e1mov\u00e1 kon\u0161trukcia bez reklamnej plochy zais\u0165uje decentn\u00fd, nen\u00e1padn\u00fd vzh\u013ead a d\u00e1va do popredia samotn\u00fa pozn\u00e1vaciu zna\u010dku \u2013 ide\u00e1lne pre v\u0161etk\u00fdch, ktor\u00ed si cenia redukovan\u00fd a neutr\u00e1lny dizajn vozidla.<\/p>\n<p>Vyroben\u00fd z flexibiln\u00e9ho, takmer nerozbitn\u00e9ho polypropyl\u00e9nu, dr\u017eiak \u0160PZ sa optim\u00e1lne prisp\u00f4sob\u00ed kont\u00fare vozidla a spo\u013eahlivo zabr\u00e1ni klepaniu a vibr\u00e1ci\u00e1m. Je vhodn\u00fd pre osobn\u00e9 aj n\u00e1kladn\u00e9 automobily a presved\u010d\u00ed svojou stabilnou, trvanlivou kon\u0161trukciou.<\/p>\n<p>Dr\u017eiak eviden\u010dn\u00e9ho \u010d\u00edsla typu 528HS je <strong>Schv\u00e1len\u00e9 pod\u013ea hodnotov\u00fdch sk\u00fa\u0161ok T\u00dcV, sp\u013a\u0148a v\u0161etky platn\u00e9 normy E\u00da a zodpoved\u00e1 s\u00fa\u010dasn\u00fdm z\u00e1konn\u00fdm predpisom.<\/strong> <strong>Zaoblen\u00e9 vonkaj\u0161ie hrany s minim\u00e1lnym polomerom 2,5 mm zais\u0165uj\u00fa najvy\u0161\u0161iu bezpe\u010dnos\u0165 a umo\u017e\u0148uj\u00fa neobmedzen\u00e9 pou\u017eitie dr\u017eiaka v cestnej prem\u00e1vke.<\/strong><\/p>\n<p>&nbsp;<\/p>\n<p><strong>Detaily produktu:<\/strong><\/p>\n<ul>\n<li>Dr\u017eiak \u0160PZ 528HS bez r\u00e1mu \u2013 pre rak\u00faske a slovinsk\u00e9 \u0160PZ L 520x V 120 mm<\/li>\n<li>Zap\u00ednanie: posuvn\u00e9 zap\u00ednanie<\/li>\n<li>Farba: \u010dierna<\/li>\n<li>Materi\u00e1l: Polypropyl\u00e9n<\/li>\n<li>Varianty potla\u010de: nepotla\u010den\u00e9<\/li>\n<\/ul>","protected":false},"excerpt":{"rendered":"<p>Kennzeichenhalter PKW \u00d6sterreich und Slowenien Type 528HS mit Schiebeverschluss &#8211; extra schmal passend f\u00fcr Kennzeichengr\u00f6\u00dfe 520&#215;120 mm. Der Evamatic Kennzeichenhalter Type 528HS mit Schiebeverschluss-System bietet eine sichere, schnelle und komfortable L\u00f6sung zur Montage von \u00f6sterreichischen und slowenischen Kennzeichen (520 \u00d7 120 mm). Dank des bew\u00e4hrten Schiebeverschlusses lassen sich Kennzeichen m\u00fchelos einlegen und bei Bedarf rasch [&hellip;]<\/p>\n","protected":false},"featured_media":4451,"template":"","meta":{"_acf_changed":false},"product_brand":[],"product_cat":[200,205],"product_tag":[133],"class_list":{"0":"post-2710","1":"product","2":"type-product","3":"status-publish","4":"has-post-thumbnail","6":"product_cat-kennzeichenhalter-oesterreich-slowenien","7":"product_cat-pkw-lkw-520x120-mm","8":"product_tag-unbedruckt","9":"pa_druckvariante-unbedruckt","10":"pa_menge-94","11":"pa_menge-97","12":"pa_menge-100","13":"pa_menge-101","14":"pa_menge-121","15":"pa_menge-124","16":"pa_menge-93","18":"first","19":"instock","20":"taxable","21":"shipping-taxable","22":"purchasable","23":"product-type-variable"},"exclude_global_add_ons":[],"addons":[],"acf":[],"_links":{"self":[{"href":"https:\/\/www.evamatic.com\/sk\/wp-json\/wp\/v2\/product\/2710","targetHints":{"allow":["GET"]}}],"collection":[{"href":"https:\/\/www.evamatic.com\/sk\/wp-json\/wp\/v2\/product"}],"about":[{"href":"https:\/\/www.evamatic.com\/sk\/wp-json\/wp\/v2\/types\/product"}],"wp:featuredmedia":[{"embeddable":true,"href":"https:\/\/www.evamatic.com\/sk\/wp-json\/wp\/v2\/media\/4451"}],"wp:attachment":[{"href":"https:\/\/www.evamatic.com\/sk\/wp-json\/wp\/v2\/media?parent=2710"}],"wp:term":[{"taxonomy":"product_brand","embeddable":true,"href":"https:\/\/www.evamatic.com\/sk\/wp-json\/wp\/v2\/product_brand?post=2710"},{"taxonomy":"product_cat","embeddable":true,"href":"https:\/\/www.evamatic.com\/sk\/wp-json\/wp\/v2\/product_cat?post=2710"},{"taxonomy":"product_tag","embeddable":true,"href":"https:\/\/www.evamatic.com\/sk\/wp-json\/wp\/v2\/product_tag?post=2710"}],"curies":[{"name":"wp","href":"https:\/\/api.w.org\/{rel}","templated":true}]}}