{"id":2648,"date":"2026-04-09T14:18:47","date_gmt":"2026-04-09T12:18:47","guid":{"rendered":"https:\/\/www.evamatic.at\/product\/kennzeichenhalter-pkw-oesterreich-530-schiebeverschluss-2\/"},"modified":"2026-05-05T14:02:42","modified_gmt":"2026-05-05T12:02:42","slug":"drziak-spz-auto-rakusko-530-posuvny-zamok-2","status":"publish","type":"product","link":"https:\/\/www.evamatic.com\/sk\/product\/kennzeichenhalter-pkw-oesterreich-530-schiebeverschluss-2\/","title":{"rendered":"Dr\u017eiak \u0160PZ osobn\u00e9ho auta Rak\u00fasko a Slovinsko 520\u00d7120 mm (530) \u2013 posuvn\u00e9 zatv\u00e1ranie"},"content":{"rendered":"<p><strong>Dr\u017eiak \u0160PZ auto Rak\u00fasko a Slovinsko Typ 530 s posuvn\u00fdm z\u00e1mkom pasuje na \u0160PZ 520\u00d7120 mm.<\/strong><\/p>\n<p>Dr\u017eiak registra\u010dnej zna\u010dky Evamatic typ 530 so syst\u00e9mom posuvn\u00e9ho z\u00e1mku pon\u00faka obzvl\u00e1\u0161\u0165 stabiln\u00e9, bezpe\u010dn\u00e9 a pohodln\u00e9 rie\u0161enie na mont\u00e1\u017e rak\u00faskych a slovinsk\u00fdch registra\u010dn\u00fdch zna\u010diek (520 \u00d7 120 mm). V\u010faka osved\u010den\u00e9mu posuvn\u00e9mu z\u00e1mku sa registra\u010dn\u00e9 zna\u010dky daj\u00fa r\u00fdchlo a nekomplikovane vlo\u017ei\u0165 a vymeni\u0165.<\/p>\n<p>V porovnan\u00ed s typom 526 m\u00e1 typ 530 v\u00e4\u010d\u0161iu hr\u00fabku materi\u00e1lu, \u010do zais\u0165uje e\u0161te v\u00e4\u010d\u0161iu stabilitu. Okrem toho dr\u017eiak pon\u00faka o nie\u010do v\u00e4\u010d\u0161iu reklamn\u00fa plochu, ktor\u00e1 poskytuje viac priestoru pre log\u00e1, slogany alebo reklamn\u00e9 posolstv\u00e1 a zvy\u0161uje vidite\u013enos\u0165.<br \/>\nDr\u017eiak eviden\u010dn\u00e9ho \u010d\u00edsla je vyroben\u00fd z flexibiln\u00e9ho, \u200b\u200btakmer nerozbitn\u00e9ho polypropyl\u00e9nu, optim\u00e1lne sa prisp\u00f4sob\u00ed kont\u00fare vozidla a spo\u013eahlivo zabra\u0148uje klepaniu. Je vhodn\u00fd pre osobn\u00e9 a n\u00e1kladn\u00e9 automobily a presved\u010d\u00ed decentn\u00fdm, kvalitn\u00fdm dizajnom, ktor\u00fd sa harmonicky za\u010dlen\u00ed do vzh\u013eadu vozidla.<\/p>\n<p>Typ 530 je <strong>Testovan\u00e9 T\u00dcV na \u00fa\u017eitkov\u00fa hodnotu, sp\u013a\u0148a v\u0161etky platn\u00e9 normy E\u00da a zodpoved\u00e1 s\u00fa\u010dasn\u00fdm legislat\u00edvnym predpisom. Zaoblen\u00e9 vonkaj\u0161ie hrany s minim\u00e1lnym polomerom 2,5 mm zais\u0165uj\u00fa maxim\u00e1lnu bezpe\u010dnos\u0165 a zna\u010dka je bez obmedzenia schv\u00e1len\u00e1 na pou\u017eitie v cestnej prem\u00e1vke.<\/strong><\/p>\n<p>V\u010faka individu\u00e1lnym mo\u017enostiam tla\u010de sa dr\u017eiak \u0160PZ typu 530 st\u00e1va trval\u00fdm a p\u00fatav\u00fdm nosi\u010dom reklamy \u2013 ide\u00e1lny pre autosal\u00f3ny, dielne, vozov\u00e9 parky, pois\u0165ovne alebo kluby.<\/p>\n<p>&nbsp;<\/p>\n<p><strong>Detaily produktu:<\/strong><\/p>\n<ul>\n<li>Dr\u017eiak eviden\u010dn\u00e9ho \u010d\u00edsla 530 \u2013 pre rak\u00faske a slovinsk\u00e9 eviden\u010dn\u00e9 \u010d\u00edsla D 520x V 120 mm<\/li>\n<li>Zap\u00ednanie: posuvn\u00e9 zap\u00ednanie<\/li>\n<li>Farba: \u010dierna<\/li>\n<li>Materi\u00e1l: Polypropyl\u00e9n<\/li>\n<li>Tla\u010dov\u00e9 varianty: netla\u010den\u00e9, sie\u0165otla\u010d, 4c digit\u00e1lna tla\u010d hodv\u00e1bny matn\u00fd, 4c digit\u00e1lna tla\u010d s povrchovou \u00fapravou z umelej \u017eivice\n<ul>\n<li><strong>Pri v\u0161etk\u00fdch 4c digit\u00e1lnych potla\u010diach je potla\u010d umiestnen\u00e1 v priehlbine dr\u017eiaka eviden\u010dn\u00e9ho \u010d\u00edsla, a preto je spo\u013eahlivo chr\u00e1nen\u00e1 pred po\u0161kriaban\u00edm, vplyvmi po\u010dasia a mechanick\u00fdm nam\u00e1han\u00edm \u2013 pre trvalo kvalitn\u00fa prezent\u00e1ciu zna\u010dky.<\/strong><\/li>\n<\/ul>\n<\/li>\n<\/ul>","protected":false},"excerpt":{"rendered":"<p>Kennzeichenhalter PKW \u00d6sterreich und Slowenien Type 530 mit Schiebeverschluss passen f\u00fcr Kennzeichengr\u00f6\u00dfe 520&#215;120 mm. Der Evamatic Kennzeichenhalter Type 530 mit Schiebeverschluss-System bietet eine besonders stabile, sichere und komfortable L\u00f6sung zur Montage von \u00f6sterreichischen und slowenischen Kennzeichen (520 \u00d7 120 mm). Durch den bew\u00e4hrten Schiebeverschluss lassen sich Kennzeichen schnell und unkompliziert einsetzen und wechseln. Im Vergleich [&hellip;]<\/p>\n","protected":false},"featured_media":4449,"template":"","meta":{"_acf_changed":false},"product_brand":[],"product_cat":[200,205],"product_tag":[],"class_list":{"0":"post-2648","1":"product","2":"type-product","3":"status-publish","4":"has-post-thumbnail","6":"product_cat-kennzeichenhalter-oesterreich-slowenien","7":"product_cat-pkw-lkw-520x120-mm","8":"pa_druckvariante-siebdruck-einfaerbig-silber","9":"pa_druckvariante-4c-druck-seidenmatt","10":"pa_druckvariante-4c-druck-mit-kunstharzbeschichtung","11":"pa_druckvariante-4c-druck-mit-kunstharzbeschichtung-silber-hochglanz","12":"pa_druckvariante-4c-druck-mit-kunstharzbeschichtung-reflektierend","13":"pa_druckvariante-4c-druck-mit-kunstharzbeschichtung-silber-matt","14":"pa_druckvariante-unbedruckt","15":"pa_druckvariante-siebdruck-einfaerbig-weiss","16":"pa_menge-98","17":"pa_menge-99","18":"pa_menge-100","19":"pa_menge-101","20":"pa_menge-102","21":"pa_menge-103","22":"pa_menge-93","23":"pa_menge-104","24":"pa_menge-94","25":"pa_menge-105","26":"pa_menge-95","27":"pa_menge-106","28":"pa_menge-96","29":"pa_menge-107","30":"pa_menge-97","31":"pa_menge-132","33":"first","34":"instock","35":"taxable","36":"shipping-taxable","37":"purchasable","38":"product-type-variable"},"exclude_global_add_ons":false,"addons":[{"name":"Nahra\u0165 tla\u010dov\u00fd s\u00fabor","type":"file_upload","position":0,"required":false,"title_format":"label","default":"","description_enable":false,"description":"Bitte laden Sie hier die Druckdatei (Bild) hoch.","placeholder_enable":false,"placeholder":"","display":"select","restrictions_type":"any_text","adjust_price":false,"price":"","price_type":"flat_fee","restrictions":false,"min":"0","max":"0","options":[],"id":1776081863},{"name":"\u00a0","type":"checkbox","position":1,"required":false,"title_format":"label","default":"","description_enable":true,"description":"Nechajte dizajn na profesion\u00e1lov! Sta\u010d\u00ed n\u00e1m pohodlne posla\u0165 svoje \u017eelania, log\u00e1, texty a preferovan\u00e9 p\u00edsma e-mailom alebo prostredn\u00edctvom na\u0161ej nahr\u00e1vacej funkcie. N\u00e1\u0161 sk\u00fasen\u00fd grafick\u00fd t\u00edm v\u00e1m vytvor\u00ed a\u017e 3 individu\u00e1lne n\u00e1vrhy dizajnu, dokonale prisp\u00f4soben\u00e9 va\u0161im po\u017eiadavk\u00e1m.","placeholder_enable":false,"placeholder":"","display":"select","restrictions_type":"any_text","adjust_price":false,"price":"","price_type":"flat_fee","restrictions":false,"min":"0","max":"0","options":[{"label":"Professionelle Layouterstellung durch unsere Grafikabteilung","price":"35","price_type":"flat_fee","image":0,"visibility":true}],"id":1775653837}],"acf":[],"_links":{"self":[{"href":"https:\/\/www.evamatic.com\/sk\/wp-json\/wp\/v2\/product\/2648","targetHints":{"allow":["GET"]}}],"collection":[{"href":"https:\/\/www.evamatic.com\/sk\/wp-json\/wp\/v2\/product"}],"about":[{"href":"https:\/\/www.evamatic.com\/sk\/wp-json\/wp\/v2\/types\/product"}],"wp:featuredmedia":[{"embeddable":true,"href":"https:\/\/www.evamatic.com\/sk\/wp-json\/wp\/v2\/media\/4449"}],"wp:attachment":[{"href":"https:\/\/www.evamatic.com\/sk\/wp-json\/wp\/v2\/media?parent=2648"}],"wp:term":[{"taxonomy":"product_brand","embeddable":true,"href":"https:\/\/www.evamatic.com\/sk\/wp-json\/wp\/v2\/product_brand?post=2648"},{"taxonomy":"product_cat","embeddable":true,"href":"https:\/\/www.evamatic.com\/sk\/wp-json\/wp\/v2\/product_cat?post=2648"},{"taxonomy":"product_tag","embeddable":true,"href":"https:\/\/www.evamatic.com\/sk\/wp-json\/wp\/v2\/product_tag?post=2648"}],"curies":[{"name":"wp","href":"https:\/\/api.w.org\/{rel}","templated":true}]}}