{"id":2591,"date":"2026-04-09T14:18:44","date_gmt":"2026-04-09T12:18:44","guid":{"rendered":"https:\/\/www.evamatic.at\/product\/kennzeichenhalter-pkw-oesterreich-526-schiebeverschluss-2\/"},"modified":"2026-05-05T14:03:20","modified_gmt":"2026-05-05T12:03:20","slug":"drziak-evidencneho-cisla-pre-osobne-automobily-rakusko-526-posuvny-zamok-2","status":"publish","type":"product","link":"https:\/\/www.evamatic.com\/sk\/product\/kennzeichenhalter-pkw-oesterreich-526-schiebeverschluss-2\/","title":{"rendered":"Dr\u017eiak \u0160PZ PKW Rak\u00fasko a Slovinsko 520\u00d7120 mm (526) \u2013 posuvn\u00fd uz\u00e1ver"},"content":{"rendered":"<p><strong>Dr\u017eiak eviden\u010dn\u00e9ho \u010d\u00edsla automobilu Rak\u00fasko a Slovinsko typ 526 s posuvn\u00fdm uz\u00e1verom pasuje na eviden\u010dn\u00e9 \u010d\u00edsla ve\u013ekosti 520\u00d7120 mm.<\/strong><\/p>\n<p>Dr\u017eiak eviden\u010dn\u00fdch \u010d\u00edsel Evamatic typu 526 so zas\u00favac\u00edm syst\u00e9mom pon\u00faka bezpe\u010dn\u00e9, r\u00fdchle a pohodln\u00e9 rie\u0161enie na mont\u00e1\u017e rak\u00faskych a slovinsk\u00fdch eviden\u010dn\u00fdch \u010d\u00edsel (520 \u00d7 120 mm). V\u010faka inovat\u00edvnemu zas\u00favaciemu mechanizmu sa eviden\u010dn\u00e9 \u010d\u00edsla daj\u00fa \u013eahko vlo\u017ei\u0165. Dr\u017eiak eviden\u010dn\u00fdch \u010d\u00edsel je vyroben\u00fd z pru\u017en\u00e9ho, takmer nerozbitn\u00e9ho materi\u00e1lu (polypropyl\u00e9nu) a prisp\u00f4sobuje sa kont\u00fare vozidla bez toho, aby sp\u00f4soboval klepotav\u00e9 zvuky. S\u00fa vhodn\u00e9 pre osobn\u00e9 aj n\u00e1kladn\u00e9 vozidl\u00e1 a v\u010faka decentn\u00e9mu dizajnu zapadaj\u00fa do obrazu vozidla.<\/p>\n<p>Dr\u017eiak \u0160PZ 526 je <strong>Testovan\u00e9 T\u00dcV na \u00fa\u017eitkov\u00fa hodnotu, sp\u013a\u0148a v\u0161etky platn\u00e9 normy E\u00da a zodpoved\u00e1 s\u00fa\u010dasn\u00fdm legislat\u00edvnym predpisom. Zaoblen\u00e9 vonkaj\u0161ie hrany s minim\u00e1lnym polomerom 2,5 mm zais\u0165uj\u00fa maxim\u00e1lnu bezpe\u010dnos\u0165 a zna\u010dka je bez obmedzenia schv\u00e1len\u00e1 na pou\u017eitie v cestnej prem\u00e1vke.<\/strong><\/p>\n<p>V\u010faka individu\u00e1lnym variantom tla\u010de s logom alebo reklamnou spr\u00e1vou sa dr\u017eiak na eviden\u010dn\u00e9 \u010d\u00edsla st\u00e1va trval\u00fdm a p\u00fatav\u00fdm nosi\u010dom reklamy \u2013 ide\u00e1lny pre autosal\u00f3ny, dielne, flotily vozidiel, pois\u0165ovne alebo kluby.<\/p>\n<p><strong>Detaily produktu:<\/strong><\/p>\n<ul>\n<li>Dr\u017eiak eviden\u010dn\u00e9ho \u010d\u00edsla 526 \u2013 pre rak\u00faske a slovinsk\u00e9 eviden\u010dn\u00e9 \u010d\u00edsla \u0160 520x V 120 mm<\/li>\n<li>Zap\u00ednanie: posuvn\u00e9 zap\u00ednanie<\/li>\n<li>Farba: \u010dierna<\/li>\n<li>Materi\u00e1l: Polypropyl\u00e9n<\/li>\n<li>Tla\u010dov\u00e9 varianty: netla\u010den\u00e9, sie\u0165otla\u010d, 4c digit\u00e1lna tla\u010d hodv\u00e1bny matn\u00fd, 4c digit\u00e1lna tla\u010d s povrchovou \u00fapravou z umelej \u017eivice\n<ul>\n<li><strong>Pri v\u0161etk\u00fdch 4c digit\u00e1lnych potla\u010diach je potla\u010d umiestnen\u00e1 v priehlbine dr\u017eiaka eviden\u010dn\u00e9ho \u010d\u00edsla, a preto je spo\u013eahlivo chr\u00e1nen\u00e1 pred po\u0161kriaban\u00edm, vplyvmi po\u010dasia a mechanick\u00fdm nam\u00e1han\u00edm \u2013 pre trvalo kvalitn\u00fa prezent\u00e1ciu zna\u010dky.<\/strong><\/li>\n<\/ul>\n<\/li>\n<\/ul>","protected":false},"excerpt":{"rendered":"<p>Kennzeichenhalter PKW \u00d6sterreich und Slowenien Type 526 mit Schiebeverschluss passen f\u00fcr Kennzeichengr\u00f6\u00dfe 520&#215;120 mm. Der Evamatic Kennzeichenhalter Type 526 mit Schiebeverschluss System bieten eine sichere, schnelle und komfortable L\u00f6sung zur Montage von \u00f6sterreichischen und slowenischen Kennzeichen (520 \u00d7 120 mm). Dank innovativem Schiebeverschluss lassen sich Kennzeichen m\u00fchelos einlegen. Der Kennzeichenhalter ist aus flexiblem, nahezu bruchfestem [&hellip;]<\/p>\n","protected":false},"featured_media":4448,"template":"","meta":{"_acf_changed":false},"product_brand":[],"product_cat":[200,205],"product_tag":[],"class_list":{"0":"post-2591","1":"product","2":"type-product","3":"status-publish","4":"has-post-thumbnail","6":"product_cat-kennzeichenhalter-oesterreich-slowenien","7":"product_cat-pkw-lkw-520x120-mm","8":"pa_druckvariante-4c-druck-mit-kunstharzbeschichtung-silber-hochglanz","9":"pa_druckvariante-4c-druck-mit-kunstharzbeschichtung-reflektierend","10":"pa_druckvariante-4c-druck-mit-kunstharzbeschichtung-silber-matt","11":"pa_druckvariante-unbedruckt","12":"pa_druckvariante-siebdruck-einfaerbig-weiss","13":"pa_druckvariante-siebdruck-einfaerbig-silber","14":"pa_druckvariante-4c-druck-seidenmatt","15":"pa_druckvariante-4c-druck-mit-kunstharzbeschichtung","16":"pa_menge-101","17":"pa_menge-102","18":"pa_menge-93","19":"pa_menge-94","20":"pa_menge-95","21":"pa_menge-96","22":"pa_menge-97","23":"pa_menge-98","24":"pa_menge-99","25":"pa_menge-100","27":"first","28":"instock","29":"taxable","30":"shipping-taxable","31":"purchasable","32":"product-type-variable"},"exclude_global_add_ons":false,"addons":[{"name":"Nahra\u0165 tla\u010dov\u00fd s\u00fabor","type":"file_upload","position":0,"required":false,"title_format":"label","default":"","description_enable":false,"description":"Bitte laden Sie hier die Druckdatei (Bild) hoch.","placeholder_enable":false,"placeholder":"","display":"select","restrictions_type":"any_text","adjust_price":false,"price":"","price_type":"flat_fee","restrictions":false,"min":"0","max":"0","options":[],"id":1776081863},{"name":"\u00a0","type":"checkbox","position":1,"required":false,"title_format":"label","default":"","description_enable":true,"description":"Nechajte dizajn na profesion\u00e1lov! Sta\u010d\u00ed n\u00e1m pohodlne posla\u0165 svoje \u017eelania, log\u00e1, texty a preferovan\u00e9 p\u00edsma e-mailom alebo prostredn\u00edctvom na\u0161ej nahr\u00e1vacej funkcie. N\u00e1\u0161 sk\u00fasen\u00fd grafick\u00fd t\u00edm v\u00e1m vytvor\u00ed a\u017e 3 individu\u00e1lne n\u00e1vrhy dizajnu, dokonale prisp\u00f4soben\u00e9 va\u0161im po\u017eiadavk\u00e1m.","placeholder_enable":false,"placeholder":"","display":"select","restrictions_type":"any_text","adjust_price":false,"price":"","price_type":"flat_fee","restrictions":false,"min":"0","max":"0","options":[{"label":"Professionelle Layouterstellung durch unsere Grafikabteilung","price":"35","price_type":"flat_fee","image":0,"visibility":true}],"id":1775653837}],"acf":[],"_links":{"self":[{"href":"https:\/\/www.evamatic.com\/sk\/wp-json\/wp\/v2\/product\/2591","targetHints":{"allow":["GET"]}}],"collection":[{"href":"https:\/\/www.evamatic.com\/sk\/wp-json\/wp\/v2\/product"}],"about":[{"href":"https:\/\/www.evamatic.com\/sk\/wp-json\/wp\/v2\/types\/product"}],"wp:featuredmedia":[{"embeddable":true,"href":"https:\/\/www.evamatic.com\/sk\/wp-json\/wp\/v2\/media\/4448"}],"wp:attachment":[{"href":"https:\/\/www.evamatic.com\/sk\/wp-json\/wp\/v2\/media?parent=2591"}],"wp:term":[{"taxonomy":"product_brand","embeddable":true,"href":"https:\/\/www.evamatic.com\/sk\/wp-json\/wp\/v2\/product_brand?post=2591"},{"taxonomy":"product_cat","embeddable":true,"href":"https:\/\/www.evamatic.com\/sk\/wp-json\/wp\/v2\/product_cat?post=2591"},{"taxonomy":"product_tag","embeddable":true,"href":"https:\/\/www.evamatic.com\/sk\/wp-json\/wp\/v2\/product_tag?post=2591"}],"curies":[{"name":"wp","href":"https:\/\/api.w.org\/{rel}","templated":true}]}}