{"id":1862,"date":"2026-03-20T11:22:05","date_gmt":"2026-03-20T10:22:05","guid":{"rendered":"http:\/\/www.evamatic.at\/?page_id=1862"},"modified":"2026-04-19T16:55:05","modified_gmt":"2026-04-19T14:55:05","slug":"dodanie-a-preprava","status":"publish","type":"page","link":"https:\/\/www.evamatic.com\/sk\/lieferung-und-versand\/","title":{"rendered":"Dodanie a doprava"},"content":{"rendered":"<div data-elementor-type=\"wp-page\" data-elementor-id=\"1862\" class=\"elementor elementor-1862\" data-elementor-post-type=\"page\">\n\t\t\t\t<div class=\"elementor-element elementor-element-f116383 e-flex e-con-boxed e-con e-parent\" data-id=\"f116383\" data-element_type=\"container\" data-e-type=\"container\" data-settings=\"{&quot;background_background&quot;:&quot;gradient&quot;}\">\n\t\t\t\t\t<div class=\"e-con-inner\">\n\t\t<div class=\"elementor-element elementor-element-be4351c e-con-full e-flex e-con e-child\" data-id=\"be4351c\" data-element_type=\"container\" data-e-type=\"container\">\n\t\t\t\t<div class=\"elementor-element elementor-element-28e617b elementor-widget elementor-widget-heading\" data-id=\"28e617b\" data-element_type=\"widget\" data-e-type=\"widget\" data-widget_type=\"heading.default\">\n\t\t\t\t\t<h2 class=\"elementor-heading-title elementor-size-default\">Doru\u010denie a doprava<\/h2>\t\t\t\t<\/div>\n\t\t\t\t<div class=\"elementor-element elementor-element-20d1fb3 elementor-invisible elementor-widget elementor-widget-heading\" data-id=\"20d1fb3\" data-element_type=\"widget\" data-e-type=\"widget\" data-settings=\"{&quot;_animation&quot;:&quot;fadeInUp&quot;,&quot;_animation_delay&quot;:250}\" data-widget_type=\"heading.default\">\n\t\t\t\t\t<h4 class=\"elementor-heading-title elementor-size-default\">Relevantn\u00e9 inform\u00e1cie a \u010dasto kladen\u00e9 ot\u00e1zky t\u00fdkaj\u00face sa dodania a dopravy na prv\u00fd poh\u013ead.\n\n\n\n<\/h4>\t\t\t\t<\/div>\n\t\t\t\t<\/div>\n\t\t\t\t\t<\/div>\n\t\t\t\t<\/div>\n\t\t<div class=\"elementor-element elementor-element-6964ee1 e-flex e-con-boxed e-con e-parent\" data-id=\"6964ee1\" data-element_type=\"container\" data-e-type=\"container\">\n\t\t\t\t\t<div class=\"e-con-inner\">\n\t\t\t\t<div class=\"elementor-element elementor-element-159d36d elementor-widget elementor-widget-text-editor\" data-id=\"159d36d\" data-element_type=\"widget\" data-e-type=\"widget\" data-widget_type=\"text-editor.default\">\n\t\t\t\t\t\t\t\t\t<p data-start=\"223\" data-end=\"382\">\u00a0<\/p><p data-start=\"223\" data-end=\"382\">Na\u0161e produkty dod\u00e1vame spo\u013eahlivo a v\u010das. Dodacia lehota z\u00e1vis\u00ed od konkr\u00e9tneho produktu, ako aj od zvolen\u00e9ho vyhotovenia a druhu tla\u010de.<\/p><p data-start=\"384\" data-end=\"422\">N\u00e1\u0161 sortiment zah\u0155\u0148a okrem in\u00e9ho:<\/p><ul data-start=\"423\" data-end=\"539\"><li data-start=\"423\" data-end=\"446\"><p data-start=\"425\" data-end=\"446\"><strong data-start=\"425\" data-end=\"446\">Dr\u017eiak eviden\u010dn\u00e9ho \u010d\u00edsla<\/strong><\/p><\/li><li data-start=\"481\" data-end=\"506\"><p data-start=\"483\" data-end=\"506\"><strong data-start=\"483\" data-end=\"506\">\u0160t\u00edty a displeje<\/strong><\/p><\/li><li data-start=\"507\" data-end=\"539\"><p data-start=\"509\" data-end=\"539\"><strong data-start=\"509\" data-end=\"539\">N\u00e1pisy a n\u00e1lepky<\/strong><\/p><\/li><li><strong data-start=\"449\" data-end=\"480\">Organiz\u00e1cia k\u013e\u00fa\u010dov (AUT)<\/strong><\/li><\/ul><p>\u00a0<\/p>\t\t\t\t\t\t\t\t<\/div>\n\t\t\t\t\t<\/div>\n\t\t\t\t<\/div>\n\t\t<div class=\"elementor-element elementor-element-483cd10 e-flex e-con-boxed e-con e-parent\" data-id=\"483cd10\" data-element_type=\"container\" data-e-type=\"container\">\n\t\t\t\t\t<div class=\"e-con-inner\">\n\t\t\t\t<div class=\"elementor-element elementor-element-58fc854 elementor-widget elementor-widget-heading\" data-id=\"58fc854\" data-element_type=\"widget\" data-e-type=\"widget\" data-widget_type=\"heading.default\">\n\t\t\t\t\t<h3 class=\"elementor-heading-title elementor-size-default\">Dodacie lehoty<\/h3>\t\t\t\t<\/div>\n\t\t\t\t<div class=\"elementor-element elementor-element-6aa573b elementor-widget elementor-widget-text-editor\" data-id=\"6aa573b\" data-element_type=\"widget\" data-e-type=\"widget\" data-widget_type=\"text-editor.default\">\n\t\t\t\t\t\t\t\t\t<p><strong>Nepotla\u010den\u00e9 dr\u017eiaky E\u010cV<\/strong><\/p><ul><li><p>ca. <strong>5 pracovn\u00fdch dn\u00ed<\/strong><\/p><\/li><\/ul><p><strong>4-farebn\u00e1 tla\u010d (digit\u00e1lna tla\u010d)<\/strong><\/p><ul><li><p>ca. <strong>10\u201314 dn\u00ed<\/strong><\/p><\/li><\/ul><p><strong>S\u00edtotla\u010d<\/strong><\/p><ul><li><p>ca. <strong>3\u20134 t\u00fd\u017edne<\/strong><\/p><\/li><\/ul><p><em>Lehota dodania za\u010d\u00edna plyn\u00fa\u0165 od prijatia platby. Pri individu\u00e1lne vyroben\u00fdch produktoch m\u00f4\u017eu nasta\u0165 odch\u00fdlky z d\u00f4vodov v\u00fdrobnej technol\u00f3gie.<\/em><\/p><p>\u00a0<\/p>\t\t\t\t\t\t\t\t<\/div>\n\t\t\t\t\t<\/div>\n\t\t\t\t<\/div>\n\t\t<div class=\"elementor-element elementor-element-dfb2575 e-flex e-con-boxed e-con e-parent\" data-id=\"dfb2575\" data-element_type=\"container\" data-e-type=\"container\">\n\t\t\t\t\t<div class=\"e-con-inner\">\n\t\t\t\t<div class=\"elementor-element elementor-element-9bc9d89 elementor-widget elementor-widget-heading\" data-id=\"9bc9d89\" data-element_type=\"widget\" data-e-type=\"widget\" data-widget_type=\"heading.default\">\n\t\t\t\t\t<h3 class=\"elementor-heading-title elementor-size-default\">Po\u0161tovn\u00e9 a dodacie oblasti<\/h3>\t\t\t\t<\/div>\n\t\t\t\t<div class=\"elementor-element elementor-element-c7216dc elementor-widget elementor-widget-text-editor\" data-id=\"c7216dc\" data-element_type=\"widget\" data-e-type=\"widget\" data-widget_type=\"text-editor.default\">\n\t\t\t\t\t\t\t\t\t<p data-start=\"58\" data-end=\"228\">Dod\u00e1vame do Rak\u00faska, Nemecka, \u0160vaj\u010diarska, ako aj do USA. Mo\u017en\u00e9 s\u00fa aj dod\u00e1vky v r\u00e1mci Eur\u00f3pskej \u00fanie v r\u00e1mci Spolo\u010denstva.<\/p>\n<h4><img decoding=\"async\" draggable=\"false\" role=\"img\" class=\"emoji\" alt=\"\ud83c\udde6\ud83c\uddf9\" src=\"https:\/\/s.w.org\/images\/core\/emoji\/17.0.2\/svg\/1f1e6-1f1f9.svg\" title=\"\"> Rak\u00fasko<\/h4>\n<ul>\n<li>\n<p><strong>N\u00e1klady na doru\u010denie<\/strong> \u20ac <strong>9,90<\/strong><\/p>\n<\/li>\n<li>\n<p><strong>Zdarma, v cene<\/strong> od hodnoty objedn\u00e1vky <strong>250,\u2013 \u20ac<\/strong><\/p>\n<\/li>\n<li>\n<p><strong>Dodacia lehota:<\/strong> pod\u013ea produktu a typu tla\u010de&nbsp;<\/p>\n<\/li>\n<\/ul>\n<h4>&nbsp;<\/h4>\n<h4><img decoding=\"async\" draggable=\"false\" role=\"img\" class=\"emoji\" alt=\"Nem\u010dina\" src=\"https:\/\/s.w.org\/images\/core\/emoji\/17.0.2\/svg\/1f1e9-1f1ea.svg\" title=\"\"> Nemecko<\/h4>\n<ul>\n<li>\n<p><strong>N\u00e1klady na doru\u010denie<\/strong> \u20ac <strong>19,90<\/strong><\/p>\n<\/li>\n<li>\n<p><strong>Zdarma, v cene<\/strong> od hodnoty objedn\u00e1vky <strong>\u20ac 400,\u2013<\/strong><\/p>\n<\/li>\n<li>\n<p><strong>Dodacia lehota:<\/strong> v z\u00e1vislosti od produktu a typu tla\u010de<\/p>\n<\/li>\n<\/ul>\n<p><em>Pre jednotliv\u00e9 produkty nie je mo\u017en\u00e1 preprava do Nemecka. V takomto pr\u00edpade sa to zobraz\u00ed v procese objedn\u00e1vky.<\/em><\/p>\n<h4><img decoding=\"async\" draggable=\"false\" role=\"img\" class=\"emoji\" alt=\"\u0160vaj\u010diarsko\" src=\"https:\/\/s.w.org\/images\/core\/emoji\/17.0.2\/svg\/1f1e8-1f1ed.svg\" title=\"\"> \u0160vaj\u010diarsko<\/h4>\n<p><em>\u010ci je mo\u017en\u00e1 doprava do \u0160vaj\u010diarska, je uveden\u00e9 v pr\u00edslu\u0161nom produkte alebo v procese objedn\u00e1vky.<br><span style=\"font-weight: 400;\">Inform\u00e1cie o prepravn\u00fdch n\u00e1kladoch do \u0160vaj\u010diarska n\u00e1jdete v kalkula\u010dke prepravn\u00fdch n\u00e1kladov vo webshope. Upozor\u0148ujeme, \u017ee sa m\u00f4\u017eu \u00fa\u010dtova\u0165 coln\u00e9 alebo dovozn\u00e9 poplatky. Pre coln\u00e9 vybavenie do \u0160vaj\u010diarska je \u010d\u00edslo DI nevyhnutne potrebn\u00e9.<\/span><\/em><\/p>\n<h4 data-start=\"793\" data-end=\"817\"><img decoding=\"async\" draggable=\"false\" role=\"img\" class=\"emoji\" alt=\"\ud83c\uddea\ud83c\uddfa\" src=\"https:\/\/s.w.org\/images\/core\/emoji\/17.0.2\/svg\/1f1ea-1f1fa.svg\" title=\"\"> Eur\u00f3pska \u00fania<\/h4>\n<p data-start=\"819\" data-end=\"874\"><span style=\"font-weight: 400;\">Dod\u00e1vky do in\u00fdch \u010dlensk\u00fdch \u0161t\u00e1tov E\u00da s\u00fa tie\u017e mo\u017en\u00e9.<\/span><\/p><p data-start=\"819\" data-end=\"874\"><span style=\"font-weight: 400;\">N\u00e1klady na dopravu s\u00fa na vy\u017eiadanie alebo ich n\u00e1jdete v kalkula\u010dke prepravn\u00fdch n\u00e1kladov na webshope.<\/span><\/p>\n<h4 data-start=\"792\" data-end=\"802\"><img decoding=\"async\" draggable=\"false\" role=\"img\" class=\"emoji\" alt=\"Spojen\u00e9 \u0161t\u00e1ty americk\u00e9\" src=\"https:\/\/s.w.org\/images\/core\/emoji\/17.0.2\/svg\/1f1fa-1f1f8.svg\" title=\"\"> USA<\/h4>\n<p data-start=\"804\" data-end=\"832\">Radi V\u00e1m ozn\u00e1mime n\u00e1klady na dopravu do USA na vy\u017eiadanie. Upozor\u0148ujeme, \u017ee m\u00f4\u017eu by\u0165 \u00fa\u010dtovan\u00e9 coln\u00e9 alebo dovozn\u00e9 poplatky.<\/p>\n<p data-start=\"804\" data-end=\"832\">\n<\/p>\t\t\t\t\t\t\t\t<\/div>\n\t\t\t\t\t<\/div>\n\t\t\t\t<\/div>\n\t\t<div class=\"elementor-element elementor-element-33db644 e-flex e-con-boxed e-con e-parent\" data-id=\"33db644\" data-element_type=\"container\" data-e-type=\"container\">\n\t\t\t\t\t<div class=\"e-con-inner\">\n\t\t\t\t<div class=\"elementor-element elementor-element-5646282 elementor-widget elementor-widget-heading\" data-id=\"5646282\" data-element_type=\"widget\" data-e-type=\"widget\" data-widget_type=\"heading.default\">\n\t\t\t\t\t<h3 class=\"elementor-heading-title elementor-size-default\">D\u00f4le\u017eit\u00e9 upozornenia<\/h3>\t\t\t\t<\/div>\n\t\t\t\t<div class=\"elementor-element elementor-element-24231ff elementor-widget elementor-widget-text-editor\" data-id=\"24231ff\" data-element_type=\"widget\" data-e-type=\"widget\" data-widget_type=\"text-editor.default\">\n\t\t\t\t\t\t\t\t\t<ul><li><p>Objedn\u00e1vky sa sprac\u00favaj\u00fa v pracovn\u00e9 dni.<\/p><\/li><li><p>Po\u010das v\u00edkendov a sviatkov sa nedoru\u010duje.<\/p><\/li><li><p>Pros\u00edm, dbajte na spr\u00e1vne uvedenie va\u0161ej dodacej adresy.<\/p><\/li><\/ul><p>V pr\u00edpade ot\u00e1zok t\u00fdkaj\u00facich sa dodacej lehoty, dopravy alebo \u0161peci\u00e1lnych rie\u0161en\u00ed <a href=\"\/sk\/kontakt\/\"><strong>Radi n\u00e1s kontaktujte<\/strong><\/a> \u2013 pom\u00f4\u017eeme v\u00e1m osobne.<\/p>\t\t\t\t\t\t\t\t<\/div>\n\t\t\t\t\t<\/div>\n\t\t\t\t<\/div>\n\t\t\t\t<\/div>","protected":false},"excerpt":{"rendered":"<p>Lieferung &amp; Versand Relevante Informationen und h\u00e4ufige Fragen zu Lieferung &amp; Versand auf einen Blick. \u00a0 Wir liefern unsere Produkte zuverl\u00e4ssig und termingerecht. Die Lieferzeit richtet sich nach dem jeweiligen Produkt sowie der gew\u00e4hlten Ausf\u00fchrung und Druckart. Unser Sortiment umfasst unter anderem: Kennzeichenhalter Schilder &amp; Displays Beschriftungen &amp; Aufkleber Schl\u00fcsselorganisation (AUT) \u00a0 Lieferzeiten Unbedruckte Kennzeichenhalter [&hellip;]<\/p>\n","protected":false},"author":1,"featured_media":0,"parent":0,"menu_order":0,"comment_status":"closed","ping_status":"closed","template":"","meta":{"_acf_changed":false,"footnotes":""},"class_list":["post-1862","page","type-page","status-publish","hentry"],"acf":[],"_links":{"self":[{"href":"https:\/\/www.evamatic.com\/sk\/wp-json\/wp\/v2\/pages\/1862","targetHints":{"allow":["GET"]}}],"collection":[{"href":"https:\/\/www.evamatic.com\/sk\/wp-json\/wp\/v2\/pages"}],"about":[{"href":"https:\/\/www.evamatic.com\/sk\/wp-json\/wp\/v2\/types\/page"}],"author":[{"embeddable":true,"href":"https:\/\/www.evamatic.com\/sk\/wp-json\/wp\/v2\/users\/1"}],"replies":[{"embeddable":true,"href":"https:\/\/www.evamatic.com\/sk\/wp-json\/wp\/v2\/comments?post=1862"}],"version-history":[{"count":10,"href":"https:\/\/www.evamatic.com\/sk\/wp-json\/wp\/v2\/pages\/1862\/revisions"}],"predecessor-version":[{"id":3972,"href":"https:\/\/www.evamatic.com\/sk\/wp-json\/wp\/v2\/pages\/1862\/revisions\/3972"}],"wp:attachment":[{"href":"https:\/\/www.evamatic.com\/sk\/wp-json\/wp\/v2\/media?parent=1862"}],"curies":[{"name":"wp","href":"https:\/\/api.w.org\/{rel}","templated":true}]}}