{"id":3144,"date":"2026-04-09T14:19:08","date_gmt":"2026-04-09T12:19:08","guid":{"rendered":"https:\/\/www.evamatic.at\/product\/kunden-info-box-2\/"},"modified":"2026-04-22T09:49:48","modified_gmt":"2026-04-22T07:49:48","slug":"caseta-de-informatii-pentru-clienti-2","status":"publish","type":"product","link":"https:\/\/www.evamatic.com\/ro\/product\/kunden-info-box-2\/","title":{"rendered":"Informa\u021bii pentru clien\u021bi Cutie DIN A4 \/ DIN A6"},"content":{"rendered":"<p><strong>Organizare pliante pentru flutura\u0219i, bro\u0219uri, fi\u0219e de pre\u021buri DIN A4 sau DIN A6<\/strong><\/p>\n<p>Cu solu\u021biile noastre de organizare a bro\u0219urilor, pute\u021bi prezenta bro\u0219urile, pliantele \u0219i materialele informative \u00een mod clar, vizibil \u0219i profesional. Fie \u00een vehicule, zone de recep\u021bie, zone de a\u0219teptare, standuri expozi\u021bionale, birouri sau s\u0103li de v\u00e2nz\u0103ri - materialele informative bine organizate sunt observate \u0219i utilizate mai rapid. suporturile noastre pentru bro\u0219uri sunt versatile, robuste \u0219i fabricate din materiale de \u00eenalt\u0103 calitate. Acestea ofer\u0103 spa\u021biu suficient pentru formate DIN, cum ar fi A4 sau A6, precum \u0219i op\u021biuni flexibile de montare - de la perete la mas\u0103 \u0219i la utilizare mobil\u0103.<\/p>\n<p>&nbsp;<\/p>\n<p><strong>Avantaje:<\/strong><\/p>\n<ul>\n<li>Prezentarea clar\u0103 a bro\u0219urilor \u0219i pliantelor dvs.<\/li>\n<li>Acces u\u0219or pentru clien\u021bi \u0219i vizitatori<\/li>\n<li>Robust \u0219i durabil - ideal pentru zonele cu trafic intens<\/li>\n<li>Op\u021biuni de montare versatile: pe vehicul, pe perete, pe mas\u0103 sau independent<\/li>\n<li>Potrivit pentru DIN A4 sau DIN A6<\/li>\n<\/ul>\n<p>&nbsp;<\/p>\n<p><strong>Domenii de aplicare:<\/strong><\/p>\n<ul>\n<li>Prezentarea vehiculului<\/li>\n<li>Zone de recep\u021bie \u0219i de a\u0219teptare<\/li>\n<li>T\u00e2rguri comerciale \u0219i evenimente<\/li>\n<li>Birouri, s\u0103li de v\u00e2nz\u0103ri \u0219i showroom<\/li>\n<li>Standuri de informare \u0219i recep\u021bii<\/li>\n<li>Autorit\u0103\u021bi, cabinete \u0219i s\u0103li de instruire<\/li>\n<\/ul>\n<p>&nbsp;<\/p>\n<p><strong>Detalii despre produs:<\/strong><\/p>\n<ul>\n<li>Material: sticl\u0103 acrilic\u0103 de 3 mm Spate: material PET incasabil<\/li>\n<li>Culoare: negru\/transparent<\/li>\n<li>Caracteristici speciale: capac cu \u00eenchidere automat\u0103, volum mare de depozitare, f\u0103r\u0103 deschidere posibil\u0103 \u00een timpul furtunilor, g\u0103uri de ventila\u021bie pentru a preveni condensul, pentru utilizare \u00een interior \u0219i \u00een exterior<\/li>\n<\/ul>","protected":false},"excerpt":{"rendered":"<p>Prospektorganisation f\u00fcr Flyer, Brosch\u00fcren Preisbl\u00e4tter DIN A4 oder DIN A6 Mit unseren Prospektorganisation-L\u00f6sungen pr\u00e4sentieren Sie Brosch\u00fcren, Flyer und Informationsmaterial \u00fcbersichtlich, gut sichtbar und professionell. Ob am Fahrzeug, in Empfangsbereichen, Wartezonen, Messest\u00e4nden, B\u00fcro oder Verkaufsr\u00e4umen \u2013 gut organisierte Informationsmaterialien werden schneller wahrgenommen und genutzt.Unsere Prospekthalter sind vielseitig einsetzbar, robust und aus hochwertigen Materialien gefertigt. Sie bieten [&hellip;]<\/p>\n","protected":false},"featured_media":726,"template":"","meta":{"_acf_changed":false},"product_brand":[],"product_cat":[89],"product_tag":[],"class_list":{"0":"post-3144","1":"product","2":"type-product","3":"status-publish","4":"has-post-thumbnail","6":"product_cat-kunden-infoboxen","7":"pa_groesse-din-a4","8":"pa_groesse-din-a6","9":"pa_menge-93","10":"pa_menge-196","11":"pa_menge-94","12":"pa_menge-95","13":"pa_menge-113","14":"pa_menge-123","15":"pa_menge-191","16":"pa_menge-192","17":"pa_menge-193","18":"pa_menge-194","19":"pa_menge-195","21":"first","22":"instock","23":"taxable","24":"shipping-taxable","25":"purchasable","26":"product-type-variable"},"exclude_global_add_ons":[],"addons":[],"acf":[],"_links":{"self":[{"href":"https:\/\/www.evamatic.com\/ro\/wp-json\/wp\/v2\/product\/3144","targetHints":{"allow":["GET"]}}],"collection":[{"href":"https:\/\/www.evamatic.com\/ro\/wp-json\/wp\/v2\/product"}],"about":[{"href":"https:\/\/www.evamatic.com\/ro\/wp-json\/wp\/v2\/types\/product"}],"wp:featuredmedia":[{"embeddable":true,"href":"https:\/\/www.evamatic.com\/ro\/wp-json\/wp\/v2\/media\/726"}],"wp:attachment":[{"href":"https:\/\/www.evamatic.com\/ro\/wp-json\/wp\/v2\/media?parent=3144"}],"wp:term":[{"taxonomy":"product_brand","embeddable":true,"href":"https:\/\/www.evamatic.com\/ro\/wp-json\/wp\/v2\/product_brand?post=3144"},{"taxonomy":"product_cat","embeddable":true,"href":"https:\/\/www.evamatic.com\/ro\/wp-json\/wp\/v2\/product_cat?post=3144"},{"taxonomy":"product_tag","embeddable":true,"href":"https:\/\/www.evamatic.com\/ro\/wp-json\/wp\/v2\/product_tag?post=3144"}],"curies":[{"name":"wp","href":"https:\/\/api.w.org\/{rel}","templated":true}]}}