{"id":3129,"date":"2026-04-09T14:19:07","date_gmt":"2026-04-09T12:19:07","guid":{"rendered":"https:\/\/www.evamatic.at\/product\/anhaengeschlaufen-tyvek-2\/"},"modified":"2026-04-22T13:49:51","modified_gmt":"2026-04-22T11:49:51","slug":"tyvek-2-bucle-de-prindere","status":"publish","type":"product","link":"https:\/\/www.evamatic.com\/ro\/product\/anhaengeschlaufen-tyvek-2\/","title":{"rendered":"Bucle de etichet\u0103 Tyvek"},"content":{"rendered":"<p><span style=\"color: #000000;\"><strong>Bucle de etichet\u0103 Tyvek rezistente la rupere pentru etichetarea cheilor \u00een atelier - u\u0219oare, rezistente la ap\u0103 \u0219i murd\u0103rie.<\/strong><\/span><\/p>\n<p><span style=\"color: #000000;\">Buclele pentru etichete Tyvek cu g\u0103uri pentru tractor sunt solu\u021bia robust\u0103 \u0219i fiabil\u0103 pentru brelocurile din ateliere, \u00eentreprinderi \u0219i medii industriale. Materialul Tyvek\u00ae extrem de rezistent la rupere rezist\u0103 uzurii zilnice \u0219i \u00ee\u0219i p\u0103streaz\u0103 forma chiar \u0219i atunci c\u00e2nd este expus la ulei, murd\u0103rie sau umiditate. Ideal pentru etichetarea cheilor de ma\u0219in\u0103 - u\u0219or, durabil \u0219i poate fi etichetat clar. Culori: galben, albastru, ro\u0219u, verde, portocaliu, roz, alb<\/span><\/p>\n<p>&nbsp;<\/p>\n<p><strong><span style=\"color: #000000;\">Detalii despre produs:<\/span><\/strong><\/p>\n<ul>\n<li><span style=\"color: #000000;\">Material: Tyvek<\/span><\/li>\n<li><span style=\"color: #000000;\">Culoare: galben, albastru, ro\u0219u, verde, portocaliu, roz, alb<\/span><\/li>\n<li><span style=\"color: #000000;\">Dimensiuni: 14 x 1,3 cm<\/span><\/li>\n<li><span style=\"color: #000000;\">Caracteristici speciale: cu perfora\u021bie pentru tractor<\/span><\/li>\n<li><span style=\"color: #000000;\">Potrivit pentru copiere, laser, jet de cerneal\u0103<\/span><\/li>\n<li><span style=\"color: #000000;\">PU: 1.000 de buc\u0103\u021bi \u00eentr-o pung\u0103<\/span><\/li>\n<\/ul>","protected":false},"excerpt":{"rendered":"<p>Rei\u00dffeste Tyvek-Anh\u00e4ngeschlaufen zur Schl\u00fcsselkennzeichnung in der Werkstatt \u2013 leicht, wasser- und schmutzbest\u00e4ndig. Tyvek Anh\u00e4ngeschlaufen mit Traktorlochung sind die robuste und zuverl\u00e4ssige L\u00f6sung als Schl\u00fcsselanh\u00e4nger in Werkst\u00e4tten, Betrieben und Industrieumgebungen. Das extrem rei\u00dffeste Tyvek\u00ae-Material h\u00e4lt t\u00e4glicher Beanspruchung stand und bleibt auch bei \u00d6l, Schmutz oder Feuchtigkeit formstabil. Ideal zur Kennzeichnung von Autoschl\u00fcssel \u2013 leicht, langlebig und [&hellip;]<\/p>\n","protected":false},"featured_media":2145,"template":"","meta":{"_acf_changed":false},"product_brand":[],"product_cat":[83],"product_tag":[],"class_list":{"0":"post-3129","1":"product","2":"type-product","3":"status-publish","4":"has-post-thumbnail","6":"product_cat-schluesselanhaenger","7":"pa_farbe-weiss","8":"pa_farbe-gelb","9":"pa_farbe-blau","10":"pa_farbe-rot","11":"pa_farbe-gruen","12":"pa_farbe-orange","13":"pa_farbe-rosa","14":"pa_menge-113","15":"pa_menge-123","16":"pa_menge-191","17":"pa_menge-192","18":"pa_menge-193","20":"first","21":"instock","22":"taxable","23":"shipping-taxable","24":"purchasable","25":"product-type-variable"},"exclude_global_add_ons":false,"addons":[{"name":"\u00cenc\u0103rcare fi\u0219ier de imprimare","type":"file_upload","position":0,"required":false,"title_format":"label","default":"","description_enable":false,"description":"Bitte laden Sie hier die Druckdatei (Bild) hoch.","placeholder_enable":false,"placeholder":"","display":"select","restrictions_type":"any_text","adjust_price":false,"price":"","price_type":"flat_fee","restrictions":false,"min":"0","max":"0","options":[],"id":1776081863},{"name":"\u00a0","type":"checkbox","position":1,"required":false,"title_format":"label","default":"","description_enable":true,"description":"L\u0103sa\u021bi designul pe seama profesioni\u0219tilor! Trimite\u021bi-ne pur \u0219i simplu dorin\u021bele, logo-urile, textele \u0219i fonturile preferate prin e-mail sau prin func\u021bia noastr\u0103 de \u00eenc\u0103rcare. Echipa noastr\u0103 experimentat\u0103 de graficieni va crea pentru dvs. p\u00e2n\u0103 la 3 propuneri de design personalizate, perfect adaptate cerin\u021belor dvs.","placeholder_enable":false,"placeholder":"","display":"select","restrictions_type":"any_text","adjust_price":false,"price":"","price_type":"flat_fee","restrictions":false,"min":"0","max":"0","options":[{"label":"Professionelle Layouterstellung durch unsere Grafikabteilung","price":"35","price_type":"flat_fee","image":0,"visibility":true}],"id":1775653837}],"acf":[],"_links":{"self":[{"href":"https:\/\/www.evamatic.com\/ro\/wp-json\/wp\/v2\/product\/3129","targetHints":{"allow":["GET"]}}],"collection":[{"href":"https:\/\/www.evamatic.com\/ro\/wp-json\/wp\/v2\/product"}],"about":[{"href":"https:\/\/www.evamatic.com\/ro\/wp-json\/wp\/v2\/types\/product"}],"wp:featuredmedia":[{"embeddable":true,"href":"https:\/\/www.evamatic.com\/ro\/wp-json\/wp\/v2\/media\/2145"}],"wp:attachment":[{"href":"https:\/\/www.evamatic.com\/ro\/wp-json\/wp\/v2\/media?parent=3129"}],"wp:term":[{"taxonomy":"product_brand","embeddable":true,"href":"https:\/\/www.evamatic.com\/ro\/wp-json\/wp\/v2\/product_brand?post=3129"},{"taxonomy":"product_cat","embeddable":true,"href":"https:\/\/www.evamatic.com\/ro\/wp-json\/wp\/v2\/product_cat?post=3129"},{"taxonomy":"product_tag","embeddable":true,"href":"https:\/\/www.evamatic.com\/ro\/wp-json\/wp\/v2\/product_tag?post=3129"}],"curies":[{"name":"wp","href":"https:\/\/api.w.org\/{rel}","templated":true}]}}