{"id":3126,"date":"2026-04-09T14:19:07","date_gmt":"2026-04-09T12:19:07","guid":{"rendered":"https:\/\/www.evamatic.at\/product\/decotafel-miniletter-kennzeicheneinleger-uv-digitaldruck-fuer-pwk-kennzeichenhalter-schweiz-500x110mm\/"},"modified":"2026-04-29T11:12:25","modified_gmt":"2026-04-29T09:12:25","slug":"decotafel-miniletter-insertie-pentru-placute-de-inmatriculare-imprimare-digitala-uv-pentru-suport-pentru-placute-de-inmatriculare-pwk-elvetia-500x110mm","status":"publish","type":"product","link":"https:\/\/www.evamatic.com\/ro\/product\/decotafel-miniletter-kennzeicheneinleger-uv-digitaldruck-fuer-pwk-kennzeichenhalter-schweiz-500x110mm\/","title":{"rendered":"Decal \/ mini plac\u0103 \/ inser\u021bie pl\u0103cu\u021b\u0103 de \u00eenmatriculare Imprimare digital\u0103 UV pentru suportul de pl\u0103cu\u021b\u0103 de \u00eenmatriculare PWK Elve\u021bia 500x110mm"},"content":{"rendered":"<p>Pl\u0103cile deco Miniletter sunt solu\u021bia ideal\u0103 pentru inser\u021biile publicitare individuale \u00een suporturile pentru pl\u0103cu\u021be de \u00eenmatriculare. Acestea permit o prezentare discret\u0103, dar eficient\u0103 a logo-urilor, sloganurilor sau denumirilor de companii direct pe vehicul \u0219i asigur\u0103 astfel prezen\u021ba dvs. publicitar\u0103 \u00een parcare sau \u00een reprezentan\u021ba auto.<br \/>\nInser\u021biile sunt fabricate pentru a se potrivi cu precizie \u0219i pot fi u\u0219or introduse \u00een suporturile standard pentru pl\u0103cu\u021be de \u00eenmatriculare. Datorit\u0103 materialelor de \u00eenalt\u0103 calitate, acestea impresioneaz\u0103 prin calitatea de imprimare de lung\u0103 durat\u0103 \u0219i aspectul profesional, at\u00e2t \u00een interior, c\u00e2t \u0219i \u00een exterior.<\/p>\n<p><strong>Avantaje:<\/strong><\/p>\n<ul>\n<li>Ideal ca inser\u021bie publicitar\u0103 pentru suporturile de pl\u0103cu\u021be de \u00eenmatriculare<\/li>\n<li>Publicitate discret\u0103, dar eficient\u0103 pentru vehicule<\/li>\n<li>Manoper\u0103 de \u00eenalt\u0103 calitate \u0219i lizibilitate clar\u0103<\/li>\n<li>Potrivire perfect\u0103 pentru suporturile standard pentru pl\u0103cu\u021bele de \u00eenmatriculare<\/li>\n<li>Rezistent la intemperii \u0219i UV<\/li>\n<\/ul>\n<p><strong>Domenii de aplicare:<\/strong><\/p>\n<ul>\n<li>Dealeri auto \u0219i garaje<\/li>\n<li>Scopuri publicitare \u0219i promo\u021bionale<\/li>\n<li>Vehicule pentru evenimente<\/li>\n<\/ul>","protected":false},"excerpt":{"rendered":"<p>Miniletter Decoschilder sind die ideale L\u00f6sung f\u00fcr individuelle Werbeeinleger in Kennzeichenhaltern. Sie erm\u00f6glichen eine dezente, aber wirkungsvolle Pr\u00e4sentation von Logos, Slogans oder Firmennamen direkt am Fahrzeug und sorgen so f\u00fcr Ihren Werbeauftritt am Autoplatz oder im Autohaus. Die Einleger sind passgenau gefertigt und lassen sich einfach in handels\u00fcbliche Kennzeichenhalter einsetzen. Dank hochwertiger Materialien \u00fcberzeugen sie [&hellip;]<\/p>\n","protected":false},"featured_media":4440,"template":"","meta":{"_acf_changed":false},"product_brand":[],"product_cat":[201,92],"product_tag":[],"class_list":{"0":"post-3126","1":"product","2":"type-product","3":"status-publish","4":"has-post-thumbnail","6":"product_cat-kennzeichenhalter-schweiz","7":"product_cat-decotafel-miniletter-kennzeicheneinleger","8":"pa_druckvariante-4c-uv-direktdruck","9":"pa_menge-96","10":"pa_menge-116","11":"pa_menge-118","12":"pa_menge-120","13":"pa_menge-95","15":"first","16":"instock","17":"taxable","18":"shipping-taxable","19":"purchasable","20":"product-type-variable"},"exclude_global_add_ons":false,"addons":[{"name":"\u00cenc\u0103rcare fi\u0219ier de imprimare","type":"file_upload","position":0,"required":false,"title_format":"label","default":"","description_enable":false,"description":"Bitte laden Sie hier die Druckdatei (Bild) hoch.","placeholder_enable":false,"placeholder":"","display":"select","restrictions_type":"any_text","adjust_price":false,"price":"","price_type":"flat_fee","restrictions":false,"min":"0","max":"0","options":[],"id":1776081863},{"name":"\u00a0","type":"checkbox","position":1,"required":false,"title_format":"label","default":"","description_enable":true,"description":"L\u0103sa\u021bi designul pe seama profesioni\u0219tilor! Trimite\u021bi-ne pur \u0219i simplu dorin\u021bele, logo-urile, textele \u0219i fonturile preferate prin e-mail sau prin func\u021bia noastr\u0103 de \u00eenc\u0103rcare. Echipa noastr\u0103 experimentat\u0103 de graficieni va crea pentru dvs. p\u00e2n\u0103 la 3 propuneri de design personalizate, perfect adaptate cerin\u021belor dvs.","placeholder_enable":false,"placeholder":"","display":"select","restrictions_type":"any_text","adjust_price":false,"price":"","price_type":"flat_fee","restrictions":false,"min":"0","max":"0","options":[{"label":"Professionelle Layouterstellung durch unsere Grafikabteilung","price":"35","price_type":"flat_fee","image":0,"visibility":true}],"id":1775653837}],"acf":[],"_links":{"self":[{"href":"https:\/\/www.evamatic.com\/ro\/wp-json\/wp\/v2\/product\/3126","targetHints":{"allow":["GET"]}}],"collection":[{"href":"https:\/\/www.evamatic.com\/ro\/wp-json\/wp\/v2\/product"}],"about":[{"href":"https:\/\/www.evamatic.com\/ro\/wp-json\/wp\/v2\/types\/product"}],"wp:featuredmedia":[{"embeddable":true,"href":"https:\/\/www.evamatic.com\/ro\/wp-json\/wp\/v2\/media\/4440"}],"wp:attachment":[{"href":"https:\/\/www.evamatic.com\/ro\/wp-json\/wp\/v2\/media?parent=3126"}],"wp:term":[{"taxonomy":"product_brand","embeddable":true,"href":"https:\/\/www.evamatic.com\/ro\/wp-json\/wp\/v2\/product_brand?post=3126"},{"taxonomy":"product_cat","embeddable":true,"href":"https:\/\/www.evamatic.com\/ro\/wp-json\/wp\/v2\/product_cat?post=3126"},{"taxonomy":"product_tag","embeddable":true,"href":"https:\/\/www.evamatic.com\/ro\/wp-json\/wp\/v2\/product_tag?post=3126"}],"curies":[{"name":"wp","href":"https:\/\/api.w.org\/{rel}","templated":true}]}}