{"id":3020,"date":"2026-04-09T14:19:02","date_gmt":"2026-04-09T12:19:02","guid":{"rendered":"https:\/\/www.evamatic.at\/product\/kennzeichenhalter-pkw-schweiz-5011ch-klapprahmen-2\/"},"modified":"2026-05-05T13:57:52","modified_gmt":"2026-05-05T11:57:52","slug":"suport-pentru-placute-de-inmatriculare-auto-elvetia-5011ch-cadru-pliabil-2","status":"publish","type":"product","link":"https:\/\/www.evamatic.com\/ro\/product\/kennzeichenhalter-pkw-schweiz-5011ch-klapprahmen-2\/","title":{"rendered":"Suport pentru pl\u0103cu\u021ba de \u00eenmatriculare pentru autoturisme, Elve\u021bia, 500\u00d7110 mm (5011CH) \u2013 cadru rabatabil"},"content":{"rendered":"<p><span style=\"color: #000000;\"><strong>Suportul pentru pl\u0103cu\u021be de \u00eenmatriculare 5011CH este un cadru de fixare potrivit pentru pl\u0103cu\u021bele de \u00eenmatriculare auto elve\u021biene \u00een format 500\u00d7110 mm.<\/strong><\/span><\/p>\n<p><span style=\"color: #000000;\">Suportul pentru pl\u0103cu\u021be de \u00eenmatriculare Evamatic 5011CH este special conceput pentru pl\u0103cu\u021bele de \u00eenmatriculare elve\u021biene de 500x110 mm \u0219i asigur\u0103 o montare sigur\u0103, stabil\u0103 \u0219i curat\u0103 pe vehicul. Datorit\u0103 designului precis, pl\u0103cu\u021ba de \u00eenmatriculare este fixat\u0103 ferm \u0219i f\u0103r\u0103 vibra\u021bii - ideal pentru utilizarea zilnic\u0103 \u00een traficul rutier. Suportul impresioneaz\u0103 prin manopera robust\u0103 \u0219i designul durabil, care se men\u021bine fiabil chiar \u0219i \u00een condi\u021bii meteorologice schimb\u0103toare. Aspectul simplu \u0219i func\u021bional se integreaz\u0103 \u00een designul oric\u0103rui vehicul.<\/span><\/p>\n<p><span style=\"color: #000000;\"><strong>Avantaje:<\/strong><\/span><\/p>\n<ul>\n<li><span style=\"color: #000000;\">Potrivit pentru pl\u0103cu\u021bele de \u00eenmatriculare elve\u021biene 500x110mm<\/span><\/li>\n<li><span style=\"color: #000000;\">Prindere sigur\u0103 f\u0103r\u0103 z\u0103ng\u0103nit<\/span><\/li>\n<li><span style=\"color: #000000;\">Design robust \u0219i durabil<\/span><\/li>\n<li><span style=\"color: #000000;\">Asamblare simpl\u0103<\/span><\/li>\n<li><span style=\"color: #000000;\">Design discret, atemporal<\/span><\/li>\n<\/ul>\n<p>&nbsp;<\/p>\n<p><span style=\"color: #000000;\"><strong>Domenii de aplicare:<\/strong><\/span><\/p>\n<ul>\n<li><span style=\"color: #000000;\">Autoturisme \u0219i vehicule comerciale \u00een Elve\u021bia<\/span><\/li>\n<li><span style=\"color: #000000;\">Vehicule private<\/span><\/li>\n<li><span style=\"color: #000000;\">Vehicule de serviciu \u0219i de serviciu<\/span><\/li>\n<li><span style=\"color: #000000;\">Dealeri auto \u0219i garaje<\/span><\/li>\n<\/ul>\n<p>&nbsp;<\/p>\n<p><span style=\"color: #000000;\"><strong>Detalii despre produs:<\/strong><\/span><\/p>\n<ul>\n<li><span style=\"color: #000000;\">Suport pentru pl\u0103cu\u021be de \u00eenmatriculare 5011CH - pentru pl\u0103cu\u021be de \u00eenmatriculare elve\u021biene L 500 H 110 mm<\/span><\/li>\n<li><span style=\"color: #000000;\">\u00cenchidere: Cadru Snap<\/span><\/li>\n<li><span style=\"color: #000000;\">Culoare: negru<\/span><\/li>\n<li><span style=\"color: #000000;\">Material: Polipropilen\u0103<\/span><\/li>\n<li><span style=\"color: #000000;\">Op\u021biuni de imprimare: neimprimat, imprimare digital\u0103 4c m\u0103tase mat\u0103, imprimare digital\u0103 4c cu strat de r\u0103\u0219in\u0103 sintetic\u0103<\/span><\/li>\n<\/ul>","protected":false},"excerpt":{"rendered":"<p>Der Kennzeichenhalter 5011CH ist ein Klapprahmen passend f\u00fcr schweizer PKW Kennzeichen im Format 500&#215;110 mm. Der Evamatic Kennzeichenhalter 5011CH ist speziell f\u00fcr Schweizer Kennzeichen 500x110mm konzipiert und sorgt f\u00fcr eine sichere, stabile und saubere Befestigung am Fahrzeug. Dank passgenauer Ausf\u00fchrung sitzt das Kennzeichen fest und vibrationsfrei \u2013 ideal f\u00fcr den t\u00e4glichen Einsatz im Stra\u00dfenverkehr. Der [&hellip;]<\/p>\n","protected":false},"featured_media":2137,"template":"","meta":{"_acf_changed":false},"product_brand":[],"product_cat":[201,209],"product_tag":[],"class_list":{"0":"post-3020","1":"product","2":"type-product","3":"status-publish","4":"has-post-thumbnail","6":"product_cat-kennzeichenhalter-schweiz","7":"product_cat-pkw-lkw-500x100-mm-300x80-mm-300x160-mm","8":"pa_druckvariante-4c-druck-seidenmatt","9":"pa_druckvariante-4c-druck-mit-kunstharzbeschichtung","10":"pa_druckvariante-4c-druck-mit-kunstharzbeschichtung-silber-hochglanz","11":"pa_druckvariante-4c-druck-mit-kunstharzbeschichtung-reflektierend","12":"pa_druckvariante-4c-druck-mit-kunstharzbeschichtung-silber-matt","13":"pa_menge-96","14":"pa_menge-114","15":"pa_menge-118","16":"pa_menge-130","17":"pa_menge-131","18":"pa_menge-95","20":"first","21":"instock","22":"taxable","23":"shipping-taxable","24":"purchasable","25":"product-type-variable"},"exclude_global_add_ons":false,"addons":[{"name":"\u00cenc\u0103rcare fi\u0219ier de imprimare","type":"file_upload","position":0,"required":false,"title_format":"label","default":"","description_enable":false,"description":"Bitte laden Sie hier die Druckdatei (Bild) hoch.","placeholder_enable":false,"placeholder":"","display":"select","restrictions_type":"any_text","adjust_price":false,"price":"","price_type":"flat_fee","restrictions":false,"min":"0","max":"0","options":[],"id":1776081863},{"name":"\u00a0","type":"checkbox","position":1,"required":false,"title_format":"label","default":"","description_enable":true,"description":"L\u0103sa\u021bi designul pe seama profesioni\u0219tilor! Trimite\u021bi-ne pur \u0219i simplu dorin\u021bele, logo-urile, textele \u0219i fonturile preferate prin e-mail sau prin func\u021bia noastr\u0103 de \u00eenc\u0103rcare. Echipa noastr\u0103 experimentat\u0103 de graficieni va crea pentru dvs. p\u00e2n\u0103 la 3 propuneri de design personalizate, perfect adaptate cerin\u021belor dvs.","placeholder_enable":false,"placeholder":"","display":"select","restrictions_type":"any_text","adjust_price":false,"price":"","price_type":"flat_fee","restrictions":false,"min":"0","max":"0","options":[{"label":"Professionelle Layouterstellung durch unsere Grafikabteilung","price":"35","price_type":"flat_fee","image":0,"visibility":true}],"id":1775653837}],"acf":[],"_links":{"self":[{"href":"https:\/\/www.evamatic.com\/ro\/wp-json\/wp\/v2\/product\/3020","targetHints":{"allow":["GET"]}}],"collection":[{"href":"https:\/\/www.evamatic.com\/ro\/wp-json\/wp\/v2\/product"}],"about":[{"href":"https:\/\/www.evamatic.com\/ro\/wp-json\/wp\/v2\/types\/product"}],"wp:featuredmedia":[{"embeddable":true,"href":"https:\/\/www.evamatic.com\/ro\/wp-json\/wp\/v2\/media\/2137"}],"wp:attachment":[{"href":"https:\/\/www.evamatic.com\/ro\/wp-json\/wp\/v2\/media?parent=3020"}],"wp:term":[{"taxonomy":"product_brand","embeddable":true,"href":"https:\/\/www.evamatic.com\/ro\/wp-json\/wp\/v2\/product_brand?post=3020"},{"taxonomy":"product_cat","embeddable":true,"href":"https:\/\/www.evamatic.com\/ro\/wp-json\/wp\/v2\/product_cat?post=3020"},{"taxonomy":"product_tag","embeddable":true,"href":"https:\/\/www.evamatic.com\/ro\/wp-json\/wp\/v2\/product_tag?post=3020"}],"curies":[{"name":"wp","href":"https:\/\/api.w.org\/{rel}","templated":true}]}}