{"id":2999,"date":"2026-04-09T14:19:01","date_gmt":"2026-04-09T12:19:01","guid":{"rendered":"https:\/\/www.evamatic.at\/product\/kennzeichenhalter-motorrad-eu-270-drehverschluss-2\/"},"modified":"2026-05-05T13:58:55","modified_gmt":"2026-05-05T11:58:55","slug":"suport-pentru-placuta-de-inmatriculare-motocicleta-eu-270-twist-lock-2","status":"publish","type":"product","link":"https:\/\/www.evamatic.com\/ro\/product\/kennzeichenhalter-motorrad-eu-270-drehverschluss-2\/","title":{"rendered":"Suport pentru pl\u0103cu\u021ba de \u00eenmatriculare pentru motociclet\u0103, standard UE, 240\u00d7150 mm (270) \u2013 cu \u00eenchidere prin rotire"},"content":{"rendered":"<p><span style=\"color: #000000;\"><strong>Suport de pl\u0103cu\u021be de \u00eenmatriculare pentru motociclete tip UE 270 pentru suport de pl\u0103cu\u021be de \u00eenmatriculare cu dou\u0103 linii 240\u00d7150 mm<\/strong><\/span><\/p>\n<p><span style=\"color: #000000;\">Suportul pentru pl\u0103cu\u021be de \u00eenmatriculare Evamatic 270 ofer\u0103 o solu\u021bie sigur\u0103 \u0219i convenabil\u0103 pentru montarea pl\u0103cu\u021belor de \u00eenmatriculare UE pentru motociclete (240x150mm). Datorit\u0103 bloc\u0103rii prin r\u0103sucire integrate, pl\u0103cu\u021ba de \u00eenmatriculare poate fi introdus\u0103 cu u\u0219urin\u021b\u0103 \u0219i fixat\u0103 \u00een mod fiabil - ideal pentru utilizarea zilnic\u0103. Banda publicitar\u0103 imprimabil\u0103 (155 \u00d7 22 mm) ofer\u0103 spa\u021biu suficient pentru logo-uri, inscrip\u021bii sau mesaje publicitare \u0219i face din suport un mijloc publicitar discret, dar eficient.<\/span><\/p>\n<p><span style=\"color: #000000;\"><strong>Detalii despre produs:<\/strong><\/span><\/p>\n<ul>\n<li><span style=\"color: #000000;\">\u00cenchidere: capac cu \u0219urub<\/span><\/li>\n<li><span style=\"color: #000000;\">Culoare: negru<\/span><\/li>\n<li><span style=\"color: #000000;\">Material: Polipropilen\u0103<\/span><\/li>\n<li><span style=\"color: #000000;\">Op\u021biuni de imprimare: neimprimat, imprimare digital\u0103 4c cu acoperire cu r\u0103\u0219in\u0103 sintetic\u0103<\/span><\/li>\n<\/ul>","protected":false},"excerpt":{"rendered":"<p>Kennzeichenhalter Motorrad EU Type 270 f\u00fcr zweizeilige Kennzeichenhalter 240&#215;150 mm Der Evamatic Kennzeichenhalter 270 bietet eine sichere und komfortable L\u00f6sung zur Befestigung von EU Motorrad Kennzeichen (240x150mm). Dank des integrierten Drehverschlusses l\u00e4sst sich das Kennzeichen einfach einlegen und zuverl\u00e4ssig fixieren \u2013 ideal f\u00fcr den t\u00e4glichen Einsatz. Die bedruckbare Werbeleiste (155 \u00d7 22 mm) bietet ausreichend [&hellip;]<\/p>\n","protected":false},"featured_media":2151,"template":"","meta":{"_acf_changed":false},"product_brand":[],"product_cat":[199,204],"product_tag":[],"class_list":{"0":"post-2999","1":"product","2":"type-product","3":"status-publish","4":"has-post-thumbnail","6":"product_cat-kennzeichenhalter-eu","7":"product_cat-motorrad-240x150-mm","8":"pa_druckvariante-unbedruckt","9":"pa_druckvariante-4c-druck-mit-kunstharzbeschichtung","10":"pa_druckvariante-4c-druck-mit-kunstharzbeschichtung-silber-hochglanz","11":"pa_druckvariante-4c-druck-mit-kunstharzbeschichtung-reflektierend","12":"pa_druckvariante-4c-druck-mit-kunstharzbeschichtung-silber-matt","13":"pa_menge-96","14":"pa_menge-116","15":"pa_menge-119","16":"pa_menge-120","17":"pa_menge-95","19":"first","20":"instock","21":"taxable","22":"shipping-taxable","23":"purchasable","24":"product-type-variable"},"exclude_global_add_ons":false,"addons":[{"name":"\u00cenc\u0103rcare fi\u0219ier de imprimare","type":"file_upload","position":0,"required":false,"title_format":"label","default":"","description_enable":false,"description":"Bitte laden Sie hier die Druckdatei (Bild) hoch.","placeholder_enable":false,"placeholder":"","display":"select","restrictions_type":"any_text","adjust_price":false,"price":"","price_type":"flat_fee","restrictions":false,"min":"0","max":"0","options":[],"id":1776081863},{"name":"\u00a0","type":"checkbox","position":1,"required":false,"title_format":"label","default":"","description_enable":true,"description":"L\u0103sa\u021bi designul pe seama profesioni\u0219tilor! Trimite\u021bi-ne pur \u0219i simplu dorin\u021bele, logo-urile, textele \u0219i fonturile preferate prin e-mail sau prin func\u021bia noastr\u0103 de \u00eenc\u0103rcare. Echipa noastr\u0103 experimentat\u0103 de graficieni va crea pentru dvs. p\u00e2n\u0103 la 3 propuneri de design personalizate, perfect adaptate cerin\u021belor dvs.","placeholder_enable":false,"placeholder":"","display":"select","restrictions_type":"any_text","adjust_price":false,"price":"","price_type":"flat_fee","restrictions":false,"min":"0","max":"0","options":[{"label":"Professionelle Layouterstellung durch unsere Grafikabteilung","price":"35","price_type":"flat_fee","image":0,"visibility":true}],"id":1775653837}],"acf":[],"_links":{"self":[{"href":"https:\/\/www.evamatic.com\/ro\/wp-json\/wp\/v2\/product\/2999","targetHints":{"allow":["GET"]}}],"collection":[{"href":"https:\/\/www.evamatic.com\/ro\/wp-json\/wp\/v2\/product"}],"about":[{"href":"https:\/\/www.evamatic.com\/ro\/wp-json\/wp\/v2\/types\/product"}],"wp:featuredmedia":[{"embeddable":true,"href":"https:\/\/www.evamatic.com\/ro\/wp-json\/wp\/v2\/media\/2151"}],"wp:attachment":[{"href":"https:\/\/www.evamatic.com\/ro\/wp-json\/wp\/v2\/media?parent=2999"}],"wp:term":[{"taxonomy":"product_brand","embeddable":true,"href":"https:\/\/www.evamatic.com\/ro\/wp-json\/wp\/v2\/product_brand?post=2999"},{"taxonomy":"product_cat","embeddable":true,"href":"https:\/\/www.evamatic.com\/ro\/wp-json\/wp\/v2\/product_cat?post=2999"},{"taxonomy":"product_tag","embeddable":true,"href":"https:\/\/www.evamatic.com\/ro\/wp-json\/wp\/v2\/product_tag?post=2999"}],"curies":[{"name":"wp","href":"https:\/\/api.w.org\/{rel}","templated":true}]}}