{"id":2984,"date":"2026-04-09T14:19:01","date_gmt":"2026-04-09T12:19:01","guid":{"rendered":"https:\/\/www.evamatic.at\/product\/kennzeichenhalter-suvs-gelaendewagen-quads-lkw-und-anhaenger-deutschland-type-340-2-zeilig-klapprahmen-2\/"},"modified":"2026-05-05T13:58:22","modified_gmt":"2026-05-05T11:58:22","slug":"suport-pentru-placute-de-inmatriculare-suv-uri-camioane-quad-uri-camioane-si-remorci-germania-tip-340-2-linii-cadru-pliabil-2","status":"publish","type":"product","link":"https:\/\/www.evamatic.com\/ro\/product\/kennzeichenhalter-suvs-gelaendewagen-quads-lkw-und-anhaenger-deutschland-type-340-2-zeilig-klapprahmen-2\/","title":{"rendered":"Suporturi pentru pl\u0103cu\u021be de \u00eenmatriculare pentru SUV-uri \/ vehicule de teren \/ ATV-uri \/ camioane \u0219i remorci Germania 340\u00d7200 mm (340, pe dou\u0103 r\u00e2nduri) \u2013 cadru rabatabil"},"content":{"rendered":"<p><span style=\"color: #000000;\"><strong>Suport pentru pl\u0103cu\u021be de \u00eenmatriculare 340 - cadru pliabil cu dou\u0103 linii pentru pl\u0103cu\u021be de \u00eenmatriculare \u00een format 340\u00d7200 mm pentru SUV-uri \/ vehicule off-road \/ quad-uri \/ camioane \u0219i remorci<\/strong><\/span><\/p>\n<p><span style=\"color: #000000;\">Suportul de pl\u0103cu\u021be de \u00eenmatriculare Evamatic 340 de la Evamatic este un suport de pl\u0103cu\u021be de \u00eenmatriculare robust, cu cadru rabatabil pe dou\u0103 linii, \u00een format 340 \u00d7 200 mm, ideal pentru vehicule cu pl\u0103cu\u021be de \u00eenmatriculare pe dou\u0103 linii, cum ar fi vehicule comerciale, SUV-uri, camioane sau remorci. Este fabricat din plastic de \u00eenalt\u0103 calitate, rezistent la intemperii \u0219i UV, ceea ce permite utilizarea de lung\u0103 durat\u0103 chiar \u0219i \u00een condi\u021bii meteorologice schimb\u0103toare. Sistemul inteligent de ram\u0103 pliabil\u0103 cu \u00eenchidere sigur\u0103 prin baionet\u0103 sau prin r\u0103sucire permite schimbarea rapid\u0103 \u0219i u\u0219oar\u0103 a pl\u0103cu\u021bei de \u00eenmatriculare f\u0103r\u0103 a fi nevoie s\u0103 g\u0103uri\u021bi sau s\u0103 \u00een\u0219uruba\u021bi pl\u0103cu\u021ba de \u00eenmatriculare \u00een sine. Datorit\u0103 modelului universal de orificii, suportul se potrive\u0219te multor m\u0103rci comune de vehicule datorit\u0103 punctelor de montare adecvate.<\/span><\/p>\n<p>&nbsp;<\/p>\n<p><span style=\"color: #000000;\"><strong>Detalii despre produs:<\/strong><\/span><\/p>\n<ul>\n<li><span style=\"color: #000000;\">Suport pentru pl\u0103cu\u021be de \u00eenmatriculare 340 - pentru pl\u0103cu\u021be de \u00eenmatriculare germane cu dou\u0103 linii L 340 H 200 mm<\/span><\/li>\n<li><span style=\"color: #000000;\">\u00cenchidere: Cadru Snap<\/span><\/li>\n<li><span style=\"color: #000000;\">Culoare: negru<\/span><\/li>\n<li><span style=\"color: #000000;\">Material: Polipropilen\u0103<\/span><\/li>\n<li><span style=\"color: #000000;\">Op\u021biuni de imprimare: neimprimat, serigrafie, imprimare digital\u0103 4c cu acoperire cu r\u0103\u0219in\u0103 sintetic\u0103<\/span><\/li>\n<\/ul>","protected":false},"excerpt":{"rendered":"<p>Kennzeichenhalter 340 &#8211; zweizeiliger Klapprahmen f\u00fcr Kennzeichen im Format 340\u00d7200 mm f\u00fcr SUVs \/ Gel\u00e4ndewagen \/ Quads \/ LKW und Anh\u00e4nger Der Evamatic Kennzeichenhalter 340 von Evamatic ist ein robuster, zweizeiliger Klapprahmen-Kennzeichenhalter im Format 340 \u00d7 200 mm, ideal f\u00fcr Fahrzeuge mit zweizeiligen Kennzeichen wie Nutzfahrzeuge, SUVs, LKWs oder Anh\u00e4nger. Er besteht aus hochwertigem, witterungs- [&hellip;]<\/p>\n","protected":false},"featured_media":4457,"template":"","meta":{"_acf_changed":false},"product_brand":[],"product_cat":[199,203],"product_tag":[],"class_list":{"0":"post-2984","1":"product","2":"type-product","3":"status-publish","4":"has-post-thumbnail","6":"product_cat-kennzeichenhalter-eu","7":"product_cat-pkw-anhaenger-gelaendewagen-340x200-mm","8":"pa_druckvariante-unbedruckt","9":"pa_druckvariante-siebdruck-einfaerbig-weiss","10":"pa_druckvariante-siebdruck-einfaerbig-silber","11":"pa_druckvariante-4c-druck-mit-kunstharzbeschichtung","12":"pa_druckvariante-4c-druck-mit-kunstharzbeschichtung-silber-hochglanz","13":"pa_druckvariante-4c-druck-mit-kunstharzbeschichtung-reflektierend","14":"pa_druckvariante-4c-druck-mit-kunstharzbeschichtung-silber-matt","15":"pa_menge-118","16":"pa_menge-119","17":"pa_menge-120","18":"pa_menge-125","19":"pa_menge-95","20":"pa_menge-96","21":"pa_menge-116","23":"first","24":"instock","25":"taxable","26":"shipping-taxable","27":"purchasable","28":"product-type-variable"},"exclude_global_add_ons":false,"addons":[{"name":"\u00cenc\u0103rcare fi\u0219ier de imprimare","type":"file_upload","position":0,"required":false,"title_format":"label","default":"","description_enable":false,"description":"Bitte laden Sie hier die Druckdatei (Bild) hoch.","placeholder_enable":false,"placeholder":"","display":"select","restrictions_type":"any_text","adjust_price":false,"price":"","price_type":"flat_fee","restrictions":false,"min":"0","max":"0","options":[],"id":1776081863},{"name":"\u00a0","type":"checkbox","position":1,"required":false,"title_format":"label","default":"","description_enable":true,"description":"L\u0103sa\u021bi designul pe seama profesioni\u0219tilor! Trimite\u021bi-ne pur \u0219i simplu dorin\u021bele, logo-urile, textele \u0219i fonturile preferate prin e-mail sau prin func\u021bia noastr\u0103 de \u00eenc\u0103rcare. Echipa noastr\u0103 experimentat\u0103 de graficieni va crea pentru dvs. p\u00e2n\u0103 la 3 propuneri de design personalizate, perfect adaptate cerin\u021belor dvs.","placeholder_enable":false,"placeholder":"","display":"select","restrictions_type":"any_text","adjust_price":false,"price":"","price_type":"flat_fee","restrictions":false,"min":"0","max":"0","options":[{"label":"Professionelle Layouterstellung durch unsere Grafikabteilung","price":"35","price_type":"flat_fee","image":0,"visibility":true}],"id":1775653837}],"acf":[],"_links":{"self":[{"href":"https:\/\/www.evamatic.com\/ro\/wp-json\/wp\/v2\/product\/2984","targetHints":{"allow":["GET"]}}],"collection":[{"href":"https:\/\/www.evamatic.com\/ro\/wp-json\/wp\/v2\/product"}],"about":[{"href":"https:\/\/www.evamatic.com\/ro\/wp-json\/wp\/v2\/types\/product"}],"wp:featuredmedia":[{"embeddable":true,"href":"https:\/\/www.evamatic.com\/ro\/wp-json\/wp\/v2\/media\/4457"}],"wp:attachment":[{"href":"https:\/\/www.evamatic.com\/ro\/wp-json\/wp\/v2\/media?parent=2984"}],"wp:term":[{"taxonomy":"product_brand","embeddable":true,"href":"https:\/\/www.evamatic.com\/ro\/wp-json\/wp\/v2\/product_brand?post=2984"},{"taxonomy":"product_cat","embeddable":true,"href":"https:\/\/www.evamatic.com\/ro\/wp-json\/wp\/v2\/product_cat?post=2984"},{"taxonomy":"product_tag","embeddable":true,"href":"https:\/\/www.evamatic.com\/ro\/wp-json\/wp\/v2\/product_tag?post=2984"}],"curies":[{"name":"wp","href":"https:\/\/api.w.org\/{rel}","templated":true}]}}