{"id":2859,"date":"2026-04-09T14:18:55","date_gmt":"2026-04-09T12:18:55","guid":{"rendered":"https:\/\/www.evamatic.at\/product\/kennzeichenhalter-pkw-eu-deutschland-526eu-schiebeverschluss-2\/"},"modified":"2026-05-05T14:00:04","modified_gmt":"2026-05-05T12:00:04","slug":"suport-pentru-placute-de-inmatriculare-auto-ue-germania-526eu-slide-lock-2","status":"publish","type":"product","link":"https:\/\/www.evamatic.com\/ro\/product\/kennzeichenhalter-pkw-eu-deutschland-526eu-schiebeverschluss-2\/","title":{"rendered":"Suport pentru pl\u0103cu\u021ba de \u00eenmatriculare pentru autoturisme UE\/Germania 520\u00d7110 mm (526EU) \u2013 \u00eenchidere glisant\u0103"},"content":{"rendered":"<p><span style=\"color: #000000;\"><strong>Suport pentru pl\u0103cu\u021be de \u00eenmatriculare EU\/Germania 526EU cu \u00eenchidere glisant\u0103, potrivit pentru pl\u0103cu\u021be de \u00eenmatriculare EU cu dimensiunea 520\u00d7110 mm.<\/strong><\/span><\/p>\n<p><span style=\"color: #000000;\">Suportul pentru pl\u0103cu\u021be de \u00eenmatriculare Evamatic 526EU cu sistem de blocare prin glisare ofer\u0103 o solu\u021bie sigur\u0103, rapid\u0103 \u0219i convenabil\u0103 pentru montarea pl\u0103cu\u021belor de \u00eenmatriculare UE (520 \u00d7 110 mm). Datorit\u0103 sistemului inovator de blocare prin glisare, pl\u0103cu\u021bele de \u00eenmatriculare pot fi introduse f\u0103r\u0103 efort. Suportul pentru pl\u0103cu\u021be de \u00eenmatriculare este fabricat din material flexibil, practic incasabil (polipropilen\u0103) \u0219i se adapteaz\u0103 la contururile vehiculului f\u0103r\u0103 a provoca zgomote de z\u0103ng\u0103nit. Sunt potrivite at\u00e2t pentru autoturisme, c\u00e2t \u0219i pentru camioane \u0219i se integreaz\u0103 \u00een aspectul vehiculului datorit\u0103 designului lor discret. Suportul pentru pl\u0103cu\u021be de \u00eenmatriculare 526EU este <strong>Certificat\u0103 T\u00dcV, \u00eendepline\u0219te toate standardele UE aplicabile \u0219i este conform\u0103 cu reglement\u0103rile legale \u00een vigoare.<\/strong> Marginile exterioare rotunjite cu o <strong>Raz\u0103 minim\u0103 de 2,5 mm<\/strong> garanteaz\u0103 siguran\u021b\u0103 maxim\u0103 \u0219i fac ca suportul pentru pl\u0103cu\u021be de \u00eenmatriculare s\u0103 fie complet aprobat pentru utilizarea \u00een traficul rutier. Op\u021biunile de imprimare personalizat\u0103 cu un logo sau un mesaj publicitar transform\u0103 suportul pentru pl\u0103cu\u021be de \u00eenmatriculare \u00eentr-un suport publicitar durabil \u0219i atr\u0103g\u0103tor - perfect pentru dealeri auto, garaje, flote de vehicule, birouri de asigur\u0103ri sau cluburi.<\/span><\/p>\n<p>&nbsp;<\/p>\n<p><span style=\"color: #000000;\"><strong>Detalii despre produs:<\/strong><\/span><\/p>\n<ul>\n<li><span style=\"color: #000000;\">\u00cenchidere: \u00eenchidere glisant\u0103<\/span><\/li>\n<li><span style=\"color: #000000;\">Culoare: negru<\/span><\/li>\n<li><span style=\"color: #000000;\">Material: Polipropilen\u0103<\/span><\/li>\n<li><span style=\"color: #000000;\">Op\u021biuni de imprimare: neimprimat, serigrafie, imprimare digital\u0103 4c m\u0103tase mat\u0103, imprimare digital\u0103 4c cu strat de r\u0103\u0219in\u0103 sintetic\u0103<\/span>\n<ul>\n<li><strong><span style=\"color: #000000;\">La toate imprim\u0103rile digitale 4c, imprimarea este amplasat\u0103 \u00eentr-o ad\u00e2ncitur\u0103 din suportul pl\u0103cu\u021bei de \u00eenmatriculare \u0219i, prin urmare, este protejat\u0103 \u00een mod fiabil \u00eempotriva zg\u00e2rieturilor, intemperiilor \u0219i solicit\u0103rilor mecanice - pentru o prezen\u021b\u0103 durabil\u0103 \u0219i de \u00eenalt\u0103 calitate a m\u0103rcii.<\/span><\/strong><\/li>\n<\/ul>\n<\/li>\n<\/ul>","protected":false},"excerpt":{"rendered":"<p>Kennzeichenhalter PKW EU\/Deutschland 526EU mit Schiebeverschluss passen f\u00fcr EU-Kennzeichengr\u00f6\u00dfe 520&#215;110 mm. Der Evamatic Kennzeichenhalter 526EU mit Schiebeverschluss System bieten eine sichere, schnelle und komfortable L\u00f6sung zur Montage von EU Kennzeichen (520 \u00d7 110 mm). Dank innovativem Schiebeverschluss lassen sich Kennzeichen m\u00fchelos einlegen. Der Kennzeichenhalter ist aus flexiblem, nahezu bruchfestem Material (Polypropylen) gefertigt und passt sich [&hellip;]<\/p>\n","protected":false},"featured_media":4642,"template":"","meta":{"_acf_changed":false},"product_brand":[],"product_cat":[199,202],"product_tag":[],"class_list":{"0":"post-2859","1":"product","2":"type-product","3":"status-publish","4":"has-post-thumbnail","6":"product_cat-kennzeichenhalter-eu","7":"product_cat-pkw-lkw-520x110","8":"pa_druckvariante-4c-druck-mit-kunstharzbeschichtung","9":"pa_druckvariante-4c-druck-mit-kunstharzbeschichtung-silber-hochglanz","10":"pa_druckvariante-4c-druck-mit-kunstharzbeschichtung-reflektierend","11":"pa_druckvariante-4c-druck-mit-kunstharzbeschichtung-silber-matt","12":"pa_druckvariante-unbedruckt","13":"pa_druckvariante-siebdruck-einfaerbig-weiss","14":"pa_druckvariante-siebdruck-einfaerbig-silber","15":"pa_druckvariante-4c-druck-seidenmatt","16":"pa_menge-100","17":"pa_menge-101","18":"pa_menge-126","19":"pa_menge-93","20":"pa_menge-94","21":"pa_menge-95","22":"pa_menge-96","23":"pa_menge-97","24":"pa_menge-98","25":"pa_menge-99","27":"first","28":"instock","29":"taxable","30":"shipping-taxable","31":"purchasable","32":"product-type-variable"},"exclude_global_add_ons":false,"addons":[{"name":"\u00cenc\u0103rcare fi\u0219ier de imprimare","type":"file_upload","position":0,"required":false,"title_format":"label","default":"","description_enable":false,"description":"Bitte laden Sie hier die Druckdatei (Bild) hoch.","placeholder_enable":false,"placeholder":"","display":"select","restrictions_type":"any_text","adjust_price":false,"price":"","price_type":"flat_fee","restrictions":false,"min":"0","max":"0","options":[],"id":1776081863},{"name":"\u00a0","type":"checkbox","position":1,"required":false,"title_format":"label","default":"","description_enable":true,"description":"L\u0103sa\u021bi designul pe seama profesioni\u0219tilor! Trimite\u021bi-ne pur \u0219i simplu dorin\u021bele, logo-urile, textele \u0219i fonturile preferate prin e-mail sau prin func\u021bia noastr\u0103 de \u00eenc\u0103rcare. Echipa noastr\u0103 experimentat\u0103 de graficieni va crea pentru dvs. p\u00e2n\u0103 la 3 propuneri de design personalizate, perfect adaptate cerin\u021belor dvs.","placeholder_enable":false,"placeholder":"","display":"select","restrictions_type":"any_text","adjust_price":false,"price":"","price_type":"flat_fee","restrictions":false,"min":"0","max":"0","options":[{"label":"Professionelle Layouterstellung durch unsere Grafikabteilung","price":"35","price_type":"flat_fee","image":0,"visibility":true}],"id":1775653837}],"acf":[],"_links":{"self":[{"href":"https:\/\/www.evamatic.com\/ro\/wp-json\/wp\/v2\/product\/2859","targetHints":{"allow":["GET"]}}],"collection":[{"href":"https:\/\/www.evamatic.com\/ro\/wp-json\/wp\/v2\/product"}],"about":[{"href":"https:\/\/www.evamatic.com\/ro\/wp-json\/wp\/v2\/types\/product"}],"wp:featuredmedia":[{"embeddable":true,"href":"https:\/\/www.evamatic.com\/ro\/wp-json\/wp\/v2\/media\/4642"}],"wp:attachment":[{"href":"https:\/\/www.evamatic.com\/ro\/wp-json\/wp\/v2\/media?parent=2859"}],"wp:term":[{"taxonomy":"product_brand","embeddable":true,"href":"https:\/\/www.evamatic.com\/ro\/wp-json\/wp\/v2\/product_brand?post=2859"},{"taxonomy":"product_cat","embeddable":true,"href":"https:\/\/www.evamatic.com\/ro\/wp-json\/wp\/v2\/product_cat?post=2859"},{"taxonomy":"product_tag","embeddable":true,"href":"https:\/\/www.evamatic.com\/ro\/wp-json\/wp\/v2\/product_tag?post=2859"}],"curies":[{"name":"wp","href":"https:\/\/api.w.org\/{rel}","templated":true}]}}