{"id":2844,"date":"2026-04-09T14:18:54","date_gmt":"2026-04-09T12:18:54","guid":{"rendered":"https:\/\/www.evamatic.at\/product\/kennzeichenhalter-moped-oesterreich-drehverschluss-2\/"},"modified":"2026-04-30T14:24:14","modified_gmt":"2026-04-30T12:24:14","slug":"suport-pentru-placuta-de-inmatriculare-moped-austria-twist-lock-2","status":"publish","type":"product","link":"https:\/\/www.evamatic.com\/ro\/product\/kennzeichenhalter-moped-oesterreich-drehverschluss-2\/","title":{"rendered":"Suport pentru pl\u0103cu\u021ba de \u00eenmatriculare moped Austria - blocare prin r\u0103sucire"},"content":{"rendered":"<p><span style=\"color: #000000;\"><strong>Suport pentru pl\u0103cu\u021be de \u00eenmatriculare pentru moped Austria tip 3110 potrivit pentru pl\u0103cu\u021bele de \u00eenmatriculare pentru moped austriece 115\u00d7150 mm.<\/strong><\/span><\/p>\n<p><span style=\"color: #000000;\">Suportul pentru pl\u0103cu\u021be de \u00eenmatriculare pentru moped Evamatic nr. articol 3110 este special conceput pentru pl\u0103cu\u021bele de \u00eenmatriculare pentru moped austriece \u0219i ofer\u0103 o solu\u021bie de montare sigur\u0103, stabil\u0103 \u0219i simpl\u0103. Blocarea prin r\u0103sucire integrat\u0103 permite introducerea \u0219i fixarea rapid\u0103 a pl\u0103cu\u021bei de \u00eenmatriculare. Suportul pentru pl\u0103cu\u021be de \u00eenmatriculare asigur\u0103 o fixare ferm\u0103 chiar \u0219i \u00een cazul vibra\u021biilor din timpul condusului zilnic. Banda publicitar\u0103 imprimabil\u0103 (115 \u00d7 33 mm) ofer\u0103 spa\u021biu suficient pentru logo-uri, inscrip\u021bii sau mesaje publicitare \u0219i face din suport un suport publicitar atr\u0103g\u0103tor, dar discret.<\/span><\/p>\n<p><span style=\"color: #000000;\">Ideal pentru dealerii \u0219i garajele de vehicule pe dou\u0103 ro\u021bi, acest suport pentru pl\u0103cu\u021be de \u00eenmatriculare combin\u0103 func\u021bionalitatea cu impactul publicitar.<\/span><\/p>\n<p>&nbsp;<\/p>\n<p><span style=\"color: #000000;\"><strong>Detalii despre produs:<\/strong><\/span><\/p>\n<ul>\n<li><span style=\"color: #000000;\">Suport pentru pl\u0103cu\u021be de \u00eenmatriculare 3110 - pentru pl\u0103cu\u021be de \u00eenmatriculare austriece pentru mopede\/mopede L 115 H 150 mm<\/span><\/li>\n<li><span style=\"color: #000000;\">\u00cenchidere: capac cu \u0219urub<\/span><\/li>\n<li><span style=\"color: #000000;\">Culoare: negru<\/span><\/li>\n<li><span style=\"color: #000000;\">Material: Polipropilen\u0103<\/span><\/li>\n<li><span style=\"color: #000000;\">Op\u021biuni de imprimare: neimprimat, serigrafie, imprimare digital\u0103 4c cu acoperire cu r\u0103\u0219in\u0103 sintetic\u0103<\/span><\/li>\n<\/ul>","protected":false},"excerpt":{"rendered":"<p>Kennzeichenhalter Moped \u00d6sterreich Type 3110 passend f\u00fcr \u00f6sterreichische Moped Kennzeichen 115&#215;150 mm. Der Evamatic Moped Kennzeichenhalter Art.-Nr. 3110 ist speziell f\u00fcr \u00f6sterreichische Mopedkennzeichen konzipiert und bietet eine sichere, stabile und zugleich einfache Befestigungsl\u00f6sung. Der integrierte Drehverschluss erm\u00f6glicht ein schnelles Einlegen und Fixieren des Kennzeichens. Der Kennzeichenhalter sorgt f\u00fcr festen Halt auch bei Vibrationen im t\u00e4glichen [&hellip;]<\/p>\n","protected":false},"featured_media":2155,"template":"","meta":{"_acf_changed":false},"product_brand":[],"product_cat":[208,200],"product_tag":[],"class_list":{"0":"post-2844","1":"product","2":"type-product","3":"status-publish","4":"has-post-thumbnail","6":"product_cat-moped-mofa-115x150-mm","7":"product_cat-kennzeichenhalter-oesterreich-slowenien","8":"pa_druckvariante-4c-druck-mit-kunstharzbeschichtung","9":"pa_druckvariante-4c-druck-mit-kunstharzbeschichtung-silber-hochglanz","10":"pa_druckvariante-4c-druck-mit-kunstharzbeschichtung-reflektierend","11":"pa_druckvariante-4c-druck-mit-kunstharzbeschichtung-silber-matt","12":"pa_druckvariante-unbedruckt","13":"pa_druckvariante-siebdruck-einfaerbig-weiss","14":"pa_druckvariante-siebdruck-einfaerbig-silber","15":"pa_menge-95","16":"pa_menge-96","17":"pa_menge-116","18":"pa_menge-118","19":"pa_menge-120","21":"first","22":"instock","23":"taxable","24":"shipping-taxable","25":"purchasable","26":"product-type-variable"},"exclude_global_add_ons":false,"addons":[{"name":"\u00cenc\u0103rcare fi\u0219ier de imprimare","type":"file_upload","position":0,"required":false,"title_format":"label","default":"","description_enable":false,"description":"Bitte laden Sie hier die Druckdatei (Bild) hoch.","placeholder_enable":false,"placeholder":"","display":"select","restrictions_type":"any_text","adjust_price":false,"price":"","price_type":"flat_fee","restrictions":false,"min":"0","max":"0","options":[],"id":1776081863},{"name":"\u00a0","type":"checkbox","position":1,"required":false,"title_format":"label","default":"","description_enable":true,"description":"L\u0103sa\u021bi designul pe seama profesioni\u0219tilor! Trimite\u021bi-ne pur \u0219i simplu dorin\u021bele, logo-urile, textele \u0219i fonturile preferate prin e-mail sau prin func\u021bia noastr\u0103 de \u00eenc\u0103rcare. Echipa noastr\u0103 experimentat\u0103 de graficieni va crea pentru dvs. p\u00e2n\u0103 la 3 propuneri de design personalizate, perfect adaptate cerin\u021belor dvs.","placeholder_enable":false,"placeholder":"","display":"select","restrictions_type":"any_text","adjust_price":false,"price":"","price_type":"flat_fee","restrictions":false,"min":"0","max":"0","options":[{"label":"Professionelle Layouterstellung durch unsere Grafikabteilung","price":"35","price_type":"flat_fee","image":0,"visibility":true}],"id":1775653837}],"acf":[],"_links":{"self":[{"href":"https:\/\/www.evamatic.com\/ro\/wp-json\/wp\/v2\/product\/2844","targetHints":{"allow":["GET"]}}],"collection":[{"href":"https:\/\/www.evamatic.com\/ro\/wp-json\/wp\/v2\/product"}],"about":[{"href":"https:\/\/www.evamatic.com\/ro\/wp-json\/wp\/v2\/types\/product"}],"wp:featuredmedia":[{"embeddable":true,"href":"https:\/\/www.evamatic.com\/ro\/wp-json\/wp\/v2\/media\/2155"}],"wp:attachment":[{"href":"https:\/\/www.evamatic.com\/ro\/wp-json\/wp\/v2\/media?parent=2844"}],"wp:term":[{"taxonomy":"product_brand","embeddable":true,"href":"https:\/\/www.evamatic.com\/ro\/wp-json\/wp\/v2\/product_brand?post=2844"},{"taxonomy":"product_cat","embeddable":true,"href":"https:\/\/www.evamatic.com\/ro\/wp-json\/wp\/v2\/product_cat?post=2844"},{"taxonomy":"product_tag","embeddable":true,"href":"https:\/\/www.evamatic.com\/ro\/wp-json\/wp\/v2\/product_tag?post=2844"}],"curies":[{"name":"wp","href":"https:\/\/api.w.org\/{rel}","templated":true}]}}