{"id":2833,"date":"2026-04-09T14:18:54","date_gmt":"2026-04-09T12:18:54","guid":{"rendered":"https:\/\/www.evamatic.at\/product\/kennzeichenhalter-motorrad-oesterreich-extra-schmal-schiebeverschluss-2\/"},"modified":"2026-04-30T14:24:03","modified_gmt":"2026-04-30T12:24:03","slug":"suport-pentru-placuta-de-inmatriculare-motocicleta-austria-extra-ingusta-inchidere-glisanta-2","status":"publish","type":"product","link":"https:\/\/www.evamatic.com\/ro\/product\/kennzeichenhalter-motorrad-oesterreich-extra-schmal-schiebeverschluss-2\/","title":{"rendered":"Suport pentru pl\u0103cu\u021ba de \u00eenmatriculare motociclet\u0103 Austria extra \u00eengust - \u00eenchidere glisant\u0103"},"content":{"rendered":"<p><strong>Suport pentru pl\u0103cu\u021be de \u00eenmatriculare motociclet\u0103 Austria tip 210HS - extra \u00eengust, potrivit pentru pl\u0103cu\u021be de \u00eenmatriculare motociclet\u0103 Austria 210\u00d7170 mm.<\/strong><\/p>\n<p>Suportul de pl\u0103cu\u021be de \u00eenmatriculare Evamatic tip 210HS a fost dezvoltat special pentru pl\u0103cu\u021bele de \u00eenmatriculare austriece pentru motociclete \u0219i impresioneaz\u0103 prin designul s\u0103u foarte sub\u021bire. Cu dimensiuni externe de doar 213 \u00d7 190 mm, acest model este ideal pentru motociclete sportive \u0219i vehicule care necesit\u0103 un aspect discret, discret. Fermoarul glisant integrat permite introducerea rapid\u0103 \u0219i u\u0219oar\u0103 a pl\u0103cu\u021bei de \u00eenmatriculare, asigur\u00e2nd \u00een acela\u0219i timp o fixare sigur\u0103.<\/p>\n<p>\u00cen ciuda designului s\u0103u compact, suportul are o band\u0103 publicitar\u0103 imprimabil\u0103 (210 \u00d7 15 mm), care este ideal\u0103 pentru logo-uri sau litere discrete - perfect\u0103 pentru etichetarea discret\u0103, dar eficient\u0103 a m\u0103rcii.<\/p>\n<p>&nbsp;<\/p>\n<p><strong>Detalii despre produs:<\/strong><\/p>\n<ul>\n<li>\u00cenchidere: \u00eenchidere glisant\u0103<\/li>\n<li>Culoare: negru<\/li>\n<li>Material: Polipropilen\u0103<\/li>\n<li>Op\u021biuni de imprimare: neimprimat, imprimare digital\u0103 4c cu acoperire cu r\u0103\u0219in\u0103 sintetic\u0103<\/li>\n<\/ul>","protected":false},"excerpt":{"rendered":"<p>Kennzeichenhalter Motorrad \u00d6sterreich Type 210HS &#8211; extra schmal passend f\u00fcr Motorradkennzeichen \u00d6sterreich 210&#215;170 mm. Der Evamatic Kennzeichenhalter Type 210HS ist speziell f\u00fcr \u00f6sterreichische Motorradkennzeichen entwickelt und \u00fcberzeugt durch seine extra schmale Bauweise. Mit einem Au\u00dfenma\u00df von nur 213 \u00d7 190 mm eignet sich dieses Modell ideal f\u00fcr sportliche Motorr\u00e4der und Fahrzeuge, bei denen eine dezente, [&hellip;]<\/p>\n","protected":false},"featured_media":943,"template":"","meta":{"_acf_changed":false},"product_brand":[],"product_cat":[200,207],"product_tag":[],"class_list":{"0":"post-2833","1":"product","2":"type-product","3":"status-publish","4":"has-post-thumbnail","6":"product_cat-kennzeichenhalter-oesterreich-slowenien","7":"product_cat-motorrad-210x170-mm","8":"pa_druckvariante-unbedruckt","9":"pa_druckvariante-4c-druck-mit-kunstharzbeschichtung","10":"pa_druckvariante-4c-druck-mit-kunstharzbeschichtung-silber-hochglanz","11":"pa_druckvariante-4c-druck-mit-kunstharzbeschichtung-reflektierend","12":"pa_druckvariante-4c-druck-mit-kunstharzbeschichtung-silber-matt","13":"pa_menge-95","14":"pa_menge-96","15":"pa_menge-114","16":"pa_menge-116","17":"pa_menge-118","18":"pa_menge-130","20":"first","21":"instock","22":"taxable","23":"shipping-taxable","24":"purchasable","25":"product-type-variable"},"exclude_global_add_ons":false,"addons":[{"name":"\u00cenc\u0103rcare fi\u0219ier de imprimare","type":"file_upload","position":0,"required":false,"title_format":"label","default":"","description_enable":false,"description":"Bitte laden Sie hier die Druckdatei (Bild) hoch.","placeholder_enable":false,"placeholder":"","display":"select","restrictions_type":"any_text","adjust_price":false,"price":"","price_type":"flat_fee","restrictions":false,"min":"0","max":"0","options":[],"id":1776081863},{"name":"\u00a0","type":"checkbox","position":1,"required":false,"title_format":"label","default":"","description_enable":true,"description":"L\u0103sa\u021bi designul pe seama profesioni\u0219tilor! Trimite\u021bi-ne pur \u0219i simplu dorin\u021bele, logo-urile, textele \u0219i fonturile preferate prin e-mail sau prin func\u021bia noastr\u0103 de \u00eenc\u0103rcare. Echipa noastr\u0103 experimentat\u0103 de graficieni va crea pentru dvs. p\u00e2n\u0103 la 3 propuneri de design personalizate, perfect adaptate cerin\u021belor dvs.","placeholder_enable":false,"placeholder":"","display":"select","restrictions_type":"any_text","adjust_price":false,"price":"","price_type":"flat_fee","restrictions":false,"min":"0","max":"0","options":[{"label":"Professionelle Layouterstellung durch unsere Grafikabteilung","price":"35","price_type":"flat_fee","image":0,"visibility":true}],"id":1775653837}],"acf":[],"_links":{"self":[{"href":"https:\/\/www.evamatic.com\/ro\/wp-json\/wp\/v2\/product\/2833","targetHints":{"allow":["GET"]}}],"collection":[{"href":"https:\/\/www.evamatic.com\/ro\/wp-json\/wp\/v2\/product"}],"about":[{"href":"https:\/\/www.evamatic.com\/ro\/wp-json\/wp\/v2\/types\/product"}],"wp:featuredmedia":[{"embeddable":true,"href":"https:\/\/www.evamatic.com\/ro\/wp-json\/wp\/v2\/media\/943"}],"wp:attachment":[{"href":"https:\/\/www.evamatic.com\/ro\/wp-json\/wp\/v2\/media?parent=2833"}],"wp:term":[{"taxonomy":"product_brand","embeddable":true,"href":"https:\/\/www.evamatic.com\/ro\/wp-json\/wp\/v2\/product_brand?post=2833"},{"taxonomy":"product_cat","embeddable":true,"href":"https:\/\/www.evamatic.com\/ro\/wp-json\/wp\/v2\/product_cat?post=2833"},{"taxonomy":"product_tag","embeddable":true,"href":"https:\/\/www.evamatic.com\/ro\/wp-json\/wp\/v2\/product_tag?post=2833"}],"curies":[{"name":"wp","href":"https:\/\/api.w.org\/{rel}","templated":true}]}}