{"id":2818,"date":"2026-04-09T14:18:54","date_gmt":"2026-04-09T12:18:54","guid":{"rendered":"https:\/\/www.evamatic.at\/product\/kennzeichenhalter-motorrad-oesterreich-drehverschluss-2\/"},"modified":"2026-04-30T14:23:44","modified_gmt":"2026-04-30T12:23:44","slug":"suport-pentru-placuta-de-inmatriculare-motocicleta-austria-twist-lock-2","status":"publish","type":"product","link":"https:\/\/www.evamatic.com\/ro\/product\/kennzeichenhalter-motorrad-oesterreich-drehverschluss-2\/","title":{"rendered":"Suport pentru pl\u0103cu\u021ba de \u00eenmatriculare motociclet\u0103 Austria - blocare prin r\u0103sucire"},"content":{"rendered":"<p><span style=\"color: #000000;\"><strong>Suport pentru pl\u0103cu\u021be de \u00eenmatriculare motociclet\u0103 Austria tip 210 potrivit pentru pl\u0103cu\u021be de \u00eenmatriculare motociclet\u0103 Austria 210\u00d7170 mm.<\/strong><\/span><\/p>\n<p><span style=\"color: #000000;\">Suportul pentru pl\u0103cu\u021be de \u00eenmatriculare Evamatic tip 210 este special conceput pentru pl\u0103cu\u021bele de \u00eenmatriculare austriece pentru motociclete \u0219i ofer\u0103 o solu\u021bie de montare sigur\u0103, stabil\u0103 \u0219i flexibil\u0103. Blocarea prin r\u0103sucire integrat\u0103 faciliteaz\u0103 introducerea \u0219i fixarea pl\u0103cu\u021bei de \u00eenmatriculare. Banda publicitar\u0103 imprimabil\u0103 (210 \u00d7 28 mm) ofer\u0103 spa\u021biu suficient pentru logo-uri, sloganuri sau mesaje publicitare \u0219i face din suport un suport publicitar atractiv.<\/span><\/p>\n<p><span style=\"color: #000000;\">Suportul pentru pl\u0103cu\u021be de \u00eenmatriculare este ideal pentru reprezentan\u021be auto, garaje, afaceri cu motociclete, cluburi sau campanii promo\u021bionale.<\/span><\/p>\n<p><span style=\"color: #000000;\"><strong>Detalii despre produs:<\/strong><\/span><\/p>\n<ul>\n<li><span style=\"color: #000000;\">Suport pentru pl\u0103cu\u021be de \u00eenmatriculare 210 - pentru pl\u0103cu\u021be de \u00eenmatriculare pentru motociclete austriece L 210 H 170 mm<\/span><\/li>\n<li><span style=\"color: #000000;\">\u00cenchidere: capac cu \u0219urub<\/span><\/li>\n<li><span style=\"color: #000000;\">Culoare: negru<\/span><\/li>\n<li><span style=\"color: #000000;\">Material: Polipropilen\u0103<\/span><\/li>\n<li><span style=\"color: #000000;\">Op\u021biuni de imprimare: neimprimat, serigrafie, imprimare digital\u0103 4c cu acoperire cu r\u0103\u0219in\u0103 sintetic\u0103<\/span><\/li>\n<\/ul>","protected":false},"excerpt":{"rendered":"<p>Kennzeichenhalter Motorrad \u00d6sterreich Type 210 passend f\u00fcr Motorradkennzeichen \u00d6sterreich 210&#215;170 mm. Der Evamatic Kennzeichenhalter Type 210 ist speziell f\u00fcr \u00f6sterreichische Motorradkennzeichen konzipiert und bietet eine sichere, stabile und zugleich flexible Befestigungsl\u00f6sung. Der integrierte Drehverschluss erm\u00f6glicht ein einfaches Einlegen und Fixieren des Kennzeichens. Die bedruckbare Werbeleiste (210 \u00d7 28 mm) bietet ausreichend Platz f\u00fcr Logos, Slogans [&hellip;]<\/p>\n","protected":false},"featured_media":913,"template":"","meta":{"_acf_changed":false},"product_brand":[],"product_cat":[200,207],"product_tag":[],"class_list":{"0":"post-2818","1":"product","2":"type-product","3":"status-publish","4":"has-post-thumbnail","6":"product_cat-kennzeichenhalter-oesterreich-slowenien","7":"product_cat-motorrad-210x170-mm","8":"pa_druckvariante-siebdruck-einfaerbig-silber","9":"pa_druckvariante-4c-druck-mit-kunstharzbeschichtung","10":"pa_druckvariante-4c-druck-mit-kunstharzbeschichtung-silber-hochglanz","11":"pa_druckvariante-4c-druck-mit-kunstharzbeschichtung-reflektierend","12":"pa_druckvariante-4c-druck-mit-kunstharzbeschichtung-silber-matt","13":"pa_druckvariante-unbedruckt","14":"pa_druckvariante-siebdruck-einfaerbig-weiss","15":"pa_menge-95","16":"pa_menge-96","17":"pa_menge-116","18":"pa_menge-118","19":"pa_menge-120","21":"first","22":"instock","23":"taxable","24":"shipping-taxable","25":"purchasable","26":"product-type-variable"},"exclude_global_add_ons":false,"addons":[{"name":"\u00cenc\u0103rcare fi\u0219ier de imprimare","type":"file_upload","position":0,"required":false,"title_format":"label","default":"","description_enable":false,"description":"Bitte laden Sie hier die Druckdatei (Bild) hoch.","placeholder_enable":false,"placeholder":"","display":"select","restrictions_type":"any_text","adjust_price":false,"price":"","price_type":"flat_fee","restrictions":false,"min":"0","max":"0","options":[],"id":1776081863},{"name":"\u00a0","type":"checkbox","position":1,"required":false,"title_format":"label","default":"","description_enable":true,"description":"L\u0103sa\u021bi designul pe seama profesioni\u0219tilor! Trimite\u021bi-ne pur \u0219i simplu dorin\u021bele, logo-urile, textele \u0219i fonturile preferate prin e-mail sau prin func\u021bia noastr\u0103 de \u00eenc\u0103rcare. Echipa noastr\u0103 experimentat\u0103 de graficieni va crea pentru dvs. p\u00e2n\u0103 la 3 propuneri de design personalizate, perfect adaptate cerin\u021belor dvs.","placeholder_enable":false,"placeholder":"","display":"select","restrictions_type":"any_text","adjust_price":false,"price":"","price_type":"flat_fee","restrictions":false,"min":"0","max":"0","options":[{"label":"Professionelle Layouterstellung durch unsere Grafikabteilung","price":"35","price_type":"flat_fee","image":0,"visibility":true}],"id":1775653837}],"acf":[],"_links":{"self":[{"href":"https:\/\/www.evamatic.com\/ro\/wp-json\/wp\/v2\/product\/2818","targetHints":{"allow":["GET"]}}],"collection":[{"href":"https:\/\/www.evamatic.com\/ro\/wp-json\/wp\/v2\/product"}],"about":[{"href":"https:\/\/www.evamatic.com\/ro\/wp-json\/wp\/v2\/types\/product"}],"wp:featuredmedia":[{"embeddable":true,"href":"https:\/\/www.evamatic.com\/ro\/wp-json\/wp\/v2\/media\/913"}],"wp:attachment":[{"href":"https:\/\/www.evamatic.com\/ro\/wp-json\/wp\/v2\/media?parent=2818"}],"wp:term":[{"taxonomy":"product_brand","embeddable":true,"href":"https:\/\/www.evamatic.com\/ro\/wp-json\/wp\/v2\/product_brand?post=2818"},{"taxonomy":"product_cat","embeddable":true,"href":"https:\/\/www.evamatic.com\/ro\/wp-json\/wp\/v2\/product_cat?post=2818"},{"taxonomy":"product_tag","embeddable":true,"href":"https:\/\/www.evamatic.com\/ro\/wp-json\/wp\/v2\/product_tag?post=2818"}],"curies":[{"name":"wp","href":"https:\/\/api.w.org\/{rel}","templated":true}]}}