{"id":2803,"date":"2026-04-09T14:18:53","date_gmt":"2026-04-09T12:18:53","guid":{"rendered":"https:\/\/www.evamatic.at\/product\/kennzeichenhalter-traktor-gelaendewagen-oesterreich-2-zeilig-drehverschluss-2\/"},"modified":"2026-05-05T14:00:53","modified_gmt":"2026-05-05T12:00:53","slug":"suport-de-placuta-de-inmatriculare-pentru-remorca-de-tractor-austria-2-linii-de-blocare-prin-rasucire-2","status":"publish","type":"product","link":"https:\/\/www.evamatic.com\/ro\/product\/kennzeichenhalter-traktor-gelaendewagen-oesterreich-2-zeilig-drehverschluss-2\/","title":{"rendered":"Suport pentru pl\u0103cu\u021ba de \u00eenmatriculare pentru tractoare\/vehicule de teren, Austria, 300\u00d7200 mm (300, pe dou\u0103 r\u00e2nduri) \u2013 \u00eenchidere prin rotire"},"content":{"rendered":"<p><strong>Suport pentru pl\u0103cu\u021be de \u00eenmatriculare tractor \/ vehicul de teren Austria tip 300 2 linii, potrivit pentru pl\u0103cu\u021be de \u00eenmatriculare cu dimensiunea de 300\u00d7200 mm.<\/strong><\/p>\n<p>Suportul de pl\u0103cu\u021be de \u00eenmatriculare Evamatic tip 300 cu o dimensiune a pl\u0103cii de 300 \u00d7 200 mm este special conceput pentru utilizarea pe tractoare, vehicule de teren \u0219i vehicule speciale. Acesta ofer\u0103 o montare stabil\u0103 \u0219i fiabil\u0103, chiar \u0219i \u00een condi\u021bii de operare solicitante.<\/p>\n<p>Mecanismul de blocare prin r\u0103sucire permite fixarea sigur\u0103 a pl\u0103cu\u021bei de \u00eenmatriculare \u0219i este u\u0219or de utilizat \u00een acela\u0219i timp. Materialul extrem de elastic se adapteaz\u0103 perfect la contururile vehiculului \u0219i asigur\u0103 o utilizare flexibil\u0103 \u0219i de lung\u0103 durat\u0103. Arcurile de tensiune integrate previn eficient zgomotele de z\u0103ng\u0103nit \u0219i frecare, chiar \u0219i \u00een cazul vibra\u021biilor puternice sau al terenului accidentat.<\/p>\n<p>Datorit\u0103 instal\u0103rii sale simple, suportul pentru pl\u0103cu\u021be de \u00eenmatriculare este rapid gata de utilizare \u0219i este ideal pentru vehicule agricole, vehicule off-road \u0219i vehicule comerciale.<\/p>\n<p>&nbsp;<\/p>\n<p><strong>Detalii despre produs:<\/strong><\/p>\n<ul>\n<li>Suport pentru pl\u0103cu\u021be de \u00eenmatriculare 300 - pentru pl\u0103cu\u021be de \u00eenmatriculare pentru tractoare austriece, vehicule off-road L 300 H 200 mm<\/li>\n<li>\u00cenchidere: capac cu \u0219urub<\/li>\n<li>Culoare: negru<\/li>\n<li>Material: Polipropilen\u0103<\/li>\n<li>Op\u021biuni de imprimare: neimprimat, serigrafie, imprimare digital\u0103 4c cu acoperire cu r\u0103\u0219in\u0103 sintetic\u0103<\/li>\n<\/ul>","protected":false},"excerpt":{"rendered":"<p>Kennzeichenhalter Traktor \/ Gel\u00e4ndewagen \u00d6sterreich Type 300 2 zeilig passend f\u00fcr Kennzeichengr\u00f6\u00dfe 300&#215;200 mm. Der Evamatic Kennzeichenhalter Type 300 im Platinenma\u00df 300 \u00d7 200 mm ist speziell f\u00fcr den Einsatz an Traktoren, Gel\u00e4ndewagen und Sonderfahrzeugen konzipiert. Er bietet eine stabile und zuverl\u00e4ssige Befestigung auch unter anspruchsvollen Einsatzbedingungen. Der Drehverschluss-Mechanismus erm\u00f6glicht ein sicheres Fixieren des Kennzeichens [&hellip;]<\/p>\n","protected":false},"featured_media":4459,"template":"","meta":{"_acf_changed":false},"product_brand":[],"product_cat":[200,206],"product_tag":[],"class_list":{"0":"post-2803","1":"product","2":"type-product","3":"status-publish","4":"has-post-thumbnail","6":"product_cat-kennzeichenhalter-oesterreich-slowenien","7":"product_cat-traktor-gelaendewagen-300x200-mm","8":"pa_druckvariante-unbedruckt","9":"pa_druckvariante-siebdruck-einfaerbig-weiss","10":"pa_druckvariante-siebdruck-einfaerbig-silber","11":"pa_druckvariante-4c-druck-mit-kunstharzbeschichtung","12":"pa_druckvariante-4c-druck-mit-kunstharzbeschichtung-silber-hochglanz","13":"pa_druckvariante-4c-druck-mit-kunstharzbeschichtung-reflektierend","14":"pa_druckvariante-4c-druck-mit-kunstharzbeschichtung-silber-matt","15":"pa_menge-96","16":"pa_menge-116","17":"pa_menge-118","18":"pa_menge-120","19":"pa_menge-95","21":"first","22":"instock","23":"taxable","24":"shipping-taxable","25":"purchasable","26":"product-type-variable"},"exclude_global_add_ons":false,"addons":[{"name":"\u00cenc\u0103rcare fi\u0219ier de imprimare","type":"file_upload","position":0,"required":false,"title_format":"label","default":"","description_enable":false,"description":"Bitte laden Sie hier die Druckdatei (Bild) hoch.","placeholder_enable":false,"placeholder":"","display":"select","restrictions_type":"any_text","adjust_price":false,"price":"","price_type":"flat_fee","restrictions":false,"min":"0","max":"0","options":[],"id":1776081863},{"name":"\u00a0","type":"checkbox","position":1,"required":false,"title_format":"label","default":"","description_enable":true,"description":"L\u0103sa\u021bi designul pe seama profesioni\u0219tilor! Trimite\u021bi-ne pur \u0219i simplu dorin\u021bele, logo-urile, textele \u0219i fonturile preferate prin e-mail sau prin func\u021bia noastr\u0103 de \u00eenc\u0103rcare. Echipa noastr\u0103 experimentat\u0103 de graficieni va crea pentru dvs. p\u00e2n\u0103 la 3 propuneri de design personalizate, perfect adaptate cerin\u021belor dvs.","placeholder_enable":false,"placeholder":"","display":"select","restrictions_type":"any_text","adjust_price":false,"price":"","price_type":"flat_fee","restrictions":false,"min":"0","max":"0","options":[{"label":"Professionelle Layouterstellung durch unsere Grafikabteilung","price":"35","price_type":"flat_fee","image":0,"visibility":true}],"id":1775653837}],"acf":[],"_links":{"self":[{"href":"https:\/\/www.evamatic.com\/ro\/wp-json\/wp\/v2\/product\/2803","targetHints":{"allow":["GET"]}}],"collection":[{"href":"https:\/\/www.evamatic.com\/ro\/wp-json\/wp\/v2\/product"}],"about":[{"href":"https:\/\/www.evamatic.com\/ro\/wp-json\/wp\/v2\/types\/product"}],"wp:featuredmedia":[{"embeddable":true,"href":"https:\/\/www.evamatic.com\/ro\/wp-json\/wp\/v2\/media\/4459"}],"wp:attachment":[{"href":"https:\/\/www.evamatic.com\/ro\/wp-json\/wp\/v2\/media?parent=2803"}],"wp:term":[{"taxonomy":"product_brand","embeddable":true,"href":"https:\/\/www.evamatic.com\/ro\/wp-json\/wp\/v2\/product_brand?post=2803"},{"taxonomy":"product_cat","embeddable":true,"href":"https:\/\/www.evamatic.com\/ro\/wp-json\/wp\/v2\/product_cat?post=2803"},{"taxonomy":"product_tag","embeddable":true,"href":"https:\/\/www.evamatic.com\/ro\/wp-json\/wp\/v2\/product_tag?post=2803"}],"curies":[{"name":"wp","href":"https:\/\/api.w.org\/{rel}","templated":true}]}}