{"id":2768,"date":"2026-04-09T14:18:52","date_gmt":"2026-04-09T12:18:52","guid":{"rendered":"https:\/\/www.evamatic.at\/product\/kennzeichenhalter-pkw-oesterreich-527-austauschbare-werbeleiste-komplett-grundplatte-inkl-bedruckter-werbeleiste-2\/"},"modified":"2026-05-12T11:26:14","modified_gmt":"2026-05-12T09:26:14","slug":"suport-pentru-placuta-de-inmatriculare-pentru-autoturisme-austria-527-banda-publicitara-detasabila-set-complet-cu-placa-de-baza-inclusiv-banda-publicitara-imprimata-2","status":"publish","type":"product","link":"https:\/\/www.evamatic.com\/ro\/product\/kennzeichenhalter-pkw-oesterreich-527-austauschbare-werbeleiste-komplett-grundplatte-inkl-bedruckter-werbeleiste-2\/","title":{"rendered":"Suport pentru pl\u0103cu\u021ba de \u00eenmatriculare pentru autoturisme, Austria \u0219i Slovenia, 520\u00d7120 mm (527) \u2013 set complet cu band\u0103 publicitar\u0103 deta\u0219abil\u0103, incluz\u00e2nd placa de baz\u0103 \u0219i banda publicitar\u0103 imprimat\u0103"},"content":{"rendered":"<p><strong>Suport pentru pl\u0103cu\u021ba de \u00eenmatriculare pentru autoturisme, compatibil cu standardele din Austria \u0219i Slovenia, modelul 527, cu band\u0103 publicitar\u0103 deta\u0219abil\u0103, potrivit pentru pl\u0103cu\u021be de dimensiunea 520\u00d7120 mm.<\/strong><\/p>\n<p>Suportul pentru pl\u0103cu\u021be de \u00eenmatriculare Evamatic 527, prev\u0103zut cu o band\u0103 publicitar\u0103 deta\u0219abil\u0103, ofer\u0103 o solu\u021bie fiabil\u0103, rapid\u0103 \u0219i comod\u0103 pentru montarea pl\u0103cu\u021belor de \u00eenmatriculare austriece (520 \u00d7 120 mm).<br \/>\nDatorit\u0103 sistemului inovator de montare, mesajele publicitare (separarea m\u0103rcilor) pot fi schimbate rapid \u0219i se pot aplica noi sloganuri publicitare f\u0103r\u0103 a fi necesar\u0103 \u00eenlocuirea pl\u0103cii de baz\u0103.<\/p>\n<p>Suportul pentru pl\u0103cu\u021ba de \u00eenmatriculare este prev\u0103zut cu o band\u0103 publicitar\u0103 deta\u0219abil\u0103, cu o suprafa\u021b\u0103 de afi\u0219are deosebit de mare, care ofer\u0103 mult spa\u021biu pentru logo-uri, sloganuri sau mesaje publicitare \u0219i asigur\u0103 o vizibilitate optim\u0103. Astfel, acest model este ideal pentru o prezen\u021b\u0103 puternic\u0103 \u0219i de durat\u0103 a m\u0103rcii.<br \/>\nFabricat din polipropilen\u0103 robust\u0103, aproape indestructibil\u0103, suportul se adapteaz\u0103 perfect la conturul vehiculului \u0219i previne \u00een mod eficient zgomotele cauzate de zgomotul de vibra\u021bii \u0219i de lovituri. Este potrivit at\u00e2t pentru autoturisme, c\u00e2t \u0219i pentru camioane \u0219i se remarc\u0103 printr-un design discret \u0219i de \u00eenalt\u0103 calitate, care se integreaz\u0103 armonios \u00een aspectul general al vehiculului.<\/p>\n<p>Suportul pentru pl\u0103cu\u021ba de \u00eenmatriculare 527 este <strong>Certificat de c\u0103tre T\u00dcV \u00een ceea ce prive\u0219te siguran\u021ba \u00een utilizare, respect\u0103 toate standardele UE \u00een vigoare \u0219i este conform cu reglement\u0103rile legale actuale. Marginile exterioare rotunjite, cu o raz\u0103 minim\u0103 de 2,5 mm, asigur\u0103 un nivel maxim de siguran\u021b\u0103 \u0219i fac ca suportul s\u0103 fie omologat f\u0103r\u0103 restric\u021bii pentru utilizarea \u00een traficul rutier.<\/strong><br \/>\nDatorit\u0103 op\u021biunilor personalizate de imprimare de pe banda publicitar\u0103 deta\u0219abil\u0103, suportul pentru pl\u0103cu\u021ba de \u00eenmatriculare devine un suport publicitar extrem de eficient \u2013 ideal pentru reprezentan\u021be auto, service-uri auto, parcuri auto, agen\u021bii de asigur\u0103ri sau asocia\u021bii.<\/p>\n<ul>\n<li>Suport pentru pl\u0103cu\u021ba de \u00eenmatriculare 527 \u2013 pentru pl\u0103cu\u021bele de \u00eenmatriculare austriece L 520 x H 120 mm<\/li>\n<li>\u00cenchidere: band\u0103 publicitar\u0103 deta\u0219abil\u0103<\/li>\n<li>Culoare: negru<\/li>\n<li>Material: Plac\u0103 de baz\u0103: polipropilen\u0103, band\u0103 publicitar\u0103: ABS<\/li>\n<li>Op\u021biuni de imprimare: neimprimat, imprimare digital\u0103 4c cu acoperire cu r\u0103\u0219in\u0103 sintetic\u0103<\/li>\n<\/ul>","protected":false},"excerpt":{"rendered":"<p>Kennzeichenhalter PKW \u00d6sterreich und Slowenien Type 527 mit austauschbarer Werbeleiste passend f\u00fcr Kennzeichengr\u00f6\u00dfe 520\u00d7120 mm. Der Evamatic Kennzeichenhalter 527 mit austauschbarer Werbeleiste bietet eine zuverl\u00e4ssige, schnelle und komfortable L\u00f6sung zur Montage von \u00f6sterreichischen Kennzeichen (520 \u00d7 120 mm). Dank des innovativen Leistensystems lassen sich die Werbebotschaften (Markentrennung) rasch wechseln und neue Werbeslogans anbringen ohne die [&hellip;]<\/p>\n","protected":false},"featured_media":4675,"template":"","meta":{"_acf_changed":false},"product_brand":[],"product_cat":[200,205],"product_tag":[],"class_list":{"0":"post-2768","1":"product","2":"type-product","3":"status-publish","4":"has-post-thumbnail","6":"product_cat-kennzeichenhalter-oesterreich-slowenien","7":"product_cat-pkw-lkw-520x120-mm","8":"pa_druckvariante-4c-druck-mit-kunstharzbeschichtung","9":"pa_druckvariante-4c-druck-mit-kunstharzbeschichtung-silber-hochglanz","10":"pa_druckvariante-4c-druck-mit-kunstharzbeschichtung-reflektierend","11":"pa_druckvariante-4c-druck-mit-kunstharzbeschichtung-silber-matt","12":"pa_menge-115","13":"pa_menge-116","14":"pa_menge-118","15":"pa_menge-125","16":"pa_menge-96","17":"pa_menge-114","19":"first","20":"instock","21":"taxable","22":"shipping-taxable","23":"purchasable","24":"product-type-variable"},"exclude_global_add_ons":false,"addons":[{"name":"\u00cenc\u0103rcare fi\u0219ier de imprimare","type":"file_upload","position":0,"required":false,"title_format":"label","default":"","description_enable":false,"description":"Bitte laden Sie hier die Druckdatei (Bild) hoch.","placeholder_enable":false,"placeholder":"","display":"select","restrictions_type":"any_text","adjust_price":false,"price":"","price_type":"flat_fee","restrictions":false,"min":"0","max":"0","options":[],"id":1776081863},{"name":"\u00a0","type":"checkbox","position":1,"required":false,"title_format":"label","default":"","description_enable":true,"description":"L\u0103sa\u021bi designul pe seama profesioni\u0219tilor! Trimite\u021bi-ne pur \u0219i simplu dorin\u021bele, logo-urile, textele \u0219i fonturile preferate prin e-mail sau prin func\u021bia noastr\u0103 de \u00eenc\u0103rcare. Echipa noastr\u0103 experimentat\u0103 de graficieni va crea pentru dvs. p\u00e2n\u0103 la 3 propuneri de design personalizate, perfect adaptate cerin\u021belor dvs.","placeholder_enable":false,"placeholder":"","display":"select","restrictions_type":"any_text","adjust_price":false,"price":"","price_type":"flat_fee","restrictions":false,"min":"0","max":"0","options":[{"label":"Professionelle Layouterstellung durch unsere Grafikabteilung","price":"35","price_type":"flat_fee","image":0,"visibility":true}],"id":1775653837}],"acf":[],"_links":{"self":[{"href":"https:\/\/www.evamatic.com\/ro\/wp-json\/wp\/v2\/product\/2768","targetHints":{"allow":["GET"]}}],"collection":[{"href":"https:\/\/www.evamatic.com\/ro\/wp-json\/wp\/v2\/product"}],"about":[{"href":"https:\/\/www.evamatic.com\/ro\/wp-json\/wp\/v2\/types\/product"}],"wp:featuredmedia":[{"embeddable":true,"href":"https:\/\/www.evamatic.com\/ro\/wp-json\/wp\/v2\/media\/4675"}],"wp:attachment":[{"href":"https:\/\/www.evamatic.com\/ro\/wp-json\/wp\/v2\/media?parent=2768"}],"wp:term":[{"taxonomy":"product_brand","embeddable":true,"href":"https:\/\/www.evamatic.com\/ro\/wp-json\/wp\/v2\/product_brand?post=2768"},{"taxonomy":"product_cat","embeddable":true,"href":"https:\/\/www.evamatic.com\/ro\/wp-json\/wp\/v2\/product_cat?post=2768"},{"taxonomy":"product_tag","embeddable":true,"href":"https:\/\/www.evamatic.com\/ro\/wp-json\/wp\/v2\/product_tag?post=2768"}],"curies":[{"name":"wp","href":"https:\/\/api.w.org\/{rel}","templated":true}]}}