{"id":2757,"date":"2026-04-09T14:18:51","date_gmt":"2026-04-09T12:18:51","guid":{"rendered":"https:\/\/www.evamatic.at\/product\/kennzeichenhalter-pkw-oesterreich-525csb-chrom-klapprahmen-2\/"},"modified":"2026-05-05T14:01:20","modified_gmt":"2026-05-05T12:01:20","slug":"suport-pentru-placute-de-inmatriculare-auto-austria-525csb-crom-cadru-pliabil-2","status":"publish","type":"product","link":"https:\/\/www.evamatic.com\/ro\/product\/kennzeichenhalter-pkw-oesterreich-525csb-chrom-klapprahmen-2\/","title":{"rendered":"Suport pentru pl\u0103cu\u021ba de \u00eenmatriculare pentru autoturisme, Austria \u0219i Slovenia, 520\u00d7120 mm (525CSB CHROM) \u2013 cadru rabatabil"},"content":{"rendered":"<p><span style=\"color: #000000;\"><strong>Suport pentru pl\u0103cu\u021be de \u00eenmatriculare Austria \u0219i Slovenia tip 525CSB cu cadru rabatabil cromat, adecvat pentru pl\u0103cu\u021be de \u00eenmatriculare de dimensiuni 520\u00d7120 mm.<\/strong><\/span><\/p>\n<p><span style=\"color: #000000;\">Suportul pentru pl\u0103cu\u021be de \u00eenmatriculare Evamatic 525CSB combin\u0103 un aspect premium cu o func\u021bionalitate ridicat\u0103 - ideal pentru oricine apreciaz\u0103 prezen\u021ba unui vehicul cu un aspect elegant. Suportul este special conceput pentru pl\u0103cu\u021bele de \u00eenmatriculare austriece \u0219i slovene (520 \u00d7 120 mm), iar designul s\u0103u sofisticat faciliteaz\u0103 introducerea \u0219i fixarea sigur\u0103 a pl\u0103cu\u021bei.<\/span><\/p>\n<p><span style=\"color: #000000;\">Suprafa\u021ba cromat\u0103 de \u00eenalt\u0103 calitate confer\u0103 suportului pentru pl\u0103cu\u021be de \u00eenmatriculare un finisaj elegant care este deosebit de eficient pe vehiculele moderne \u0219i pe modelele exclusive. \u00cen acela\u0219i timp, suportul robust fabricat din material robust, practic incasabil, asigur\u0103 faptul c\u0103 pl\u0103cu\u021ba de \u00eenmatriculare st\u0103 bine \u0219i f\u0103r\u0103 vibra\u021bii pe vehicul - f\u0103r\u0103 zgomote de z\u0103ng\u0103nit.<\/span><\/p>\n<p><span style=\"color: #000000;\">Suportul pentru pl\u0103cu\u021be de \u00eenmatriculare 525CSB este potrivit pentru autoturisme \u0219i camioane \u0219i se integreaz\u0103 armonios \u00een aspectul oric\u0103rui vehicul - discret \u0219i de \u00eenalt\u0103 calitate \u00een acela\u0219i timp.<\/span><br \/>\n<span style=\"color: #000000;\">Acest suport este <strong>Test de service T\u00dcV<\/strong>, corespunde <strong>toate standardele UE relevante \u0219i \u00eendepline\u0219te cerin\u021bele legale \u00een vigoare.<\/strong> The <strong>marginile exterioare rotunjite cu o raz\u0103 minim\u0103 de 2,5 mm asigur\u0103 siguran\u021b\u0103 maxim\u0103 \u0219i aprobare rutier\u0103.<\/strong><\/span><\/p>\n<p><span style=\"color: #000000;\">Datorit\u0103 op\u021biunilor individuale de imprimare cu logo-ul sau textul dvs. publicitar, suportul pentru pl\u0103cu\u021be de \u00eenmatriculare devine un mijloc publicitar discret, dar eficient - ideal pentru reprezentan\u021be auto, garaje, flote de vehicule, birouri de asigur\u0103ri sau cluburi. Alternativ, acesta impresioneaz\u0103 \u0219i f\u0103r\u0103 imprimare datorit\u0103 aspectului s\u0103u simplu, de \u00eenalt\u0103 calitate \u0219i se integreaz\u0103 armonios \u00een designul oric\u0103rui vehicul.<\/span><\/p>\n<p>&nbsp;<\/p>\n<p><span style=\"color: #000000;\"><strong>Detalii despre produs:<\/strong><\/span><\/p>\n<ul>\n<li><span style=\"color: #000000;\">Suport pentru pl\u0103cu\u021be de \u00eenmatriculare 525CSB CHROM - pentru pl\u0103cu\u021be de \u00eenmatriculare austriece \u0219i slovene L 520x H 120 mm<\/span><\/li>\n<li><span style=\"color: #000000;\">\u00cenchidere: Cadru Snap<\/span><\/li>\n<li><span style=\"color: #000000;\">Culoare: negru\/cromo<\/span><\/li>\n<li><span style=\"color: #000000;\">Material: Polipropilen\u0103\/ABS<\/span><\/li>\n<li><span style=\"color: #000000;\">Op\u021biuni de imprimare: neimprimat, imprimare digital\u0103 4c cu acoperire cu r\u0103\u0219in\u0103 sintetic\u0103<\/span><\/li>\n<\/ul>","protected":false},"excerpt":{"rendered":"<p>Kennzeichenhalter \u00d6sterreich und Slowenien Type 525CSB mit Klapprahmen verchromt passend f\u00fcr Kennzeichengr\u00f6\u00dfe 520&#215;120 mm. Der Evamatic Kennzeichenhalter 525CSB kombiniert premium Optik und hohe Funktionalit\u00e4t \u2013 ideal f\u00fcr alle, die Wert auf eine edel wirkende Fahrzeugpr\u00e4senz legen. Der Halter ist speziell f\u00fcr \u00f6sterreichische und slowenische Kennzeichen (520 \u00d7 120 mm) konzipiert und erleichtert durch sein durchdachtes [&hellip;]<\/p>\n","protected":false},"featured_media":4452,"template":"","meta":{"_acf_changed":false},"product_brand":[],"product_cat":[200,205],"product_tag":[],"class_list":{"0":"post-2757","1":"product","2":"type-product","3":"status-publish","4":"has-post-thumbnail","6":"product_cat-kennzeichenhalter-oesterreich-slowenien","7":"product_cat-pkw-lkw-520x120-mm","8":"pa_druckvariante-unbedruckt","9":"pa_druckvariante-4c-druck-mit-kunstharzbeschichtung-silber-hochglanz","10":"pa_menge-121","11":"pa_menge-123","12":"pa_menge-124","13":"pa_menge-93","14":"pa_menge-94","15":"pa_menge-113","17":"first","18":"instock","19":"taxable","20":"shipping-taxable","21":"purchasable","22":"product-type-variable"},"exclude_global_add_ons":false,"addons":[{"name":"\u00cenc\u0103rcare fi\u0219ier de imprimare","type":"file_upload","position":0,"required":false,"title_format":"label","default":"","description_enable":false,"description":"Bitte laden Sie hier die Druckdatei (Bild) hoch.","placeholder_enable":false,"placeholder":"","display":"select","restrictions_type":"any_text","adjust_price":false,"price":"","price_type":"flat_fee","restrictions":false,"min":"0","max":"0","options":[],"id":1776081863},{"name":"\u00a0","type":"checkbox","position":1,"required":false,"title_format":"label","default":"","description_enable":true,"description":"L\u0103sa\u021bi designul pe seama profesioni\u0219tilor! Trimite\u021bi-ne pur \u0219i simplu dorin\u021bele, logo-urile, textele \u0219i fonturile preferate prin e-mail sau prin func\u021bia noastr\u0103 de \u00eenc\u0103rcare. Echipa noastr\u0103 experimentat\u0103 de graficieni va crea pentru dvs. p\u00e2n\u0103 la 3 propuneri de design personalizate, perfect adaptate cerin\u021belor dvs.","placeholder_enable":false,"placeholder":"","display":"select","restrictions_type":"any_text","adjust_price":false,"price":"","price_type":"flat_fee","restrictions":false,"min":"0","max":"0","options":[{"label":"Professionelle Layouterstellung durch unsere Grafikabteilung","price":"35","price_type":"flat_fee","image":0,"visibility":true}],"id":1775653837}],"acf":[],"_links":{"self":[{"href":"https:\/\/www.evamatic.com\/ro\/wp-json\/wp\/v2\/product\/2757","targetHints":{"allow":["GET"]}}],"collection":[{"href":"https:\/\/www.evamatic.com\/ro\/wp-json\/wp\/v2\/product"}],"about":[{"href":"https:\/\/www.evamatic.com\/ro\/wp-json\/wp\/v2\/types\/product"}],"wp:featuredmedia":[{"embeddable":true,"href":"https:\/\/www.evamatic.com\/ro\/wp-json\/wp\/v2\/media\/4452"}],"wp:attachment":[{"href":"https:\/\/www.evamatic.com\/ro\/wp-json\/wp\/v2\/media?parent=2757"}],"wp:term":[{"taxonomy":"product_brand","embeddable":true,"href":"https:\/\/www.evamatic.com\/ro\/wp-json\/wp\/v2\/product_brand?post=2757"},{"taxonomy":"product_cat","embeddable":true,"href":"https:\/\/www.evamatic.com\/ro\/wp-json\/wp\/v2\/product_cat?post=2757"},{"taxonomy":"product_tag","embeddable":true,"href":"https:\/\/www.evamatic.com\/ro\/wp-json\/wp\/v2\/product_tag?post=2757"}],"curies":[{"name":"wp","href":"https:\/\/api.w.org\/{rel}","templated":true}]}}