{"id":2710,"date":"2026-04-09T14:18:49","date_gmt":"2026-04-09T12:18:49","guid":{"rendered":"https:\/\/www.evamatic.at\/product\/kennzeichenhalter-pkw-oesterreich-528hs-rahmenlos-schiebeverschluss-2\/"},"modified":"2026-05-05T14:02:15","modified_gmt":"2026-05-05T12:02:15","slug":"suport-pentru-placute-de-inmatriculare-auto-austria-528hs-incuietoare-fara-rama-2","status":"publish","type":"product","link":"https:\/\/www.evamatic.com\/ro\/product\/kennzeichenhalter-pkw-oesterreich-528hs-rahmenlos-schiebeverschluss-2\/","title":{"rendered":"Suport pentru pl\u0103cu\u021ba de \u00eenmatriculare pentru autoturisme, Austria \u0219i Slovenia, 520\u00d7120 mm (528HS f\u0103r\u0103 ram\u0103) \u2013 \u00eenchidere glisant\u0103"},"content":{"rendered":"<p><strong>Suport pentru pl\u0103cu\u021be de \u00eenmatriculare pentru autoturisme Austria \u0219i Slovenia tip 528HS cu \u00eenchidere glisant\u0103 - foarte \u00eengust, potrivit pentru pl\u0103cu\u021be de \u00eenmatriculare cu dimensiunea 520\u00d7120 mm.<\/strong><\/p>\n<p>Suportul pentru pl\u0103cu\u021be de \u00eenmatriculare Evamatic tip 528HS cu sistem de blocare prin glisare ofer\u0103 o solu\u021bie sigur\u0103, rapid\u0103 \u0219i convenabil\u0103 pentru montarea pl\u0103cu\u021belor de \u00eenmatriculare austriece \u0219i slovene (520 \u00d7 120 mm). Mul\u021bumit\u0103 sistemului de blocare cu glisier\u0103 testat \u0219i verificat, pl\u0103cu\u021bele de \u00eenmatriculare pot fi introduse f\u0103r\u0103 efort \u0219i schimbate rapid dac\u0103 este necesar.<\/p>\n<p>Caroseria f\u0103r\u0103 ram\u0103 \u0219i f\u0103r\u0103 zon\u0103 publicitar\u0103 asigur\u0103 un aspect discret \u0219i discret \u0219i plaseaz\u0103 pl\u0103cu\u021ba de \u00eenmatriculare \u00een prim-plan - ideal pentru oricine apreciaz\u0103 un design minimalist \u0219i neutru al vehiculului.<\/p>\n<p>Fabricat din polipropilen\u0103 flexibil\u0103, practic incasabil\u0103, suportul pentru pl\u0103cu\u021be de \u00eenmatriculare se adapteaz\u0103 perfect la contururile vehiculului \u0219i previne \u00een mod fiabil zgomotele de z\u0103ng\u0103nit \u0219i vibra\u021bii. Este potrivit at\u00e2t pentru autoturisme, c\u00e2t \u0219i pentru camioane \u0219i impresioneaz\u0103 prin designul s\u0103u stabil \u0219i durabil.<\/p>\n<p>Suportul pl\u0103cu\u021bei de \u00eenmatriculare de tip 528HS este <strong>Certificat\u0103 T\u00dcV, \u00eendepline\u0219te toate standardele UE aplicabile \u0219i este conform\u0103 cu reglement\u0103rile legale \u00een vigoare.<\/strong> <strong>Marginile exterioare rotunjite cu o raz\u0103 minim\u0103 de 2,5 mm asigur\u0103 siguran\u021b\u0103 maxim\u0103 \u0219i fac ca suportul s\u0103 fie complet aprobat pentru utilizarea \u00een traficul rutier.<\/strong><\/p>\n<p>&nbsp;<\/p>\n<p><strong>Detalii despre produs:<\/strong><\/p>\n<ul>\n<li>Suport pentru pl\u0103cu\u021be de \u00eenmatriculare 528HS f\u0103r\u0103 ram\u0103 - pentru pl\u0103cu\u021be de \u00eenmatriculare austriece \u0219i slovene L 520x H 120 mm<\/li>\n<li>\u00cenchidere: \u00eenchidere glisant\u0103<\/li>\n<li>Culoare: negru<\/li>\n<li>Material: Polipropilen\u0103<\/li>\n<li>Variante de imprimare: neimprimate<\/li>\n<\/ul>","protected":false},"excerpt":{"rendered":"<p>Kennzeichenhalter PKW \u00d6sterreich und Slowenien Type 528HS mit Schiebeverschluss &#8211; extra schmal passend f\u00fcr Kennzeichengr\u00f6\u00dfe 520&#215;120 mm. Der Evamatic Kennzeichenhalter Type 528HS mit Schiebeverschluss-System bietet eine sichere, schnelle und komfortable L\u00f6sung zur Montage von \u00f6sterreichischen und slowenischen Kennzeichen (520 \u00d7 120 mm). Dank des bew\u00e4hrten Schiebeverschlusses lassen sich Kennzeichen m\u00fchelos einlegen und bei Bedarf rasch [&hellip;]<\/p>\n","protected":false},"featured_media":4451,"template":"","meta":{"_acf_changed":false},"product_brand":[],"product_cat":[200,205],"product_tag":[133],"class_list":{"0":"post-2710","1":"product","2":"type-product","3":"status-publish","4":"has-post-thumbnail","6":"product_cat-kennzeichenhalter-oesterreich-slowenien","7":"product_cat-pkw-lkw-520x120-mm","8":"product_tag-unbedruckt","9":"pa_druckvariante-unbedruckt","10":"pa_menge-121","11":"pa_menge-124","12":"pa_menge-93","13":"pa_menge-94","14":"pa_menge-97","15":"pa_menge-100","16":"pa_menge-101","18":"first","19":"instock","20":"taxable","21":"shipping-taxable","22":"purchasable","23":"product-type-variable"},"exclude_global_add_ons":[],"addons":[],"acf":[],"_links":{"self":[{"href":"https:\/\/www.evamatic.com\/ro\/wp-json\/wp\/v2\/product\/2710","targetHints":{"allow":["GET"]}}],"collection":[{"href":"https:\/\/www.evamatic.com\/ro\/wp-json\/wp\/v2\/product"}],"about":[{"href":"https:\/\/www.evamatic.com\/ro\/wp-json\/wp\/v2\/types\/product"}],"wp:featuredmedia":[{"embeddable":true,"href":"https:\/\/www.evamatic.com\/ro\/wp-json\/wp\/v2\/media\/4451"}],"wp:attachment":[{"href":"https:\/\/www.evamatic.com\/ro\/wp-json\/wp\/v2\/media?parent=2710"}],"wp:term":[{"taxonomy":"product_brand","embeddable":true,"href":"https:\/\/www.evamatic.com\/ro\/wp-json\/wp\/v2\/product_brand?post=2710"},{"taxonomy":"product_cat","embeddable":true,"href":"https:\/\/www.evamatic.com\/ro\/wp-json\/wp\/v2\/product_cat?post=2710"},{"taxonomy":"product_tag","embeddable":true,"href":"https:\/\/www.evamatic.com\/ro\/wp-json\/wp\/v2\/product_tag?post=2710"}],"curies":[{"name":"wp","href":"https:\/\/api.w.org\/{rel}","templated":true}]}}