{"id":3,"date":"2026-01-22T12:31:49","date_gmt":"2026-01-22T12:31:49","guid":{"rendered":"http:\/\/www.evamatic.at\/?page_id=3"},"modified":"2026-03-26T15:19:05","modified_gmt":"2026-03-26T14:19:05","slug":"protectia-datelor","status":"publish","type":"page","link":"https:\/\/www.evamatic.com\/ro\/datenschutz\/","title":{"rendered":"Protec\u021bia datelor"},"content":{"rendered":"<p><span style=\"font-weight: 400;\">Aceast\u0103 politic\u0103 de confiden\u021bialitate informeaz\u0103 utilizatorii acestui site \u00een conformitate cu Regulamentul general european privind protec\u021bia datelor (GDPR) cu privire la tipul, domeniul de aplicare \u0219i scopul colect\u0103rii \u0219i utiliz\u0103rii datelor cu caracter personal de c\u0103tre operatorul site-ului. Operatorul site-ului web trateaz\u0103 datele dvs. cu caracter personal \u00een mod confiden\u021bial \u0219i \u00een conformitate cu dispozi\u021biile legale.<\/span><\/p>\r\n<p><span style=\"font-weight: 400;\">Datele cu caracter personal sunt informa\u021bii care se refer\u0103 la identitatea unei persoane sau prin care o persoan\u0103 poate fi identificat\u0103, cum ar fi datele de contact sau o adres\u0103 IP. Termenii con\u021binu\u021bi \u00een prezenta politic\u0103 de confiden\u021bialitate trebuie \u00een\u021bele\u0219i \u00een sensul Regulamentului general privind protec\u021bia datelor (denumit \u00een continuare \u201eGDPR\u201c).<\/span><\/p>\r\n<h2 class=\"wp-block-heading\"><b>Date de acces<\/b><\/h2>\r\n<p><span style=\"font-weight: 400;\">Operatorul site-ului web colecteaz\u0103 date privind accesul la site \u0219i le stocheaz\u0103 ca \u201efi\u0219iere jurnal ale serverului\u201c. Urm\u0103toarele date sunt \u00eenregistrate \u00een acest mod:<\/span><\/p>\r\n<ul>\r\n<li><span style=\"font-weight: 400;\"> Site vizitat<\/span><\/li>\r\n<li><span style=\"font-weight: 400;\"> Ora la momentul accesului<\/span><\/li>\r\n<li><span style=\"font-weight: 400;\"> Cantitatea de date trimise \u00een octe\u021bi<\/span><\/li>\r\n<li><span style=\"font-weight: 400;\"> Surs\u0103\/referin\u021b\u0103<\/span><\/li>\r\n<li><span style=\"font-weight: 400;\"> Browser utilizat<\/span><\/li>\r\n<li><span style=\"font-weight: 400;\"> Sistemul de operare utilizat<\/span><\/li>\r\n<li><span style=\"font-weight: 400;\"> Adresa IP utilizat\u0103<\/span><\/li>\r\n<\/ul>\r\n<p><span style=\"font-weight: 400;\">Datele colectate sunt utilizate numai pentru analize statistice \u0219i pentru \u00eembun\u0103t\u0103\u021birea site-ului web. Cu toate acestea, operatorul site-ului \u00ee\u0219i rezerv\u0103 dreptul de a verifica retrospectiv fi\u0219ierele jurnal ale serverului dac\u0103 exist\u0103 indicii concrete de utilizare ilegal\u0103.<\/span><\/p>\r\n<h2><b>Cookie-uri<\/b><\/h2>\r\n<p><span style=\"font-weight: 400;\">Acest site utilizeaz\u0103 module cookie. Acestea sunt fi\u0219iere text mici care sunt stocate pe un dispozitiv final. Browserele obi\u0219nuite ofer\u0103 op\u021biunea de setare de a nu permite cookie-urile. Not\u0103: Nu se garanteaz\u0103 c\u0103 toate func\u021biile acestui site web pot fi accesate f\u0103r\u0103 restric\u021bii dac\u0103 sunt efectuate set\u0103rile corespunz\u0103toare.<\/span><\/p>\r\n<h2><b>Gestionarea datelor cu caracter personal<\/b><\/h2>\r\n<p><span style=\"font-weight: 400;\">Operatorul site-ului web colecteaz\u0103, utilizeaz\u0103 \u0219i transmite date cu caracter personal numai dac\u0103 acest lucru este permis de lege sau dac\u0103 s-a dat consim\u021b\u0103m\u00e2ntul pentru colectarea de date.<\/span><\/p>\r\n<p><span style=\"font-weight: 400;\">Datele cu caracter personal sunt toate informa\u021biile care pot fi utilizate pentru a identifica o persoan\u0103 - de exemplu, numele, adresa de e-mail \u0219i num\u0103rul de telefon.<\/span><\/p>\r\n<h2><b>Gestionarea datelor de contact<\/b><\/h2>\r\n<p><span style=\"font-weight: 400;\">\u00cen cazul \u00een care se ia leg\u0103tura cu operatorul site-ului web prin intermediul op\u021biunilor de contact oferite, informa\u021biile sunt stocate pentru a putea fi utilizate pentru a procesa \u0219i a r\u0103spunde la solicitare \u0219i \u00een cazul \u00eentreb\u0103rilor ulterioare. Aceste date nu vor fi transmise unor ter\u021be p\u0103r\u021bi f\u0103r\u0103 consim\u021b\u0103m\u00e2nt.<\/span><\/p>\r\n<h2><b>Durata prelucr\u0103rii datelor<\/b><\/h2>\r\n<p><span style=\"font-weight: 400;\">Datele cu caracter personal prelucrate \u00een cursul \u00eendeplinirii contractului vor fi prelucrate pentru o perioad\u0103 maxim\u0103 de p\u0103strare prev\u0103zut\u0103 de lege (\u00een prezent 7 ani). Prin derogare de la aceasta, partenerii contractuali pot conveni asupra unor perioade mai lungi. Datele cu caracter personal provenite din solicit\u0103ri de informa\u021bii sunt stocate pe durata prelucr\u0103rii solicit\u0103rii de informa\u021bii.\u00a0<\/span><\/p>\r\n<h2><b>Drepturile utilizatorului: informare, corectare \u0219i \u0219tergere<\/b><\/h2>\r\n<p><span style=\"font-weight: 400;\">Legisla\u021bia privind protec\u021bia datelor acord\u0103 persoanelor vizate urm\u0103toarele drepturi:<\/span><\/p>\r\n<ol>\r\n<li style=\"font-weight: 400;\" aria-level=\"1\"><span style=\"font-weight: 400;\">Dreptul la informare<\/span><\/li>\r\n<li style=\"font-weight: 400;\" aria-level=\"1\"><span style=\"font-weight: 400;\">Dreptul la rectificare<\/span><\/li>\r\n<li style=\"font-weight: 400;\" aria-level=\"1\"><span style=\"font-weight: 400;\">Dreptul la anulare<\/span><\/li>\r\n<li style=\"font-weight: 400;\" aria-level=\"1\"><span style=\"font-weight: 400;\">Dreptul la restric\u021bionarea prelucr\u0103rii<\/span><\/li>\r\n<li style=\"font-weight: 400;\" aria-level=\"1\"><span style=\"font-weight: 400;\">Dreptul de opozi\u021bie<\/span><\/li>\r\n<li style=\"font-weight: 400;\" aria-level=\"1\"><span style=\"font-weight: 400;\">Revocarea unui consim\u021b\u0103m\u00e2nt dat<\/span><\/li>\r\n<li style=\"font-weight: 400;\" aria-level=\"1\"><span style=\"font-weight: 400;\">Dreptul la portabilitatea datelor<\/span><\/li>\r\n<li style=\"font-weight: 400;\" aria-level=\"1\"><span style=\"font-weight: 400;\">Dreptul de a depune o pl\u00e2ngere la autoritatea pentru protec\u021bia datelor<\/span><\/li>\r\n<\/ol>\r\n<p><span style=\"font-weight: 400;\"><br \/>Pentru a-\u0219i exercita drepturile enumerate la literele (a)-(g), persoanele vizate ne pot contacta prin e-mail la adresa<\/span><span style=\"font-weight: 400;\"> Adresa de e-mail a clientului<\/span><span style=\"font-weight: 400;\"> \u00eentoarcere.<\/span><\/p>\r\n<h2><b>Google Analytics<\/b><\/h2>\r\n<p><span style=\"font-weight: 400;\">Dac\u0103 v-a\u021bi dat acordul, pe acest site web este utilizat Google Analytics 4, un serviciu de analiz\u0103 web furnizat de Google LLC. Operatorul pentru utilizatorii din UE\/SEE \u0219i Elve\u021bia este Google Ireland Limited, Google Building Gordon House, 4 Barrow St, Dublin, D04 E5W5, Irlanda (\u201eGoogle\u201c).<\/span><\/p>\r\n<p><span style=\"font-weight: 400;\">Google Analytics utilizeaz\u0103 module cookie care ne permit s\u0103 analiz\u0103m utilizarea de c\u0103tre dvs. a site-ului nostru web. Informa\u021biile colectate de modulele cookie despre utilizarea de c\u0103tre dvs. a acestui site web sunt de obicei transferate c\u0103tre un server Google din SUA \u0219i stocate acolo.<\/span><\/p>\r\n<p><span style=\"font-weight: 400;\">\u00cen Google Analytics 4, anonimizarea adreselor IP este activat\u0103 \u00een mod implicit. Datorit\u0103 anonimiz\u0103rii IP, adresa dvs. IP va fi trunchiat\u0103 de Google \u00een statele membre ale Uniunii Europene sau \u00een alte state semnatare ale Acordului privind Spa\u021biul Economic European. Numai \u00een cazuri excep\u021bionale, adresa IP complet\u0103 va fi transmis\u0103 c\u0103tre un server Google din SUA \u0219i trunchiat\u0103 acolo. Potrivit Google, adresa IP transmis\u0103 de browserul dvs. ca parte a Google Analytics nu va fi fuzionat\u0103 cu alte date Google.<\/span><\/p>\r\n<p><span style=\"font-weight: 400;\">\u00cen timpul vizitei dvs. pe site, comportamentul dvs. de utilizator este \u00eenregistrat sub form\u0103 de \u201eevenimente\u201c. Evenimentele pot fi<\/span><\/p>\r\n<ul>\r\n<li style=\"font-weight: 400;\" aria-level=\"1\"><span style=\"font-weight: 400;\">Vizualiz\u0103ri pagin\u0103<\/span><\/li>\r\n<li style=\"font-weight: 400;\" aria-level=\"1\"><span style=\"font-weight: 400;\">Prima vizit\u0103 pe site<\/span><\/li>\r\n<li style=\"font-weight: 400;\" aria-level=\"1\"><span style=\"font-weight: 400;\">\u00cenceperea sesiunii<\/span><\/li>\r\n<li style=\"font-weight: 400;\" aria-level=\"1\"><span style=\"font-weight: 400;\">\u201eCalea dvs. de acces\u201c, interac\u021biunea cu site-ul web<\/span><\/li>\r\n<li style=\"font-weight: 400;\" aria-level=\"1\"><span style=\"font-weight: 400;\">Defileaz\u0103 (ori de c\u00e2te ori un utilizator defileaz\u0103 p\u00e2n\u0103 la sf\u00e2r\u0219itul paginii (90%))<\/span><\/li>\r\n<li style=\"font-weight: 400;\" aria-level=\"1\"><span style=\"font-weight: 400;\">Clicuri pe linkuri externe\u00a0<\/span><\/li>\r\n<li style=\"font-weight: 400;\" aria-level=\"1\"><span style=\"font-weight: 400;\">interog\u0103ri interne de c\u0103utare<\/span><\/li>\r\n<li style=\"font-weight: 400;\" aria-level=\"1\"><span style=\"font-weight: 400;\">Interac\u021biunea cu videoclipurile<\/span><\/li>\r\n<li style=\"font-weight: 400;\" aria-level=\"1\"><span style=\"font-weight: 400;\">Desc\u0103rc\u0103ri de fi\u0219iere<\/span><\/li>\r\n<li style=\"font-weight: 400;\" aria-level=\"1\"><span style=\"font-weight: 400;\">Reclame vizualizate \/ clic pe reclame<\/span><\/li>\r\n<li style=\"font-weight: 400;\" aria-level=\"1\"><span style=\"font-weight: 400;\">Setarea limbii<\/span><\/li>\r\n<\/ul>\r\n<p><span style=\"font-weight: 400;\"><br \/>Este, de asemenea, \u00eenregistrat:<\/span><\/p>\r\n<ul>\r\n<li style=\"font-weight: 400;\" aria-level=\"1\"><span style=\"font-weight: 400;\">Loca\u021bia dvs. aproximativ\u0103 (regiune)<\/span><\/li>\r\n<li style=\"font-weight: 400;\" aria-level=\"1\"><span style=\"font-weight: 400;\">Adresa dvs. IP (\u00een form\u0103 prescurtat\u0103)<\/span><\/li>\r\n<li style=\"font-weight: 400;\" aria-level=\"1\"><span style=\"font-weight: 400;\">informa\u021bii tehnice despre browserul dvs. \u0219i dispozitivele finale pe care le utiliza\u021bi (de exemplu, setarea limbii, rezolu\u021bia ecranului)<\/span><\/li>\r\n<li style=\"font-weight: 400;\" aria-level=\"1\"><span style=\"font-weight: 400;\">Furnizorul dvs. de internet<\/span><\/li>\r\n<li style=\"font-weight: 400;\" aria-level=\"1\"><span style=\"font-weight: 400;\">URL-ul de trimitere (prin intermediul c\u0103rui site web\/mediu publicitar a\u021bi ajuns la acest site web)<\/span><\/li>\r\n<\/ul>\r\n<p><span style=\"font-weight: 400;\"><br \/>Aceste date legate de utilizator sunt \u0219terse automat dup\u0103 14 luni. Celelalte date r\u0103m\u00e2n stocate \u00een form\u0103 agregat\u0103 pe o perioad\u0103 nedeterminat\u0103.<\/span><\/p>\r\n<p><span style=\"font-weight: 400;\">Pute\u021bi g\u0103si mai multe informa\u021bii despre termenii de utilizare a Google Analytics \u0219i protec\u021bia datelor la Google, la adresa <\/span><a href=\"https:\/\/marketingplatform.google.com\/about\/analytics\/terms\/de\/\" target=\"_blank\" rel=\"noopener\"><span style=\"font-weight: 400;\">https:\/\/marketingplatform.google.com\/about\/analytics\/terms\/de<\/span><\/a><span style=\"font-weight: 400;\">\/ \u0219i sub <\/span><a href=\"https:\/\/policies.google.com\/?hl=de\" target=\"_blank\" rel=\"noopener\"><span style=\"font-weight: 400;\">https:\/\/policies.google.com\/?hl=de<\/span><\/a><span style=\"font-weight: 400;\">.<\/span><\/p>\r\n<p>&nbsp;<\/p>\r\n<p>&nbsp;<\/p>","protected":false},"excerpt":{"rendered":"<p>Diese Datenschutzerkl\u00e4rung informiert die Nutzer dieser Website gem\u00e4\u00df europ\u00e4ischer Datenschutzgrundverordnung (DSGVO) \u00fcber die Art, den Umfang und den Zweck der Erhebung und der Verwendung personenbezogener Daten durch den Websitebetreiber. Der Websitebetreiber behandelt Ihre personenbezogenen Daten vertraulich und entsprechend der gesetzlichen Vorschriften. Personenbezogene Daten sind Informationen, die sich auf die Identit\u00e4t einer Person beziehen oder durch [&hellip;]<\/p>\n","protected":false},"author":1,"featured_media":0,"parent":0,"menu_order":0,"comment_status":"closed","ping_status":"open","template":"","meta":{"_acf_changed":false,"footnotes":""},"class_list":["post-3","page","type-page","status-publish","hentry"],"acf":[],"_links":{"self":[{"href":"https:\/\/www.evamatic.com\/ro\/wp-json\/wp\/v2\/pages\/3","targetHints":{"allow":["GET"]}}],"collection":[{"href":"https:\/\/www.evamatic.com\/ro\/wp-json\/wp\/v2\/pages"}],"about":[{"href":"https:\/\/www.evamatic.com\/ro\/wp-json\/wp\/v2\/types\/page"}],"author":[{"embeddable":true,"href":"https:\/\/www.evamatic.com\/ro\/wp-json\/wp\/v2\/users\/1"}],"replies":[{"embeddable":true,"href":"https:\/\/www.evamatic.com\/ro\/wp-json\/wp\/v2\/comments?post=3"}],"version-history":[{"count":5,"href":"https:\/\/www.evamatic.com\/ro\/wp-json\/wp\/v2\/pages\/3\/revisions"}],"predecessor-version":[{"id":721,"href":"https:\/\/www.evamatic.com\/ro\/wp-json\/wp\/v2\/pages\/3\/revisions\/721"}],"wp:attachment":[{"href":"https:\/\/www.evamatic.com\/ro\/wp-json\/wp\/v2\/media?parent=3"}],"curies":[{"name":"wp","href":"https:\/\/api.w.org\/{rel}","templated":true}]}}