{"id":3144,"date":"2026-04-09T14:19:08","date_gmt":"2026-04-09T12:19:08","guid":{"rendered":"https:\/\/www.evamatic.at\/product\/kunden-info-box-2\/"},"modified":"2026-04-22T09:49:48","modified_gmt":"2026-04-22T07:49:48","slug":"vasarloi-informacios-doboz-2","status":"publish","type":"product","link":"https:\/\/www.evamatic.com\/hu\/product\/kunden-info-box-2\/","title":{"rendered":"\u00dcgyf\u00e9l Inform\u00e1ci\u00f3s Doboz DIN A4 \/ DIN A6"},"content":{"rendered":"<p><strong>Prospektek, sz\u00f3r\u00f3lapok, bros\u00far\u00e1k, \u00e1rlist\u00e1k rendszerez\u00e9se DIN A4 vagy DIN A6 m\u00e9retben<\/strong><\/p>\n<p>Katal\u00f3gusszervez\u0151 megold\u00e1sainkkal prospektusait, sz\u00f3r\u00f3lapjait \u00e9s inform\u00e1ci\u00f3s anyagainak \u00e1ttekinthet\u0151en, j\u00f3l l\u00e1that\u00f3an \u00e9s professzion\u00e1lisan jelen\u00edtheti meg. Legyen sz\u00f3 j\u00e1rm\u0171r\u0151l, recepci\u00f3r\u00f3l, v\u00e1r\u00f3teremr\u0151l, ki\u00e1ll\u00edt\u00e1si standr\u00f3l, irod\u00e1r\u00f3l vagy \u00fczlethelyis\u00e9gr\u0151l \u2013 a j\u00f3l szervezett inform\u00e1ci\u00f3s anyagok gyorsabban \u00e9szlelhet\u0151k \u00e9s hasznos\u00edthat\u00f3k. Prospekttart\u00f3ink sokoldal\u00faan felhaszn\u00e1lhat\u00f3k, robusztusak \u00e9s kiv\u00e1l\u00f3 min\u0151s\u00e9g\u0171 anyagokb\u00f3l k\u00e9sz\u00fcltek. Elegend\u0151 helyet k\u00edn\u00e1lnak DIN form\u00e1tumokhoz, mint p\u00e9ld\u00e1ul A4 vagy A6, valamint rugalmas r\u00f6gz\u00edt\u00e9si lehet\u0151s\u00e9geket k\u00edn\u00e1lnak \u2013 falszerel\u00e9sr\u0151l, asztali \u00e1llv\u00e1nyr\u00f3l eg\u00e9szen a mobil haszn\u00e1latig.<\/p>\n<p>&nbsp;<\/p>\n<p><strong>El\u0151ny\u00f6k:<\/strong><\/p>\n<ul>\n<li>\u00c1ttekinthet\u0151 bros\u00far\u00e1k \u00e9s sz\u00f3r\u00f3lapok bemutat\u00e1sa<\/li>\n<li>Egyszer\u0171 hozz\u00e1f\u00e9r\u00e9s \u00fcgyfelek \u00e9s l\u00e1togat\u00f3k sz\u00e1m\u00e1ra<\/li>\n<li>Robuszt \u00e9s tart\u00f3s \u2013 ide\u00e1lis forgalmas ter\u00fcletekre<\/li>\n<li>Sokoldal\u00faan felszerelhet\u0151: j\u00e1rm\u0171re, falra, asztalra vagy szabadon \u00e1ll\u00f3an<\/li>\n<li>Alkalmas DINA4 vagy DIN A6 m\u00e9ret\u0171 pap\u00edrhoz v\u00e1laszthat\u00f3an<\/li>\n<\/ul>\n<p>&nbsp;<\/p>\n<p><strong>Alkalmaz\u00e1si ter\u00fcletek:<\/strong><\/p>\n<ul>\n<li>J\u00e1rm\u0171bemutat\u00f3<\/li>\n<li>V\u00e9teli \u00e9s v\u00e1r\u00f3ter\u00fcletek<\/li>\n<li>Ki\u00e1ll\u00edt\u00e1sok \u00e9s Rendezv\u00e9nyek<\/li>\n<li>Irod\u00e1k, \u00fczlethelyis\u00e9gek \u00e9s bemutat\u00f3terem<\/li>\n<li>Inform\u00e1ci\u00f3s pultok \u00e9s recepci\u00f3k<\/li>\n<li>Hat\u00f3s\u00e1gok, rendel\u0151k \u00e9s oktat\u00f3termek<\/li>\n<\/ul>\n<p>&nbsp;<\/p>\n<p><strong>Term\u00e9k r\u00e9szletei:<\/strong><\/p>\n<ul>\n<li>Anyag: 3 mm akril\u00fcveg H\u00e1tlap: t\u00f6rhetetlen PET anyag<\/li>\n<li>Sz\u00edn: fekete\/\u00e1tl\u00e1tsz\u00f3<\/li>\n<li>K\u00fcl\u00f6nlegess\u00e9gek: \u00f6nz\u00e1r\u00f3 fed\u00e9l, nagy befogad\u00f3k\u00e9pess\u00e9g, viharban nem csap\u00f3dik fel, szell\u0151z\u0151 furatok a kondenz\u00e1ci\u00f3 elker\u00fcl\u00e9s\u00e9re, belt\u00e9ri \u00e9s k\u00fclt\u00e9ri haszn\u00e1latra<\/li>\n<\/ul>","protected":false},"excerpt":{"rendered":"<p>Prospektorganisation f\u00fcr Flyer, Brosch\u00fcren Preisbl\u00e4tter DIN A4 oder DIN A6 Mit unseren Prospektorganisation-L\u00f6sungen pr\u00e4sentieren Sie Brosch\u00fcren, Flyer und Informationsmaterial \u00fcbersichtlich, gut sichtbar und professionell. Ob am Fahrzeug, in Empfangsbereichen, Wartezonen, Messest\u00e4nden, B\u00fcro oder Verkaufsr\u00e4umen \u2013 gut organisierte Informationsmaterialien werden schneller wahrgenommen und genutzt.Unsere Prospekthalter sind vielseitig einsetzbar, robust und aus hochwertigen Materialien gefertigt. Sie bieten [&hellip;]<\/p>\n","protected":false},"featured_media":726,"template":"","meta":{"_acf_changed":false},"product_brand":[],"product_cat":[89],"product_tag":[],"class_list":{"0":"post-3144","1":"product","2":"type-product","3":"status-publish","4":"has-post-thumbnail","6":"product_cat-kunden-infoboxen","7":"pa_groesse-din-a4","8":"pa_groesse-din-a6","9":"pa_menge-195","10":"pa_menge-93","11":"pa_menge-196","12":"pa_menge-94","13":"pa_menge-95","14":"pa_menge-113","15":"pa_menge-123","16":"pa_menge-191","17":"pa_menge-192","18":"pa_menge-193","19":"pa_menge-194","21":"first","22":"instock","23":"taxable","24":"shipping-taxable","25":"purchasable","26":"product-type-variable"},"exclude_global_add_ons":[],"addons":[],"acf":[],"_links":{"self":[{"href":"https:\/\/www.evamatic.com\/hu\/wp-json\/wp\/v2\/product\/3144","targetHints":{"allow":["GET"]}}],"collection":[{"href":"https:\/\/www.evamatic.com\/hu\/wp-json\/wp\/v2\/product"}],"about":[{"href":"https:\/\/www.evamatic.com\/hu\/wp-json\/wp\/v2\/types\/product"}],"wp:featuredmedia":[{"embeddable":true,"href":"https:\/\/www.evamatic.com\/hu\/wp-json\/wp\/v2\/media\/726"}],"wp:attachment":[{"href":"https:\/\/www.evamatic.com\/hu\/wp-json\/wp\/v2\/media?parent=3144"}],"wp:term":[{"taxonomy":"product_brand","embeddable":true,"href":"https:\/\/www.evamatic.com\/hu\/wp-json\/wp\/v2\/product_brand?post=3144"},{"taxonomy":"product_cat","embeddable":true,"href":"https:\/\/www.evamatic.com\/hu\/wp-json\/wp\/v2\/product_cat?post=3144"},{"taxonomy":"product_tag","embeddable":true,"href":"https:\/\/www.evamatic.com\/hu\/wp-json\/wp\/v2\/product_tag?post=3144"}],"curies":[{"name":"wp","href":"https:\/\/api.w.org\/{rel}","templated":true}]}}