{"id":3137,"date":"2026-04-09T14:19:07","date_gmt":"2026-04-09T12:19:07","guid":{"rendered":"https:\/\/www.evamatic.at\/product\/fixanhaenger-2\/"},"modified":"2026-04-22T14:09:36","modified_gmt":"2026-04-22T12:09:36","slug":"horog-2","status":"publish","type":"product","link":"https:\/\/www.evamatic.com\/hu\/product\/fixanhaenger-2\/","title":{"rendered":"Fix\u00e1l\u00f3 ut\u00e1nfut\u00f3 kulcsjel\u00f6l\u00e9s"},"content":{"rendered":"<p><span style=\"color: #000000;\"><strong>R\u00f6gz\u00edt\u0151 kulcstart\u00f3 8 \u00d7 3,5 cm, sz\u00ednes \u2013 sz\u00ednes PP kulcstart\u00f3k k\u00e9toldalas c\u00edmk\u00e9vel a gyors jel\u00f6l\u00e9shez \u00e9s rendszerez\u00e9shez.<\/strong><\/span><\/p>\n<p><span style=\"color: #000000;\">A 8 \u00d7 3,5 cm m\u00e9ret\u0171, sz\u00ednes kulcstart\u00f3 c\u00edmk\u00e9k praktikus \u00e9s tart\u00f3s megold\u00e1st k\u00edn\u00e1lnak a kulcsok \u00e1ttekinthet\u0151 jel\u00f6l\u00e9s\u00e9re m\u0171helyekben, \u00fczemekben \u00e9s ipari k\u00f6rnyezetben. Stabil kivitel\u00fcknek k\u00f6sz\u00f6nhet\u0151en ide\u00e1lisak a mindennapi haszn\u00e1latra, \u00e9s m\u00e9g gyakori haszn\u00e1lat eset\u00e9n is meg\u0151rzik form\u00e1jukat.<\/span><br \/>\n<span style=\"color: #000000;\">A be\u00e9p\u00edtett c\u00edmketart\u00f3 tiszta, j\u00f3l olvashat\u00f3 c\u00edmk\u00e9z\u00e9st tesz lehet\u0151v\u00e9, m\u00edg a k\u00fcl\u00f6nb\u00f6z\u0151 sz\u00ednek gyors vizu\u00e1lis hozz\u00e1rendel\u00e9st tesznek lehet\u0151v\u00e9 a kulcsok, g\u00e9pek vagy ter\u00fcletek k\u00f6z\u00f6tt. A r\u00f6gz\u00edt\u0151 megold\u00e1s biztos\u00edtja, hogy a kulcs biztons\u00e1gosan r\u00f6gz\u00edtve maradjon a c\u00edmk\u00e9n.<\/span><\/p>\n<p><span style=\"color: #000000;\"><strong>El\u0151ny\u00f6k egy pillant\u00e1sra:<\/strong><\/span><\/p>\n<ul>\n<li><span style=\"color: #000000;\">Robosztus kivitel m\u0171helyi haszn\u00e1latra<\/span><\/li>\n<li><span style=\"color: #000000;\">Sz\u00ednes rendez\u00e9s a gyors hozz\u00e1rendel\u00e9shez<\/span><\/li>\n<li><span style=\"color: #000000;\">Nagy, j\u00f3l olvashat\u00f3 feliratoz\u00f3 mez\u0151<\/span><\/li>\n<li><span style=\"color: #000000;\">Biztos fog\u00e1s r\u00f6gz\u00edtett z\u00e1r\u00e1ssal<\/span><\/li>\n<li><span style=\"color: #000000;\">\u00dajrafelhaszn\u00e1lhat\u00f3 \u00e9s tart\u00f3s<\/span><\/li>\n<li><span style=\"color: #000000;\">Tipikus felhaszn\u00e1l\u00e1si ter\u00fcletek:<\/span><\/li>\n<li><span style=\"color: #000000;\">M\u0171hely- \u00e9s \u00fczemkulcsok<\/span><\/li>\n<li><span style=\"color: #000000;\">G\u00e9p- \u00e9s berendez\u00e9skulcs<\/span><\/li>\n<li><span style=\"color: #000000;\">J\u00e1rm\u0171- \u00e9s p\u00f3tkulcsok<\/span><\/li>\n<li><span style=\"color: #000000;\">Rakt\u00e1r-, technikai \u00e9s igazgat\u00e1si ter\u00fcletek<\/span><\/li>\n<\/ul>\n<p>&nbsp;<\/p>\n<p><span style=\"color: #000000;\"><strong>Term\u00e9k r\u00e9szletei:<\/strong><\/span><\/p>\n<ul>\n<li><span style=\"color: #000000;\">Anyag: k\u00f6rnyezetbar\u00e1t PP f\u00f3lia<\/span><\/li>\n<li><span style=\"color: #000000;\">Sz\u00edn: k\u00e9k, piros, z\u00f6ld, sz\u00fcrke, lila, s\u00e1rga<\/span><\/li>\n<li><span style=\"color: #000000;\">K\u00fcl\u00f6nlegess\u00e9gek: k\u00e9toldalas feh\u00e9r feliratmez\u0151<\/span><\/li>\n<li><span style=\"color: #000000;\">Alkalmas m\u00e1sol\u00f3pap\u00edrhoz, l\u00e9zernyomtat\u00f3hoz, tintasugaras nyomtat\u00f3hoz<\/span><\/li>\n<li><span style=\"color: #000000;\">VPE: 100 darab sz\u00ednenk\u00e9nt adagol\u00f3dobozban<\/span><\/li>\n<\/ul>","protected":false},"excerpt":{"rendered":"<p>Fixanh\u00e4nger 8 \u00d7 3,5 cm, farbig \u2013 farbige PP-Schl\u00fcsselanh\u00e4nger mit beidseitigem Beschriftungsfeld f\u00fcr schnelle Kennzeichnung und Organisation. Die farbigen Fixanh\u00e4nger in der Gr\u00f6\u00dfe 8 \u00d7 3,5 cm sind eine praktische und langlebige L\u00f6sung zur \u00fcbersichtlichen Kennzeichnung von Schl\u00fcsseln in Werkst\u00e4tten, Betrieben und industriellen Umgebungen. Dank der stabilen Ausf\u00fchrung eignen sie sich ideal f\u00fcr den t\u00e4glichen [&hellip;]<\/p>\n","protected":false},"featured_media":562,"template":"","meta":{"_acf_changed":false},"product_brand":[],"product_cat":[83],"product_tag":[],"class_list":{"0":"post-3137","1":"product","2":"type-product","3":"status-publish","4":"has-post-thumbnail","6":"product_cat-schluesselanhaenger","7":"pa_farbe-gelb","8":"pa_farbe-blau","9":"pa_farbe-rot","10":"pa_farbe-gruen","11":"pa_farbe-grau","12":"pa_farbe-lila","13":"pa_menge-123","14":"pa_menge-191","15":"pa_menge-192","16":"pa_menge-193","17":"pa_menge-113","19":"first","20":"instock","21":"taxable","22":"shipping-taxable","23":"purchasable","24":"product-type-variable"},"exclude_global_add_ons":false,"addons":[{"name":"Nyomdai f\u00e1jlfelt\u00f6lt\u00e9s","type":"file_upload","position":0,"required":false,"title_format":"label","default":"","description_enable":false,"description":"Bitte laden Sie hier die Druckdatei (Bild) hoch.","placeholder_enable":false,"placeholder":"","display":"select","restrictions_type":"any_text","adjust_price":false,"price":"","price_type":"flat_fee","restrictions":false,"min":"0","max":"0","options":[],"id":1776081863},{"name":"\u00a0","type":"checkbox","position":1,"required":false,"title_format":"label","default":"","description_enable":true,"description":"Hagyd a diz\u00e1jnt a profikra! Egyszer\u0171en k\u00fcldd el nek\u00fcnk k\u00edv\u00e1ns\u00e1gaidat, log\u00f3idat, sz\u00f6vegeidet \u00e9s prefer\u00e1lt bet\u0171t\u00edpusodat e-mailben vagy az\nfelt\u00f6lt\u00e9si funkci\u00f3nkkal. Tapasztalt grafikai csapatunk professzion\u00e1lisan elk\u00e9sz\u00edt ak\u00e1r 3 egyedi diz\u00e1jntervet is, pontosan az ig\u00e9nyeidhez\nigaz\u00edtva.","placeholder_enable":false,"placeholder":"","display":"select","restrictions_type":"any_text","adjust_price":false,"price":"","price_type":"flat_fee","restrictions":false,"min":"0","max":"0","options":[{"label":"Professionelle Layouterstellung durch unsere Grafikabteilung","price":"35","price_type":"flat_fee","image":0,"visibility":true}],"id":1775653837}],"acf":[],"_links":{"self":[{"href":"https:\/\/www.evamatic.com\/hu\/wp-json\/wp\/v2\/product\/3137","targetHints":{"allow":["GET"]}}],"collection":[{"href":"https:\/\/www.evamatic.com\/hu\/wp-json\/wp\/v2\/product"}],"about":[{"href":"https:\/\/www.evamatic.com\/hu\/wp-json\/wp\/v2\/types\/product"}],"wp:featuredmedia":[{"embeddable":true,"href":"https:\/\/www.evamatic.com\/hu\/wp-json\/wp\/v2\/media\/562"}],"wp:attachment":[{"href":"https:\/\/www.evamatic.com\/hu\/wp-json\/wp\/v2\/media?parent=3137"}],"wp:term":[{"taxonomy":"product_brand","embeddable":true,"href":"https:\/\/www.evamatic.com\/hu\/wp-json\/wp\/v2\/product_brand?post=3137"},{"taxonomy":"product_cat","embeddable":true,"href":"https:\/\/www.evamatic.com\/hu\/wp-json\/wp\/v2\/product_cat?post=3137"},{"taxonomy":"product_tag","embeddable":true,"href":"https:\/\/www.evamatic.com\/hu\/wp-json\/wp\/v2\/product_tag?post=3137"}],"curies":[{"name":"wp","href":"https:\/\/api.w.org\/{rel}","templated":true}]}}