{"id":3129,"date":"2026-04-09T14:19:07","date_gmt":"2026-04-09T12:19:07","guid":{"rendered":"https:\/\/www.evamatic.at\/product\/anhaengeschlaufen-tyvek-2\/"},"modified":"2026-04-22T13:49:51","modified_gmt":"2026-04-22T11:49:51","slug":"roegzito-fuelek-tyvek-2","status":"publish","type":"product","link":"https:\/\/www.evamatic.com\/hu\/product\/anhaengeschlaufen-tyvek-2\/","title":{"rendered":"Tyvek akaszt\u00f3f\u00fclek"},"content":{"rendered":"<p><span style=\"color: #000000;\"><strong>Szakad\u00e1s\u00e1ll\u00f3 Tyvek c\u00edmkesz\u00edjak kulcsok m\u0171helyekben t\u00f6rt\u00e9n\u0151 jel\u00f6l\u00e9s\u00e9hez \u2013 k\u00f6nny\u0171, v\u00edz- \u00e9s szennyez\u0151d\u00e9s\u00e1ll\u00f3.<\/strong><\/span><\/p>\n<p><span style=\"color: #000000;\">A traktorlyukaszt\u00e1ssal ell\u00e1tott Tyvek\u00ae c\u00edmkef\u00fclek a kulcstart\u00f3k robusztus \u00e9s megb\u00edzhat\u00f3 megold\u00e1s\u00e1t jelentik m\u0171helyekben, \u00fczemekben \u00e9s ipari k\u00f6rnyezetben. Az extr\u00e9m szakad\u00e1s\u00e1ll\u00f3 Tyvek\u00ae anyag ellen\u00e1ll a mindennapi ig\u00e9nybev\u00e9telnek, \u00e9s m\u00e9g olaj, szennyez\u0151d\u00e9s vagy nedvess\u00e9g eset\u00e9n is megtartja form\u00e1j\u00e1t. Ide\u00e1lis aut\u00f3kulcsok jel\u00f6l\u00e9s\u00e9re \u2013 k\u00f6nny\u0171, tart\u00f3s \u00e9s j\u00f3l feliratozhat\u00f3. Sz\u00ednek: s\u00e1rga, k\u00e9k, piros, z\u00f6ld, narancs, r\u00f3zsasz\u00edn, feh\u00e9r<\/span><\/p>\n<p>&nbsp;<\/p>\n<p><strong><span style=\"color: #000000;\">Term\u00e9k r\u00e9szletei:<\/span><\/strong><\/p>\n<ul>\n<li><span style=\"color: #000000;\">Anyag: Tyvek<\/span><\/li>\n<li><span style=\"color: #000000;\">Sz\u00edn: s\u00e1rga, k\u00e9k, piros, z\u00f6ld, narancs, r\u00f3zsasz\u00edn, feh\u00e9r<\/span><\/li>\n<li><span style=\"color: #000000;\">M\u00e9retek: 14 x 1,3 cm<\/span><\/li>\n<li><span style=\"color: #000000;\">K\u00fcl\u00f6nlegess\u00e9gek: traktoros lyukaszt\u00e1ssal<\/span><\/li>\n<li><span style=\"color: #000000;\">Alkalmas m\u00e1sol\u00f3pap\u00edrhoz, l\u00e9zernyomtat\u00f3hoz, tintasugaras nyomtat\u00f3hoz<\/span><\/li>\n<li><span style=\"color: #000000;\">VPE: 1.000 db zs\u00e1kban<\/span><\/li>\n<\/ul>","protected":false},"excerpt":{"rendered":"<p>Rei\u00dffeste Tyvek-Anh\u00e4ngeschlaufen zur Schl\u00fcsselkennzeichnung in der Werkstatt \u2013 leicht, wasser- und schmutzbest\u00e4ndig. Tyvek Anh\u00e4ngeschlaufen mit Traktorlochung sind die robuste und zuverl\u00e4ssige L\u00f6sung als Schl\u00fcsselanh\u00e4nger in Werkst\u00e4tten, Betrieben und Industrieumgebungen. Das extrem rei\u00dffeste Tyvek\u00ae-Material h\u00e4lt t\u00e4glicher Beanspruchung stand und bleibt auch bei \u00d6l, Schmutz oder Feuchtigkeit formstabil. Ideal zur Kennzeichnung von Autoschl\u00fcssel \u2013 leicht, langlebig und [&hellip;]<\/p>\n","protected":false},"featured_media":2145,"template":"","meta":{"_acf_changed":false},"product_brand":[],"product_cat":[83],"product_tag":[],"class_list":{"0":"post-3129","1":"product","2":"type-product","3":"status-publish","4":"has-post-thumbnail","6":"product_cat-schluesselanhaenger","7":"pa_farbe-rot","8":"pa_farbe-gruen","9":"pa_farbe-orange","10":"pa_farbe-rosa","11":"pa_farbe-weiss","12":"pa_farbe-gelb","13":"pa_farbe-blau","14":"pa_menge-192","15":"pa_menge-193","16":"pa_menge-113","17":"pa_menge-123","18":"pa_menge-191","20":"first","21":"instock","22":"taxable","23":"shipping-taxable","24":"purchasable","25":"product-type-variable"},"exclude_global_add_ons":false,"addons":[{"name":"Nyomdai f\u00e1jlfelt\u00f6lt\u00e9s","type":"file_upload","position":0,"required":false,"title_format":"label","default":"","description_enable":false,"description":"Bitte laden Sie hier die Druckdatei (Bild) hoch.","placeholder_enable":false,"placeholder":"","display":"select","restrictions_type":"any_text","adjust_price":false,"price":"","price_type":"flat_fee","restrictions":false,"min":"0","max":"0","options":[],"id":1776081863},{"name":"\u00a0","type":"checkbox","position":1,"required":false,"title_format":"label","default":"","description_enable":true,"description":"Hagyd a diz\u00e1jnt a profikra! Egyszer\u0171en k\u00fcldd el nek\u00fcnk k\u00edv\u00e1ns\u00e1gaidat, log\u00f3idat, sz\u00f6vegeidet \u00e9s prefer\u00e1lt bet\u0171t\u00edpusodat e-mailben vagy az\nfelt\u00f6lt\u00e9si funkci\u00f3nkkal. Tapasztalt grafikai csapatunk professzion\u00e1lisan elk\u00e9sz\u00edt ak\u00e1r 3 egyedi diz\u00e1jntervet is, pontosan az ig\u00e9nyeidhez\nigaz\u00edtva.","placeholder_enable":false,"placeholder":"","display":"select","restrictions_type":"any_text","adjust_price":false,"price":"","price_type":"flat_fee","restrictions":false,"min":"0","max":"0","options":[{"label":"Professionelle Layouterstellung durch unsere Grafikabteilung","price":"35","price_type":"flat_fee","image":0,"visibility":true}],"id":1775653837}],"acf":[],"_links":{"self":[{"href":"https:\/\/www.evamatic.com\/hu\/wp-json\/wp\/v2\/product\/3129","targetHints":{"allow":["GET"]}}],"collection":[{"href":"https:\/\/www.evamatic.com\/hu\/wp-json\/wp\/v2\/product"}],"about":[{"href":"https:\/\/www.evamatic.com\/hu\/wp-json\/wp\/v2\/types\/product"}],"wp:featuredmedia":[{"embeddable":true,"href":"https:\/\/www.evamatic.com\/hu\/wp-json\/wp\/v2\/media\/2145"}],"wp:attachment":[{"href":"https:\/\/www.evamatic.com\/hu\/wp-json\/wp\/v2\/media?parent=3129"}],"wp:term":[{"taxonomy":"product_brand","embeddable":true,"href":"https:\/\/www.evamatic.com\/hu\/wp-json\/wp\/v2\/product_brand?post=3129"},{"taxonomy":"product_cat","embeddable":true,"href":"https:\/\/www.evamatic.com\/hu\/wp-json\/wp\/v2\/product_cat?post=3129"},{"taxonomy":"product_tag","embeddable":true,"href":"https:\/\/www.evamatic.com\/hu\/wp-json\/wp\/v2\/product_tag?post=3129"}],"curies":[{"name":"wp","href":"https:\/\/api.w.org\/{rel}","templated":true}]}}