{"id":3123,"date":"2026-04-09T14:19:07","date_gmt":"2026-04-09T12:19:07","guid":{"rendered":"https:\/\/www.evamatic.at\/product\/decotafel-miniletter-kennzeicheneinleger-uv-digitaldruck-fuer-pkw-kennzeichenhalter-oesterreich-2\/"},"modified":"2026-04-29T11:04:14","modified_gmt":"2026-04-29T09:04:14","slug":"dekotafel-miniletter-rendszamtarto-betet-uv-digitalis-nyomassal-ausztria-szemelygepkocsi-rendszamtablatartohoz-2","status":"publish","type":"product","link":"https:\/\/www.evamatic.com\/hu\/product\/decotafel-miniletter-kennzeicheneinleger-uv-digitaldruck-fuer-pkw-kennzeichenhalter-oesterreich-2\/","title":{"rendered":"Bet\u00e9t \/ Dekort\u00e1bla \/ Junior bet\u00e9t UV Digitalnyomtat\u00e1ssal Ausztriai rendsz\u00e1mt\u00e1blatart\u00f3khozAUSTRIAN LICENSE PLATE HOLDER"},"content":{"rendered":"<p>A Miniletter Decoschilder ide\u00e1lis megold\u00e1st k\u00edn\u00e1l egyedi rekl\u00e1mbet\u00e9tekhez a rendsz\u00e1mt\u00e1blatart\u00f3kban. Diszkr\u00e9t, m\u00e9gis hat\u00e9kony megjelen\u00edt\u00e9st tesznek lehet\u0151v\u00e9 log\u00f3knak, szlogeneknek vagy c\u00e9gneveknek k\u00f6zvetlen\u00fcl a j\u00e1rm\u0171v\u00f6n, \u00edgy gondoskodnak a rekl\u00e1m megjelen\u00e9s\u00e9r\u0151l az aut\u00f3be\u00e1ll\u00f3ban vagy az aut\u00f3szalonban.<br \/>\nA bet\u00e9tek pontosan illeszkednek, \u00e9s k\u00f6nnyen behelyezhet\u0151k a kereskedelmi forgalomban kaphat\u00f3 rendsz\u00e1mtart\u00f3kba. A kiv\u00e1l\u00f3 min\u0151s\u00e9g\u0171 anyagoknak k\u00f6sz\u00f6nhet\u0151en tart\u00f3s nyomtat\u00e1si min\u0151s\u00e9ggel \u00e9s professzion\u00e1lis megjelen\u00e9ssel gy\u0151znek meg, mind belt\u00e9rben, mind k\u00fclt\u00e9rben.<\/p>\n<p><strong>El\u0151ny\u00f6k:<\/strong><\/p>\n<ul>\n<li>Ide\u00e1lis rekl\u00e1mbet\u00e9tk\u00e9nt rendsz\u00e1mt\u00e1blatart\u00f3khoz<\/li>\n<li>Diszkr\u00e9t, de hat\u00e9kony j\u00e1rm\u0171rekl\u00e1m<\/li>\n<li>Kiv\u00e1l\u00f3 min\u0151s\u00e9g\u0171 kivitelez\u00e9s \u00e9s tiszta olvashat\u00f3s\u00e1g<\/li>\n<li>Pontosan illeszkedik a standard rendsz\u00e1mt\u00e1blatart\u00f3khoz<\/li>\n<li>Id\u0151j\u00e1r\u00e1s- \u00e9s UV-\u00e1ll\u00f3<\/li>\n<\/ul>\n<p>&nbsp;<\/p>\n<p><strong>Alkalmaz\u00e1si ter\u00fcletek:<\/strong><\/p>\n<ul>\n<li>Aut\u00f3keresked\u00e9sek \u00e9s szervizek<\/li>\n<li>Rekl\u00e1m- \u00e9s prom\u00f3ci\u00f3s c\u00e9lokra<\/li>\n<li>Esem\u00e9nyj\u00e1rm\u0171vek<\/li>\n<\/ul>","protected":false},"excerpt":{"rendered":"<p>Miniletter Decoschilder sind die ideale L\u00f6sung f\u00fcr individuelle Werbeeinleger in Kennzeichenhaltern. Sie erm\u00f6glichen eine dezente, aber wirkungsvolle Pr\u00e4sentation von Logos, Slogans oder Firmennamen direkt am Fahrzeug und sorgen so f\u00fcr Ihren Werbeauftritt am Autoplatz oder im Autohaus. Die Einleger sind passgenau gefertigt und lassen sich einfach in handels\u00fcbliche Kennzeichenhalter einsetzen. Dank hochwertiger Materialien \u00fcberzeugen sie [&hellip;]<\/p>\n","protected":false},"featured_media":2135,"template":"","meta":{"_acf_changed":false},"product_brand":[],"product_cat":[200,92],"product_tag":[],"class_list":{"0":"post-3123","1":"product","2":"type-product","3":"status-publish","4":"has-post-thumbnail","6":"product_cat-kennzeichenhalter-oesterreich-slowenien","7":"product_cat-decotafel-miniletter-kennzeicheneinleger","8":"pa_druckvariante-4c-druck-seidenmatt","9":"pa_druckvariante-4c-uv-direktdruck","10":"pa_menge-118","11":"pa_menge-119","12":"pa_menge-120","13":"pa_menge-95","14":"pa_menge-96","15":"pa_menge-108","16":"pa_menge-114","17":"pa_menge-116","19":"first","20":"instock","21":"taxable","22":"shipping-taxable","23":"purchasable","24":"product-type-variable"},"exclude_global_add_ons":false,"addons":[{"name":"Nyomdai f\u00e1jlfelt\u00f6lt\u00e9s","type":"file_upload","position":0,"required":false,"title_format":"label","default":"","description_enable":false,"description":"Bitte laden Sie hier die Druckdatei (Bild) hoch.","placeholder_enable":false,"placeholder":"","display":"select","restrictions_type":"any_text","adjust_price":false,"price":"","price_type":"flat_fee","restrictions":false,"min":"0","max":"0","options":[],"id":1776081863},{"name":"\u00a0","type":"checkbox","position":1,"required":false,"title_format":"label","default":"","description_enable":true,"description":"Hagyd a diz\u00e1jnt a profikra! Egyszer\u0171en k\u00fcldd el nek\u00fcnk k\u00edv\u00e1ns\u00e1gaidat, log\u00f3idat, sz\u00f6vegeidet \u00e9s prefer\u00e1lt bet\u0171t\u00edpusodat e-mailben vagy az\nfelt\u00f6lt\u00e9si funkci\u00f3nkkal. Tapasztalt grafikai csapatunk professzion\u00e1lisan elk\u00e9sz\u00edt ak\u00e1r 3 egyedi diz\u00e1jntervet is, pontosan az ig\u00e9nyeidhez\nigaz\u00edtva.","placeholder_enable":false,"placeholder":"","display":"select","restrictions_type":"any_text","adjust_price":false,"price":"","price_type":"flat_fee","restrictions":false,"min":"0","max":"0","options":[{"label":"Professionelle Layouterstellung durch unsere Grafikabteilung","price":"35","price_type":"flat_fee","image":0,"visibility":true}],"id":1775653837}],"acf":[],"_links":{"self":[{"href":"https:\/\/www.evamatic.com\/hu\/wp-json\/wp\/v2\/product\/3123","targetHints":{"allow":["GET"]}}],"collection":[{"href":"https:\/\/www.evamatic.com\/hu\/wp-json\/wp\/v2\/product"}],"about":[{"href":"https:\/\/www.evamatic.com\/hu\/wp-json\/wp\/v2\/types\/product"}],"wp:featuredmedia":[{"embeddable":true,"href":"https:\/\/www.evamatic.com\/hu\/wp-json\/wp\/v2\/media\/2135"}],"wp:attachment":[{"href":"https:\/\/www.evamatic.com\/hu\/wp-json\/wp\/v2\/media?parent=3123"}],"wp:term":[{"taxonomy":"product_brand","embeddable":true,"href":"https:\/\/www.evamatic.com\/hu\/wp-json\/wp\/v2\/product_brand?post=3123"},{"taxonomy":"product_cat","embeddable":true,"href":"https:\/\/www.evamatic.com\/hu\/wp-json\/wp\/v2\/product_cat?post=3123"},{"taxonomy":"product_tag","embeddable":true,"href":"https:\/\/www.evamatic.com\/hu\/wp-json\/wp\/v2\/product_tag?post=3123"}],"curies":[{"name":"wp","href":"https:\/\/api.w.org\/{rel}","templated":true}]}}