{"id":3087,"date":"2026-04-09T14:19:06","date_gmt":"2026-04-09T12:19:06","guid":{"rendered":"https:\/\/www.evamatic.at\/product\/kennzeichenhalter-pkw-schweiz-3016ch-klapprahmen-2\/"},"modified":"2026-05-05T13:56:46","modified_gmt":"2026-05-05T11:56:46","slug":"rendszamtabla-tarto-szemelygepkocsi-svajc-3016ch-oesszecsukhato-keret-2","status":"publish","type":"product","link":"https:\/\/www.evamatic.com\/hu\/product\/kennzeichenhalter-pkw-schweiz-3016ch-klapprahmen-2\/","title":{"rendered":"Rendsz\u00e1mt\u00e1bla-tart\u00f3 szem\u00e9lyg\u00e9pkocsihoz Sv\u00e1jc 300\u00d7160 mm (3016CH) \u2013 Zsan\u00e9ros keret"},"content":{"rendered":"<p><strong>A 3016CH rendsz\u00e1mt\u00e1bla-tart\u00f3 egy felhajthat\u00f3 keret, amely sv\u00e1jci szem\u00e9lyg\u00e9pkocsi rendsz\u00e1mokhoz val\u00f3, 300\u00d7160 mm m\u00e9retben.<\/strong><\/p>\n<p>Az Evamatic 3016CH rendsz\u00e1mt\u00e1blatart\u00f3 kifejezetten a 300x160 mm-es sv\u00e1jci rendsz\u00e1mt\u00e1bl\u00e1khoz k\u00e9sz\u00fclt, \u00e9s biztons\u00e1gos, stabil \u00e9s tiszta r\u00f6gz\u00edt\u00e9st biztos\u00edt a j\u00e1rm\u0171v\u00f6n. A prec\u00edz illeszked\u00e9snek k\u00f6sz\u00f6nhet\u0151en a rendsz\u00e1mt\u00e1bla szil\u00e1rdan \u00e9s rezg\u00e9smentesen illeszkedik \u2013 ide\u00e1lis a mindennapi k\u00f6z\u00fati haszn\u00e1lathoz. A tart\u00f3 robusztus kivitelez\u00e9s\u00e9vel \u00e9s tart\u00f3s konstrukci\u00f3j\u00e1val gy\u0151z meg, amely v\u00e1ltoz\u00f3 id\u0151j\u00e1r\u00e1si k\u00f6r\u00fclm\u00e9nyek k\u00f6z\u00f6tt is megb\u00edzhat\u00f3an m\u0171k\u00f6dik. Az egyszer\u0171, funkcion\u00e1lis megjelen\u00e9s b\u00e1rmilyen j\u00e1rm\u0171diz\u00e1jnba beleillik.<\/p>\n<p><strong>El\u0151ny\u00f6k:<\/strong><\/p>\n<ul>\n<li>300x160mm-es sv\u00e1jci rendsz\u00e1mokhoz alkalmas<\/li>\n<li>Biztos tart\u00e1s z\u00f6rg\u00e9s n\u00e9lk\u00fcl<\/li>\n<li>Robusztus \u00e9s tart\u00f3s kivitel<\/li>\n<li>Egyszer\u0171 \u00f6sszeszerel\u00e9s<\/li>\n<li>Diszkr\u00e9t, id\u0151tlen diz\u00e1jn<\/li>\n<\/ul>\n<p>&nbsp;<\/p>\n<p><strong>Alkalmaz\u00e1si ter\u00fcletek:<\/strong><\/p>\n<ul>\n<li>Szem\u00e9lyg\u00e9pkocsik \u00e9s haszong\u00e9pj\u00e1rm\u0171vek Sv\u00e1jcban<\/li>\n<li>Mag\u00e1nj\u00e1rm\u0171vek<\/li>\n<li>C\u00e9ges \u00e9s szervizj\u00e1rm\u0171vek<\/li>\n<li>Aut\u00f3keresked\u00e9sek \u00e9s szervizek<\/li>\n<\/ul>\n<p>&nbsp;<\/p>\n<p><strong>Term\u00e9k r\u00e9szletei:<\/strong><\/p>\n<ul>\n<li>Z\u00e1r\u00e1s: Klapprahmen<\/li>\n<li>Sz\u00edn: fekete<\/li>\n<li>Anyag: Polipropil\u00e9n<\/li>\n<li>Nyomtat\u00e1si v\u00e1ltozatok: nyomtat\u00e1s n\u00e9lk\u00fcl, 4c digit\u00e1lis nyomtat\u00e1s selyemf\u00e9ny\u0171, 4c digit\u00e1lis nyomtat\u00e1s m\u0171gyanta bevonattal<\/li>\n<\/ul>","protected":false},"excerpt":{"rendered":"<p>Der Kennzeichenhalter 3016CH ist ein Klapprahmen f\u00fcr passend f\u00fcr schweizer PKW Kennzeichen im Format 300&#215;160 mm Der Evamatic Kennzeichenhalter 3016CH ist speziell f\u00fcr schweizer Kennzeichen 300x160mm konzipiert und sorgt f\u00fcr eine sichere, stabile und saubere Befestigung am Fahrzeug. Dank passgenauer Ausf\u00fchrung sitzt das Kennzeichen fest und vibrationsfrei \u2013 ideal f\u00fcr den t\u00e4glichen Einsatz im Stra\u00dfenverkehr. [&hellip;]<\/p>\n","protected":false},"featured_media":2136,"template":"","meta":{"_acf_changed":false},"product_brand":[],"product_cat":[201,209],"product_tag":[],"class_list":{"0":"post-3087","1":"product","2":"type-product","3":"status-publish","4":"has-post-thumbnail","6":"product_cat-kennzeichenhalter-schweiz","7":"product_cat-pkw-lkw-500x100-mm-300x80-mm-300x160-mm","8":"pa_druckvariante-4c-druck-seidenmatt","9":"pa_druckvariante-4c-druck-mit-kunstharzbeschichtung","10":"pa_druckvariante-4c-druck-mit-kunstharzbeschichtung-silber-hochglanz","11":"pa_druckvariante-4c-druck-mit-kunstharzbeschichtung-reflektierend","12":"pa_druckvariante-4c-druck-mit-kunstharzbeschichtung-silber-matt","13":"pa_menge-128","14":"pa_menge-129","15":"pa_menge-121","16":"pa_menge-122","17":"pa_menge-124","18":"pa_menge-127","20":"first","21":"instock","22":"taxable","23":"shipping-taxable","24":"purchasable","25":"product-type-variable"},"exclude_global_add_ons":false,"addons":[{"name":"Nyomdai f\u00e1jlfelt\u00f6lt\u00e9s","type":"file_upload","position":0,"required":false,"title_format":"label","default":"","description_enable":false,"description":"Bitte laden Sie hier die Druckdatei (Bild) hoch.","placeholder_enable":false,"placeholder":"","display":"select","restrictions_type":"any_text","adjust_price":false,"price":"","price_type":"flat_fee","restrictions":false,"min":"0","max":"0","options":[],"id":1776081863},{"name":"\u00a0","type":"checkbox","position":1,"required":false,"title_format":"label","default":"","description_enable":true,"description":"Hagyd a diz\u00e1jnt a profikra! Egyszer\u0171en k\u00fcldd el nek\u00fcnk k\u00edv\u00e1ns\u00e1gaidat, log\u00f3idat, sz\u00f6vegeidet \u00e9s prefer\u00e1lt bet\u0171t\u00edpusodat e-mailben vagy az\nfelt\u00f6lt\u00e9si funkci\u00f3nkkal. Tapasztalt grafikai csapatunk professzion\u00e1lisan elk\u00e9sz\u00edt ak\u00e1r 3 egyedi diz\u00e1jntervet is, pontosan az ig\u00e9nyeidhez\nigaz\u00edtva.","placeholder_enable":false,"placeholder":"","display":"select","restrictions_type":"any_text","adjust_price":false,"price":"","price_type":"flat_fee","restrictions":false,"min":"0","max":"0","options":[{"label":"Professionelle Layouterstellung durch unsere Grafikabteilung","price":"35","price_type":"flat_fee","image":0,"visibility":true}],"id":1775653837}],"acf":[],"_links":{"self":[{"href":"https:\/\/www.evamatic.com\/hu\/wp-json\/wp\/v2\/product\/3087","targetHints":{"allow":["GET"]}}],"collection":[{"href":"https:\/\/www.evamatic.com\/hu\/wp-json\/wp\/v2\/product"}],"about":[{"href":"https:\/\/www.evamatic.com\/hu\/wp-json\/wp\/v2\/types\/product"}],"wp:featuredmedia":[{"embeddable":true,"href":"https:\/\/www.evamatic.com\/hu\/wp-json\/wp\/v2\/media\/2136"}],"wp:attachment":[{"href":"https:\/\/www.evamatic.com\/hu\/wp-json\/wp\/v2\/media?parent=3087"}],"wp:term":[{"taxonomy":"product_brand","embeddable":true,"href":"https:\/\/www.evamatic.com\/hu\/wp-json\/wp\/v2\/product_brand?post=3087"},{"taxonomy":"product_cat","embeddable":true,"href":"https:\/\/www.evamatic.com\/hu\/wp-json\/wp\/v2\/product_cat?post=3087"},{"taxonomy":"product_tag","embeddable":true,"href":"https:\/\/www.evamatic.com\/hu\/wp-json\/wp\/v2\/product_tag?post=3087"}],"curies":[{"name":"wp","href":"https:\/\/api.w.org\/{rel}","templated":true}]}}