{"id":3056,"date":"2026-04-09T14:19:04","date_gmt":"2026-04-09T12:19:04","guid":{"rendered":"https:\/\/www.evamatic.at\/product\/kennzeichenhalter-pkw-schweiz-3008ch-klapprahmen-2\/"},"modified":"2026-05-05T13:57:30","modified_gmt":"2026-05-05T11:57:30","slug":"rendszamtarto-auto-svajc-3008ch-billenokeret-2","status":"publish","type":"product","link":"https:\/\/www.evamatic.com\/hu\/product\/kennzeichenhalter-pkw-schweiz-3008ch-klapprahmen-2\/","title":{"rendered":"Rendsz\u00e1mt\u00e1blatart\u00f3 szem\u00e9lyg\u00e9pkocsi Sv\u00e1jc 300\u00d780 mm (3008CH) \u2013 Felnyithat\u00f3 keret"},"content":{"rendered":"<p><strong>A 3008CH rendsz\u00e1mt\u00e1blatart\u00f3 egy felhajthat\u00f3 keret, amely a 300\u00d780 mm m\u00e9ret\u0171 sv\u00e1jci szem\u00e9lyg\u00e9pkocsi rendsz\u00e1mt\u00e1bl\u00e1khoz illeszkedik.<\/strong><\/p>\n<p>Az Evamatic rendsz\u00e1mt\u00e1blatart\u00f3 3008CH kifejezetten sv\u00e1jci 300\u00d780 mm-es rendsz\u00e1mt\u00e1bl\u00e1khoz k\u00e9sz\u00fclt, \u00e9s biztons\u00e1gos, stabil \u00e9s tiszta r\u00f6gz\u00edt\u00e9st biztos\u00edt a j\u00e1rm\u0171v\u00f6n. A pontos illeszked\u00e9snek k\u00f6sz\u00f6nhet\u0151en a rendsz\u00e1mt\u00e1bla szorosan \u00e9s rezg\u00e9smentesen illeszkedik \u2013 ide\u00e1lis a mindennapi k\u00f6zleked\u00e9shez. A tart\u00f3 robusztus kidolgozotts\u00e1g\u00e1val \u00e9s tart\u00f3s szerkezet\u00e9vel gy\u0151zi meg a felhaszn\u00e1l\u00f3t, amely v\u00e1ltoz\u00f3 id\u0151j\u00e1r\u00e1si k\u00f6r\u00fclm\u00e9nyek k\u00f6z\u00f6tt is megb\u00edzhat\u00f3an tart. Az egyszer\u0171, funkcion\u00e1lis megjelen\u00e9s b\u00e1rmilyen j\u00e1rm\u0171diz\u00e1jnba illeszkedik.<\/p>\n<p><strong>El\u0151ny\u00f6k:<\/strong><\/p>\n<ul>\n<li>Alkalmas sv\u00e1jci rendsz\u00e1mt\u00e1bla 300\u00d780 mm<\/li>\n<li>Biztos tart\u00e1s z\u00f6rg\u00e9s n\u00e9lk\u00fcl<\/li>\n<li>Robusztus \u00e9s tart\u00f3s kivitel<\/li>\n<li>Egyszer\u0171 \u00f6sszeszerel\u00e9s<\/li>\n<li>Diszkr\u00e9t, id\u0151tlen diz\u00e1jn<br \/>\nAlkalmaz\u00e1si ter\u00fcletek<\/li>\n<li>Szem\u00e9lyg\u00e9pkocsik \u00e9s haszong\u00e9pj\u00e1rm\u0171vek Sv\u00e1jcban<\/li>\n<li>Mag\u00e1nj\u00e1rm\u0171vek<\/li>\n<li>C\u00e9ges \u00e9s szervizj\u00e1rm\u0171vek<\/li>\n<li>Aut\u00f3keresked\u00e9sek \u00e9s szervizek<\/li>\n<\/ul>\n<p>&nbsp;<\/p>\n<p><strong><span style=\"color: #000000;\">Term\u00e9k r\u00e9szletei:<\/span><\/strong><\/p>\n<ul>\n<li><span style=\"color: #000000;\">Z\u00e1r\u00e1s: Klapprahmen<\/span><\/li>\n<li><span style=\"color: #000000;\">Sz\u00edn: fekete<\/span><\/li>\n<li><span style=\"color: #000000;\">Anyag: Polipropil\u00e9n<\/span><\/li>\n<li><span style=\"color: #000000;\">Nyomtat\u00e1si v\u00e1ltozatok: nyomtat\u00e1s n\u00e9lk\u00fcl, 4c digit\u00e1lis nyomtat\u00e1s selyemf\u00e9ny\u0171, 4c digit\u00e1lis nyomtat\u00e1s m\u0171gyanta bevonattal<\/span><\/li>\n<\/ul>","protected":false},"excerpt":{"rendered":"<p>Der Kennzeichenhalter 3008CH ist ein Klapprahmen passend f\u00fcr schweizer PKW Kennzeichen im Format 300&#215;80 mm. Der Evamatic Kennzeichenhalter 3008CH ist speziell f\u00fcr schweizer Kennzeichen 300&#215;80 mm konzipiert und sorgt f\u00fcr eine sichere, stabile und saubere Befestigung am Fahrzeug. Dank passgenauer Ausf\u00fchrung sitzt das Kennzeichen fest und vibrationsfrei \u2013 ideal f\u00fcr den t\u00e4glichen Einsatz im Stra\u00dfenverkehr. [&hellip;]<\/p>\n","protected":false},"featured_media":2138,"template":"","meta":{"_acf_changed":false},"product_brand":[],"product_cat":[201,209],"product_tag":[],"class_list":{"0":"post-3056","1":"product","2":"type-product","3":"status-publish","4":"has-post-thumbnail","6":"product_cat-kennzeichenhalter-schweiz","7":"product_cat-pkw-lkw-500x100-mm-300x80-mm-300x160-mm","8":"pa_druckvariante-4c-druck-mit-kunstharzbeschichtung-silber-matt","9":"pa_druckvariante-4c-druck-seidenmatt","10":"pa_druckvariante-4c-druck-mit-kunstharzbeschichtung","11":"pa_druckvariante-4c-druck-mit-kunstharzbeschichtung-silber-hochglanz","12":"pa_druckvariante-4c-druck-mit-kunstharzbeschichtung-reflektierend","13":"pa_menge-96","14":"pa_menge-114","15":"pa_menge-118","16":"pa_menge-130","17":"pa_menge-131","19":"first","20":"instock","21":"taxable","22":"shipping-taxable","23":"purchasable","24":"product-type-variable"},"exclude_global_add_ons":false,"addons":[{"name":"Nyomdai f\u00e1jlfelt\u00f6lt\u00e9s","type":"file_upload","position":0,"required":false,"title_format":"label","default":"","description_enable":false,"description":"Bitte laden Sie hier die Druckdatei (Bild) hoch.","placeholder_enable":false,"placeholder":"","display":"select","restrictions_type":"any_text","adjust_price":false,"price":"","price_type":"flat_fee","restrictions":false,"min":"0","max":"0","options":[],"id":1776081863},{"name":"\u00a0","type":"checkbox","position":1,"required":false,"title_format":"label","default":"","description_enable":true,"description":"Hagyd a diz\u00e1jnt a profikra! Egyszer\u0171en k\u00fcldd el nek\u00fcnk k\u00edv\u00e1ns\u00e1gaidat, log\u00f3idat, sz\u00f6vegeidet \u00e9s prefer\u00e1lt bet\u0171t\u00edpusodat e-mailben vagy az\nfelt\u00f6lt\u00e9si funkci\u00f3nkkal. Tapasztalt grafikai csapatunk professzion\u00e1lisan elk\u00e9sz\u00edt ak\u00e1r 3 egyedi diz\u00e1jntervet is, pontosan az ig\u00e9nyeidhez\nigaz\u00edtva.","placeholder_enable":false,"placeholder":"","display":"select","restrictions_type":"any_text","adjust_price":false,"price":"","price_type":"flat_fee","restrictions":false,"min":"0","max":"0","options":[{"label":"Professionelle Layouterstellung durch unsere Grafikabteilung","price":"35","price_type":"flat_fee","image":0,"visibility":true}],"id":1775653837}],"acf":[],"_links":{"self":[{"href":"https:\/\/www.evamatic.com\/hu\/wp-json\/wp\/v2\/product\/3056","targetHints":{"allow":["GET"]}}],"collection":[{"href":"https:\/\/www.evamatic.com\/hu\/wp-json\/wp\/v2\/product"}],"about":[{"href":"https:\/\/www.evamatic.com\/hu\/wp-json\/wp\/v2\/types\/product"}],"wp:featuredmedia":[{"embeddable":true,"href":"https:\/\/www.evamatic.com\/hu\/wp-json\/wp\/v2\/media\/2138"}],"wp:attachment":[{"href":"https:\/\/www.evamatic.com\/hu\/wp-json\/wp\/v2\/media?parent=3056"}],"wp:term":[{"taxonomy":"product_brand","embeddable":true,"href":"https:\/\/www.evamatic.com\/hu\/wp-json\/wp\/v2\/product_brand?post=3056"},{"taxonomy":"product_cat","embeddable":true,"href":"https:\/\/www.evamatic.com\/hu\/wp-json\/wp\/v2\/product_cat?post=3056"},{"taxonomy":"product_tag","embeddable":true,"href":"https:\/\/www.evamatic.com\/hu\/wp-json\/wp\/v2\/product_tag?post=3056"}],"curies":[{"name":"wp","href":"https:\/\/api.w.org\/{rel}","templated":true}]}}